{"id":243785,"date":"2026-01-06T11:06:27","date_gmt":"2026-01-06T10:06:27","guid":{"rendered":"https:\/\/itsw.edu.pl\/?page_id=243785"},"modified":"2026-04-02T10:49:45","modified_gmt":"2026-04-02T08:49:45","slug":"campus-%e4%bd%8d%e7%bd%ae","status":"publish","type":"page","link":"https:\/\/itsw.edu.pl\/zh-hans\/primary-school-%e5%b0%8f%e5%ad%a6\/upper-primary-%e5%b0%8f%e5%ad%a6%e9%ab%98%e5%b9%b4%e7%ba%a7%e9%83%a8\/campus-%e4%bd%8d%e7%bd%ae\/","title":{"rendered":"Lokalizacja &#8211; upper i middle zh \u4f4d\u7f6e"},"content":{"rendered":"<div class=\"et_pb_section_0 et_pb_section et_section_regular et_block_section\">\n<div class=\"et_pb_row_0 et_pb_row et_block_row\">\n<div class=\"et_pb_column_0 et_pb_column et_pb_column_4_4 et-last-child et_block_column et_pb_css_mix_blend_mode_passthrough\">\n<div class=\"et_pb_heading_0 et_pb_heading et_pb_module et_block_module\"><div class=\"et_pb_heading_container\"><h1 class=\"et_pb_module_header\">Nobla\u9ad8\u5e74\u7ea7\u5c0f\u5b66\u6821\u533a\u2014\u2014\u4f4d\u4e8eSaska K\u0119pa\u7684ITSW\u4e09\u8bed\u5c0f\u5b66&\u4e2d\u5b66<\/h1><\/div><\/div>\n<\/div>\n<\/div>\n<\/div>\n\n<div class=\"et_pb_section_1 et_pb_section et_section_regular et_block_section\">\n<div class=\"et_pb_row_1 et_pb_row et_block_row\">\n<div class=\"et_pb_column_1 et_pb_column et_pb_column_4_4 et-last-child et_block_column et_pb_css_mix_blend_mode_passthrough\">\n<div class=\"et_pb_text_0 et_pb_text et_pb_bg_layout_light et_pb_module et_block_module\"><div class=\"et_pb_text_inner\"><h2 style=\"text-align: center;\">\u4e00\u4e2a\u5c06\u65e5\u5e38\u6821\u56ed\u751f\u6d3b\u4e0e\u4e09\u8bed\u6559\u80b2\u5b8c\u7f8e\u878d\u5408\u7684\u5730\u65b9<\/h2>\n<p>\u00a0<\/p>\n<p>Nobla\u9ad8\u5c0f\u6821\u533a\u4f4d\u4e8e\u534e\u6c99\u6700\u7eff\u610f\u76ce\u7136\u3001\u5b81\u9759\u7965\u548c\u7684Saska K\u0119pa\u533a\uff0c\u4ea4\u901a\u4fbf\u5229\uff0c\u53ef\u8f7b\u677e\u524d\u5f80 Goc\u0142aw, Groch\u00f3w, the city center, Wola, Ochota, Powi\u015ble, \u017boliborz, Wawer, Bia\u0142o\u0142\u0119ka, and Mokot\u00f3w\u7b49\u5730\u3002\u4e09\u5c42\u6559\u5b66\u697c\u62e5\u6709\u5bbd\u655e\u660e\u4eae\u7684\u6559\u5ba4\uff0c\u81ea\u7136\u91c7\u5149\u5145\u8db3\uff0c\u914d\u5907\u73b0\u4ee3\u5316\u6559\u5b66\u8bbe\u65bd\uff0c\u6ee1\u8db34-6\u5e74\u7ea7\uff08\u9ad8\u5c0f\uff09\u548c7-8\u5e74\u7ea7\uff08\u521d\u4e2d\uff09\u5b66\u751f\u7684\u5b66\u4e60\u9700\u6c42\u3002<\/p>\n<p>\u6821\u56ed\u5185\u8fd8\u8bbe\u6709\u5bbd\u655e\u7684\u5ead\u9662\uff0c\u4f9b\u5b66\u751f\u8fdb\u884c\u65e5\u5e38\u6237\u5916\u6d3b\u52a8\u3001\u4f53\u80b2\u8fd0\u52a8\u548c\u8bfe\u95f4\u4f11\u606f\uff0c\u6709\u52a9\u4e8e\u63d0\u5347\u5b66\u751f\u7684\u4e13\u6ce8\u529b\u548c\u8eab\u5fc3\u5065\u5eb7\u3002\u8fd9\u662f\u6211\u4eec\u6559\u80b2\u7406\u5ff5\u7684\u6838\u5fc3\u2014\u2014\u8fd0\u52a8\u548c\u4eb2\u8fd1\u81ea\u7136\u662f\u5b66\u6821\u751f\u6d3b\u4e0d\u53ef\u6216\u7f3a\u7684\u4e00\u90e8\u5206\u3002<\/p>\n<p>\u00a0<\/p>\n<\/div><\/div>\n<\/div>\n<\/div>\n<\/div>\n\n<div class=\"et_pb_section_2 et_pb_section et_section_regular et_block_section\">\n<div class=\"et_pb_row_2 et_pb_row et_flex_row\">\n<div class=\"et_pb_column_2 et_pb_column et_block_column et_pb_css_mix_blend_mode_passthrough et_flex_column_24_24 et_flex_column_24_24_tablet et_flex_column_24_24_phone\">\n<div class=\"et_pb_text_1 et_pb_text et_pb_bg_layout_light et_pb_module et_block_module\"><div class=\"et_pb_text_inner\"><h2>\u5728\u81ea\u7136\u73af\u5883\u4e2d\u5b66\u4e60\u3001\u653e\u677e\u548c\u5b66\u4e60\u8bed\u8a00\u2014\u2014\u5b66\u6821\u8bbe\u6709\u9910\u5385\u3001\u9644\u8fd1\u516c\u56ed\u548c\u4f53\u80b2\u9986\u3002<\/h2>\n<p>Nobla\u9ad8\u5c0f\u6821\u533a\u8bbe\u6709\u81ea\u5df1\u7684\u9910\u5385\uff0c\u5b66\u751f\u4eec\u53ef\u4ee5\u5728\u90a3\u91cc\u7528\u9910\u548c\u4f11\u606f\u3002\u5927\u90e8\u5206\u8bfe\u95f4\u4f11\u606f\u65f6\u95f4\uff0c\u5b66\u751f\u4eec\u90fd\u4f1a\u5728\u5b66\u6821\u64cd\u573a\u548c\u9644\u8fd1\u7684\u7ea6\u65e6\u516c\u56ed\u73a9\u800d\u3002\u867d\u7136\u4f53\u80b2\u9986\u4e0d\u5728\u6821\u5185\uff0c\u4f46\u8ddd\u79bb\u5b66\u6821\u4ec550\u7c73\u3002<\/p>\n<\/div><\/div>\n\n<div class=\"et_pb_module et_pb_button_module_wrapper et_pb_button_0_wrapper\"><a class=\"et_pb_button_0 et_pb_button et_pb_bg_layout_light et_pb_module et_block_module\" href=\"https:\/\/itsw.edu.pl\/zh-hans\/about-us-%e5%85%b3%e4%ba%8e%e6%88%91%e4%bb%ac\/itsw-%e5%85%b3%e4%ba%8eitsw\/\">\u4e86\u89e3\u66f4\u591a\u5173\u4e8e ITSW \u5b66\u6821\u7684\u4fe1\u606f<\/a><\/div>\n<\/div>\n\n<div class=\"et_pb_column_3 et_pb_column et-last-child et_block_column et_pb_css_mix_blend_mode_passthrough et_flex_column_24_24 et_flex_column_24_24_tablet et_flex_column_24_24_phone\">\n<div class=\"et_pb_image_0 et_pb_image et_pb_module et_flex_module\"><span class=\"et_pb_image_wrap\"><img decoding=\"async\" src=\"https:\/\/itsw.edu.pl\/wp-content\/uploads\/sports-at-itsw.jpg\" alt=\"Sports at ITSW\" title=\"sports-at-itsw\" width=\"555\" height=\"450\" srcset=\"https:\/\/itsw.edu.pl\/wp-content\/uploads\/sports-at-itsw.jpg 555w, https:\/\/itsw.edu.pl\/wp-content\/uploads\/sports-at-itsw-480x389.jpg 480w\" sizes=\"(min-width: 0px) and (max-width: 480px) 480px, (min-width: 481px) 555px, 100vw\" class=\"wp-image-250962\" \/><\/span><\/div>\n<\/div>\n<\/div>\n\n<div class=\"et_pb_row_3 et_pb_row et_flex_row\">\n<div class=\"et_pb_column_4 et_pb_column et_block_column et_pb_css_mix_blend_mode_passthrough et_flex_column_24_24 et_flex_column_24_24_tablet et_flex_column_24_24_phone\">\n<div class=\"et_pb_image_1 et_pb_image et_pb_module et_flex_module\"><span class=\"et_pb_image_wrap\"><img decoding=\"async\" src=\"https:\/\/itsw.edu.pl\/wp-content\/uploads\/biblioteka-szkolna-kampus-nobla.jpg\" title=\"biblioteka-szkolna-kampus-nobla\" width=\"555\" height=\"450\" srcset=\"https:\/\/itsw.edu.pl\/wp-content\/uploads\/biblioteka-szkolna-kampus-nobla.jpg 555w, https:\/\/itsw.edu.pl\/wp-content\/uploads\/biblioteka-szkolna-kampus-nobla-480x389.jpg 480w\" sizes=\"(min-width: 0px) and (max-width: 480px) 480px, (min-width: 481px) 555px, 100vw\" class=\"wp-image-246185\" \/><\/span><\/div>\n<\/div>\n\n<div class=\"et_pb_column_5 et_pb_column et-last-child et_block_column et_pb_css_mix_blend_mode_passthrough et_flex_column_24_24 et_flex_column_24_24_tablet et_flex_column_24_24_phone\">\n<div class=\"et_pb_text_2 et_pb_text et_pb_bg_layout_light et_pb_module et_block_module\"><div class=\"et_pb_text_inner\"><h2>\u591a\u8bed\u79cd\u56fe\u4e66\u9986\u2014\u2014\u63a2\u7d22\u4e16\u754c\u7684\u7a7a\u95f4<\/h2>\n<p>\u201c\u6821\u56ed\u7684\u6838\u5fc3\u4e4b\u4e00\u662f\u85cf\u4e66\u4e30\u5bcc\u7684\u56fe\u4e66\u9986\uff0c\u9986\u85cf\u4e66\u7c4d\u6db5\u76d6ITSW\u7684\u516d\u79cd\u8bed\u8a00\u3002\u5b66\u751f\u53ef\u4ee5\uff1a<\/p>\n<ul>\n<li>\u501f\u9605\u6ce2\u5170\u8bed\u3001\u82f1\u8bed\u3001\u6cd5\u8bed\u3001\u897f\u73ed\u7259\u8bed\u3001\u4e2d\u6587\u548c\u65e5\u8bed\u7684\u6587\u732e\uff0c<\/li>\n<li>\u5229\u7528\u56fe\u4e66\u9986\u5b89\u9759\u5730\u5b66\u4e60\u3001\u653e\u677e\u548c\u4f11\u606f\uff0c<\/li>\n<li>\u57f9\u517b\u5174\u8da3\u7231\u597d\u548c\u72ec\u7acb\u9605\u8bfb\u80fd\u529b\u3002<\/li>\n<\/ul>\n<p>\u56fe\u4e66\u9986\u662f\u4e00\u4e2a\u652f\u6301\u5b66\u672f\u548c\u60c5\u611f\u53d1\u5c55\u7684\u7a7a\u95f4\u2014\u2014\u5728\u5fd9\u788c\u7684\u4e09\u8bed\u5b66\u4e60\u751f\u6d3b\u4e2d\uff0c\u8fd9\u91cc\u662f\u7247\u523b\u5b81\u9759\u7684\u6e2f\u6e7e\u3002\u201d<\/p>\n<\/div><\/div>\n\n<div class=\"et_pb_module et_pb_button_module_wrapper et_pb_button_1_wrapper\"><a class=\"et_pb_button_1 et_pb_button et_pb_bg_layout_light et_pb_module et_block_module\" href=\"https:\/\/itsw.edu.pl\/zh-hans\/contact-us-%e8%81%94%e7%b3%bb%e6%88%91%e4%bb%ac\/\">\u9884\u7ea6\u53c2\u89c2Nobla\u9ad8\u5e74\u7ea7\u5c0f\u5b66<\/a><\/div>\n<\/div>\n<\/div>\n\n<div class=\"et_pb_row_4 et_pb_row et_flex_row\">\n<div class=\"et_pb_column_6 et_pb_column et_flex_column et_pb_css_mix_blend_mode_passthrough et_flex_column_24_24 et_flex_column_24_24_tablet et_flex_column_24_24_phone\">\n<div class=\"et_pb_text_3 et_pb_text et_pb_bg_layout_light et_pb_module et_block_module\"><div class=\"et_pb_text_inner\"><h2 style=\"text-align: center;\">\u8f7b\u677e\u524d\u5f80Nobla\u9ad8\u5e74\u7ea7\u5c0f\u5b66\uff1a\u7eff\u610f\u76ce\u7136\u7684Saska K\u0119pa\u533a\u4e2d\u5fc3\u5730\u5e26<\/h2>\n<p>\u00a0<\/p>\n<p>Nobla\u9ad8\u5e74\u7ea7\u5c0f\u5b66\u5750\u843d\u4e8e\u534e\u6c99\u6700\u7f8e\u4e3d\u3001\u7eff\u610f\u76ce\u7136\u7684\u8857\u533a\u4e4b\u4e00\u2014\u2014Saska K\u0119pa\u533a\u7684\u4e2d\u5fc3\u5730\u5e26\u3002\u8fd9\u91cc\u8857\u9053\u9759\u8c27\uff0c\u793e\u533a\u5b89\u5168\uff0c\u5145\u6ee1\u72ec\u7279\u7684\u5bb6\u5ead\u6c1b\u56f4\uff0c\u8ba9\u5b69\u5b50\u4eec\u5728\u5b66\u6821\u7684\u6bcf\u4e00\u5929\u90fd\u5145\u6ee1\u4e50\u8da3\u3002<\/p>\n<p>\u4f18\u8d8a\u7684\u5730\u7406\u4f4d\u7f6e\u4f7f\u9a7e\u8f66\u548c\u4e58\u5750\u516c\u5171\u4ea4\u901a\u5de5\u5177\u524d\u5f80\u5b66\u6821\u90fd\u5341\u5206\u4fbf\u6377\u3002\u5b66\u6821\u6bd7\u90bb\u666e\u62c9\u52a0-\u6ce2\u4e4c\u5fb7\u6d85\u5927\u8857\u7684\u4e3b\u8981\u5e72\u9053\uff0c\u5e76\u53ef\u5feb\u901f\u8fde\u63a5\u534e\u6c99\u5e02\u4e2d\u5fc3\uff0c\u65b9\u4fbf\u6765\u81ea\u6208\u8328\u74e6\u592b\u3001\u683c\u7f57\u970d\u592b\u3001\u6ce2\u7ef4\u65af\u83b1\u3001\u74e6\u97e6\u5c14\u3001\u83ab\u79d1\u6258\u592b\u3001\u5e02\u4e2d\u5fc3\u4ee5\u53ca\u534e\u6c99\u5176\u4ed6\u5730\u533a\u7684\u5bb6\u5ead\u3002<\/p>\n<p>\u5b66\u6821\u4f4d\u4e8e\u4e00\u6761\u5b89\u9759\u5e7d\u9759\u7684\u8857\u9053\u4e0a\uff0c\u5b69\u5b50\u4eec\u53ef\u4ee5\u5728\u5b89\u5168\u5b81\u9759\u7684\u73af\u5883\u4e2d\u5b66\u4e60\u548c\u6210\u957f\uff0c\u540c\u65f6\u8fd8\u80fd\u4eab\u53d7\u5230\u2026\u2026\u57ce\u5e02\u57fa\u7840\u8bbe\u65bd\u5b8c\u5584\u3002\u5bf9\u4e8e\u65e2\u9700\u8981\u9ad8\u5f3a\u5ea6\u5b66\u4e60\u53c8\u9700\u8981\u653e\u677e\u548c\u6237\u5916\u6d3b\u52a8\u7684\u5b66\u751f\u6765\u8bf4\uff0c\u8fd9\u91cc\u662f\u7406\u60f3\u4e4b\u9009\u3002<\/p>\n<p>\u5f97\u76ca\u4e8e\u5176\u4f18\u8d8a\u7684\u5730\u7406\u4f4d\u7f6e\u548c\u4fbf\u6377\u7684\u4ea4\u901a\uff0c4-6\u5e74\u7ea7\u548c7-8\u5e74\u7ea7\u7684\u5b66\u751f\u53ef\u4ee5\u5b89\u5168\u72ec\u7acb\u5730\u6b65\u884c\u6216\u4e58\u5750\u516c\u5171\u4ea4\u901a\u5de5\u5177\u56de\u5bb6\uff0c\u4ece\u800c\u5728\u65e5\u5e38\u751f\u6d3b\u4e2d\u57f9\u517b\u8d23\u4efb\u611f\u548c\u72ec\u7acb\u6027\u3002<\/p>\n<\/div><\/div>\n<\/div>\n\n<div class=\"et_pb_column_7 et_pb_column et-last-child et_flex_column et_pb_css_mix_blend_mode_passthrough et_flex_column_24_24 et_flex_column_24_24_tablet et_flex_column_24_24_phone\">\n<div class=\"et_pb_image_2 et_pb_image et_pb_module et_flex_module\"><span class=\"et_pb_image_wrap\"><img decoding=\"async\" src=\"https:\/\/itsw.edu.pl\/wp-content\/uploads\/zielona-okolica-campus-nobla.jpg\" alt=\"Szko\u0142a na zielonej Saski K\u0119py\" title=\"zielona-okolica-campus-nobla\" width=\"555\" height=\"450\" srcset=\"https:\/\/itsw.edu.pl\/wp-content\/uploads\/zielona-okolica-campus-nobla.jpg 555w, https:\/\/itsw.edu.pl\/wp-content\/uploads\/zielona-okolica-campus-nobla-480x389.jpg 480w\" sizes=\"(min-width: 0px) and (max-width: 480px) 480px, (min-width: 481px) 555px, 100vw\" class=\"wp-image-246257\" \/><\/span><\/div>\n<\/div>\n<\/div>\n\n<div class=\"et_pb_row_5 et_pb_row et_flex_row\">\n<div class=\"et_pb_column_8 et_pb_column et_flex_column et_pb_css_mix_blend_mode_passthrough et_flex_column_12_24 et_flex_column_12_24_tablet et_flex_column_24_24_phone\">\n<div class=\"et_pb_module et_pb_button_module_wrapper et_pb_button_2_wrapper\"><a class=\"et_pb_button_2 et_pb_button et_pb_bg_layout_light et_pb_module et_block_module\" href=\"https:\/\/itsw.edu.pl\/zh-hans\/application-form-%e7%94%b3%e8%af%b7%e8%a1%a8%e6%a0%bc\/\" target=\"_blank\">\u8054\u7cfb\u6211\u4eec\uff01<\/a><\/div>\n<\/div>\n\n<div class=\"et_pb_column_9 et_pb_column et-last-child et_flex_column et_pb_css_mix_blend_mode_passthrough et_flex_column_12_24 et_flex_column_12_24_tablet et_flex_column_24_24_phone\">\n<div class=\"et_pb_module et_pb_button_module_wrapper et_pb_button_3_wrapper\"><a class=\"et_pb_button_3 et_pb_button et_pb_bg_layout_light et_pb_module et_block_module\" href=\"https:\/\/itsw.edu.pl\/zh-hans\/about-us-%e5%85%b3%e4%ba%8e%e6%88%91%e4%bb%ac\/\" target=\"_blank\">\u7ed9\u6211\u4eec\u5199\u4fe1\uff01<\/a><\/div>\n<\/div>\n<\/div>\n<\/div>","protected":false},"excerpt":{"rendered":"","protected":false},"author":3,"featured_media":0,"parent":245086,"menu_order":3,"comment_status":"closed","ping_status":"closed","template":"","meta":{"_acf_changed":false,"inline_featured_image":false,"footnotes":""},"class_list":["post-243785","page","type-page","status-publish","hentry"],"acf":[],"yoast_head":"<!-- This site is optimized with the Yoast SEO plugin v27.5 - https:\/\/yoast.com\/product\/yoast-seo-wordpress\/ -->\n<title>Szko\u0142a ITSW na Saskiej K\u0119pie | Tr\u00f3jj\u0119zyczny Kampus Nobla w Warszawie - ITSW<\/title>\n<meta name=\"description\" content=\"Poznaj Kampus Nobla \u2013 nowoczesn\u0105 lokalizacj\u0119 ITSW dla klas 4\u20138 na Saskiej K\u0119pie. Bezpieczne, zielone otoczenie, \u0142atwy dojazd i codzienny kontakt z j\u0119zykami.\" \/>\n<meta name=\"robots\" content=\"index, follow, max-snippet:-1, max-image-preview:large, max-video-preview:-1\" \/>\n<link rel=\"canonical\" href=\"https:\/\/itsw.edu.pl\/zh-hans\/primary-school-\u5c0f\u5b66\/upper-primary-\u5c0f\u5b66\u9ad8\u5e74\u7ea7\u90e8\/campus-\u4f4d\u7f6e\/\" \/>\n<meta property=\"og:locale\" content=\"zh_CN\" \/>\n<meta property=\"og:type\" content=\"article\" \/>\n<meta property=\"og:title\" content=\"Tr\u00f3jj\u0119zyczna szko\u0142a mi\u0119dzynarodowa ITSW | klasy 4-8 | Kampus Nobla na Saskiej K\u0119pie\" \/>\n<meta property=\"og:description\" content=\"Zobacz, jak wygl\u0105da \u017cycie szkolne w Kampusie Nobla ITSW: zielona okolica, nowoczesne sale, wieloj\u0119zyczna biblioteka i przestrze\u0144 do nauki i odpoczynku.\" \/>\n<meta property=\"og:url\" content=\"https:\/\/itsw.edu.pl\/zh-hans\/primary-school-\u5c0f\u5b66\/upper-primary-\u5c0f\u5b66\u9ad8\u5e74\u7ea7\u90e8\/campus-\u4f4d\u7f6e\/\" \/>\n<meta property=\"og:site_name\" content=\"ITSW\" \/>\n<meta property=\"article:publisher\" content=\"https:\/\/www.facebook.com\/ITSW.School.Escuela.Ecole.XueXiao.Gakko.Warsaw\" \/>\n<meta property=\"article:modified_time\" content=\"2026-04-02T08:49:45+00:00\" \/>\n<meta name=\"twitter:card\" content=\"summary_large_image\" \/>\n<script type=\"application\/ld+json\" class=\"yoast-schema-graph\">{\"@context\":\"https:\\\/\\\/schema.org\",\"@graph\":[{\"@type\":\"Article\",\"@id\":\"https:\\\/\\\/itsw.edu.pl\\\/zh-hans\\\/primary-school-%e5%b0%8f%e5%ad%a6\\\/upper-primary-%e5%b0%8f%e5%ad%a6%e9%ab%98%e5%b9%b4%e7%ba%a7%e9%83%a8\\\/campus-%e4%bd%8d%e7%bd%ae\\\/#article\",\"isPartOf\":{\"@id\":\"https:\\\/\\\/itsw.edu.pl\\\/zh-hans\\\/primary-school-%e5%b0%8f%e5%ad%a6\\\/upper-primary-%e5%b0%8f%e5%ad%a6%e9%ab%98%e5%b9%b4%e7%ba%a7%e9%83%a8\\\/campus-%e4%bd%8d%e7%bd%ae\\\/\"},\"author\":{\"name\":\"M.K.\",\"@id\":\"https:\\\/\\\/itsw.edu.pl\\\/#\\\/schema\\\/person\\\/4a89b345dd3285b6de291f440f753c8f\"},\"headline\":\"Lokalizacja &#8211; upper i middle zh \u4f4d\u7f6e\",\"datePublished\":\"2026-01-06T10:06:27+00:00\",\"dateModified\":\"2026-04-02T08:49:45+00:00\",\"mainEntityOfPage\":{\"@id\":\"https:\\\/\\\/itsw.edu.pl\\\/zh-hans\\\/primary-school-%e5%b0%8f%e5%ad%a6\\\/upper-primary-%e5%b0%8f%e5%ad%a6%e9%ab%98%e5%b9%b4%e7%ba%a7%e9%83%a8\\\/campus-%e4%bd%8d%e7%bd%ae\\\/\"},\"wordCount\":6,\"publisher\":{\"@id\":\"https:\\\/\\\/itsw.edu.pl\\\/#organization\"},\"inLanguage\":\"zh-Hans\"},{\"@type\":\"WebPage\",\"@id\":\"https:\\\/\\\/itsw.edu.pl\\\/zh-hans\\\/primary-school-%e5%b0%8f%e5%ad%a6\\\/upper-primary-%e5%b0%8f%e5%ad%a6%e9%ab%98%e5%b9%b4%e7%ba%a7%e9%83%a8\\\/campus-%e4%bd%8d%e7%bd%ae\\\/\",\"url\":\"https:\\\/\\\/itsw.edu.pl\\\/zh-hans\\\/primary-school-%e5%b0%8f%e5%ad%a6\\\/upper-primary-%e5%b0%8f%e5%ad%a6%e9%ab%98%e5%b9%b4%e7%ba%a7%e9%83%a8\\\/campus-%e4%bd%8d%e7%bd%ae\\\/\",\"name\":\"Szko\u0142a ITSW na Saskiej K\u0119pie | Tr\u00f3jj\u0119zyczny Kampus Nobla w Warszawie - ITSW\",\"isPartOf\":{\"@id\":\"https:\\\/\\\/itsw.edu.pl\\\/#website\"},\"datePublished\":\"2026-01-06T10:06:27+00:00\",\"dateModified\":\"2026-04-02T08:49:45+00:00\",\"description\":\"Poznaj Kampus Nobla \u2013 nowoczesn\u0105 lokalizacj\u0119 ITSW dla klas 4\u20138 na Saskiej K\u0119pie. Bezpieczne, zielone otoczenie, \u0142atwy dojazd i codzienny kontakt z j\u0119zykami.\",\"breadcrumb\":{\"@id\":\"https:\\\/\\\/itsw.edu.pl\\\/zh-hans\\\/primary-school-%e5%b0%8f%e5%ad%a6\\\/upper-primary-%e5%b0%8f%e5%ad%a6%e9%ab%98%e5%b9%b4%e7%ba%a7%e9%83%a8\\\/campus-%e4%bd%8d%e7%bd%ae\\\/#breadcrumb\"},\"inLanguage\":\"zh-Hans\",\"potentialAction\":[{\"@type\":\"ReadAction\",\"target\":[\"https:\\\/\\\/itsw.edu.pl\\\/zh-hans\\\/primary-school-%e5%b0%8f%e5%ad%a6\\\/upper-primary-%e5%b0%8f%e5%ad%a6%e9%ab%98%e5%b9%b4%e7%ba%a7%e9%83%a8\\\/campus-%e4%bd%8d%e7%bd%ae\\\/\"]}]},{\"@type\":\"BreadcrumbList\",\"@id\":\"https:\\\/\\\/itsw.edu.pl\\\/zh-hans\\\/primary-school-%e5%b0%8f%e5%ad%a6\\\/upper-primary-%e5%b0%8f%e5%ad%a6%e9%ab%98%e5%b9%b4%e7%ba%a7%e9%83%a8\\\/campus-%e4%bd%8d%e7%bd%ae\\\/#breadcrumb\",\"itemListElement\":[{\"@type\":\"ListItem\",\"position\":1,\"name\":\"ITSW\",\"item\":\"https:\\\/\\\/itsw.edu.pl\\\/zh-hans\\\/\"},{\"@type\":\"ListItem\",\"position\":2,\"name\":\"Szko\u0142a podstawowa zh \u5c0f\u5b66\",\"item\":\"https:\\\/\\\/itsw.edu.pl\\\/zh-hans\\\/primary-school-%e5%b0%8f%e5%ad%a6\\\/\"},{\"@type\":\"ListItem\",\"position\":3,\"name\":\"Upper Primary zh \u5c0f\u5b66\u9ad8\u5e74\u7ea7\u90e8\",\"item\":\"https:\\\/\\\/itsw.edu.pl\\\/zh-hans\\\/primary-school-%e5%b0%8f%e5%ad%a6\\\/upper-primary-%e5%b0%8f%e5%ad%a6%e9%ab%98%e5%b9%b4%e7%ba%a7%e9%83%a8\\\/\"},{\"@type\":\"ListItem\",\"position\":4,\"name\":\"Lokalizacja &#8211; upper i middle zh \u4f4d\u7f6e\"}]},{\"@type\":\"WebSite\",\"@id\":\"https:\\\/\\\/itsw.edu.pl\\\/#website\",\"url\":\"https:\\\/\\\/itsw.edu.pl\\\/\",\"name\":\"ITSW\",\"description\":\"\",\"publisher\":{\"@id\":\"https:\\\/\\\/itsw.edu.pl\\\/#organization\"},\"alternateName\":\"International Trilingual School of Warsaw\",\"potentialAction\":[{\"@type\":\"SearchAction\",\"target\":{\"@type\":\"EntryPoint\",\"urlTemplate\":\"https:\\\/\\\/itsw.edu.pl\\\/?s={search_term_string}\"},\"query-input\":{\"@type\":\"PropertyValueSpecification\",\"valueRequired\":true,\"valueName\":\"search_term_string\"}}],\"inLanguage\":\"zh-Hans\"},{\"@type\":\"Organization\",\"@id\":\"https:\\\/\\\/itsw.edu.pl\\\/#organization\",\"name\":\"International Trilingual School of Warsaw\",\"alternateName\":\"International Trilingual School of Warsaw\",\"url\":\"https:\\\/\\\/itsw.edu.pl\\\/\",\"logo\":{\"@type\":\"ImageObject\",\"inLanguage\":\"zh-Hans\",\"@id\":\"https:\\\/\\\/itsw.edu.pl\\\/#\\\/schema\\\/logo\\\/image\\\/\",\"url\":\"https:\\\/\\\/itsw.edu.pl\\\/wp-content\\\/uploads\\\/itsw-logo.png\",\"contentUrl\":\"https:\\\/\\\/itsw.edu.pl\\\/wp-content\\\/uploads\\\/itsw-logo.png\",\"width\":350,\"height\":103,\"caption\":\"International Trilingual School of Warsaw\"},\"image\":{\"@id\":\"https:\\\/\\\/itsw.edu.pl\\\/#\\\/schema\\\/logo\\\/image\\\/\"},\"sameAs\":[\"https:\\\/\\\/www.facebook.com\\\/ITSW.School.Escuela.Ecole.XueXiao.Gakko.Warsaw\"]},{\"@type\":\"Person\",\"@id\":\"https:\\\/\\\/itsw.edu.pl\\\/#\\\/schema\\\/person\\\/4a89b345dd3285b6de291f440f753c8f\",\"name\":\"M.K.\"}]}<\/script>\n<!-- \/ Yoast SEO plugin. -->","yoast_head_json":{"title":"Szko\u0142a ITSW na Saskiej K\u0119pie | Tr\u00f3jj\u0119zyczny Kampus Nobla w Warszawie - ITSW","description":"Poznaj Kampus Nobla \u2013 nowoczesn\u0105 lokalizacj\u0119 ITSW dla klas 4\u20138 na Saskiej K\u0119pie. Bezpieczne, zielone otoczenie, \u0142atwy dojazd i codzienny kontakt z j\u0119zykami.","robots":{"index":"index","follow":"follow","max-snippet":"max-snippet:-1","max-image-preview":"max-image-preview:large","max-video-preview":"max-video-preview:-1"},"canonical":"https:\/\/itsw.edu.pl\/zh-hans\/primary-school-\u5c0f\u5b66\/upper-primary-\u5c0f\u5b66\u9ad8\u5e74\u7ea7\u90e8\/campus-\u4f4d\u7f6e\/","og_locale":"zh_CN","og_type":"article","og_title":"Tr\u00f3jj\u0119zyczna szko\u0142a mi\u0119dzynarodowa ITSW | klasy 4-8 | Kampus Nobla na Saskiej K\u0119pie","og_description":"Zobacz, jak wygl\u0105da \u017cycie szkolne w Kampusie Nobla ITSW: zielona okolica, nowoczesne sale, wieloj\u0119zyczna biblioteka i przestrze\u0144 do nauki i odpoczynku.","og_url":"https:\/\/itsw.edu.pl\/zh-hans\/primary-school-\u5c0f\u5b66\/upper-primary-\u5c0f\u5b66\u9ad8\u5e74\u7ea7\u90e8\/campus-\u4f4d\u7f6e\/","og_site_name":"ITSW","article_publisher":"https:\/\/www.facebook.com\/ITSW.School.Escuela.Ecole.XueXiao.Gakko.Warsaw","article_modified_time":"2026-04-02T08:49:45+00:00","twitter_card":"summary_large_image","schema":{"@context":"https:\/\/schema.org","@graph":[{"@type":"Article","@id":"https:\/\/itsw.edu.pl\/zh-hans\/primary-school-%e5%b0%8f%e5%ad%a6\/upper-primary-%e5%b0%8f%e5%ad%a6%e9%ab%98%e5%b9%b4%e7%ba%a7%e9%83%a8\/campus-%e4%bd%8d%e7%bd%ae\/#article","isPartOf":{"@id":"https:\/\/itsw.edu.pl\/zh-hans\/primary-school-%e5%b0%8f%e5%ad%a6\/upper-primary-%e5%b0%8f%e5%ad%a6%e9%ab%98%e5%b9%b4%e7%ba%a7%e9%83%a8\/campus-%e4%bd%8d%e7%bd%ae\/"},"author":{"name":"M.K.","@id":"https:\/\/itsw.edu.pl\/#\/schema\/person\/4a89b345dd3285b6de291f440f753c8f"},"headline":"Lokalizacja &#8211; upper i middle zh \u4f4d\u7f6e","datePublished":"2026-01-06T10:06:27+00:00","dateModified":"2026-04-02T08:49:45+00:00","mainEntityOfPage":{"@id":"https:\/\/itsw.edu.pl\/zh-hans\/primary-school-%e5%b0%8f%e5%ad%a6\/upper-primary-%e5%b0%8f%e5%ad%a6%e9%ab%98%e5%b9%b4%e7%ba%a7%e9%83%a8\/campus-%e4%bd%8d%e7%bd%ae\/"},"wordCount":6,"publisher":{"@id":"https:\/\/itsw.edu.pl\/#organization"},"inLanguage":"zh-Hans"},{"@type":"WebPage","@id":"https:\/\/itsw.edu.pl\/zh-hans\/primary-school-%e5%b0%8f%e5%ad%a6\/upper-primary-%e5%b0%8f%e5%ad%a6%e9%ab%98%e5%b9%b4%e7%ba%a7%e9%83%a8\/campus-%e4%bd%8d%e7%bd%ae\/","url":"https:\/\/itsw.edu.pl\/zh-hans\/primary-school-%e5%b0%8f%e5%ad%a6\/upper-primary-%e5%b0%8f%e5%ad%a6%e9%ab%98%e5%b9%b4%e7%ba%a7%e9%83%a8\/campus-%e4%bd%8d%e7%bd%ae\/","name":"Szko\u0142a ITSW na Saskiej K\u0119pie | Tr\u00f3jj\u0119zyczny Kampus Nobla w Warszawie - ITSW","isPartOf":{"@id":"https:\/\/itsw.edu.pl\/#website"},"datePublished":"2026-01-06T10:06:27+00:00","dateModified":"2026-04-02T08:49:45+00:00","description":"Poznaj Kampus Nobla \u2013 nowoczesn\u0105 lokalizacj\u0119 ITSW dla klas 4\u20138 na Saskiej K\u0119pie. Bezpieczne, zielone otoczenie, \u0142atwy dojazd i codzienny kontakt z j\u0119zykami.","breadcrumb":{"@id":"https:\/\/itsw.edu.pl\/zh-hans\/primary-school-%e5%b0%8f%e5%ad%a6\/upper-primary-%e5%b0%8f%e5%ad%a6%e9%ab%98%e5%b9%b4%e7%ba%a7%e9%83%a8\/campus-%e4%bd%8d%e7%bd%ae\/#breadcrumb"},"inLanguage":"zh-Hans","potentialAction":[{"@type":"ReadAction","target":["https:\/\/itsw.edu.pl\/zh-hans\/primary-school-%e5%b0%8f%e5%ad%a6\/upper-primary-%e5%b0%8f%e5%ad%a6%e9%ab%98%e5%b9%b4%e7%ba%a7%e9%83%a8\/campus-%e4%bd%8d%e7%bd%ae\/"]}]},{"@type":"BreadcrumbList","@id":"https:\/\/itsw.edu.pl\/zh-hans\/primary-school-%e5%b0%8f%e5%ad%a6\/upper-primary-%e5%b0%8f%e5%ad%a6%e9%ab%98%e5%b9%b4%e7%ba%a7%e9%83%a8\/campus-%e4%bd%8d%e7%bd%ae\/#breadcrumb","itemListElement":[{"@type":"ListItem","position":1,"name":"ITSW","item":"https:\/\/itsw.edu.pl\/zh-hans\/"},{"@type":"ListItem","position":2,"name":"Szko\u0142a podstawowa zh \u5c0f\u5b66","item":"https:\/\/itsw.edu.pl\/zh-hans\/primary-school-%e5%b0%8f%e5%ad%a6\/"},{"@type":"ListItem","position":3,"name":"Upper Primary zh \u5c0f\u5b66\u9ad8\u5e74\u7ea7\u90e8","item":"https:\/\/itsw.edu.pl\/zh-hans\/primary-school-%e5%b0%8f%e5%ad%a6\/upper-primary-%e5%b0%8f%e5%ad%a6%e9%ab%98%e5%b9%b4%e7%ba%a7%e9%83%a8\/"},{"@type":"ListItem","position":4,"name":"Lokalizacja &#8211; upper i middle zh \u4f4d\u7f6e"}]},{"@type":"WebSite","@id":"https:\/\/itsw.edu.pl\/#website","url":"https:\/\/itsw.edu.pl\/","name":"ITSW","description":"","publisher":{"@id":"https:\/\/itsw.edu.pl\/#organization"},"alternateName":"International Trilingual School of Warsaw","potentialAction":[{"@type":"SearchAction","target":{"@type":"EntryPoint","urlTemplate":"https:\/\/itsw.edu.pl\/?s={search_term_string}"},"query-input":{"@type":"PropertyValueSpecification","valueRequired":true,"valueName":"search_term_string"}}],"inLanguage":"zh-Hans"},{"@type":"Organization","@id":"https:\/\/itsw.edu.pl\/#organization","name":"International Trilingual School of Warsaw","alternateName":"International Trilingual School of Warsaw","url":"https:\/\/itsw.edu.pl\/","logo":{"@type":"ImageObject","inLanguage":"zh-Hans","@id":"https:\/\/itsw.edu.pl\/#\/schema\/logo\/image\/","url":"https:\/\/itsw.edu.pl\/wp-content\/uploads\/itsw-logo.png","contentUrl":"https:\/\/itsw.edu.pl\/wp-content\/uploads\/itsw-logo.png","width":350,"height":103,"caption":"International Trilingual School of Warsaw"},"image":{"@id":"https:\/\/itsw.edu.pl\/#\/schema\/logo\/image\/"},"sameAs":["https:\/\/www.facebook.com\/ITSW.School.Escuela.Ecole.XueXiao.Gakko.Warsaw"]},{"@type":"Person","@id":"https:\/\/itsw.edu.pl\/#\/schema\/person\/4a89b345dd3285b6de291f440f753c8f","name":"M.K."}]}},"_links":{"self":[{"href":"https:\/\/itsw.edu.pl\/zh-hans\/wp-json\/wp\/v2\/pages\/243785","targetHints":{"allow":["GET"]}}],"collection":[{"href":"https:\/\/itsw.edu.pl\/zh-hans\/wp-json\/wp\/v2\/pages"}],"about":[{"href":"https:\/\/itsw.edu.pl\/zh-hans\/wp-json\/wp\/v2\/types\/page"}],"author":[{"embeddable":true,"href":"https:\/\/itsw.edu.pl\/zh-hans\/wp-json\/wp\/v2\/users\/3"}],"replies":[{"embeddable":true,"href":"https:\/\/itsw.edu.pl\/zh-hans\/wp-json\/wp\/v2\/comments?post=243785"}],"version-history":[{"count":11,"href":"https:\/\/itsw.edu.pl\/zh-hans\/wp-json\/wp\/v2\/pages\/243785\/revisions"}],"predecessor-version":[{"id":251898,"href":"https:\/\/itsw.edu.pl\/zh-hans\/wp-json\/wp\/v2\/pages\/243785\/revisions\/251898"}],"up":[{"embeddable":true,"href":"https:\/\/itsw.edu.pl\/zh-hans\/wp-json\/wp\/v2\/pages\/245086"}],"wp:attachment":[{"href":"https:\/\/itsw.edu.pl\/zh-hans\/wp-json\/wp\/v2\/media?parent=243785"}],"curies":[{"name":"wp","href":"https:\/\/api.w.org\/{rel}","templated":true}]}}