{"id":243791,"date":"2026-01-06T11:06:27","date_gmt":"2026-01-06T10:06:27","guid":{"rendered":"https:\/\/itsw.edu.pl\/?page_id=243791"},"modified":"2026-04-02T10:10:52","modified_gmt":"2026-04-02T08:10:52","slug":"%e3%82%ad%e3%83%a3%e3%83%b3%e3%83%91%e3%82%b9","status":"publish","type":"page","link":"https:\/\/itsw.edu.pl\/ja\/%e5%b0%8f%e5%ad%a6%e6%a0%a1\/%e5%b0%8f%e5%ad%a6%e6%a0%a1%e9%ab%98%e5%ad%a6%e5%b9%b4\/%e3%82%ad%e3%83%a3%e3%83%b3%e3%83%91%e3%82%b9\/","title":{"rendered":"Lokalizacja &#8211; upper primary i middle school Kampusy &#8211; ja &#8211; \u30ad\u30e3\u30f3\u30d1\u30b9"},"content":{"rendered":"<div class=\"et_pb_section_0 et_pb_section et_section_regular et_block_section\">\n<div class=\"et_pb_row_0 et_pb_row et_block_row\">\n<div class=\"et_pb_column_0 et_pb_column et_pb_column_4_4 et-last-child et_block_column et_pb_css_mix_blend_mode_passthrough\">\n<div class=\"et_pb_heading_0 et_pb_heading et_pb_module et_block_module\"><div class=\"et_pb_heading_container\"><h1 class=\"et_pb_module_header\">Nobla\u5c0f\u5b66\u6821\u30ad\u30e3\u30f3\u30d1\u30b9 \u2013 Saska K\u0119pa\u306b\u3042\u308bITSW\u5c0f\u5b66\u6821<\/h1><\/div><\/div>\n<\/div>\n<\/div>\n<\/div>\n\n<div class=\"et_pb_section_1 et_pb_section et_section_regular et_block_section\">\n<div class=\"et_pb_row_1 et_pb_row et_block_row\">\n<div class=\"et_pb_column_1 et_pb_column et_pb_column_4_4 et-last-child et_block_column et_pb_css_mix_blend_mode_passthrough\">\n<div class=\"et_pb_text_0 et_pb_text et_pb_bg_layout_light et_pb_module et_block_module\"><div class=\"et_pb_text_inner\"><h2 style=\"text-align: center;\">\u65e5\u5e38\u306e\u5b66\u6821\u751f\u6d3b\u3068\u4e09\u8a00\u8a9e\u6559\u80b2\u304c\u878d\u5408\u3059\u308b\u5834\u6240<\/h2>\n<p>\u00a0<\/p>\n<p>\u30ce\u30d6\u30e9\u5c0f\u5b66\u6821\u30ad\u30e3\u30f3\u30d1\u30b9\u306fSaska K\u0119pa\u306b\u4f4d\u7f6e\u3057\u3066\u304a\u308a\u3001\u30ef\u30eb\u30b7\u30e3\u30ef\u3067\u6700\u3082\u7dd1\u8c4a\u304b\u3067\u5e73\u548c\u306a\u5730\u533a\u306e\u4e00\u3064\u3067\u3059\u3002 Goc\u0142aw, Groch\u00f3w, the city center, Wola, Ochota, Powi\u015ble, \u017boliborz, Wawer, Bia\u0142o\u0142\u0119ka, and Mokot\u00f3w\u304b\u3089\u30a2\u30af\u30bb\u30b9\u304c\u5bb9\u6613\u3067\u3059\u30023\u968e\u5efa\u3066\u306e\u6821\u820e\u306f\u30014\u5e74\u751f\u304b\u30896\u5e74\u751f(\u5c0f\u5b66\u6821)\u304a\u3088\u30737-8\u5e74\u751f(\u4e2d\u5b66\u6821)\u306e\u30cb\u30fc\u30ba\u306b\u5408\u308f\u305b\u3066\u3001\u81ea\u7136\u5149\u3068\u6700\u65b0\u306e\u8a2d\u5099\u3092\u5099\u3048\u305f\u5e83\u3005\u3068\u3057\u305f\u660e\u308b\u3044\u6559\u5ba4\u3092\u63d0\u4f9b\u3057\u3066\u3044\u307e\u3059\u3002<\/p>\n<p>\u30ad\u30e3\u30f3\u30d1\u30b9\u306b\u306f\u5e83\u3005\u3068\u3057\u305f\u30d1\u30c6\u30a3\u30aa\u3082\u3042\u308a\u3001\u6bce\u65e5\u306e\u5c4b\u5916\u6d3b\u52d5\u3084\u30b9\u30dd\u30fc\u30c4\u3001\u4f11\u61a9\u304c\u53ef\u80fd\u3067\u3001\u5b66\u751f\u306e\u96c6\u4e2d\u529b\u3068\u5065\u5eb7\u3092\u652f\u3048\u3066\u3044\u307e\u3059\u3002\u3053\u308c\u306f\u79c1\u305f\u3061\u306e\u53d6\u308a\u7d44\u307f\u306e\u91cd\u8981\u306a\u8981\u7d20\u3067\u3042\u308a\u3001\u904b\u52d5\u3084\u81ea\u7136\u3068\u306e\u63a5\u89e6\u306f\u5b66\u6821\u751f\u6d3b\u306e\u91cd\u8981\u306a\u4e00\u90e8\u3067\u3059\u3002<\/p>\n<\/div><\/div>\n<\/div>\n<\/div>\n<\/div>\n\n<div class=\"et_pb_section_2 et_pb_section et_section_regular et_block_section\">\n<div class=\"et_pb_row_2 et_pb_row et_flex_row\">\n<div class=\"et_pb_column_2 et_pb_column et_block_column et_pb_css_mix_blend_mode_passthrough et_flex_column_24_24 et_flex_column_24_24_tablet et_flex_column_24_24_phone\">\n<div class=\"et_pb_text_1 et_pb_text et_pb_bg_layout_light et_pb_module et_block_module\"><div class=\"et_pb_text_inner\"><h2>\u81ea\u7136\u306e\u74b0\u5883\u3067\u5b66\u3073\u3001\u30ea\u30e9\u30c3\u30af\u30b9\u3057\u3001\u8a9e\u5b66\u3092\u697d\u3057\u3080\u3053\u3068\u304c\u3067\u304d\u307e\u3059\u3002\u30ab\u30d5\u30a7\u30c6\u30ea\u30a2\u3001\u8fd1\u304f\u306e\u516c\u5712\u3001\u4f53\u80b2\u9928\u306a\u3069\u3067\u3059\u3002<\/h2>\n<p>Nobla\u5c0f\u5b66\u6821\u30ad\u30e3\u30f3\u30d1\u30b9\u306b\u306f\u3001\u751f\u5f92\u304c\u98df\u4e8b\u3084\u30ea\u30e9\u30c3\u30af\u30b9\u3092\u697d\u3057\u3080\u5c02\u7528\u30ab\u30d5\u30a7\u30c6\u30ea\u30a2\u304c\u3042\u308a\u307e\u3059\u3002\u307b\u3068\u3093\u3069\u306e\u4f11\u61a9\u6642\u9593\u306f\u5b66\u6821\u306e\u904a\u3073\u5834\u3084\u5468\u8fba\u306eJordan\u516c\u5712\u3067\u697d\u3057\u3093\u3067\u904e\u3054\u3057\u307e\u3059\u3002\u4f53\u80b2\u9928\u306f\u30ad\u30e3\u30f3\u30d1\u30b9\u5185\u3067\u306f\u3042\u308a\u307e\u305b\u3093\u304c\u300150\u30e1\u30fc\u30c8\u30eb\u306e\u8ddd\u96e2\u306b\u3042\u308a\u307e\u3059\u3002<\/p>\n<\/div><\/div>\n\n<div class=\"et_pb_module et_pb_button_module_wrapper et_pb_button_0_wrapper\"><a class=\"et_pb_button_0 et_pb_button et_pb_bg_layout_light et_pb_module et_block_module\" href=\"https:\/\/itsw.edu.pl\/ja\/%e7%a7%81%e3%81%9f%e3%81%a1%e3%81%ab%e3%81%a4%e3%81%84%e3%81%a6\/itsw\/\">ITSW\u306b\u3064\u3044\u3066\u8a73\u3057\u304f\u306f\u3053\u3061\u3089<\/a><\/div>\n<\/div>\n\n<div class=\"et_pb_column_3 et_pb_column et-last-child et_block_column et_pb_css_mix_blend_mode_passthrough et_flex_column_24_24 et_flex_column_24_24_tablet et_flex_column_24_24_phone\">\n<div class=\"et_pb_image_0 et_pb_image et_pb_module et_block_module\"><span class=\"et_pb_image_wrap\"><img decoding=\"async\" src=\"https:\/\/itsw.edu.pl\/wp-content\/uploads\/sports-at-itsw.jpg\" alt=\"Sports at ITSW\" title=\"sports-at-itsw\" width=\"555\" height=\"450\" srcset=\"https:\/\/itsw.edu.pl\/wp-content\/uploads\/sports-at-itsw.jpg 555w, https:\/\/itsw.edu.pl\/wp-content\/uploads\/sports-at-itsw-480x389.jpg 480w\" sizes=\"(min-width: 0px) and (max-width: 480px) 480px, (min-width: 481px) 555px, 100vw\" class=\"wp-image-250965\" \/><\/span><\/div>\n<\/div>\n<\/div>\n\n<div class=\"et_pb_row_3 et_pb_row et_flex_row\">\n<div class=\"et_pb_column_4 et_pb_column et_block_column et_pb_css_mix_blend_mode_passthrough et_flex_column_24_24 et_flex_column_24_24_tablet et_flex_column_24_24_phone\">\n<div class=\"et_pb_image_1 et_pb_image et_pb_module et_block_module\"><span class=\"et_pb_image_wrap\"><img decoding=\"async\" src=\"https:\/\/itsw.edu.pl\/wp-content\/uploads\/biblioteka-szkolna-kampus-nobla.jpg\" title=\"Sala gimnastyczna kampus Nobla\" width=\"555\" height=\"450\" srcset=\"https:\/\/itsw.edu.pl\/wp-content\/uploads\/biblioteka-szkolna-kampus-nobla.jpg 555w, https:\/\/itsw.edu.pl\/wp-content\/uploads\/biblioteka-szkolna-kampus-nobla-480x389.jpg 480w\" sizes=\"(min-width: 0px) and (max-width: 480px) 480px, (min-width: 481px) 555px, 100vw\" class=\"wp-image-246185\" alt=\"Children learning by play ITSW\" \/><\/span><\/div>\n<\/div>\n\n<div class=\"et_pb_column_5 et_pb_column et-last-child et_block_column et_pb_css_mix_blend_mode_passthrough et_flex_column_24_24 et_flex_column_24_24_tablet et_flex_column_24_24_phone\">\n<div class=\"et_pb_text_2 et_pb_text et_pb_bg_layout_light et_pb_module et_block_module\"><div class=\"et_pb_text_inner\"><h2>\u591a\u8a00\u8a9e\u306e\u56f3\u66f8\u9928 \u2013 \u4e16\u754c\u3092\u63a2\u691c\u3059\u308b\u7a7a\u9593<\/h2>\n<p>\u30ad\u30e3\u30f3\u30d1\u30b9\u306e\u4e2d\u5fc3\u306e\u4e00\u3064\u306f\u30016\u3064\u306eITSW\u8a00\u8a9e\u3067\u66f8\u7c4d\u3092\u63d0\u4f9b\u3059\u308b\u5145\u5b9f\u3057\u305f\u56f3\u66f8\u9928\u3067\u3059\u3002\u5b66\u751f\u306f\u4ee5\u4e0b\u306e\u3053\u3068\u304c\u3067\u304d\u307e\u3059:<\/p>\n<ul>\n<li>\u30dd\u30fc\u30e9\u30f3\u30c9\u8a9e\u3001\u82f1\u8a9e\u3001\u30d5\u30e9\u30f3\u30b9\u8a9e\u3001\u30b9\u30da\u30a4\u30f3\u8a9e\u3001\u4e2d\u56fd\u8a9e\u3001\u65e5\u672c\u8a9e\u306e\u6587\u732e\u501f\u7528<\/li>\n<li>\u9759\u304b\u306a\u52c9\u5f37\u3001\u30ea\u30e9\u30af\u30bc\u30fc\u30b7\u30e7\u30f3\u3001\u4f11\u606f\u306e\u305f\u3081\u306e\u7a7a\u9593\u5229\u7528\u3001<\/li>\n<li>\u8208\u5473\u3068\u8aad\u66f8\u306e\u81ea\u7acb\u6027\u3092\u80b2\u3080\u3053\u3068\u3002<\/li>\n<\/ul>\n<p>\u56f3\u66f8\u9928\u306f\u5b66\u696d\u3068\u611f\u60c5\u306e\u767a\u9054\u3092\u652f\u3048\u308b\u7a7a\u9593\u3067\u3042\u308a\u3001\u5fd9\u3057\u3044\u4e09\u8a00\u8a9e\u306e\u65e5\u306e\u4e2d\u306e\u9759\u3051\u3055\u306e\u3072\u3068\u3068\u304d\u306e\u9759\u304b\u306a\u9685\u3067\u3059\u3002<\/p>\n<p>&nbsp;<\/p>\n<\/div><\/div>\n\n<div class=\"et_pb_module et_pb_button_module_wrapper et_pb_button_1_wrapper\"><a class=\"et_pb_button_1 et_pb_button et_pb_bg_layout_light et_pb_module et_block_module\" href=\"https:\/\/itsw.edu.pl\/ja\/%e9%80%a3%e7%b5%a1%e5%85%88\/\" target=\"_blank\">Nobla\u5c0f\u5b66\u6821\u30ad\u30e3\u30f3\u30d1\u30b9\u3067\u4e88\u7d04\u3092\u3057\u3066\u304f\u3060\u3055\u3044<\/a><\/div>\n<\/div>\n<\/div>\n\n<div class=\"et_pb_row_4 et_pb_row et_flex_row\">\n<div class=\"et_pb_column_6 et_pb_column et_flex_column et_pb_css_mix_blend_mode_passthrough et_flex_column_24_24 et_flex_column_24_24_tablet et_flex_column_24_24_phone\">\n<div class=\"et_pb_text_3 et_pb_text et_pb_bg_layout_light et_pb_module et_block_module\"><div class=\"et_pb_text_inner\"><h2 style=\"text-align: center;\">Nobla\u5c0f\u5b66\u6821\u30ad\u30e3\u30f3\u30d1\u30b9\u3078\u306e\u7c21\u5358\u30a2\u30af\u30bb\u30b9:\u7dd1\u8c4a\u304b\u306aSaska K\u0119pa\u306e\u4e2d\u5fc3\u5730<\/h2>\n<p>\u00a0<\/p>\n<p>Nobla\u5c0f\u5b66\u6821\u30ad\u30e3\u30f3\u30d1\u30b9 \u2013 \u7dd1\u8c4a\u304b\u306aSaska K\u0119pa\u306e\u4e2d\u5fc3\u90e8<\/p>\n<p>Nobla\u5c0f\u5b66\u6821\u30ad\u30e3\u30f3\u30d1\u30b9\u306f\u3001\u30ef\u30eb\u30b7\u30e3\u30ef\u3067\u6700\u3082\u7f8e\u3057\u304f\u7dd1\u8c4a\u304b\u306a\u5730\u533a\u306e\u4e00\u3064\u3001Saska K\u0119pa\u306e\u4e2d\u5fc3\u306b\u4f4d\u7f6e\u3057\u3066\u3044\u307e\u3059\u3002\u9759\u304b\u306a\u901a\u308a\u3001\u5b89\u5168\u306a\u8857\u3001\u305d\u3057\u3066\u30e6\u30cb\u30fc\u30af\u3067\u5bb6\u65cf\u306b\u512a\u3057\u3044\u96f0\u56f2\u6c17\u304c\u3001\u5b66\u6821\u3067\u306e\u6bce\u65e5\u3092\u697d\u3057\u3044\u3082\u306e\u306b\u3057\u3066\u3044\u307e\u3059\u3002<\/p>\n<p>\u512a\u308c\u305f\u7acb\u5730\u306b\u3088\u308a\u3001\u8eca\u3068\u516c\u5171\u4ea4\u901a\u306e\u4e21\u65b9\u3067\u30ad\u30e3\u30f3\u30d1\u30b9\u3078\u306e\u30a2\u30af\u30bb\u30b9\u304c\u4fbf\u5229\u3067\u3059\u3002 Praga-Po\u0142udnie\u306e\u4e3b\u8981\u5e79\u7dda\u9053\u8def\u306b\u8fd1\u304f\u3001\u30ef\u30eb\u30b7\u30e3\u30ef\u5e02\u4e2d\u5fc3\u90e8\u3078\u306e\u8fc5\u901f\u306a\u63a5\u7d9a\u306b\u3088\u308a\u3001Goc\u0142aw, Groch\u00f3w, Powi\u015ble, Wawer, Mokot\u00f3w, \u015ar\u00f3dmie\u015bcie\u3001\u305d\u306e\u4ed6\u5e02\u5185\u306e\u5730\u57df\u304b\u3089\u306e\u5bb6\u65cf\u304c\u5bb9\u6613\u306b\u30a2\u30af\u30bb\u30b9\u3067\u304d\u307e\u3059\u3002<\/p>\n<p>\u30ad\u30e3\u30f3\u30d1\u30b9\u306f\u9759\u304b\u3067\u4eba\u76ee\u306b\u3064\u304b\u306a\u3044\u901a\u308a\u306b\u4f4d\u7f6e\u3057\u3066\u304a\u308a\u3001\u5b50\u3069\u3082\u305f\u3061\u304c\u5b89\u5168\u3067\u5e73\u548c\u306a\u74b0\u5883\u3067\u5b66\u3073\u6210\u9577\u3067\u304d\u308b\u4e00\u65b9\u3067\u3001\u5e02\u306e\u30a4\u30f3\u30d5\u30e9\u306e\u6069\u6075\u3082\u53d7\u3051\u3066\u3044\u307e\u3059\u3002\u96c6\u4e2d\u7684\u306a\u5b66\u7fd2\u3068\u30ea\u30e9\u30af\u30bc\u30fc\u30b7\u30e7\u30f3\u3084\u5c4b\u5916\u904a\u3073\u306e\u30d0\u30e9\u30f3\u30b9\u304c\u5fc5\u8981\u306a\u751f\u5f92\u306b\u3068\u3063\u3066\u7406\u60f3\u7684\u306a\u5834\u6240\u3067\u3059\u3002<\/p>\n<p>\u4e2d\u5fc3\u90e8\u3067\u4ea4\u901a\u306e\u4fbf\u306b\u4fbf\u5229\u306a\u7acb\u5730\u306e\u304a\u304b\u3052\u3067\u30014\u5e74\u751f\u304b\u30896\u5e74\u751f\u306e\u751f\u5f92\u306f\u5f92\u6b69\u3084\u516c\u5171\u4ea4\u901a\u6a5f\u95a2\u3092\u5229\u7528\u3057\u3066\u5b89\u5168\u304b\u3064\u81ea\u7acb\u3057\u3066\u81ea\u5b85\u306b\u5e30\u5b85\u3057\u3001\u65e5\u5e38\u751f\u6d3b\u306b\u304a\u3051\u308b\u8cac\u4efb\u611f\u3068\u81ea\u7acb\u6027\u3092\u5b66\u3093\u3067\u3044\u307e\u3059\u3002<\/p>\n<\/div><\/div>\n<\/div>\n\n<div class=\"et_pb_column_7 et_pb_column et-last-child et_flex_column et_pb_css_mix_blend_mode_passthrough et_flex_column_24_24 et_flex_column_24_24_tablet et_flex_column_24_24_phone\">\n<div class=\"et_pb_image_2 et_pb_image et_pb_module et_block_module\"><span class=\"et_pb_image_wrap\"><img decoding=\"async\" src=\"https:\/\/itsw.edu.pl\/wp-content\/uploads\/zielona-okolica-campus-nobla.jpg\" alt=\"Children learning by play ITSW\" title=\"Sala gimnastyczna kampus Nobla\" width=\"555\" height=\"450\" srcset=\"https:\/\/itsw.edu.pl\/wp-content\/uploads\/zielona-okolica-campus-nobla.jpg 555w, https:\/\/itsw.edu.pl\/wp-content\/uploads\/zielona-okolica-campus-nobla-480x389.jpg 480w\" sizes=\"(min-width: 0px) and (max-width: 480px) 480px, (min-width: 481px) 555px, 100vw\" class=\"wp-image-246260\" \/><\/span><\/div>\n<\/div>\n<\/div>\n\n<div class=\"et_pb_row_5 et_pb_row et_flex_row\">\n<div class=\"et_pb_column_8 et_pb_column et_flex_column et_pb_css_mix_blend_mode_passthrough et_flex_column_12_24 et_flex_column_12_24_tablet et_flex_column_24_24_phone\">\n<div class=\"et_pb_module et_pb_button_module_wrapper et_pb_button_2_wrapper\"><a class=\"et_pb_button_2 et_pb_button et_pb_bg_layout_light et_pb_module et_block_module\" href=\"https:\/\/itsw.edu.pl\/ja\/%e9%80%a3%e7%b5%a1%e5%85%88\/\">\u305c\u3072\u3054\u9023\u7d61\u304f\u3060\u3055\u3044!<\/a><\/div>\n<\/div>\n\n<div class=\"et_pb_column_9 et_pb_column et-last-child et_flex_column et_pb_css_mix_blend_mode_passthrough et_flex_column_12_24 et_flex_column_12_24_tablet et_flex_column_24_24_phone\">\n<div class=\"et_pb_module et_pb_button_module_wrapper et_pb_button_3_wrapper\"><a class=\"et_pb_button_3 et_pb_button et_pb_bg_layout_light et_pb_module et_block_module\" href=\"https:\/\/itsw.edu.pl\/ja\/%e9%80%a3%e7%b5%a1%e5%85%88\/\">\u79c1\u305f\u3061\u306b\u30e1\u30fc\u30eb\u3092\u3057\u3066\u304f\u3060\u3055\u3044!<\/a><\/div>\n<\/div>\n<\/div>\n<\/div>","protected":false},"excerpt":{"rendered":"","protected":false},"author":3,"featured_media":0,"parent":245090,"menu_order":3,"comment_status":"closed","ping_status":"closed","template":"","meta":{"_acf_changed":false,"inline_featured_image":false,"footnotes":""},"class_list":["post-243791","page","type-page","status-publish","hentry"],"acf":[],"yoast_head":"<!-- This site is optimized with the Yoast SEO plugin v27.5 - https:\/\/yoast.com\/product\/yoast-seo-wordpress\/ -->\n<title>Szko\u0142a ITSW na Saskiej K\u0119pie | Tr\u00f3jj\u0119zyczny Kampus Nobla w Warszawie - ITSW<\/title>\n<meta name=\"description\" content=\"Poznaj Kampus Nobla \u2013 nowoczesn\u0105 lokalizacj\u0119 ITSW dla klas 4\u20138 na Saskiej K\u0119pie. Bezpieczne, zielone otoczenie, \u0142atwy dojazd i codzienny kontakt z j\u0119zykami.\" \/>\n<meta name=\"robots\" content=\"index, follow, max-snippet:-1, max-image-preview:large, max-video-preview:-1\" \/>\n<link rel=\"canonical\" href=\"https:\/\/itsw.edu.pl\/ja\/\u5c0f\u5b66\u6821\/\u5c0f\u5b66\u6821\u9ad8\u5b66\u5e74\/\u30ad\u30e3\u30f3\u30d1\u30b9\/\" \/>\n<meta property=\"og:locale\" content=\"ja_JP\" \/>\n<meta property=\"og:type\" content=\"article\" \/>\n<meta property=\"og:title\" content=\"Tr\u00f3jj\u0119zyczna szko\u0142a mi\u0119dzynarodowa ITSW | klasy 4-8 | Kampus Nobla na Saskiej K\u0119pie\" \/>\n<meta property=\"og:description\" content=\"Zobacz, jak wygl\u0105da \u017cycie szkolne w Kampusie Nobla ITSW: zielona okolica, nowoczesne sale, wieloj\u0119zyczna biblioteka i przestrze\u0144 do nauki i odpoczynku.\" \/>\n<meta property=\"og:url\" content=\"https:\/\/itsw.edu.pl\/ja\/\u5c0f\u5b66\u6821\/\u5c0f\u5b66\u6821\u9ad8\u5b66\u5e74\/\u30ad\u30e3\u30f3\u30d1\u30b9\/\" \/>\n<meta property=\"og:site_name\" content=\"ITSW\" \/>\n<meta property=\"article:publisher\" content=\"https:\/\/www.facebook.com\/ITSW.School.Escuela.Ecole.XueXiao.Gakko.Warsaw\" \/>\n<meta property=\"article:modified_time\" content=\"2026-04-02T08:10:52+00:00\" \/>\n<meta name=\"twitter:card\" content=\"summary_large_image\" \/>\n<script type=\"application\/ld+json\" class=\"yoast-schema-graph\">{\"@context\":\"https:\\\/\\\/schema.org\",\"@graph\":[{\"@type\":\"Article\",\"@id\":\"https:\\\/\\\/itsw.edu.pl\\\/ja\\\/%e5%b0%8f%e5%ad%a6%e6%a0%a1\\\/%e5%b0%8f%e5%ad%a6%e6%a0%a1%e9%ab%98%e5%ad%a6%e5%b9%b4\\\/%e3%82%ad%e3%83%a3%e3%83%b3%e3%83%91%e3%82%b9\\\/#article\",\"isPartOf\":{\"@id\":\"https:\\\/\\\/itsw.edu.pl\\\/ja\\\/%e5%b0%8f%e5%ad%a6%e6%a0%a1\\\/%e5%b0%8f%e5%ad%a6%e6%a0%a1%e9%ab%98%e5%ad%a6%e5%b9%b4\\\/%e3%82%ad%e3%83%a3%e3%83%b3%e3%83%91%e3%82%b9\\\/\"},\"author\":{\"name\":\"M.K.\",\"@id\":\"https:\\\/\\\/itsw.edu.pl\\\/#\\\/schema\\\/person\\\/4a89b345dd3285b6de291f440f753c8f\"},\"headline\":\"Lokalizacja &#8211; upper primary i middle school Kampusy &#8211; ja &#8211; \u30ad\u30e3\u30f3\u30d1\u30b9\",\"datePublished\":\"2026-01-06T10:06:27+00:00\",\"dateModified\":\"2026-04-02T08:10:52+00:00\",\"mainEntityOfPage\":{\"@id\":\"https:\\\/\\\/itsw.edu.pl\\\/ja\\\/%e5%b0%8f%e5%ad%a6%e6%a0%a1\\\/%e5%b0%8f%e5%ad%a6%e6%a0%a1%e9%ab%98%e5%ad%a6%e5%b9%b4\\\/%e3%82%ad%e3%83%a3%e3%83%b3%e3%83%91%e3%82%b9\\\/\"},\"wordCount\":11,\"publisher\":{\"@id\":\"https:\\\/\\\/itsw.edu.pl\\\/#organization\"},\"inLanguage\":\"ja\"},{\"@type\":\"WebPage\",\"@id\":\"https:\\\/\\\/itsw.edu.pl\\\/ja\\\/%e5%b0%8f%e5%ad%a6%e6%a0%a1\\\/%e5%b0%8f%e5%ad%a6%e6%a0%a1%e9%ab%98%e5%ad%a6%e5%b9%b4\\\/%e3%82%ad%e3%83%a3%e3%83%b3%e3%83%91%e3%82%b9\\\/\",\"url\":\"https:\\\/\\\/itsw.edu.pl\\\/ja\\\/%e5%b0%8f%e5%ad%a6%e6%a0%a1\\\/%e5%b0%8f%e5%ad%a6%e6%a0%a1%e9%ab%98%e5%ad%a6%e5%b9%b4\\\/%e3%82%ad%e3%83%a3%e3%83%b3%e3%83%91%e3%82%b9\\\/\",\"name\":\"Szko\u0142a ITSW na Saskiej K\u0119pie | Tr\u00f3jj\u0119zyczny Kampus Nobla w Warszawie - ITSW\",\"isPartOf\":{\"@id\":\"https:\\\/\\\/itsw.edu.pl\\\/#website\"},\"datePublished\":\"2026-01-06T10:06:27+00:00\",\"dateModified\":\"2026-04-02T08:10:52+00:00\",\"description\":\"Poznaj Kampus Nobla \u2013 nowoczesn\u0105 lokalizacj\u0119 ITSW dla klas 4\u20138 na Saskiej K\u0119pie. Bezpieczne, zielone otoczenie, \u0142atwy dojazd i codzienny kontakt z j\u0119zykami.\",\"breadcrumb\":{\"@id\":\"https:\\\/\\\/itsw.edu.pl\\\/ja\\\/%e5%b0%8f%e5%ad%a6%e6%a0%a1\\\/%e5%b0%8f%e5%ad%a6%e6%a0%a1%e9%ab%98%e5%ad%a6%e5%b9%b4\\\/%e3%82%ad%e3%83%a3%e3%83%b3%e3%83%91%e3%82%b9\\\/#breadcrumb\"},\"inLanguage\":\"ja\",\"potentialAction\":[{\"@type\":\"ReadAction\",\"target\":[\"https:\\\/\\\/itsw.edu.pl\\\/ja\\\/%e5%b0%8f%e5%ad%a6%e6%a0%a1\\\/%e5%b0%8f%e5%ad%a6%e6%a0%a1%e9%ab%98%e5%ad%a6%e5%b9%b4\\\/%e3%82%ad%e3%83%a3%e3%83%b3%e3%83%91%e3%82%b9\\\/\"]}]},{\"@type\":\"BreadcrumbList\",\"@id\":\"https:\\\/\\\/itsw.edu.pl\\\/ja\\\/%e5%b0%8f%e5%ad%a6%e6%a0%a1\\\/%e5%b0%8f%e5%ad%a6%e6%a0%a1%e9%ab%98%e5%ad%a6%e5%b9%b4\\\/%e3%82%ad%e3%83%a3%e3%83%b3%e3%83%91%e3%82%b9\\\/#breadcrumb\",\"itemListElement\":[{\"@type\":\"ListItem\",\"position\":1,\"name\":\"ITSW\",\"item\":\"https:\\\/\\\/itsw.edu.pl\\\/ja\\\/\"},{\"@type\":\"ListItem\",\"position\":2,\"name\":\"Szko\u0142a podstawowa ja \u5c0f\u5b66\u6821\",\"item\":\"https:\\\/\\\/itsw.edu.pl\\\/ja\\\/%e5%b0%8f%e5%ad%a6%e6%a0%a1\\\/\"},{\"@type\":\"ListItem\",\"position\":3,\"name\":\"Upper Primary- ja \u5c0f\u5b66\u6821\u9ad8\u5b66\u5e74\",\"item\":\"https:\\\/\\\/itsw.edu.pl\\\/ja\\\/%e5%b0%8f%e5%ad%a6%e6%a0%a1\\\/%e5%b0%8f%e5%ad%a6%e6%a0%a1%e9%ab%98%e5%ad%a6%e5%b9%b4\\\/\"},{\"@type\":\"ListItem\",\"position\":4,\"name\":\"Lokalizacja &#8211; upper primary i middle school Kampusy &#8211; ja &#8211; \u30ad\u30e3\u30f3\u30d1\u30b9\"}]},{\"@type\":\"WebSite\",\"@id\":\"https:\\\/\\\/itsw.edu.pl\\\/#website\",\"url\":\"https:\\\/\\\/itsw.edu.pl\\\/\",\"name\":\"ITSW\",\"description\":\"\",\"publisher\":{\"@id\":\"https:\\\/\\\/itsw.edu.pl\\\/#organization\"},\"alternateName\":\"International Trilingual School of Warsaw\",\"potentialAction\":[{\"@type\":\"SearchAction\",\"target\":{\"@type\":\"EntryPoint\",\"urlTemplate\":\"https:\\\/\\\/itsw.edu.pl\\\/?s={search_term_string}\"},\"query-input\":{\"@type\":\"PropertyValueSpecification\",\"valueRequired\":true,\"valueName\":\"search_term_string\"}}],\"inLanguage\":\"ja\"},{\"@type\":\"Organization\",\"@id\":\"https:\\\/\\\/itsw.edu.pl\\\/#organization\",\"name\":\"International Trilingual School of Warsaw\",\"alternateName\":\"International Trilingual School of Warsaw\",\"url\":\"https:\\\/\\\/itsw.edu.pl\\\/\",\"logo\":{\"@type\":\"ImageObject\",\"inLanguage\":\"ja\",\"@id\":\"https:\\\/\\\/itsw.edu.pl\\\/#\\\/schema\\\/logo\\\/image\\\/\",\"url\":\"https:\\\/\\\/itsw.edu.pl\\\/wp-content\\\/uploads\\\/itsw-logo.png\",\"contentUrl\":\"https:\\\/\\\/itsw.edu.pl\\\/wp-content\\\/uploads\\\/itsw-logo.png\",\"width\":350,\"height\":103,\"caption\":\"International Trilingual School of Warsaw\"},\"image\":{\"@id\":\"https:\\\/\\\/itsw.edu.pl\\\/#\\\/schema\\\/logo\\\/image\\\/\"},\"sameAs\":[\"https:\\\/\\\/www.facebook.com\\\/ITSW.School.Escuela.Ecole.XueXiao.Gakko.Warsaw\"]},{\"@type\":\"Person\",\"@id\":\"https:\\\/\\\/itsw.edu.pl\\\/#\\\/schema\\\/person\\\/4a89b345dd3285b6de291f440f753c8f\",\"name\":\"M.K.\"}]}<\/script>\n<!-- \/ Yoast SEO plugin. -->","yoast_head_json":{"title":"Szko\u0142a ITSW na Saskiej K\u0119pie | Tr\u00f3jj\u0119zyczny Kampus Nobla w Warszawie - ITSW","description":"Poznaj Kampus Nobla \u2013 nowoczesn\u0105 lokalizacj\u0119 ITSW dla klas 4\u20138 na Saskiej K\u0119pie. Bezpieczne, zielone otoczenie, \u0142atwy dojazd i codzienny kontakt z j\u0119zykami.","robots":{"index":"index","follow":"follow","max-snippet":"max-snippet:-1","max-image-preview":"max-image-preview:large","max-video-preview":"max-video-preview:-1"},"canonical":"https:\/\/itsw.edu.pl\/ja\/\u5c0f\u5b66\u6821\/\u5c0f\u5b66\u6821\u9ad8\u5b66\u5e74\/\u30ad\u30e3\u30f3\u30d1\u30b9\/","og_locale":"ja_JP","og_type":"article","og_title":"Tr\u00f3jj\u0119zyczna szko\u0142a mi\u0119dzynarodowa ITSW | klasy 4-8 | Kampus Nobla na Saskiej K\u0119pie","og_description":"Zobacz, jak wygl\u0105da \u017cycie szkolne w Kampusie Nobla ITSW: zielona okolica, nowoczesne sale, wieloj\u0119zyczna biblioteka i przestrze\u0144 do nauki i odpoczynku.","og_url":"https:\/\/itsw.edu.pl\/ja\/\u5c0f\u5b66\u6821\/\u5c0f\u5b66\u6821\u9ad8\u5b66\u5e74\/\u30ad\u30e3\u30f3\u30d1\u30b9\/","og_site_name":"ITSW","article_publisher":"https:\/\/www.facebook.com\/ITSW.School.Escuela.Ecole.XueXiao.Gakko.Warsaw","article_modified_time":"2026-04-02T08:10:52+00:00","twitter_card":"summary_large_image","schema":{"@context":"https:\/\/schema.org","@graph":[{"@type":"Article","@id":"https:\/\/itsw.edu.pl\/ja\/%e5%b0%8f%e5%ad%a6%e6%a0%a1\/%e5%b0%8f%e5%ad%a6%e6%a0%a1%e9%ab%98%e5%ad%a6%e5%b9%b4\/%e3%82%ad%e3%83%a3%e3%83%b3%e3%83%91%e3%82%b9\/#article","isPartOf":{"@id":"https:\/\/itsw.edu.pl\/ja\/%e5%b0%8f%e5%ad%a6%e6%a0%a1\/%e5%b0%8f%e5%ad%a6%e6%a0%a1%e9%ab%98%e5%ad%a6%e5%b9%b4\/%e3%82%ad%e3%83%a3%e3%83%b3%e3%83%91%e3%82%b9\/"},"author":{"name":"M.K.","@id":"https:\/\/itsw.edu.pl\/#\/schema\/person\/4a89b345dd3285b6de291f440f753c8f"},"headline":"Lokalizacja &#8211; upper primary i middle school Kampusy &#8211; ja &#8211; \u30ad\u30e3\u30f3\u30d1\u30b9","datePublished":"2026-01-06T10:06:27+00:00","dateModified":"2026-04-02T08:10:52+00:00","mainEntityOfPage":{"@id":"https:\/\/itsw.edu.pl\/ja\/%e5%b0%8f%e5%ad%a6%e6%a0%a1\/%e5%b0%8f%e5%ad%a6%e6%a0%a1%e9%ab%98%e5%ad%a6%e5%b9%b4\/%e3%82%ad%e3%83%a3%e3%83%b3%e3%83%91%e3%82%b9\/"},"wordCount":11,"publisher":{"@id":"https:\/\/itsw.edu.pl\/#organization"},"inLanguage":"ja"},{"@type":"WebPage","@id":"https:\/\/itsw.edu.pl\/ja\/%e5%b0%8f%e5%ad%a6%e6%a0%a1\/%e5%b0%8f%e5%ad%a6%e6%a0%a1%e9%ab%98%e5%ad%a6%e5%b9%b4\/%e3%82%ad%e3%83%a3%e3%83%b3%e3%83%91%e3%82%b9\/","url":"https:\/\/itsw.edu.pl\/ja\/%e5%b0%8f%e5%ad%a6%e6%a0%a1\/%e5%b0%8f%e5%ad%a6%e6%a0%a1%e9%ab%98%e5%ad%a6%e5%b9%b4\/%e3%82%ad%e3%83%a3%e3%83%b3%e3%83%91%e3%82%b9\/","name":"Szko\u0142a ITSW na Saskiej K\u0119pie | Tr\u00f3jj\u0119zyczny Kampus Nobla w Warszawie - ITSW","isPartOf":{"@id":"https:\/\/itsw.edu.pl\/#website"},"datePublished":"2026-01-06T10:06:27+00:00","dateModified":"2026-04-02T08:10:52+00:00","description":"Poznaj Kampus Nobla \u2013 nowoczesn\u0105 lokalizacj\u0119 ITSW dla klas 4\u20138 na Saskiej K\u0119pie. Bezpieczne, zielone otoczenie, \u0142atwy dojazd i codzienny kontakt z j\u0119zykami.","breadcrumb":{"@id":"https:\/\/itsw.edu.pl\/ja\/%e5%b0%8f%e5%ad%a6%e6%a0%a1\/%e5%b0%8f%e5%ad%a6%e6%a0%a1%e9%ab%98%e5%ad%a6%e5%b9%b4\/%e3%82%ad%e3%83%a3%e3%83%b3%e3%83%91%e3%82%b9\/#breadcrumb"},"inLanguage":"ja","potentialAction":[{"@type":"ReadAction","target":["https:\/\/itsw.edu.pl\/ja\/%e5%b0%8f%e5%ad%a6%e6%a0%a1\/%e5%b0%8f%e5%ad%a6%e6%a0%a1%e9%ab%98%e5%ad%a6%e5%b9%b4\/%e3%82%ad%e3%83%a3%e3%83%b3%e3%83%91%e3%82%b9\/"]}]},{"@type":"BreadcrumbList","@id":"https:\/\/itsw.edu.pl\/ja\/%e5%b0%8f%e5%ad%a6%e6%a0%a1\/%e5%b0%8f%e5%ad%a6%e6%a0%a1%e9%ab%98%e5%ad%a6%e5%b9%b4\/%e3%82%ad%e3%83%a3%e3%83%b3%e3%83%91%e3%82%b9\/#breadcrumb","itemListElement":[{"@type":"ListItem","position":1,"name":"ITSW","item":"https:\/\/itsw.edu.pl\/ja\/"},{"@type":"ListItem","position":2,"name":"Szko\u0142a podstawowa ja \u5c0f\u5b66\u6821","item":"https:\/\/itsw.edu.pl\/ja\/%e5%b0%8f%e5%ad%a6%e6%a0%a1\/"},{"@type":"ListItem","position":3,"name":"Upper Primary- ja \u5c0f\u5b66\u6821\u9ad8\u5b66\u5e74","item":"https:\/\/itsw.edu.pl\/ja\/%e5%b0%8f%e5%ad%a6%e6%a0%a1\/%e5%b0%8f%e5%ad%a6%e6%a0%a1%e9%ab%98%e5%ad%a6%e5%b9%b4\/"},{"@type":"ListItem","position":4,"name":"Lokalizacja &#8211; upper primary i middle school Kampusy &#8211; ja &#8211; \u30ad\u30e3\u30f3\u30d1\u30b9"}]},{"@type":"WebSite","@id":"https:\/\/itsw.edu.pl\/#website","url":"https:\/\/itsw.edu.pl\/","name":"ITSW","description":"","publisher":{"@id":"https:\/\/itsw.edu.pl\/#organization"},"alternateName":"International Trilingual School of Warsaw","potentialAction":[{"@type":"SearchAction","target":{"@type":"EntryPoint","urlTemplate":"https:\/\/itsw.edu.pl\/?s={search_term_string}"},"query-input":{"@type":"PropertyValueSpecification","valueRequired":true,"valueName":"search_term_string"}}],"inLanguage":"ja"},{"@type":"Organization","@id":"https:\/\/itsw.edu.pl\/#organization","name":"International Trilingual School of Warsaw","alternateName":"International Trilingual School of Warsaw","url":"https:\/\/itsw.edu.pl\/","logo":{"@type":"ImageObject","inLanguage":"ja","@id":"https:\/\/itsw.edu.pl\/#\/schema\/logo\/image\/","url":"https:\/\/itsw.edu.pl\/wp-content\/uploads\/itsw-logo.png","contentUrl":"https:\/\/itsw.edu.pl\/wp-content\/uploads\/itsw-logo.png","width":350,"height":103,"caption":"International Trilingual School of Warsaw"},"image":{"@id":"https:\/\/itsw.edu.pl\/#\/schema\/logo\/image\/"},"sameAs":["https:\/\/www.facebook.com\/ITSW.School.Escuela.Ecole.XueXiao.Gakko.Warsaw"]},{"@type":"Person","@id":"https:\/\/itsw.edu.pl\/#\/schema\/person\/4a89b345dd3285b6de291f440f753c8f","name":"M.K."}]}},"_links":{"self":[{"href":"https:\/\/itsw.edu.pl\/ja\/wp-json\/wp\/v2\/pages\/243791","targetHints":{"allow":["GET"]}}],"collection":[{"href":"https:\/\/itsw.edu.pl\/ja\/wp-json\/wp\/v2\/pages"}],"about":[{"href":"https:\/\/itsw.edu.pl\/ja\/wp-json\/wp\/v2\/types\/page"}],"author":[{"embeddable":true,"href":"https:\/\/itsw.edu.pl\/ja\/wp-json\/wp\/v2\/users\/3"}],"replies":[{"embeddable":true,"href":"https:\/\/itsw.edu.pl\/ja\/wp-json\/wp\/v2\/comments?post=243791"}],"version-history":[{"count":13,"href":"https:\/\/itsw.edu.pl\/ja\/wp-json\/wp\/v2\/pages\/243791\/revisions"}],"predecessor-version":[{"id":251882,"href":"https:\/\/itsw.edu.pl\/ja\/wp-json\/wp\/v2\/pages\/243791\/revisions\/251882"}],"up":[{"embeddable":true,"href":"https:\/\/itsw.edu.pl\/ja\/wp-json\/wp\/v2\/pages\/245090"}],"wp:attachment":[{"href":"https:\/\/itsw.edu.pl\/ja\/wp-json\/wp\/v2\/media?parent=243791"}],"curies":[{"name":"wp","href":"https:\/\/api.w.org\/{rel}","templated":true}]}}