{"id":247006,"date":"2024-12-08T21:55:05","date_gmt":"2024-12-08T20:55:05","guid":{"rendered":"https:\/\/itsw.edu.pl\/politique-de-confidentialite\/"},"modified":"2026-01-07T19:41:21","modified_gmt":"2026-01-07T18:41:21","slug":"politique-de-confidentialite","status":"publish","type":"page","link":"https:\/\/itsw.edu.pl\/fr\/politique-de-confidentialite\/","title":{"rendered":"Politique de Confidentialit\u00e9"},"content":{"rendered":"<h1><b>Politique de Confidentialit\u00e9<\/b><\/h1>\n<p><span style=\"font-weight: 400;\">Conform\u00e9ment au R\u00e8glement (UE) 2016\/679 du Parlement europ\u00e9en et du Conseil du 27 avril 2016 relatif \u00e0 la protection des personnes physiques \u00e0 l\u2019\u00e9gard du traitement des donn\u00e9es \u00e0 caract\u00e8re personnel et \u00e0 la libre circulation de ces donn\u00e9es, ainsi qu\u2019aux dispositions compl\u00e9mentaires du droit polonais, nous vous informons des principes de protection des donn\u00e9es personnelles appliqu\u00e9s par International Trilingual School of Warsaw Sp. z o.o. (ci-apr\u00e8s d\u00e9nomm\u00e9e le \u00ab Responsable du traitement \u00bb).<\/span><\/p>\n<h3><b>Responsable du traitement de vos donn\u00e9es personnelles<\/b><\/h3>\n<p><span style=\"font-weight: 400;\">Le responsable du traitement des donn\u00e9es personnelles des utilisateurs du site, au sens de la loi polonaise du 29 ao\u00fbt 1997 relative \u00e0 la protection des donn\u00e9es personnelles (Journal des Lois de 2002, n\u00b0 101, position 926, avec modifications), est International Trilingual School of Warsaw Sp. z o.o., dont le si\u00e8ge est situ\u00e9 \u00e0 Varsovie, ul. Karowa 14\/16, local LU6A, immatricul\u00e9e au Registre National Judiciaire (KRS) aupr\u00e8s du Tribunal r\u00e9gional de Varsovie, XVIe chambre commerciale, sous le num\u00e9ro KRS : 0000126649, NIP : 5272169023.<\/span><\/p>\n<h3><b>Contact avec le Responsable du traitement<\/b><\/h3>\n<p><span style=\"font-weight: 400;\">Pour toute question concernant le traitement de vos donn\u00e9es personnelles ou de votre image, vous pouvez contacter le Responsable par e-mail \u00e0 l\u2019adresse suivante : office@3languages.pl ou par courrier \u00e0 l\u2019adresse suivante : Karowa 14\/15, local LU6A, 00-324 Varsovie.<\/span><\/p>\n<h3><b>Bases juridiques du traitement des donn\u00e9es<\/b><\/h3>\n<p><span style=\"font-weight: 400;\">Le Responsable peut traiter vos donn\u00e9es personnelles dans le cadre de l\u2019ex\u00e9cution d\u2019un contrat, sur la base de votre consentement, en raison d\u2019une obligation l\u00e9gale ou d\u2019un int\u00e9r\u00eat l\u00e9gitime du Responsable \u2013 conform\u00e9ment \u00e0 l\u2019article 6, paragraphe 1, points a \u00e0 f du RGPD \u2013 afin de g\u00e9rer le site internet, en assurer le bon fonctionnement et \u00e0 des fins de recrutement.<\/span><\/p>\n<p><span style=\"font-weight: 400;\">Avec le consentement de l\u2019Utilisateur, ses donn\u00e9es personnelles peuvent \u00e9galement \u00eatre trait\u00e9es par le Responsable \u00e0 des fins de marketing, y compris l\u2019envoi d\u2019informations commerciales par voie \u00e9lectronique \u00e0 l\u2019adresse e-mail fournie par l\u2019Utilisateur.<\/span><\/p>\n<p><span style=\"font-weight: 400;\">Le Responsable se r\u00e9serve le droit de divulguer certaines informations concernant l\u2019Utilisateur aux autorit\u00e9s comp\u00e9tentes ou \u00e0 des tiers pr\u00e9sentant une demande fond\u00e9e sur une base l\u00e9gale ad\u00e9quate et conform\u00e9ment \u00e0 la l\u00e9gislation en vigueur. En dehors de ces cas, les informations concernant l\u2019Utilisateur ne seront pas divulgu\u00e9es \u00e0 des tiers sans son consentement.<\/span><\/p>\n<h3><b>Destinataires des donn\u00e9es<\/b><\/h3>\n<p><span style=\"font-weight: 400;\">Le Responsable peut partager vos donn\u00e9es personnelles avec des prestataires de services agissant en son nom, \u00e0 condition qu\u2019ils respectent la l\u00e9gislation applicable en mati\u00e8re de protection des donn\u00e9es. Il peut \u00e9galement les communiquer \u00e0 des tiers, notamment aux autorit\u00e9s publiques comp\u00e9tentes, si une obligation l\u00e9gale l\u2019exige.<\/span><\/p>\n<h3><b>Vos droits relatifs aux donn\u00e9es personnelles<\/b><\/h3>\n<p><span style=\"font-weight: 400;\">Dans le cadre du traitement de vos donn\u00e9es personnelles, vous disposez des droits suivants :<\/span><\/p>\n<ol>\n<li style=\"font-weight: 400;\" aria-level=\"1\"><span style=\"font-weight: 400;\">Le droit d\u2019acc\u00e8s aux donn\u00e9es personnelles, y compris le droit d\u2019en obtenir une copie,<\/span><\/li>\n<li style=\"font-weight: 400;\" aria-level=\"1\"><span style=\"font-weight: 400;\">Le droit de demander la rectification des donn\u00e9es personnelles,<\/span><\/li>\n<li style=\"font-weight: 400;\" aria-level=\"1\"><span style=\"font-weight: 400;\">Le droit de demander la suppression des donn\u00e9es personnelles,<\/span><\/li>\n<li style=\"font-weight: 400;\" aria-level=\"1\"><span style=\"font-weight: 400;\">Le droit \u00e0 la portabilit\u00e9 des donn\u00e9es,<\/span><\/li>\n<li style=\"font-weight: 400;\" aria-level=\"1\"><span style=\"font-weight: 400;\">Le droit de s\u2019opposer au traitement des donn\u00e9es.<\/span><\/li>\n<\/ol>\n<h3><b>Fourniture des donn\u00e9es personnelles<\/b><\/h3>\n<p><span style=\"font-weight: 400;\">La communication de vos donn\u00e9es personnelles dans le but de coop\u00e9rer ou de conclure un contrat avec le Responsable est une condition n\u00e9cessaire \u00e0 cette coop\u00e9ration ou \u00e0 l\u2019ex\u00e9cution du contrat. Le refus de fournir ces donn\u00e9es peut emp\u00eacher l\u2019accomplissement de l\u2019objectif pour lequel les donn\u00e9es devaient \u00eatre collect\u00e9es.<\/span><\/p>\n<p><span style=\"font-weight: 400;\">Les donn\u00e9es personnelles des personnes physiques trait\u00e9es par International Trilingual School of Warsaw sont obtenues directement aupr\u00e8s du client.<\/span><\/p>\n<h3><b>Dur\u00e9e de conservation des donn\u00e9es<\/b><\/h3>\n<p><span style=\"font-weight: 400;\">International Trilingual School of Warsaw s\u2019efforce de garantir que vos donn\u00e9es personnelles soient trait\u00e9es de mani\u00e8re ad\u00e9quate et conserv\u00e9es uniquement pendant la dur\u00e9e n\u00e9cessaire \u00e0 la r\u00e9alisation des finalit\u00e9s pour lesquelles elles ont \u00e9t\u00e9 collect\u00e9es. En cons\u00e9quence, le Responsable conservera vos donn\u00e9es personnelles pendant une p\u00e9riode n\u2019exc\u00e9dant pas celle strictement n\u00e9cessaire \u00e0 l\u2019accomplissement de ces finalit\u00e9s ou impos\u00e9e par la l\u00e9gislation applicable.<\/span><\/p>\n","protected":false},"excerpt":{"rendered":"<p>Politique de Confidentialit\u00e9 Conform\u00e9ment au R\u00e8glement (UE) 2016\/679 du Parlement europ\u00e9en et du Conseil du 27 avril 2016 relatif \u00e0 la protection des personnes physiques \u00e0 l\u2019\u00e9gard du traitement des donn\u00e9es \u00e0 caract\u00e8re personnel et \u00e0 la libre circulation de ces donn\u00e9es, ainsi qu\u2019aux dispositions compl\u00e9mentaires du droit polonais, nous vous informons des principes de [&hellip;]<\/p>\n","protected":false},"author":1,"featured_media":0,"parent":0,"menu_order":9000,"comment_status":"closed","ping_status":"closed","template":"","meta":{"_acf_changed":false,"inline_featured_image":false,"footnotes":""},"class_list":["post-247006","page","type-page","status-publish","hentry"],"acf":[],"yoast_head":"<!-- This site is optimized with the Yoast SEO plugin v27.5 - https:\/\/yoast.com\/product\/yoast-seo-wordpress\/ -->\n<title>Politique de Confidentialit\u00e9 - ITSW<\/title>\n<meta name=\"robots\" content=\"index, follow, max-snippet:-1, max-image-preview:large, max-video-preview:-1\" \/>\n<link rel=\"canonical\" href=\"https:\/\/itsw.edu.pl\/fr\/politique-de-confidentialite\/\" \/>\n<meta property=\"og:locale\" content=\"fr_FR\" \/>\n<meta property=\"og:type\" content=\"article\" \/>\n<meta property=\"og:title\" content=\"Politique de Confidentialit\u00e9 - ITSW\" \/>\n<meta property=\"og:description\" content=\"Politique de Confidentialit\u00e9 Conform\u00e9ment au R\u00e8glement (UE) 2016\/679 du Parlement europ\u00e9en et du Conseil du 27 avril 2016 relatif \u00e0 la protection des personnes physiques \u00e0 l\u2019\u00e9gard du traitement des donn\u00e9es \u00e0 caract\u00e8re personnel et \u00e0 la libre circulation de ces donn\u00e9es, ainsi qu\u2019aux dispositions compl\u00e9mentaires du droit polonais, nous vous informons des principes de [&hellip;]\" \/>\n<meta property=\"og:url\" content=\"https:\/\/itsw.edu.pl\/fr\/politique-de-confidentialite\/\" \/>\n<meta property=\"og:site_name\" content=\"ITSW\" \/>\n<meta property=\"article:publisher\" content=\"https:\/\/www.facebook.com\/ITSW.School.Escuela.Ecole.XueXiao.Gakko.Warsaw\" \/>\n<meta property=\"article:modified_time\" content=\"2026-01-07T18:41:21+00:00\" \/>\n<meta name=\"twitter:card\" content=\"summary_large_image\" \/>\n<meta name=\"twitter:label1\" content=\"Dur\u00e9e de lecture estim\u00e9e\" \/>\n\t<meta name=\"twitter:data1\" content=\"4 minutes\" \/>\n<script type=\"application\/ld+json\" class=\"yoast-schema-graph\">{\"@context\":\"https:\\\/\\\/schema.org\",\"@graph\":[{\"@type\":\"Article\",\"@id\":\"https:\\\/\\\/itsw.edu.pl\\\/fr\\\/politique-de-confidentialite\\\/#article\",\"isPartOf\":{\"@id\":\"https:\\\/\\\/itsw.edu.pl\\\/fr\\\/politique-de-confidentialite\\\/\"},\"author\":{\"name\":\"P.B.S.\",\"@id\":\"https:\\\/\\\/itsw.edu.pl\\\/#\\\/schema\\\/person\\\/4d9a6af0d622d593413296f5750a0326\"},\"headline\":\"Politique de Confidentialit\u00e9\",\"datePublished\":\"2024-12-08T20:55:05+00:00\",\"dateModified\":\"2026-01-07T18:41:21+00:00\",\"mainEntityOfPage\":{\"@id\":\"https:\\\/\\\/itsw.edu.pl\\\/fr\\\/politique-de-confidentialite\\\/\"},\"wordCount\":708,\"publisher\":{\"@id\":\"https:\\\/\\\/itsw.edu.pl\\\/#organization\"},\"inLanguage\":\"fr-FR\"},{\"@type\":\"WebPage\",\"@id\":\"https:\\\/\\\/itsw.edu.pl\\\/fr\\\/politique-de-confidentialite\\\/\",\"url\":\"https:\\\/\\\/itsw.edu.pl\\\/fr\\\/politique-de-confidentialite\\\/\",\"name\":\"Politique de Confidentialit\u00e9 - ITSW\",\"isPartOf\":{\"@id\":\"https:\\\/\\\/itsw.edu.pl\\\/#website\"},\"datePublished\":\"2024-12-08T20:55:05+00:00\",\"dateModified\":\"2026-01-07T18:41:21+00:00\",\"breadcrumb\":{\"@id\":\"https:\\\/\\\/itsw.edu.pl\\\/fr\\\/politique-de-confidentialite\\\/#breadcrumb\"},\"inLanguage\":\"fr-FR\",\"potentialAction\":[{\"@type\":\"ReadAction\",\"target\":[\"https:\\\/\\\/itsw.edu.pl\\\/fr\\\/politique-de-confidentialite\\\/\"]}]},{\"@type\":\"BreadcrumbList\",\"@id\":\"https:\\\/\\\/itsw.edu.pl\\\/fr\\\/politique-de-confidentialite\\\/#breadcrumb\",\"itemListElement\":[{\"@type\":\"ListItem\",\"position\":1,\"name\":\"ITSW\",\"item\":\"https:\\\/\\\/itsw.edu.pl\\\/fr\\\/\"},{\"@type\":\"ListItem\",\"position\":2,\"name\":\"Politique de Confidentialit\u00e9\"}]},{\"@type\":\"WebSite\",\"@id\":\"https:\\\/\\\/itsw.edu.pl\\\/#website\",\"url\":\"https:\\\/\\\/itsw.edu.pl\\\/\",\"name\":\"ITSW\",\"description\":\"\",\"publisher\":{\"@id\":\"https:\\\/\\\/itsw.edu.pl\\\/#organization\"},\"alternateName\":\"International Trilingual School of Warsaw\",\"potentialAction\":[{\"@type\":\"SearchAction\",\"target\":{\"@type\":\"EntryPoint\",\"urlTemplate\":\"https:\\\/\\\/itsw.edu.pl\\\/?s={search_term_string}\"},\"query-input\":{\"@type\":\"PropertyValueSpecification\",\"valueRequired\":true,\"valueName\":\"search_term_string\"}}],\"inLanguage\":\"fr-FR\"},{\"@type\":\"Organization\",\"@id\":\"https:\\\/\\\/itsw.edu.pl\\\/#organization\",\"name\":\"International Trilingual School of Warsaw\",\"alternateName\":\"International Trilingual School of Warsaw\",\"url\":\"https:\\\/\\\/itsw.edu.pl\\\/\",\"logo\":{\"@type\":\"ImageObject\",\"inLanguage\":\"fr-FR\",\"@id\":\"https:\\\/\\\/itsw.edu.pl\\\/#\\\/schema\\\/logo\\\/image\\\/\",\"url\":\"https:\\\/\\\/itsw.edu.pl\\\/wp-content\\\/uploads\\\/itsw-logo.png\",\"contentUrl\":\"https:\\\/\\\/itsw.edu.pl\\\/wp-content\\\/uploads\\\/itsw-logo.png\",\"width\":350,\"height\":103,\"caption\":\"International Trilingual School of Warsaw\"},\"image\":{\"@id\":\"https:\\\/\\\/itsw.edu.pl\\\/#\\\/schema\\\/logo\\\/image\\\/\"},\"sameAs\":[\"https:\\\/\\\/www.facebook.com\\\/ITSW.School.Escuela.Ecole.XueXiao.Gakko.Warsaw\"]},{\"@type\":\"Person\",\"@id\":\"https:\\\/\\\/itsw.edu.pl\\\/#\\\/schema\\\/person\\\/4d9a6af0d622d593413296f5750a0326\",\"name\":\"P.B.S.\"}]}<\/script>\n<!-- \/ Yoast SEO plugin. -->","yoast_head_json":{"title":"Politique de Confidentialit\u00e9 - ITSW","robots":{"index":"index","follow":"follow","max-snippet":"max-snippet:-1","max-image-preview":"max-image-preview:large","max-video-preview":"max-video-preview:-1"},"canonical":"https:\/\/itsw.edu.pl\/fr\/politique-de-confidentialite\/","og_locale":"fr_FR","og_type":"article","og_title":"Politique de Confidentialit\u00e9 - ITSW","og_description":"Politique de Confidentialit\u00e9 Conform\u00e9ment au R\u00e8glement (UE) 2016\/679 du Parlement europ\u00e9en et du Conseil du 27 avril 2016 relatif \u00e0 la protection des personnes physiques \u00e0 l\u2019\u00e9gard du traitement des donn\u00e9es \u00e0 caract\u00e8re personnel et \u00e0 la libre circulation de ces donn\u00e9es, ainsi qu\u2019aux dispositions compl\u00e9mentaires du droit polonais, nous vous informons des principes de [&hellip;]","og_url":"https:\/\/itsw.edu.pl\/fr\/politique-de-confidentialite\/","og_site_name":"ITSW","article_publisher":"https:\/\/www.facebook.com\/ITSW.School.Escuela.Ecole.XueXiao.Gakko.Warsaw","article_modified_time":"2026-01-07T18:41:21+00:00","twitter_card":"summary_large_image","twitter_misc":{"Dur\u00e9e de lecture estim\u00e9e":"4 minutes"},"schema":{"@context":"https:\/\/schema.org","@graph":[{"@type":"Article","@id":"https:\/\/itsw.edu.pl\/fr\/politique-de-confidentialite\/#article","isPartOf":{"@id":"https:\/\/itsw.edu.pl\/fr\/politique-de-confidentialite\/"},"author":{"name":"P.B.S.","@id":"https:\/\/itsw.edu.pl\/#\/schema\/person\/4d9a6af0d622d593413296f5750a0326"},"headline":"Politique de Confidentialit\u00e9","datePublished":"2024-12-08T20:55:05+00:00","dateModified":"2026-01-07T18:41:21+00:00","mainEntityOfPage":{"@id":"https:\/\/itsw.edu.pl\/fr\/politique-de-confidentialite\/"},"wordCount":708,"publisher":{"@id":"https:\/\/itsw.edu.pl\/#organization"},"inLanguage":"fr-FR"},{"@type":"WebPage","@id":"https:\/\/itsw.edu.pl\/fr\/politique-de-confidentialite\/","url":"https:\/\/itsw.edu.pl\/fr\/politique-de-confidentialite\/","name":"Politique de Confidentialit\u00e9 - ITSW","isPartOf":{"@id":"https:\/\/itsw.edu.pl\/#website"},"datePublished":"2024-12-08T20:55:05+00:00","dateModified":"2026-01-07T18:41:21+00:00","breadcrumb":{"@id":"https:\/\/itsw.edu.pl\/fr\/politique-de-confidentialite\/#breadcrumb"},"inLanguage":"fr-FR","potentialAction":[{"@type":"ReadAction","target":["https:\/\/itsw.edu.pl\/fr\/politique-de-confidentialite\/"]}]},{"@type":"BreadcrumbList","@id":"https:\/\/itsw.edu.pl\/fr\/politique-de-confidentialite\/#breadcrumb","itemListElement":[{"@type":"ListItem","position":1,"name":"ITSW","item":"https:\/\/itsw.edu.pl\/fr\/"},{"@type":"ListItem","position":2,"name":"Politique de Confidentialit\u00e9"}]},{"@type":"WebSite","@id":"https:\/\/itsw.edu.pl\/#website","url":"https:\/\/itsw.edu.pl\/","name":"ITSW","description":"","publisher":{"@id":"https:\/\/itsw.edu.pl\/#organization"},"alternateName":"International Trilingual School of Warsaw","potentialAction":[{"@type":"SearchAction","target":{"@type":"EntryPoint","urlTemplate":"https:\/\/itsw.edu.pl\/?s={search_term_string}"},"query-input":{"@type":"PropertyValueSpecification","valueRequired":true,"valueName":"search_term_string"}}],"inLanguage":"fr-FR"},{"@type":"Organization","@id":"https:\/\/itsw.edu.pl\/#organization","name":"International Trilingual School of Warsaw","alternateName":"International Trilingual School of Warsaw","url":"https:\/\/itsw.edu.pl\/","logo":{"@type":"ImageObject","inLanguage":"fr-FR","@id":"https:\/\/itsw.edu.pl\/#\/schema\/logo\/image\/","url":"https:\/\/itsw.edu.pl\/wp-content\/uploads\/itsw-logo.png","contentUrl":"https:\/\/itsw.edu.pl\/wp-content\/uploads\/itsw-logo.png","width":350,"height":103,"caption":"International Trilingual School of Warsaw"},"image":{"@id":"https:\/\/itsw.edu.pl\/#\/schema\/logo\/image\/"},"sameAs":["https:\/\/www.facebook.com\/ITSW.School.Escuela.Ecole.XueXiao.Gakko.Warsaw"]},{"@type":"Person","@id":"https:\/\/itsw.edu.pl\/#\/schema\/person\/4d9a6af0d622d593413296f5750a0326","name":"P.B.S."}]}},"_links":{"self":[{"href":"https:\/\/itsw.edu.pl\/fr\/wp-json\/wp\/v2\/pages\/247006","targetHints":{"allow":["GET"]}}],"collection":[{"href":"https:\/\/itsw.edu.pl\/fr\/wp-json\/wp\/v2\/pages"}],"about":[{"href":"https:\/\/itsw.edu.pl\/fr\/wp-json\/wp\/v2\/types\/page"}],"author":[{"embeddable":true,"href":"https:\/\/itsw.edu.pl\/fr\/wp-json\/wp\/v2\/users\/1"}],"replies":[{"embeddable":true,"href":"https:\/\/itsw.edu.pl\/fr\/wp-json\/wp\/v2\/comments?post=247006"}],"version-history":[{"count":3,"href":"https:\/\/itsw.edu.pl\/fr\/wp-json\/wp\/v2\/pages\/247006\/revisions"}],"predecessor-version":[{"id":247032,"href":"https:\/\/itsw.edu.pl\/fr\/wp-json\/wp\/v2\/pages\/247006\/revisions\/247032"}],"wp:attachment":[{"href":"https:\/\/itsw.edu.pl\/fr\/wp-json\/wp\/v2\/media?parent=247006"}],"curies":[{"name":"wp","href":"https:\/\/api.w.org\/{rel}","templated":true}]}}