{"id":243789,"date":"2026-01-06T11:06:27","date_gmt":"2026-01-06T10:06:27","guid":{"rendered":"https:\/\/itsw.edu.pl\/?page_id=243789"},"modified":"2026-04-23T20:29:00","modified_gmt":"2026-04-23T18:29:00","slug":"batiments","status":"publish","type":"page","link":"https:\/\/itsw.edu.pl\/fr\/ecole-primaire\/ecole-primaire-cm1-cm2-6e\/batiments\/","title":{"rendered":"B\u00e2timents"},"content":{"rendered":"<div class=\"et_pb_section_0 et_pb_section et_section_regular et_block_section\">\n<div class=\"et_pb_row_0 et_pb_row et_block_row\">\n<div class=\"et_pb_column_0 et_pb_column et_pb_column_4_4 et-last-child et_block_column et_pb_css_mix_blend_mode_passthrough\">\n<div class=\"et_pb_heading_0 et_pb_heading et_pb_module et_block_module\"><div class=\"et_pb_heading_container\"><h1 class=\"et_pb_module_header\">Campus Nobla \u2013 l\u2019\u00e9cole primaire trilingue ITSW de Saska K\u0119pa<\/h1><\/div><\/div>\n<\/div>\n<\/div>\n<\/div>\n\n<div class=\"et_pb_section_1 et_pb_section et_section_regular et_block_section\">\n<div class=\"et_pb_row_1 et_pb_row et_block_row\">\n<div class=\"et_pb_column_1 et_pb_column et_pb_column_4_4 et-last-child et_block_column et_pb_css_mix_blend_mode_passthrough\">\n<div class=\"et_pb_text_0 et_pb_text et_pb_bg_layout_light et_pb_module et_block_module\"><div class=\"et_pb_text_inner\"><h2 style=\"text-align: center;\"><strong>Un lieu o\u00f9 le quotidien scolaire rencontre l\u2019enseignement trilingue<\/strong><\/h2>\n<p>\u00a0<\/p>\n<p>Le campus de Nobla est situ\u00e9 \u00e0 Saska K\u0119pa, l'un des quartiers les plus verdoyants et paisibles de Varsovie, facilement accessible depuis Goc\u0142aw, Groch\u00f3w, le centre-ville, Wola, Ochota, Powi\u015ble, \u017boliborz, Wawer, Bia\u0142o\u0142\u0119ka et Mokot\u00f3w. Le b\u00e2timent scolaire de trois \u00e9tages offre des salles de classe spacieuses et lumineuses, baign\u00e9es de lumi\u00e8re naturelle et dot\u00e9es d'\u00e9quipements modernes adapt\u00e9s aux besoins des \u00e9l\u00e8ves du CM1 \u00e0 la 6\u00e8me et de la 5e \u00e0 la 4e.<\/p>\n<p>Le campus dispose \u00e9galement d'un grand patio, permettant des activit\u00e9s quotidiennes en plein air, des s\u00e9ances de sport et des pauses favorisant la concentration et le bien-\u00eatre des \u00e9l\u00e8ves. L'activit\u00e9 physique et le contact avec la nature sont au c\u0153ur de notre approche p\u00e9dagogique et font partie int\u00e9grante de la journ\u00e9e scolaire.<\/p>\n<p>\u00a0<\/p>\n<\/div><\/div>\n<\/div>\n<\/div>\n<\/div>\n\n<div class=\"et_pb_section_2 et_pb_section et_section_regular et_block_section\">\n<div class=\"et_pb_row_2 et_pb_row et_flex_row\">\n<div class=\"et_pb_column_2 et_pb_column et_block_column et_pb_css_mix_blend_mode_passthrough et_flex_column_24_24 et_flex_column_24_24_tablet et_flex_column_24_24_phone\">\n<div class=\"et_pb_text_1 et_pb_text et_pb_bg_layout_light et_pb_module et_block_module\"><div class=\"et_pb_text_inner\"><h2>Apprentissage, d\u00e9tente et langues dans un cadre naturel : une caf\u00e9t\u00e9ria, un parc \u00e0 proximit\u00e9 et une salle de sport.<\/h2>\n<p>Le campus de Nobla dispose de sa propre caf\u00e9t\u00e9ria o\u00f9 les \u00e9l\u00e8ves peuvent se restaurer et se d\u00e9tendre. La plupart des pauses sont consacr\u00e9es \u00e0 profiter de la cour de r\u00e9cr\u00e9ation et des installations du parc Jordan environnant. Bien que la salle de sport ne soit pas situ\u00e9e sur le campus, elle se trouve \u00e0 seulement 50 m\u00e8tres.<\/p>\n<\/div><\/div>\n<\/div>\n\n<div class=\"et_pb_column_3 et_pb_column et-last-child et_block_column et_pb_css_mix_blend_mode_passthrough et_flex_column_24_24 et_flex_column_24_24_tablet et_flex_column_24_24_phone\">\n<div class=\"et_pb_image_0 et_pb_image et_pb_module et_flex_module\"><span class=\"et_pb_image_wrap\"><img decoding=\"async\" src=\"https:\/\/itsw.edu.pl\/wp-content\/uploads\/sports-at-itsw.jpg\" alt=\"Sports at ITSW\" title=\"sports-at-itsw\" width=\"555\" height=\"450\" srcset=\"https:\/\/itsw.edu.pl\/wp-content\/uploads\/sports-at-itsw.jpg 555w, https:\/\/itsw.edu.pl\/wp-content\/uploads\/sports-at-itsw-480x389.jpg 480w\" sizes=\"(min-width: 0px) and (max-width: 480px) 480px, (min-width: 481px) 555px, 100vw\" class=\"wp-image-250963\" \/><\/span><\/div>\n<\/div>\n<\/div>\n\n<div class=\"et_pb_row_3 et_pb_row et_flex_row\">\n<div class=\"et_pb_column_4 et_pb_column et_block_column et_pb_css_mix_blend_mode_passthrough et_flex_column_24_24 et_flex_column_24_24_tablet et_flex_column_24_24_phone\">\n<div class=\"et_pb_image_1 et_pb_image et_pb_module et_flex_module\"><span class=\"et_pb_image_wrap\"><img decoding=\"async\" src=\"https:\/\/itsw.edu.pl\/wp-content\/uploads\/biblioteka-szkolna-kampus-nobla.jpg\" title=\"biblioteka-szkolna-kampus-nobla\" width=\"555\" height=\"450\" srcset=\"https:\/\/itsw.edu.pl\/wp-content\/uploads\/biblioteka-szkolna-kampus-nobla.jpg 555w, https:\/\/itsw.edu.pl\/wp-content\/uploads\/biblioteka-szkolna-kampus-nobla-480x389.jpg 480w\" sizes=\"(min-width: 0px) and (max-width: 480px) 480px, (min-width: 481px) 555px, 100vw\" class=\"wp-image-246185\" \/><\/span><\/div>\n<\/div>\n\n<div class=\"et_pb_column_5 et_pb_column et-last-child et_block_column et_pb_css_mix_blend_mode_passthrough et_flex_column_24_24 et_flex_column_24_24_tablet et_flex_column_24_24_phone\">\n<div class=\"et_pb_text_2 et_pb_text et_pb_bg_layout_light et_pb_module et_block_module\"><div class=\"et_pb_text_inner\"><h2>Biblioth\u00e8que multilingue : un espace pour explorer le monde.<\/h2>\n<p>L'un des c\u0153urs du campus est sa vaste biblioth\u00e8que, qui propose des ouvrages dans les six langues enseign\u00e9es \u00e0 ITSW. Les \u00e9tudiants peuvent\u00a0:<\/p>\n<ul>\n<li>emprunter des livres en polonais, anglais, fran\u00e7ais, espagnol, chinois et japonais,<\/li>\n<li>profiter de cet espace pour \u00e9tudier au calme, se d\u00e9tendre et se reposer,<\/li>\n<li>d\u00e9velopper leurs centres d'int\u00e9r\u00eat et leur autonomie en lecture.<\/li>\n<\/ul>\n<p>La biblioth\u00e8que est un lieu propice \u00e0 l'\u00e9panouissement intellectuel et personnel\u00a0: un havre de paix pour un moment de s\u00e9r\u00e9nit\u00e9 au c\u0153ur d'une journ\u00e9e riche en \u00e9changes trilingues.<\/p>\n<p>\u00a0<\/p>\n<\/div><\/div>\n\n<div class=\"et_pb_module et_pb_button_module_wrapper et_pb_button_0_wrapper\"><a class=\"et_pb_button_0 et_pb_button et_pb_bg_layout_light et_pb_module et_block_module\" href=\"https:\/\/itsw.edu.pl\/fr\/contactez-nous\/\" target=\"_blank\">Prenez rendez-vous au campus Nobla<\/a><\/div>\n<\/div>\n<\/div>\n\n<div class=\"et_pb_row_4 et_pb_row et_flex_row\">\n<div class=\"et_pb_column_6 et_pb_column et_flex_column et_pb_css_mix_blend_mode_passthrough et_flex_column_24_24 et_flex_column_24_24_tablet et_flex_column_24_24_phone\">\n<div class=\"et_pb_text_3 et_pb_text et_pb_bg_layout_light et_pb_module et_block_module\"><div class=\"et_pb_text_inner\"><h2 style=\"text-align: center;\">Acc\u00e8s facile au campus Nobla \u2013 le c\u0153ur verdoyant de Saska K\u0119pa<\/h2>\n<p>\u00a0<\/p>\n<p>Campus Nobla \u2013 au c\u0153ur du quartier verdoyant de Saska K\u0119pa<\/p>\n<p>Le Campus Nobla est situ\u00e9 au c\u0153ur de Saska K\u0119pa, l'un des quartiers les plus beaux et les plus verdoyants de Varsovie. Ses rues calmes, son quartier s\u00fbr et son atmosph\u00e8re familiale unique font de chaque journ\u00e9e d'\u00e9cole un v\u00e9ritable plaisir.<\/p>\n<p>Gr\u00e2ce \u00e0 son emplacement id\u00e9al, le campus est facilement accessible en voiture comme en transports en commun. La proximit\u00e9 des grands axes de Praga-Po\u0142udnie et la liaison rapide avec le centre-ville de Varsovie facilitent l'acc\u00e8s aux familles de Goc\u0142aw, Groch\u00f3w, Powi\u015ble, Wawer, Mokot\u00f3w, \u015ar\u00f3dmie\u015bcie et d'autres quartiers de la ville.<\/p>\n<\/div><\/div>\n<\/div>\n\n<div class=\"et_pb_column_7 et_pb_column et-last-child et_flex_column et_pb_css_mix_blend_mode_passthrough et_flex_column_24_24 et_flex_column_24_24_tablet et_flex_column_24_24_phone\">\n<div class=\"et_pb_image_2 et_pb_image et_pb_module et_flex_module\"><span class=\"et_pb_image_wrap\"><img decoding=\"async\" src=\"https:\/\/itsw.edu.pl\/wp-content\/uploads\/zielona-okolica-campus-nobla.jpg\" alt=\"Szko\u0142a na zielonej Saski K\u0119py\" title=\"zielona-okolica-campus-nobla\" width=\"555\" height=\"450\" srcset=\"https:\/\/itsw.edu.pl\/wp-content\/uploads\/zielona-okolica-campus-nobla.jpg 555w, https:\/\/itsw.edu.pl\/wp-content\/uploads\/zielona-okolica-campus-nobla-480x389.jpg 480w\" sizes=\"(min-width: 0px) and (max-width: 480px) 480px, (min-width: 481px) 555px, 100vw\" class=\"wp-image-246258\" \/><\/span><\/div>\n<\/div>\n<\/div>\n\n<div class=\"et_pb_row_5 et_pb_row et_flex_row\">\n<div class=\"et_pb_column_8 et_pb_column et-last-child et_flex_column et_pb_css_mix_blend_mode_passthrough et_flex_column_24_24 et_flex_column_24_24_tablet et_flex_column_24_24_phone\">\n<div class=\"et_pb_text_4 et_pb_text et_pb_bg_layout_light et_pb_module et_block_module\"><div class=\"et_pb_text_inner\"><p>Situ\u00e9 dans une rue calme et isol\u00e9e, le campus offre aux enfants un environnement s\u00e9curis\u00e9 et paisible pour apprendre et s'\u00e9panouir, tout en leur permettant de profiter des infrastructures de la ville. C'est un lieu id\u00e9al pour les \u00e9l\u00e8ves qui ont besoin d'un \u00e9quilibre entre apprentissage intensif et espaces de d\u00e9tente et de jeux en plein air.<\/p>\n<p>Gr\u00e2ce \u00e0 sa situation centrale et bien desservie, les \u00e9l\u00e8ves de la 4e \u00e0 la 6e ann\u00e9e peuvent rentrer chez eux en toute s\u00e9curit\u00e9 et de mani\u00e8re autonome \u2013 \u00e0 pied ou en transports en commun \u2013 apprenant ainsi la responsabilit\u00e9 et l'ind\u00e9pendance dans la vie quotidienne.<\/p>\n<\/div><\/div>\n<\/div>\n<\/div>\n\n<div class=\"et_pb_row_6 et_pb_row et_flex_row\">\n<div class=\"et_pb_column_9 et_pb_column et_flex_column et_pb_css_mix_blend_mode_passthrough et_flex_column_12_24 et_flex_column_12_24_tablet et_flex_column_24_24_phone\">\n<div class=\"et_pb_module et_pb_button_module_wrapper et_pb_button_1_wrapper\"><a class=\"et_pb_button_1 et_pb_button et_pb_bg_layout_light et_pb_module et_block_module\" href=\"https:\/\/itsw.edu.pl\/fr\/contactez-nous\/\" target=\"_blank\">Contactez-nous !<\/a><\/div>\n<\/div>\n\n<div class=\"et_pb_column_10 et_pb_column et-last-child et_flex_column et_pb_css_mix_blend_mode_passthrough et_flex_column_12_24 et_flex_column_12_24_tablet et_flex_column_24_24_phone\">\n<div class=\"et_pb_module et_pb_button_module_wrapper et_pb_button_2_wrapper\"><a class=\"et_pb_button_2 et_pb_button et_pb_bg_layout_light et_pb_module et_block_module\" href=\"mailto:admissions@itsw.education\" target=\"_blank\">\u00c9crivez-nous !<\/a><\/div>\n<\/div>\n<\/div>\n<\/div>","protected":false},"excerpt":{"rendered":"","protected":false},"author":3,"featured_media":0,"parent":245088,"menu_order":3,"comment_status":"closed","ping_status":"closed","template":"","meta":{"_acf_changed":false,"inline_featured_image":false,"footnotes":""},"class_list":["post-243789","page","type-page","status-publish","hentry"],"acf":[],"yoast_head":"<!-- This site is optimized with the Yoast SEO plugin v27.5 - https:\/\/yoast.com\/product\/yoast-seo-wordpress\/ -->\n<title>Szko\u0142a ITSW na Saskiej K\u0119pie | Tr\u00f3jj\u0119zyczny Kampus Nobla w Warszawie - ITSW<\/title>\n<meta name=\"description\" content=\"Poznaj Kampus Nobla \u2013 nowoczesn\u0105 lokalizacj\u0119 ITSW dla klas 4\u20138 na Saskiej K\u0119pie. Bezpieczne, zielone otoczenie, \u0142atwy dojazd i codzienny kontakt z j\u0119zykami.\" \/>\n<meta name=\"robots\" content=\"index, follow, max-snippet:-1, max-image-preview:large, max-video-preview:-1\" \/>\n<link rel=\"canonical\" href=\"https:\/\/itsw.edu.pl\/fr\/ecole-primaire\/ecole-primaire-cm1-cm2-6e\/batiments\/\" \/>\n<meta property=\"og:locale\" content=\"fr_FR\" \/>\n<meta property=\"og:type\" content=\"article\" \/>\n<meta property=\"og:title\" content=\"Tr\u00f3jj\u0119zyczna szko\u0142a mi\u0119dzynarodowa ITSW | klasy 4-8 | Kampus Nobla na Saskiej K\u0119pie\" \/>\n<meta property=\"og:description\" content=\"Zobacz, jak wygl\u0105da \u017cycie szkolne w Kampusie Nobla ITSW: zielona okolica, nowoczesne sale, wieloj\u0119zyczna biblioteka i przestrze\u0144 do nauki i odpoczynku.\" \/>\n<meta property=\"og:url\" content=\"https:\/\/itsw.edu.pl\/fr\/ecole-primaire\/ecole-primaire-cm1-cm2-6e\/batiments\/\" \/>\n<meta property=\"og:site_name\" content=\"ITSW\" \/>\n<meta property=\"article:publisher\" content=\"https:\/\/www.facebook.com\/ITSW.School.Escuela.Ecole.XueXiao.Gakko.Warsaw\" \/>\n<meta property=\"article:modified_time\" content=\"2026-04-23T18:29:00+00:00\" \/>\n<meta name=\"twitter:card\" content=\"summary_large_image\" \/>\n<script type=\"application\/ld+json\" class=\"yoast-schema-graph\">{\"@context\":\"https:\\\/\\\/schema.org\",\"@graph\":[{\"@type\":\"Article\",\"@id\":\"https:\\\/\\\/itsw.edu.pl\\\/fr\\\/ecole-primaire\\\/ecole-primaire-cm1-cm2-6e\\\/batiments\\\/#article\",\"isPartOf\":{\"@id\":\"https:\\\/\\\/itsw.edu.pl\\\/fr\\\/ecole-primaire\\\/ecole-primaire-cm1-cm2-6e\\\/batiments\\\/\"},\"author\":{\"name\":\"M.K.\",\"@id\":\"https:\\\/\\\/itsw.edu.pl\\\/#\\\/schema\\\/person\\\/4a89b345dd3285b6de291f440f753c8f\"},\"headline\":\"B\u00e2timents\",\"datePublished\":\"2026-01-06T10:06:27+00:00\",\"dateModified\":\"2026-04-23T18:29:00+00:00\",\"mainEntityOfPage\":{\"@id\":\"https:\\\/\\\/itsw.edu.pl\\\/fr\\\/ecole-primaire\\\/ecole-primaire-cm1-cm2-6e\\\/batiments\\\/\"},\"wordCount\":2,\"publisher\":{\"@id\":\"https:\\\/\\\/itsw.edu.pl\\\/#organization\"},\"inLanguage\":\"fr-FR\"},{\"@type\":\"WebPage\",\"@id\":\"https:\\\/\\\/itsw.edu.pl\\\/fr\\\/ecole-primaire\\\/ecole-primaire-cm1-cm2-6e\\\/batiments\\\/\",\"url\":\"https:\\\/\\\/itsw.edu.pl\\\/fr\\\/ecole-primaire\\\/ecole-primaire-cm1-cm2-6e\\\/batiments\\\/\",\"name\":\"Szko\u0142a ITSW na Saskiej K\u0119pie | Tr\u00f3jj\u0119zyczny Kampus Nobla w Warszawie - ITSW\",\"isPartOf\":{\"@id\":\"https:\\\/\\\/itsw.edu.pl\\\/#website\"},\"datePublished\":\"2026-01-06T10:06:27+00:00\",\"dateModified\":\"2026-04-23T18:29:00+00:00\",\"description\":\"Poznaj Kampus Nobla \u2013 nowoczesn\u0105 lokalizacj\u0119 ITSW dla klas 4\u20138 na Saskiej K\u0119pie. Bezpieczne, zielone otoczenie, \u0142atwy dojazd i codzienny kontakt z j\u0119zykami.\",\"breadcrumb\":{\"@id\":\"https:\\\/\\\/itsw.edu.pl\\\/fr\\\/ecole-primaire\\\/ecole-primaire-cm1-cm2-6e\\\/batiments\\\/#breadcrumb\"},\"inLanguage\":\"fr-FR\",\"potentialAction\":[{\"@type\":\"ReadAction\",\"target\":[\"https:\\\/\\\/itsw.edu.pl\\\/fr\\\/ecole-primaire\\\/ecole-primaire-cm1-cm2-6e\\\/batiments\\\/\"]}]},{\"@type\":\"BreadcrumbList\",\"@id\":\"https:\\\/\\\/itsw.edu.pl\\\/fr\\\/ecole-primaire\\\/ecole-primaire-cm1-cm2-6e\\\/batiments\\\/#breadcrumb\",\"itemListElement\":[{\"@type\":\"ListItem\",\"position\":1,\"name\":\"ITSW\",\"item\":\"https:\\\/\\\/itsw.edu.pl\\\/fr\\\/\"},{\"@type\":\"ListItem\",\"position\":2,\"name\":\"\u00c9cole primaire internationale\",\"item\":\"https:\\\/\\\/itsw.edu.pl\\\/fr\\\/ecole-primaire\\\/\"},{\"@type\":\"ListItem\",\"position\":3,\"name\":\"\u00c9cole primaire CM1, CM2, 6e\",\"item\":\"https:\\\/\\\/itsw.edu.pl\\\/fr\\\/ecole-primaire\\\/ecole-primaire-cm1-cm2-6e\\\/\"},{\"@type\":\"ListItem\",\"position\":4,\"name\":\"B\u00e2timents\"}]},{\"@type\":\"WebSite\",\"@id\":\"https:\\\/\\\/itsw.edu.pl\\\/#website\",\"url\":\"https:\\\/\\\/itsw.edu.pl\\\/\",\"name\":\"ITSW\",\"description\":\"\",\"publisher\":{\"@id\":\"https:\\\/\\\/itsw.edu.pl\\\/#organization\"},\"alternateName\":\"International Trilingual School of Warsaw\",\"potentialAction\":[{\"@type\":\"SearchAction\",\"target\":{\"@type\":\"EntryPoint\",\"urlTemplate\":\"https:\\\/\\\/itsw.edu.pl\\\/?s={search_term_string}\"},\"query-input\":{\"@type\":\"PropertyValueSpecification\",\"valueRequired\":true,\"valueName\":\"search_term_string\"}}],\"inLanguage\":\"fr-FR\"},{\"@type\":\"Organization\",\"@id\":\"https:\\\/\\\/itsw.edu.pl\\\/#organization\",\"name\":\"International Trilingual School of Warsaw\",\"alternateName\":\"International Trilingual School of Warsaw\",\"url\":\"https:\\\/\\\/itsw.edu.pl\\\/\",\"logo\":{\"@type\":\"ImageObject\",\"inLanguage\":\"fr-FR\",\"@id\":\"https:\\\/\\\/itsw.edu.pl\\\/#\\\/schema\\\/logo\\\/image\\\/\",\"url\":\"https:\\\/\\\/itsw.edu.pl\\\/wp-content\\\/uploads\\\/itsw-logo.png\",\"contentUrl\":\"https:\\\/\\\/itsw.edu.pl\\\/wp-content\\\/uploads\\\/itsw-logo.png\",\"width\":350,\"height\":103,\"caption\":\"International Trilingual School of Warsaw\"},\"image\":{\"@id\":\"https:\\\/\\\/itsw.edu.pl\\\/#\\\/schema\\\/logo\\\/image\\\/\"},\"sameAs\":[\"https:\\\/\\\/www.facebook.com\\\/ITSW.School.Escuela.Ecole.XueXiao.Gakko.Warsaw\"]},{\"@type\":\"Person\",\"@id\":\"https:\\\/\\\/itsw.edu.pl\\\/#\\\/schema\\\/person\\\/4a89b345dd3285b6de291f440f753c8f\",\"name\":\"M.K.\"}]}<\/script>\n<!-- \/ Yoast SEO plugin. -->","yoast_head_json":{"title":"Szko\u0142a ITSW na Saskiej K\u0119pie | Tr\u00f3jj\u0119zyczny Kampus Nobla w Warszawie - ITSW","description":"Poznaj Kampus Nobla \u2013 nowoczesn\u0105 lokalizacj\u0119 ITSW dla klas 4\u20138 na Saskiej K\u0119pie. Bezpieczne, zielone otoczenie, \u0142atwy dojazd i codzienny kontakt z j\u0119zykami.","robots":{"index":"index","follow":"follow","max-snippet":"max-snippet:-1","max-image-preview":"max-image-preview:large","max-video-preview":"max-video-preview:-1"},"canonical":"https:\/\/itsw.edu.pl\/fr\/ecole-primaire\/ecole-primaire-cm1-cm2-6e\/batiments\/","og_locale":"fr_FR","og_type":"article","og_title":"Tr\u00f3jj\u0119zyczna szko\u0142a mi\u0119dzynarodowa ITSW | klasy 4-8 | Kampus Nobla na Saskiej K\u0119pie","og_description":"Zobacz, jak wygl\u0105da \u017cycie szkolne w Kampusie Nobla ITSW: zielona okolica, nowoczesne sale, wieloj\u0119zyczna biblioteka i przestrze\u0144 do nauki i odpoczynku.","og_url":"https:\/\/itsw.edu.pl\/fr\/ecole-primaire\/ecole-primaire-cm1-cm2-6e\/batiments\/","og_site_name":"ITSW","article_publisher":"https:\/\/www.facebook.com\/ITSW.School.Escuela.Ecole.XueXiao.Gakko.Warsaw","article_modified_time":"2026-04-23T18:29:00+00:00","twitter_card":"summary_large_image","schema":{"@context":"https:\/\/schema.org","@graph":[{"@type":"Article","@id":"https:\/\/itsw.edu.pl\/fr\/ecole-primaire\/ecole-primaire-cm1-cm2-6e\/batiments\/#article","isPartOf":{"@id":"https:\/\/itsw.edu.pl\/fr\/ecole-primaire\/ecole-primaire-cm1-cm2-6e\/batiments\/"},"author":{"name":"M.K.","@id":"https:\/\/itsw.edu.pl\/#\/schema\/person\/4a89b345dd3285b6de291f440f753c8f"},"headline":"B\u00e2timents","datePublished":"2026-01-06T10:06:27+00:00","dateModified":"2026-04-23T18:29:00+00:00","mainEntityOfPage":{"@id":"https:\/\/itsw.edu.pl\/fr\/ecole-primaire\/ecole-primaire-cm1-cm2-6e\/batiments\/"},"wordCount":2,"publisher":{"@id":"https:\/\/itsw.edu.pl\/#organization"},"inLanguage":"fr-FR"},{"@type":"WebPage","@id":"https:\/\/itsw.edu.pl\/fr\/ecole-primaire\/ecole-primaire-cm1-cm2-6e\/batiments\/","url":"https:\/\/itsw.edu.pl\/fr\/ecole-primaire\/ecole-primaire-cm1-cm2-6e\/batiments\/","name":"Szko\u0142a ITSW na Saskiej K\u0119pie | Tr\u00f3jj\u0119zyczny Kampus Nobla w Warszawie - ITSW","isPartOf":{"@id":"https:\/\/itsw.edu.pl\/#website"},"datePublished":"2026-01-06T10:06:27+00:00","dateModified":"2026-04-23T18:29:00+00:00","description":"Poznaj Kampus Nobla \u2013 nowoczesn\u0105 lokalizacj\u0119 ITSW dla klas 4\u20138 na Saskiej K\u0119pie. Bezpieczne, zielone otoczenie, \u0142atwy dojazd i codzienny kontakt z j\u0119zykami.","breadcrumb":{"@id":"https:\/\/itsw.edu.pl\/fr\/ecole-primaire\/ecole-primaire-cm1-cm2-6e\/batiments\/#breadcrumb"},"inLanguage":"fr-FR","potentialAction":[{"@type":"ReadAction","target":["https:\/\/itsw.edu.pl\/fr\/ecole-primaire\/ecole-primaire-cm1-cm2-6e\/batiments\/"]}]},{"@type":"BreadcrumbList","@id":"https:\/\/itsw.edu.pl\/fr\/ecole-primaire\/ecole-primaire-cm1-cm2-6e\/batiments\/#breadcrumb","itemListElement":[{"@type":"ListItem","position":1,"name":"ITSW","item":"https:\/\/itsw.edu.pl\/fr\/"},{"@type":"ListItem","position":2,"name":"\u00c9cole primaire internationale","item":"https:\/\/itsw.edu.pl\/fr\/ecole-primaire\/"},{"@type":"ListItem","position":3,"name":"\u00c9cole primaire CM1, CM2, 6e","item":"https:\/\/itsw.edu.pl\/fr\/ecole-primaire\/ecole-primaire-cm1-cm2-6e\/"},{"@type":"ListItem","position":4,"name":"B\u00e2timents"}]},{"@type":"WebSite","@id":"https:\/\/itsw.edu.pl\/#website","url":"https:\/\/itsw.edu.pl\/","name":"ITSW","description":"","publisher":{"@id":"https:\/\/itsw.edu.pl\/#organization"},"alternateName":"International Trilingual School of Warsaw","potentialAction":[{"@type":"SearchAction","target":{"@type":"EntryPoint","urlTemplate":"https:\/\/itsw.edu.pl\/?s={search_term_string}"},"query-input":{"@type":"PropertyValueSpecification","valueRequired":true,"valueName":"search_term_string"}}],"inLanguage":"fr-FR"},{"@type":"Organization","@id":"https:\/\/itsw.edu.pl\/#organization","name":"International Trilingual School of Warsaw","alternateName":"International Trilingual School of Warsaw","url":"https:\/\/itsw.edu.pl\/","logo":{"@type":"ImageObject","inLanguage":"fr-FR","@id":"https:\/\/itsw.edu.pl\/#\/schema\/logo\/image\/","url":"https:\/\/itsw.edu.pl\/wp-content\/uploads\/itsw-logo.png","contentUrl":"https:\/\/itsw.edu.pl\/wp-content\/uploads\/itsw-logo.png","width":350,"height":103,"caption":"International Trilingual School of Warsaw"},"image":{"@id":"https:\/\/itsw.edu.pl\/#\/schema\/logo\/image\/"},"sameAs":["https:\/\/www.facebook.com\/ITSW.School.Escuela.Ecole.XueXiao.Gakko.Warsaw"]},{"@type":"Person","@id":"https:\/\/itsw.edu.pl\/#\/schema\/person\/4a89b345dd3285b6de291f440f753c8f","name":"M.K."}]}},"_links":{"self":[{"href":"https:\/\/itsw.edu.pl\/fr\/wp-json\/wp\/v2\/pages\/243789","targetHints":{"allow":["GET"]}}],"collection":[{"href":"https:\/\/itsw.edu.pl\/fr\/wp-json\/wp\/v2\/pages"}],"about":[{"href":"https:\/\/itsw.edu.pl\/fr\/wp-json\/wp\/v2\/types\/page"}],"author":[{"embeddable":true,"href":"https:\/\/itsw.edu.pl\/fr\/wp-json\/wp\/v2\/users\/3"}],"replies":[{"embeddable":true,"href":"https:\/\/itsw.edu.pl\/fr\/wp-json\/wp\/v2\/comments?post=243789"}],"version-history":[{"count":8,"href":"https:\/\/itsw.edu.pl\/fr\/wp-json\/wp\/v2\/pages\/243789\/revisions"}],"predecessor-version":[{"id":252460,"href":"https:\/\/itsw.edu.pl\/fr\/wp-json\/wp\/v2\/pages\/243789\/revisions\/252460"}],"up":[{"embeddable":true,"href":"https:\/\/itsw.edu.pl\/fr\/wp-json\/wp\/v2\/pages\/245088"}],"wp:attachment":[{"href":"https:\/\/itsw.edu.pl\/fr\/wp-json\/wp\/v2\/media?parent=243789"}],"curies":[{"name":"wp","href":"https:\/\/api.w.org\/{rel}","templated":true}]}}