{"id":244013,"date":"2026-01-06T13:38:44","date_gmt":"2026-01-06T12:38:44","guid":{"rendered":"https:\/\/itsw.edu.pl\/?page_id=244013"},"modified":"2026-03-10T19:31:42","modified_gmt":"2026-03-10T18:31:42","slug":"sobre-itsw","status":"publish","type":"page","link":"https:\/\/itsw.edu.pl\/es\/conocenos\/sobre-itsw\/","title":{"rendered":"Sobre ITSW"},"content":{"rendered":"<div class=\"et_pb_section_0 et_pb_section et_section_regular et_block_section\">\n<div class=\"et_pb_row_0 et_pb_row et_block_row\">\n<div class=\"et_pb_column_0 et_pb_column et_pb_column_4_4 et-last-child et_block_column et_pb_css_mix_blend_mode_passthrough\">\n<div class=\"et_pb_heading_0 et_pb_heading et_pb_module et_block_module\"><div class=\"et_pb_heading_container\"><h1 class=\"et_pb_module_header\">ITSW \u2013 \u00a1el lugar donde nacen las superpotencias ling\u00fc\u00edsticas!<\/h1><\/div><\/div>\n<\/div>\n<\/div>\n<\/div>\n\n<div class=\"et_pb_section_1 et_pb_section et_section_regular et_block_section\">\n<div class=\"et_pb_row_1 et_pb_row et_flex_row\">\n<div class=\"et_pb_column_1 et_pb_column et-last-child et_block_column et_pb_css_mix_blend_mode_passthrough et_flex_column_24_24 et_flex_column_24_24_tablet et_flex_column_24_24_phone\">\n<div class=\"et_pb_text_0 et_pb_text et_pb_bg_layout_light et_pb_module et_block_module\"><div class=\"et_pb_text_inner\"><p><strong> La Escuela Internacional Triling\u00fce de Varsovia (ITSW) es una escuela internacional triling\u00fce en Varsovia que educa a los ni\u00f1os con un esp\u00edritu de multiling\u00fcismo y apertura cultural desde 2001. Se fund\u00f3 con la pasi\u00f3n por la educaci\u00f3n y la necesidad de crear un lugar donde los ni\u00f1os puedan aprender en tres idiomas desde muy peque\u00f1os.<\/strong><\/p>\n<p>Con un grupo reducido de alumnos, desde el principio hemos combinado los m\u00e1s altos est\u00e1ndares educativos con la idea de formar ciudadanos globales. En un mundo en constante cambio, hablar tres idiomas y comprender diferentes culturas ofrece a los ni\u00f1os una verdadera ventaja en sus estudios, su vida personal y su futuro profesional.<\/p>\n<p>Gracias a los profesores, los ni\u00f1os de ITSW se sienten seguros, confiados y con ganas de explorar el mundo en tres idiomas cada d\u00eda, adquiriendo conocimientos y habilidades que los preparan para un futuro global.<\/p>\n<\/div><\/div>\n<\/div>\n<\/div>\n\n<div class=\"et_pb_row_2 et_pb_row et_block_row\">\n<div class=\"et_pb_column_2 et_pb_column et_pb_column_1_2 et_block_column et_pb_css_mix_blend_mode_passthrough\">\n<div class=\"et_pb_image_0 et_pb_image et_pb_module et_block_module\"><span class=\"et_pb_image_wrap\"><img decoding=\"async\" src=\"https:\/\/itsw.edu.pl\/wp-content\/uploads\/itsw-zdjecia-do-strony-horizontal-zlobek.jpg\" title=\"itsw-zdjecia-do-strony-horizontal-zlobek\" width=\"555\" height=\"450\" srcset=\"https:\/\/itsw.edu.pl\/wp-content\/uploads\/itsw-zdjecia-do-strony-horizontal-zlobek.jpg 555w, https:\/\/itsw.edu.pl\/wp-content\/uploads\/itsw-zdjecia-do-strony-horizontal-zlobek-480x389.jpg 480w\" sizes=\"(min-width: 0px) and (max-width: 480px) 480px, (min-width: 481px) 555px, 100vw\" class=\"wp-image-245308\" alt=\"Children learning by play ITSW\" \/><\/span><\/div>\n<\/div>\n\n<div class=\"et_pb_column_3 et_pb_column et_pb_column_1_2 et-last-child et_block_column et_pb_css_mix_blend_mode_passthrough\">\n<div class=\"et_pb_text_1 et_pb_text et_pb_bg_layout_light et_pb_module et_block_module\"><div class=\"et_pb_text_inner\"><h2>Educaci\u00f3n triling\u00fce desde infantil hasta secundaria<\/h2>\n<p>Hoy en d\u00eda, ITSW es <strong>\u200b\u200buna comunidad educativa din\u00e1mica<\/strong> e internacional que abarca guarder\u00edas, preescolares, escuela primaria y secundaria<\/p>\n<p><strong>Nuestros programas educativos se adaptan a la edad y etapa de desarrollo del ni\u00f1o, garantizando la continuidad del aprendizaje y una transici\u00f3n fluida entre niveles.<\/strong> Los alumnos desarrollan no solo habilidades ling\u00fc\u00edsticas, sino tambi\u00e9n sociales, emocionales y cognitivas en un entorno c\u00e1lido y acogedor.<\/p>\n<p>\u00a0<\/p>\n<\/div><\/div>\n<\/div>\n<\/div>\n\n<div class=\"et_pb_row_3 et_pb_row et_block_row\">\n<div class=\"et_pb_column_4 et_pb_column et_pb_column_1_2 et_block_column et_pb_css_mix_blend_mode_passthrough\">\n<div class=\"et_pb_text_2 et_pb_text et_pb_bg_layout_light et_pb_module et_block_module\"><div class=\"et_pb_text_inner\"><h2>Profesores de ITSW: el coraz\u00f3n de nuestra educaci\u00f3n triling\u00fce<\/h2>\n<p>Son nuestros profesores quienes hacen que la educaci\u00f3n en ITSW sea tan excepcional. Su trabajo diario no solo consiste en ense\u00f1ar, sino tambi\u00e9n en inspirar a los ni\u00f1os a descubrir el mundo en tres idiomas.<\/p>\n<p><strong>\u00bfQu\u00e9 distingue a nuestro personal?<\/strong><\/p>\n<ul>\n<li>Formaci\u00f3n internacional: profesores de 5 continentes y m\u00e1s de 20 pa\u00edses<\/li>\n<li>Hablantes nativos y educadores: plenamente cualificados y con amplia experiencia en el trabajo con ni\u00f1os<\/li>\n<li>Conocimiento de los hitos del desarrollo: desde el cuidado de ni\u00f1os peque\u00f1os hasta la direcci\u00f3n de clases de 1.\u00ba a 8.\u00ba grado<\/li>\n<li>Empat\u00eda, paciencia y compromiso: valores tan importantes como los diplomas<\/li>\n<li>M\u00e9todos de ense\u00f1anza modernos: aprendizaje a trav\u00e9s del juego, proyectos e interacci\u00f3n diaria en varios idiomas<\/li>\n<li>Gracias a ellos, los ni\u00f1os de ITSW se sienten seguros, motivados y seguros, y el aprendizaje se convierte en una aventura fascinante para ellos.<\/li>\n<\/ul>\n<\/div><\/div>\n<\/div>\n\n<div class=\"et_pb_column_5 et_pb_column et_pb_column_1_2 et-last-child et_block_column et_pb_css_mix_blend_mode_passthrough\">\n<div class=\"et_pb_image_1 et_pb_image et_pb_module et_block_module\"><span class=\"et_pb_image_wrap\"><img decoding=\"async\" src=\"https:\/\/itsw.edu.pl\/wp-content\/uploads\/itsw-teachers-form-20-countries-1.jpg\" alt=\"Nauczyciele native speakers z 20 roznych krajow\" title=\"itsw-teachers-form-20-countries\" width=\"1080\" height=\"1920\" srcset=\"https:\/\/itsw.edu.pl\/wp-content\/uploads\/itsw-teachers-form-20-countries-1.jpg 1080w, https:\/\/itsw.edu.pl\/wp-content\/uploads\/itsw-teachers-form-20-countries-1-980x1742.jpg 980w, https:\/\/itsw.edu.pl\/wp-content\/uploads\/itsw-teachers-form-20-countries-1-480x853.jpg 480w\" sizes=\"(min-width: 0px) and (max-width: 480px) 480px, (min-width: 481px) and (max-width: 980px) 980px, (min-width: 981px) 1080px, 100vw\" class=\"wp-image-245266\" \/><\/span><\/div>\n<\/div>\n<\/div>\n<\/div>\n\n<div class=\"et_pb_section_2 et_pb_section et_section_regular et_block_section\">\n<div class=\"et_pb_row_4 et_pb_row et_block_row\">\n<div class=\"et_pb_column_6 et_pb_column et_pb_column_4_4 et-last-child et_block_column et_pb_css_mix_blend_mode_passthrough\">\n<div class=\"et_pb_text_3 et_pb_text et_pb_bg_layout_light et_pb_module et_block_module\"><div class=\"et_pb_text_inner\"><p style=\"text-align: center;\">En ITSW, los ni\u00f1os aprenden en tres idiomas desde peque\u00f1os, se desarrollan en un entorno internacional y se benefician de m\u00e9todos de ense\u00f1anza modernos. Esta educaci\u00f3n los prepara para la vida en un mundo globalizado.<\/p>\n<p style=\"text-align: center;\">Con\u00f3zcanos mejor: vea c\u00f3mo es la educaci\u00f3n triling\u00fce en la pr\u00e1ctica.<\/p>\n<\/div><\/div>\n<\/div>\n<\/div>\n\n<div class=\"et_pb_row_5 et_pb_row et_flex_row\">\n<div class=\"et_pb_column_7 et_pb_column et_flex_column et_pb_css_mix_blend_mode_passthrough et_flex_column_12_24 et_flex_column_12_24_tablet et_flex_column_24_24_phone\">\n<div class=\"et_pb_module et_pb_button_module_wrapper et_pb_button_0_wrapper\"><a class=\"et_pb_button_0 et_pb_button et_pb_bg_layout_light et_pb_module et_block_module\" href=\"https:\/\/itsw.edu.pl\/en\/trilingualism\/educational-pathway\/\">Conoce la trayectoria educativa de ITSW<\/a><\/div>\n<\/div>\n\n<div class=\"et_pb_column_8 et_pb_column et-last-child et_flex_column et_pb_css_mix_blend_mode_passthrough et_flex_column_12_24 et_flex_column_12_24_tablet et_flex_column_24_24_phone\">\n<div class=\"et_pb_module et_pb_button_module_wrapper et_pb_button_1_wrapper\"><a class=\"et_pb_button_1 et_pb_button et_pb_bg_layout_light et_pb_module et_block_module\" href=\"https:\/\/itsw.edu.pl\/es\/contacto\/\">Agenda una entrevista<\/a><\/div>\n<\/div>\n<\/div>\n<\/div>","protected":false},"excerpt":{"rendered":"","protected":false},"author":3,"featured_media":0,"parent":243943,"menu_order":1,"comment_status":"closed","ping_status":"closed","template":"","meta":{"_acf_changed":false,"inline_featured_image":false,"footnotes":""},"class_list":["post-244013","page","type-page","status-publish","hentry"],"acf":[],"yoast_head":"<!-- This site is optimized with the Yoast SEO plugin v27.5 - https:\/\/yoast.com\/product\/yoast-seo-wordpress\/ -->\n<title>Dlaczego ITSW? | Tr\u00f3jj\u0119zyczna edukacja i mi\u0119dzynarodowe \u015brodowisko w Warszawie - ITSW<\/title>\n<meta name=\"description\" content=\"Odkryj, dlaczego ITSW to co\u015b wi\u0119cej ni\u017c szko\u0142a. Tr\u00f3jj\u0119zyczna edukacja od \u017c\u0142obka do szko\u0142y podstawowej. Native speakerzy, globalne podej\u015bcie i rozw\u00f3j w 3 j\u0119zykach.\" \/>\n<meta name=\"robots\" content=\"index, follow, max-snippet:-1, max-image-preview:large, max-video-preview:-1\" \/>\n<link rel=\"canonical\" href=\"https:\/\/itsw.edu.pl\/es\/conocenos\/sobre-itsw\/\" \/>\n<meta property=\"og:locale\" content=\"es_ES\" \/>\n<meta property=\"og:type\" content=\"article\" \/>\n<meta property=\"og:title\" content=\"Dlaczego warto wybra\u0107 ITSW? Mi\u0119dzynarodowa, tr\u00f3jj\u0119zyczna edukacja w Warszawie\" \/>\n<meta property=\"og:description\" content=\"ITSW to miejsce, gdzie dzieci ucz\u0105 si\u0119 w trzech j\u0119zykach od najm\u0142odszych lat. Mi\u0119dzynarodowa kadra, nowoczesne metody i bezpieczne \u015brodowisko pe\u0142ne inspiracji.\" \/>\n<meta property=\"og:url\" content=\"https:\/\/itsw.edu.pl\/es\/conocenos\/sobre-itsw\/\" \/>\n<meta property=\"og:site_name\" content=\"ITSW\" \/>\n<meta property=\"article:publisher\" content=\"https:\/\/www.facebook.com\/ITSW.School.Escuela.Ecole.XueXiao.Gakko.Warsaw\" \/>\n<meta property=\"article:modified_time\" content=\"2026-03-10T18:31:42+00:00\" \/>\n<meta name=\"twitter:card\" content=\"summary_large_image\" \/>\n<script type=\"application\/ld+json\" class=\"yoast-schema-graph\">{\"@context\":\"https:\\\/\\\/schema.org\",\"@graph\":[{\"@type\":\"Article\",\"@id\":\"https:\\\/\\\/itsw.edu.pl\\\/es\\\/conocenos\\\/sobre-itsw\\\/#article\",\"isPartOf\":{\"@id\":\"https:\\\/\\\/itsw.edu.pl\\\/es\\\/conocenos\\\/sobre-itsw\\\/\"},\"author\":{\"name\":\"M.K.\",\"@id\":\"https:\\\/\\\/itsw.edu.pl\\\/#\\\/schema\\\/person\\\/4a89b345dd3285b6de291f440f753c8f\"},\"headline\":\"Sobre ITSW\",\"datePublished\":\"2026-01-06T12:38:44+00:00\",\"dateModified\":\"2026-03-10T18:31:42+00:00\",\"mainEntityOfPage\":{\"@id\":\"https:\\\/\\\/itsw.edu.pl\\\/es\\\/conocenos\\\/sobre-itsw\\\/\"},\"wordCount\":2,\"publisher\":{\"@id\":\"https:\\\/\\\/itsw.edu.pl\\\/#organization\"},\"inLanguage\":\"es\"},{\"@type\":\"WebPage\",\"@id\":\"https:\\\/\\\/itsw.edu.pl\\\/es\\\/conocenos\\\/sobre-itsw\\\/\",\"url\":\"https:\\\/\\\/itsw.edu.pl\\\/es\\\/conocenos\\\/sobre-itsw\\\/\",\"name\":\"Dlaczego ITSW? | Tr\u00f3jj\u0119zyczna edukacja i mi\u0119dzynarodowe \u015brodowisko w Warszawie - ITSW\",\"isPartOf\":{\"@id\":\"https:\\\/\\\/itsw.edu.pl\\\/#website\"},\"datePublished\":\"2026-01-06T12:38:44+00:00\",\"dateModified\":\"2026-03-10T18:31:42+00:00\",\"description\":\"Odkryj, dlaczego ITSW to co\u015b wi\u0119cej ni\u017c szko\u0142a. Tr\u00f3jj\u0119zyczna edukacja od \u017c\u0142obka do szko\u0142y podstawowej. Native speakerzy, globalne podej\u015bcie i rozw\u00f3j w 3 j\u0119zykach.\",\"breadcrumb\":{\"@id\":\"https:\\\/\\\/itsw.edu.pl\\\/es\\\/conocenos\\\/sobre-itsw\\\/#breadcrumb\"},\"inLanguage\":\"es\",\"potentialAction\":[{\"@type\":\"ReadAction\",\"target\":[\"https:\\\/\\\/itsw.edu.pl\\\/es\\\/conocenos\\\/sobre-itsw\\\/\"]}]},{\"@type\":\"BreadcrumbList\",\"@id\":\"https:\\\/\\\/itsw.edu.pl\\\/es\\\/conocenos\\\/sobre-itsw\\\/#breadcrumb\",\"itemListElement\":[{\"@type\":\"ListItem\",\"position\":1,\"name\":\"ITSW\",\"item\":\"https:\\\/\\\/itsw.edu.pl\\\/es\\\/\"},{\"@type\":\"ListItem\",\"position\":2,\"name\":\"Con\u00f3cenos\",\"item\":\"https:\\\/\\\/itsw.edu.pl\\\/es\\\/conocenos\\\/\"},{\"@type\":\"ListItem\",\"position\":3,\"name\":\"Sobre ITSW\"}]},{\"@type\":\"WebSite\",\"@id\":\"https:\\\/\\\/itsw.edu.pl\\\/#website\",\"url\":\"https:\\\/\\\/itsw.edu.pl\\\/\",\"name\":\"ITSW\",\"description\":\"\",\"publisher\":{\"@id\":\"https:\\\/\\\/itsw.edu.pl\\\/#organization\"},\"alternateName\":\"International Trilingual School of Warsaw\",\"potentialAction\":[{\"@type\":\"SearchAction\",\"target\":{\"@type\":\"EntryPoint\",\"urlTemplate\":\"https:\\\/\\\/itsw.edu.pl\\\/?s={search_term_string}\"},\"query-input\":{\"@type\":\"PropertyValueSpecification\",\"valueRequired\":true,\"valueName\":\"search_term_string\"}}],\"inLanguage\":\"es\"},{\"@type\":\"Organization\",\"@id\":\"https:\\\/\\\/itsw.edu.pl\\\/#organization\",\"name\":\"International Trilingual School of Warsaw\",\"alternateName\":\"International Trilingual School of Warsaw\",\"url\":\"https:\\\/\\\/itsw.edu.pl\\\/\",\"logo\":{\"@type\":\"ImageObject\",\"inLanguage\":\"es\",\"@id\":\"https:\\\/\\\/itsw.edu.pl\\\/#\\\/schema\\\/logo\\\/image\\\/\",\"url\":\"https:\\\/\\\/itsw.edu.pl\\\/wp-content\\\/uploads\\\/itsw-logo.png\",\"contentUrl\":\"https:\\\/\\\/itsw.edu.pl\\\/wp-content\\\/uploads\\\/itsw-logo.png\",\"width\":350,\"height\":103,\"caption\":\"International Trilingual School of Warsaw\"},\"image\":{\"@id\":\"https:\\\/\\\/itsw.edu.pl\\\/#\\\/schema\\\/logo\\\/image\\\/\"},\"sameAs\":[\"https:\\\/\\\/www.facebook.com\\\/ITSW.School.Escuela.Ecole.XueXiao.Gakko.Warsaw\"]},{\"@type\":\"Person\",\"@id\":\"https:\\\/\\\/itsw.edu.pl\\\/#\\\/schema\\\/person\\\/4a89b345dd3285b6de291f440f753c8f\",\"name\":\"M.K.\"}]}<\/script>\n<!-- \/ Yoast SEO plugin. -->","yoast_head_json":{"title":"Dlaczego ITSW? | Tr\u00f3jj\u0119zyczna edukacja i mi\u0119dzynarodowe \u015brodowisko w Warszawie - ITSW","description":"Odkryj, dlaczego ITSW to co\u015b wi\u0119cej ni\u017c szko\u0142a. Tr\u00f3jj\u0119zyczna edukacja od \u017c\u0142obka do szko\u0142y podstawowej. Native speakerzy, globalne podej\u015bcie i rozw\u00f3j w 3 j\u0119zykach.","robots":{"index":"index","follow":"follow","max-snippet":"max-snippet:-1","max-image-preview":"max-image-preview:large","max-video-preview":"max-video-preview:-1"},"canonical":"https:\/\/itsw.edu.pl\/es\/conocenos\/sobre-itsw\/","og_locale":"es_ES","og_type":"article","og_title":"Dlaczego warto wybra\u0107 ITSW? Mi\u0119dzynarodowa, tr\u00f3jj\u0119zyczna edukacja w Warszawie","og_description":"ITSW to miejsce, gdzie dzieci ucz\u0105 si\u0119 w trzech j\u0119zykach od najm\u0142odszych lat. Mi\u0119dzynarodowa kadra, nowoczesne metody i bezpieczne \u015brodowisko pe\u0142ne inspiracji.","og_url":"https:\/\/itsw.edu.pl\/es\/conocenos\/sobre-itsw\/","og_site_name":"ITSW","article_publisher":"https:\/\/www.facebook.com\/ITSW.School.Escuela.Ecole.XueXiao.Gakko.Warsaw","article_modified_time":"2026-03-10T18:31:42+00:00","twitter_card":"summary_large_image","schema":{"@context":"https:\/\/schema.org","@graph":[{"@type":"Article","@id":"https:\/\/itsw.edu.pl\/es\/conocenos\/sobre-itsw\/#article","isPartOf":{"@id":"https:\/\/itsw.edu.pl\/es\/conocenos\/sobre-itsw\/"},"author":{"name":"M.K.","@id":"https:\/\/itsw.edu.pl\/#\/schema\/person\/4a89b345dd3285b6de291f440f753c8f"},"headline":"Sobre ITSW","datePublished":"2026-01-06T12:38:44+00:00","dateModified":"2026-03-10T18:31:42+00:00","mainEntityOfPage":{"@id":"https:\/\/itsw.edu.pl\/es\/conocenos\/sobre-itsw\/"},"wordCount":2,"publisher":{"@id":"https:\/\/itsw.edu.pl\/#organization"},"inLanguage":"es"},{"@type":"WebPage","@id":"https:\/\/itsw.edu.pl\/es\/conocenos\/sobre-itsw\/","url":"https:\/\/itsw.edu.pl\/es\/conocenos\/sobre-itsw\/","name":"Dlaczego ITSW? | Tr\u00f3jj\u0119zyczna edukacja i mi\u0119dzynarodowe \u015brodowisko w Warszawie - ITSW","isPartOf":{"@id":"https:\/\/itsw.edu.pl\/#website"},"datePublished":"2026-01-06T12:38:44+00:00","dateModified":"2026-03-10T18:31:42+00:00","description":"Odkryj, dlaczego ITSW to co\u015b wi\u0119cej ni\u017c szko\u0142a. Tr\u00f3jj\u0119zyczna edukacja od \u017c\u0142obka do szko\u0142y podstawowej. Native speakerzy, globalne podej\u015bcie i rozw\u00f3j w 3 j\u0119zykach.","breadcrumb":{"@id":"https:\/\/itsw.edu.pl\/es\/conocenos\/sobre-itsw\/#breadcrumb"},"inLanguage":"es","potentialAction":[{"@type":"ReadAction","target":["https:\/\/itsw.edu.pl\/es\/conocenos\/sobre-itsw\/"]}]},{"@type":"BreadcrumbList","@id":"https:\/\/itsw.edu.pl\/es\/conocenos\/sobre-itsw\/#breadcrumb","itemListElement":[{"@type":"ListItem","position":1,"name":"ITSW","item":"https:\/\/itsw.edu.pl\/es\/"},{"@type":"ListItem","position":2,"name":"Con\u00f3cenos","item":"https:\/\/itsw.edu.pl\/es\/conocenos\/"},{"@type":"ListItem","position":3,"name":"Sobre ITSW"}]},{"@type":"WebSite","@id":"https:\/\/itsw.edu.pl\/#website","url":"https:\/\/itsw.edu.pl\/","name":"ITSW","description":"","publisher":{"@id":"https:\/\/itsw.edu.pl\/#organization"},"alternateName":"International Trilingual School of Warsaw","potentialAction":[{"@type":"SearchAction","target":{"@type":"EntryPoint","urlTemplate":"https:\/\/itsw.edu.pl\/?s={search_term_string}"},"query-input":{"@type":"PropertyValueSpecification","valueRequired":true,"valueName":"search_term_string"}}],"inLanguage":"es"},{"@type":"Organization","@id":"https:\/\/itsw.edu.pl\/#organization","name":"International Trilingual School of Warsaw","alternateName":"International Trilingual School of Warsaw","url":"https:\/\/itsw.edu.pl\/","logo":{"@type":"ImageObject","inLanguage":"es","@id":"https:\/\/itsw.edu.pl\/#\/schema\/logo\/image\/","url":"https:\/\/itsw.edu.pl\/wp-content\/uploads\/itsw-logo.png","contentUrl":"https:\/\/itsw.edu.pl\/wp-content\/uploads\/itsw-logo.png","width":350,"height":103,"caption":"International Trilingual School of Warsaw"},"image":{"@id":"https:\/\/itsw.edu.pl\/#\/schema\/logo\/image\/"},"sameAs":["https:\/\/www.facebook.com\/ITSW.School.Escuela.Ecole.XueXiao.Gakko.Warsaw"]},{"@type":"Person","@id":"https:\/\/itsw.edu.pl\/#\/schema\/person\/4a89b345dd3285b6de291f440f753c8f","name":"M.K."}]}},"_links":{"self":[{"href":"https:\/\/itsw.edu.pl\/es\/wp-json\/wp\/v2\/pages\/244013","targetHints":{"allow":["GET"]}}],"collection":[{"href":"https:\/\/itsw.edu.pl\/es\/wp-json\/wp\/v2\/pages"}],"about":[{"href":"https:\/\/itsw.edu.pl\/es\/wp-json\/wp\/v2\/types\/page"}],"author":[{"embeddable":true,"href":"https:\/\/itsw.edu.pl\/es\/wp-json\/wp\/v2\/users\/3"}],"replies":[{"embeddable":true,"href":"https:\/\/itsw.edu.pl\/es\/wp-json\/wp\/v2\/comments?post=244013"}],"version-history":[{"count":7,"href":"https:\/\/itsw.edu.pl\/es\/wp-json\/wp\/v2\/pages\/244013\/revisions"}],"predecessor-version":[{"id":251474,"href":"https:\/\/itsw.edu.pl\/es\/wp-json\/wp\/v2\/pages\/244013\/revisions\/251474"}],"up":[{"embeddable":true,"href":"https:\/\/itsw.edu.pl\/es\/wp-json\/wp\/v2\/pages\/243943"}],"wp:attachment":[{"href":"https:\/\/itsw.edu.pl\/es\/wp-json\/wp\/v2\/media?parent=244013"}],"curies":[{"name":"wp","href":"https:\/\/api.w.org\/{rel}","templated":true}]}}