{"id":243848,"date":"2026-01-06T19:55:54","date_gmt":"2026-01-06T18:55:54","guid":{"rendered":"https:\/\/itsw.edu.pl\/?page_id=243848"},"modified":"2026-01-13T23:10:58","modified_gmt":"2026-01-13T22:10:58","slug":"matricula-costos","status":"publish","type":"page","link":"https:\/\/itsw.edu.pl\/es\/escuela-primaria\/grados-7-8-y-escuela-secundaria\/matricula-costos\/","title":{"rendered":"Matr\u00edcula y Costos"},"content":{"rendered":"<div class=\"et_pb_section_0 et_pb_section et_section_regular et_block_section\">\n<div class=\"et_pb_row_0 et_pb_row et_block_row\">\n<div class=\"et_pb_column_0 et_pb_column et_pb_column_4_4 et-last-child et_block_column et_pb_css_mix_blend_mode_passthrough\">\n<div class=\"et_pb_heading_0 et_pb_heading et_pb_module et_block_module\"><div class=\"et_pb_heading_container\"><h1 class=\"et_pb_module_header\">Admisi\u00f3n, matr\u00edcula y cuotas para la escuela primaria triling\u00fce ITSW (7.\u00ba y 8.\u00ba grado)<\/h1><\/div><\/div>\n<\/div>\n<\/div>\n<\/div>\n\n<div class=\"et_pb_section_1 et_pb_section et_section_regular et_block_section\">\n<div class=\"et_pb_row_1 et_pb_row et_block_row\">\n<div class=\"et_pb_column_1 et_pb_column et_pb_column_1_2 et_block_column et_pb_css_mix_blend_mode_passthrough\">\n<div class=\"et_pb_text_0 et_pb_text et_pb_bg_layout_light et_pb_module et_block_module\"><div class=\"et_pb_text_inner\"><h2>Admisi\u00f3n a 7.\u00ba y 8.\u00ba grado en ITSW: \u00bfc\u00f3mo es el proceso y c\u00f3mo puedo inscribirme?<\/h2>\n<p>En 7.\u00ba y 8.\u00ba grado, los alumnos ya trabajan en un nivel avanzado de idioma. El idioma se convierte en una herramienta para realizar proyectos, aprender materias de ciencias y humanidades y prepararse para ex\u00e1menes clave. Para aprovechar al m\u00e1ximo el programa, <strong>aceptamos alumnos de 7.\u00ba y 8.\u00ba grado<\/strong> que:<\/p>\n<ul>\n<li><strong>Dominen uno de los idiomas de estudio<\/strong> (ingl\u00e9s, franc\u00e9s, espa\u00f1ol, chino, japon\u00e9s o polaco);<\/li>\n<li>Sean capaces de desenvolverse en un entorno multiling\u00fce;<\/li>\n<li>Est\u00e9n preparados para una mayor independencia, an\u00e1lisis y pensamiento cr\u00edtico;<\/li>\n<li>Desean prepararse para los <strong>ex\u00e1menes finales de octavo grado, Checkpoint o Cambridge IGCSE<\/strong> (seg\u00fan la trayectoria educativa elegida).<\/li>\n<\/ul>\n<p>&nbsp;<\/p>\n<\/div><\/div>\n<\/div>\n\n<div class=\"et_pb_column_2 et_pb_column et_pb_column_1_2 et-last-child et_block_column et_pb_css_mix_blend_mode_passthrough\">\n<div class=\"et_pb_image_0 et_pb_image et_pb_module et_block_module\"><span class=\"et_pb_image_wrap\"><img decoding=\"async\" src=\"https:\/\/itsw.edu.pl\/wp-content\/uploads\/7-8-klasy-rekrutacja.jpg\" alt=\"Rekrutacja do klas 7-8\" title=\"7-8-klasy-rekrutacja\" width=\"833\" height=\"675\" srcset=\"https:\/\/itsw.edu.pl\/wp-content\/uploads\/7-8-klasy-rekrutacja.jpg 833w, https:\/\/itsw.edu.pl\/wp-content\/uploads\/7-8-klasy-rekrutacja-480x389.jpg 480w\" sizes=\"(min-width: 0px) and (max-width: 480px) 480px, (min-width: 481px) 833px, 100vw\" class=\"wp-image-249037\" \/><\/span><\/div>\n<\/div>\n<\/div>\n\n<div class=\"et_pb_row_2 et_pb_row et_flex_row\">\n<div class=\"et_pb_column_3 et_pb_column et-last-child et_block_column et_pb_css_mix_blend_mode_passthrough et_flex_column_24_24 et_flex_column_24_24_tablet et_flex_column_24_24_phone\">\n<div class=\"et_pb_text_1 et_pb_text et_pb_bg_layout_light et_pb_module et_block_module\"><div class=\"et_pb_text_inner\"><p>En esta etapa educativa, ya no hay tiempo suficiente para dominar el idioma desde cero, por lo que la exposici\u00f3n temprana a uno de los idiomas de estudio, que se elegir\u00e1 como lengua materna del alumno, es crucial.<\/p>\n<\/div><\/div>\n\n<div class=\"et_pb_module et_pb_button_module_wrapper et_pb_button_0_wrapper\"><a class=\"et_pb_button_0 et_pb_button et_pb_bg_layout_light et_pb_module et_block_module\" href=\"tel:+48533321084\">Llama y pregunta!<\/a><\/div>\n<\/div>\n<\/div>\n<\/div>\n\n<div class=\"et_pb_section_2 et_pb_section et_section_regular et_block_section\">\n<div class=\"et_pb_row_3 et_pb_row et_block_row\">\n<div class=\"et_pb_column_4 et_pb_column et_pb_column_4_4 et-last-child et_block_column et_pb_css_mix_blend_mode_passthrough\">\n<div class=\"et_pb_text_2 et_pb_text et_pb_bg_layout_light et_pb_module et_block_module\"><div class=\"et_pb_text_inner\"><h2 style=\"text-align: center;\"><strong>Tarifas y proceso de inscripci\u00f3n para 7.\u00ba y 8.\u00ba grado en ITSW<\/strong><\/h2>\n<p>La matr\u00edcula incluye:<\/p>\n<ul>\n<li>Ense\u00f1anza de asignaturas en varios idiomas por profesorado nativo<\/li>\n<li>Preparaci\u00f3n para ex\u00e1menes nacionales e internacionales (Checkpoint, IGCSE, examen de octavo grado)<\/li>\n<li>Materiales did\u00e1cticos y recursos digitales<\/li>\n<li>Proyectos educativos, voluntariado y actividades relacionadas con los Objetivos de Desarrollo Sostenible (ODS)<\/li>\n<li>Un programa intensivo de Apoyo Ling\u00fc\u00edstico, que apoya el desarrollo de la lengua de estudio cuando sea necesario<\/li>\n<li>Actividades extracurriculares para desarrollar talentos acad\u00e9micos, art\u00edsticos y sociales<\/li>\n<li>Talleres por la tarde de preparaci\u00f3n para ex\u00e1menes y concursos de asignaturas<\/li>\n<\/ul>\n<\/div><\/div>\n\n<div class=\"et_pb_row_4 et_pb_row et_pb_row_nested et_block_row\">\n<div class=\"et_pb_column_5 et_pb_column et_pb_column_4_4 et-last-child et_block_column et_pb_css_mix_blend_mode_passthrough\">\n<div class=\"et_pb_code_0 et_pb_code et_pb_module\"><div class=\"et_pb_code_inner\"><table class=\"fees-table\" ><tbody><tr><td>Gastos de gesti\u00f3n (cuota de inscripci\u00f3n)<\/td><td>2670&nbsp;PLN<\/td><\/tr><tr><td>Garant\u00eda de matr\u00edcula (anticipo de la \u00faltima tarifa en el per\u00edodo de escolarizaci\u00f3n)<\/td><td>2950&nbsp;PLN<\/td><\/tr><tr><td>Matr\u00edcula mensual<\/td><td>4574 PLN<\/td><\/tr><tr><td>Reducci\u00f3n secundaria y posterior de ni\u00f1os:<\/td><td>-10%<\/td><\/tr><tr><td>Pago para todo el a\u00f1o escolar<\/td><td>-5%<\/td><\/tr><tr><td>Comidas diarias (almuerzo)<\/td><td>18,75 PLN<\/td><\/tr><\/tbody><\/table>\n<style>\n.fees-table {\n  width: 100%;\n  border-collapse: collapse;\n  border:2px solid #f1b23c;\n  border-radius: 5px;\n}\n\n.fees-table th,\n.fees-table td {\n  border: 2px solid #f1b23c;\n  padding: 12px 14px !important;\n  vertical-align: top;\n  background: #16447a;\n  color: white !important;\n  vertical-align: middle;   \n  text-align: center;\n}\n  .fees-table tr,  .fees-table tr td{\n    border: 2px solid #f1b23c;\n  }\n.fees-table th {\n  font-weight: 700;\n  text-align: left;\n  white-space: nowrap;\n  font-size:20px;\n  color: #16447a;\n  background: #f1b23c;\n  border-bottom: 2px solid #f1b23c;\n}\n\n\/* \u015arodkowe kolumny (opis + cena) *\/\n.fees-table__mid {\n  background: #ffeec9;\n  border-color: #f1b23c;\n  color: #16447a;\n}\n\n\/* Cena *\/\n.fees-table__price {\n  white-space: nowrap;\n  text-align: right;\n  font-weight: 700;\n}\n  <\/style><\/div><\/div>\n<\/div>\n<\/div>\n<\/div>\n<\/div>\n\n<div class=\"et_pb_row_5 et_pb_row et_flex_row\">\n<div class=\"et_pb_column_6 et_pb_column et-last-child et_block_column et_pb_css_mix_blend_mode_passthrough et_flex_column_24_24 et_flex_column_24_24_tablet et_flex_column_24_24_phone\">\n<div class=\"et_pb_text_3 et_pb_text et_pb_bg_layout_light et_pb_module et_block_module\"><div class=\"et_pb_text_inner\"><h3 style=\"text-align: center;\"><strong>\u00bfC\u00f3mo inicio el proceso de inscripci\u00f3n?<\/strong><\/h3>\n<p><strong><\/strong><\/p>\n<ol>\n<li>Completa el <a href=\"https:\/\/itsw.edu.pl\/es\/formulario-de-admision\/\"><span style=\"color: #f8b334;\"><strong>formulario de solicitud<\/strong><\/span><\/a>.<\/li>\n<li>Nos pondremos en contacto contigo para hablar sobre los requisitos de idioma y el proceso de solicitud.<\/li>\n<li>Organizaremos una reuni\u00f3n y una entrevista con el estudiante en el campus Nobla.<\/li>\n<li>Una vez aprobados tus documentos y la entrevista, reservaremos tu plaza.<\/li>\n<\/ol>\n<\/div><\/div>\n<\/div>\n<\/div>\n<\/div>\n\n<div class=\"et_pb_section_3 et_pb_section et_section_regular et_block_section\">\n<div class=\"et_pb_row_6 et_pb_row et_block_row\">\n<div class=\"et_pb_column_7 et_pb_column et_pb_column_4_4 et-last-child et_block_column et_pb_css_mix_blend_mode_passthrough\">\n<div class=\"et_pb_heading_1 et_pb_heading et_pb_module et_block_module\"><div class=\"et_pb_heading_container\"><h2 class=\"et_pb_module_header\">FAQ: \u00bfQui\u00e9nes son admitidos en los grados 7\u20138 de ITSW?<\/h2><\/div><\/div>\n<\/div>\n<\/div>\n\n<div class=\"et_pb_row_7 et_pb_row et_block_row\">\n<div class=\"et_pb_column_8 et_pb_column et_pb_column_4_4 et-last-child et_block_column et_pb_css_mix_blend_mode_passthrough\">\n<div class=\"et_pb_accordion_0 et_pb_accordion et_pb_module et_block_module\">\n<div class=\"et_pb_accordion_item_0 et_pb_accordion_item et_pb_toggle et_pb_module et_pb_toggle_open et_block_module\"><h5 class=\"et_pb_toggle_title\">\u00bfPuede mi hijo\/a cursar 7.\u00ba y 8.\u00ba grado si no domina todos los idiomas?<\/h5><div class=\"et_pb_toggle_content\"><p>S\u00ed. Solo se requiere fluidez en uno de los idiomas de instrucci\u00f3n (ingl\u00e9s, franc\u00e9s, espa\u00f1ol, chino o japon\u00e9s). Los dem\u00e1s idiomas se desarrollan mediante inmersi\u00f3n natural.<\/p>\n<\/div><\/div>\n\n<div class=\"et_pb_accordion_item_1 et_pb_accordion_item et_pb_toggle et_pb_module et_pb_toggle_close et_block_module\"><h5 class=\"et_pb_toggle_title\">\u00bfEs necesario que el ni\u00f1o\/a tenga habilidades ling\u00fc\u00edsticas avanzadas?<\/h5><div class=\"et_pb_toggle_content\"><p>S\u00ed. Se debe dominar al menos un idioma de instrucci\u00f3n para el trabajo acad\u00e9mico. Un nivel conversacional es suficiente para los dem\u00e1s idiomas. Los estudiantes reciben apoyo intensivo a trav\u00e9s del programa de Apoyo Ling\u00fc\u00edstico.<\/p>\n<\/div><\/div>\n\n<div class=\"et_pb_accordion_item_2 et_pb_accordion_item et_pb_toggle et_pb_module et_pb_toggle_close et_block_module\"><h5 class=\"et_pb_toggle_title\">\u00bfPuedo empezar a aprender un idioma de instruccion desde cero en 7.\u00ba y 8.\u00ba grado?<\/h5><div class=\"et_pb_toggle_content\"><p>Lamentablemente, no. En esta etapa, no hay tiempo suficiente para dominar un idioma de instruccion desde cero, por lo que la exposici\u00f3n temprana a uno de los idiomas de instrucci\u00f3n de ITSW es \u200b\u200bcrucial. Pero es possible aprender un nuevo idioma como un asunto en si mismo.<\/p>\n<\/div><\/div>\n\n<div class=\"et_pb_accordion_item_3 et_pb_accordion_item et_pb_toggle et_pb_module et_pb_toggle_close et_block_module\"><h5 class=\"et_pb_toggle_title\">\u00bfQu\u00e9 cualidades debe poseer un estudiante de 7.\u00ba y 8.\u00ba grado?<\/h5><div class=\"et_pb_toggle_content\"><p>El estudiante debe:<\/p>\n<ul>\n<li>Desenvolverse bien en un entorno multiling\u00fce,<\/li>\n<li>Estar preparado para la independencia y el pensamiento cr\u00edtico,<\/li>\n<li>Estar dispuesto a prepararse para los siguientes ex\u00e1menes: 8.\u00ba grado, Checkpoint o IGCSE.<\/li>\n<\/ul>\n<\/div><\/div>\n\n<div class=\"et_pb_accordion_item_4 et_pb_accordion_item et_pb_toggle et_pb_module et_pb_toggle_close et_block_module\"><h5 class=\"et_pb_toggle_title\">\u00bfC\u00f3mo es el proceso de admisi\u00f3n?<\/h5><div class=\"et_pb_toggle_content\"><p>Despu\u00e9s de completar el formulario, programamos una reuni\u00f3n para determinar el idioma principal del estudiante y la mejor opci\u00f3n para el examen.<\/p>\n<\/div><\/div>\n<\/div>\n<\/div>\n<\/div>\n\n<div class=\"et_pb_row_8 et_pb_row et_flex_row\">\n<div class=\"et_pb_column_9 et_pb_column et_block_column et_pb_css_mix_blend_mode_passthrough et_flex_column_12_24 et_flex_column_12_24_tablet et_flex_column_24_24_phone\">\n<div class=\"et_pb_module et_pb_button_module_wrapper et_pb_button_1_wrapper\"><a class=\"et_pb_button_1 et_pb_button et_pb_bg_layout_light et_pb_module et_block_module\" href=\"https:\/\/itsw.edu.pl\/es\/formulario-de-admision\/\">Inscripci\u00f3n ITSW<\/a><\/div>\n<\/div>\n\n<div class=\"et_pb_column_10 et_pb_column et-last-child et_flex_column et_pb_css_mix_blend_mode_passthrough et_flex_column_12_24 et_flex_column_12_24_tablet et_flex_column_24_24_phone\">\n<div class=\"et_pb_module et_pb_button_module_wrapper et_pb_button_2_wrapper\"><a class=\"et_pb_button_2 et_pb_button et_pb_bg_layout_light et_pb_module et_block_module\" href=\"https:\/\/itsw.edu.pl\/es\/formulario-de-admision\/\">Complete el formulario de solicitud.<\/a><\/div>\n<\/div>\n<\/div>\n<\/div>","protected":false},"excerpt":{"rendered":"","protected":false},"author":3,"featured_media":0,"parent":245084,"menu_order":4,"comment_status":"closed","ping_status":"closed","template":"","meta":{"_acf_changed":false,"inline_featured_image":false,"footnotes":""},"class_list":["post-243848","page","type-page","status-publish","hentry"],"acf":[],"yoast_head":"<!-- This site is optimized with the Yoast SEO plugin v27.5 - https:\/\/yoast.com\/product\/yoast-seo-wordpress\/ -->\n<title>Matr\u00edcula y Costos - ITSW<\/title>\n<meta name=\"robots\" content=\"index, follow, max-snippet:-1, max-image-preview:large, max-video-preview:-1\" \/>\n<link rel=\"canonical\" href=\"https:\/\/itsw.edu.pl\/es\/escuela-primaria\/grados-7-8-y-escuela-secundaria\/matricula-costos\/\" \/>\n<meta property=\"og:locale\" content=\"es_ES\" \/>\n<meta property=\"og:type\" content=\"article\" \/>\n<meta property=\"og:title\" content=\"Matr\u00edcula y Costos - ITSW\" \/>\n<meta property=\"og:url\" content=\"https:\/\/itsw.edu.pl\/es\/escuela-primaria\/grados-7-8-y-escuela-secundaria\/matricula-costos\/\" \/>\n<meta property=\"og:site_name\" content=\"ITSW\" \/>\n<meta property=\"article:publisher\" content=\"https:\/\/www.facebook.com\/ITSW.School.Escuela.Ecole.XueXiao.Gakko.Warsaw\" \/>\n<meta property=\"article:modified_time\" content=\"2026-01-13T22:10:58+00:00\" \/>\n<meta name=\"twitter:card\" content=\"summary_large_image\" \/>\n<script type=\"application\/ld+json\" class=\"yoast-schema-graph\">{\"@context\":\"https:\\\/\\\/schema.org\",\"@graph\":[{\"@type\":\"Article\",\"@id\":\"https:\\\/\\\/itsw.edu.pl\\\/es\\\/escuela-primaria\\\/grados-7-8-y-escuela-secundaria\\\/matricula-costos\\\/#article\",\"isPartOf\":{\"@id\":\"https:\\\/\\\/itsw.edu.pl\\\/es\\\/escuela-primaria\\\/grados-7-8-y-escuela-secundaria\\\/matricula-costos\\\/\"},\"author\":{\"name\":\"M.K.\",\"@id\":\"https:\\\/\\\/itsw.edu.pl\\\/#\\\/schema\\\/person\\\/4a89b345dd3285b6de291f440f753c8f\"},\"headline\":\"Matr\u00edcula y Costos\",\"datePublished\":\"2026-01-06T18:55:54+00:00\",\"dateModified\":\"2026-01-13T22:10:58+00:00\",\"mainEntityOfPage\":{\"@id\":\"https:\\\/\\\/itsw.edu.pl\\\/es\\\/escuela-primaria\\\/grados-7-8-y-escuela-secundaria\\\/matricula-costos\\\/\"},\"wordCount\":4,\"publisher\":{\"@id\":\"https:\\\/\\\/itsw.edu.pl\\\/#organization\"},\"inLanguage\":\"es\"},{\"@type\":\"WebPage\",\"@id\":\"https:\\\/\\\/itsw.edu.pl\\\/es\\\/escuela-primaria\\\/grados-7-8-y-escuela-secundaria\\\/matricula-costos\\\/\",\"url\":\"https:\\\/\\\/itsw.edu.pl\\\/es\\\/escuela-primaria\\\/grados-7-8-y-escuela-secundaria\\\/matricula-costos\\\/\",\"name\":\"Matr\u00edcula y Costos - ITSW\",\"isPartOf\":{\"@id\":\"https:\\\/\\\/itsw.edu.pl\\\/#website\"},\"datePublished\":\"2026-01-06T18:55:54+00:00\",\"dateModified\":\"2026-01-13T22:10:58+00:00\",\"breadcrumb\":{\"@id\":\"https:\\\/\\\/itsw.edu.pl\\\/es\\\/escuela-primaria\\\/grados-7-8-y-escuela-secundaria\\\/matricula-costos\\\/#breadcrumb\"},\"inLanguage\":\"es\",\"potentialAction\":[{\"@type\":\"ReadAction\",\"target\":[\"https:\\\/\\\/itsw.edu.pl\\\/es\\\/escuela-primaria\\\/grados-7-8-y-escuela-secundaria\\\/matricula-costos\\\/\"]}]},{\"@type\":\"BreadcrumbList\",\"@id\":\"https:\\\/\\\/itsw.edu.pl\\\/es\\\/escuela-primaria\\\/grados-7-8-y-escuela-secundaria\\\/matricula-costos\\\/#breadcrumb\",\"itemListElement\":[{\"@type\":\"ListItem\",\"position\":1,\"name\":\"ITSW\",\"item\":\"https:\\\/\\\/itsw.edu.pl\\\/es\\\/\"},{\"@type\":\"ListItem\",\"position\":2,\"name\":\"Szko\u0142a podstawowa es\",\"item\":\"https:\\\/\\\/itsw.edu.pl\\\/es\\\/escuela-primaria\\\/\"},{\"@type\":\"ListItem\",\"position\":3,\"name\":\"Grados 7-8 y Escuela Secundaria\",\"item\":\"https:\\\/\\\/itsw.edu.pl\\\/es\\\/escuela-primaria\\\/grados-7-8-y-escuela-secundaria\\\/\"},{\"@type\":\"ListItem\",\"position\":4,\"name\":\"Matr\u00edcula y Costos\"}]},{\"@type\":\"WebSite\",\"@id\":\"https:\\\/\\\/itsw.edu.pl\\\/#website\",\"url\":\"https:\\\/\\\/itsw.edu.pl\\\/\",\"name\":\"ITSW\",\"description\":\"\",\"publisher\":{\"@id\":\"https:\\\/\\\/itsw.edu.pl\\\/#organization\"},\"alternateName\":\"International Trilingual School of Warsaw\",\"potentialAction\":[{\"@type\":\"SearchAction\",\"target\":{\"@type\":\"EntryPoint\",\"urlTemplate\":\"https:\\\/\\\/itsw.edu.pl\\\/?s={search_term_string}\"},\"query-input\":{\"@type\":\"PropertyValueSpecification\",\"valueRequired\":true,\"valueName\":\"search_term_string\"}}],\"inLanguage\":\"es\"},{\"@type\":\"Organization\",\"@id\":\"https:\\\/\\\/itsw.edu.pl\\\/#organization\",\"name\":\"International Trilingual School of Warsaw\",\"alternateName\":\"International Trilingual School of Warsaw\",\"url\":\"https:\\\/\\\/itsw.edu.pl\\\/\",\"logo\":{\"@type\":\"ImageObject\",\"inLanguage\":\"es\",\"@id\":\"https:\\\/\\\/itsw.edu.pl\\\/#\\\/schema\\\/logo\\\/image\\\/\",\"url\":\"https:\\\/\\\/itsw.edu.pl\\\/wp-content\\\/uploads\\\/itsw-logo.png\",\"contentUrl\":\"https:\\\/\\\/itsw.edu.pl\\\/wp-content\\\/uploads\\\/itsw-logo.png\",\"width\":350,\"height\":103,\"caption\":\"International Trilingual School of Warsaw\"},\"image\":{\"@id\":\"https:\\\/\\\/itsw.edu.pl\\\/#\\\/schema\\\/logo\\\/image\\\/\"},\"sameAs\":[\"https:\\\/\\\/www.facebook.com\\\/ITSW.School.Escuela.Ecole.XueXiao.Gakko.Warsaw\"]},{\"@type\":\"Person\",\"@id\":\"https:\\\/\\\/itsw.edu.pl\\\/#\\\/schema\\\/person\\\/4a89b345dd3285b6de291f440f753c8f\",\"name\":\"M.K.\"}]}<\/script>\n<!-- \/ Yoast SEO plugin. -->","yoast_head_json":{"title":"Matr\u00edcula y Costos - ITSW","robots":{"index":"index","follow":"follow","max-snippet":"max-snippet:-1","max-image-preview":"max-image-preview:large","max-video-preview":"max-video-preview:-1"},"canonical":"https:\/\/itsw.edu.pl\/es\/escuela-primaria\/grados-7-8-y-escuela-secundaria\/matricula-costos\/","og_locale":"es_ES","og_type":"article","og_title":"Matr\u00edcula y Costos - ITSW","og_url":"https:\/\/itsw.edu.pl\/es\/escuela-primaria\/grados-7-8-y-escuela-secundaria\/matricula-costos\/","og_site_name":"ITSW","article_publisher":"https:\/\/www.facebook.com\/ITSW.School.Escuela.Ecole.XueXiao.Gakko.Warsaw","article_modified_time":"2026-01-13T22:10:58+00:00","twitter_card":"summary_large_image","schema":{"@context":"https:\/\/schema.org","@graph":[{"@type":"Article","@id":"https:\/\/itsw.edu.pl\/es\/escuela-primaria\/grados-7-8-y-escuela-secundaria\/matricula-costos\/#article","isPartOf":{"@id":"https:\/\/itsw.edu.pl\/es\/escuela-primaria\/grados-7-8-y-escuela-secundaria\/matricula-costos\/"},"author":{"name":"M.K.","@id":"https:\/\/itsw.edu.pl\/#\/schema\/person\/4a89b345dd3285b6de291f440f753c8f"},"headline":"Matr\u00edcula y Costos","datePublished":"2026-01-06T18:55:54+00:00","dateModified":"2026-01-13T22:10:58+00:00","mainEntityOfPage":{"@id":"https:\/\/itsw.edu.pl\/es\/escuela-primaria\/grados-7-8-y-escuela-secundaria\/matricula-costos\/"},"wordCount":4,"publisher":{"@id":"https:\/\/itsw.edu.pl\/#organization"},"inLanguage":"es"},{"@type":"WebPage","@id":"https:\/\/itsw.edu.pl\/es\/escuela-primaria\/grados-7-8-y-escuela-secundaria\/matricula-costos\/","url":"https:\/\/itsw.edu.pl\/es\/escuela-primaria\/grados-7-8-y-escuela-secundaria\/matricula-costos\/","name":"Matr\u00edcula y Costos - ITSW","isPartOf":{"@id":"https:\/\/itsw.edu.pl\/#website"},"datePublished":"2026-01-06T18:55:54+00:00","dateModified":"2026-01-13T22:10:58+00:00","breadcrumb":{"@id":"https:\/\/itsw.edu.pl\/es\/escuela-primaria\/grados-7-8-y-escuela-secundaria\/matricula-costos\/#breadcrumb"},"inLanguage":"es","potentialAction":[{"@type":"ReadAction","target":["https:\/\/itsw.edu.pl\/es\/escuela-primaria\/grados-7-8-y-escuela-secundaria\/matricula-costos\/"]}]},{"@type":"BreadcrumbList","@id":"https:\/\/itsw.edu.pl\/es\/escuela-primaria\/grados-7-8-y-escuela-secundaria\/matricula-costos\/#breadcrumb","itemListElement":[{"@type":"ListItem","position":1,"name":"ITSW","item":"https:\/\/itsw.edu.pl\/es\/"},{"@type":"ListItem","position":2,"name":"Szko\u0142a podstawowa es","item":"https:\/\/itsw.edu.pl\/es\/escuela-primaria\/"},{"@type":"ListItem","position":3,"name":"Grados 7-8 y Escuela Secundaria","item":"https:\/\/itsw.edu.pl\/es\/escuela-primaria\/grados-7-8-y-escuela-secundaria\/"},{"@type":"ListItem","position":4,"name":"Matr\u00edcula y Costos"}]},{"@type":"WebSite","@id":"https:\/\/itsw.edu.pl\/#website","url":"https:\/\/itsw.edu.pl\/","name":"ITSW","description":"","publisher":{"@id":"https:\/\/itsw.edu.pl\/#organization"},"alternateName":"International Trilingual School of Warsaw","potentialAction":[{"@type":"SearchAction","target":{"@type":"EntryPoint","urlTemplate":"https:\/\/itsw.edu.pl\/?s={search_term_string}"},"query-input":{"@type":"PropertyValueSpecification","valueRequired":true,"valueName":"search_term_string"}}],"inLanguage":"es"},{"@type":"Organization","@id":"https:\/\/itsw.edu.pl\/#organization","name":"International Trilingual School of Warsaw","alternateName":"International Trilingual School of Warsaw","url":"https:\/\/itsw.edu.pl\/","logo":{"@type":"ImageObject","inLanguage":"es","@id":"https:\/\/itsw.edu.pl\/#\/schema\/logo\/image\/","url":"https:\/\/itsw.edu.pl\/wp-content\/uploads\/itsw-logo.png","contentUrl":"https:\/\/itsw.edu.pl\/wp-content\/uploads\/itsw-logo.png","width":350,"height":103,"caption":"International Trilingual School of Warsaw"},"image":{"@id":"https:\/\/itsw.edu.pl\/#\/schema\/logo\/image\/"},"sameAs":["https:\/\/www.facebook.com\/ITSW.School.Escuela.Ecole.XueXiao.Gakko.Warsaw"]},{"@type":"Person","@id":"https:\/\/itsw.edu.pl\/#\/schema\/person\/4a89b345dd3285b6de291f440f753c8f","name":"M.K."}]}},"_links":{"self":[{"href":"https:\/\/itsw.edu.pl\/es\/wp-json\/wp\/v2\/pages\/243848","targetHints":{"allow":["GET"]}}],"collection":[{"href":"https:\/\/itsw.edu.pl\/es\/wp-json\/wp\/v2\/pages"}],"about":[{"href":"https:\/\/itsw.edu.pl\/es\/wp-json\/wp\/v2\/types\/page"}],"author":[{"embeddable":true,"href":"https:\/\/itsw.edu.pl\/es\/wp-json\/wp\/v2\/users\/3"}],"replies":[{"embeddable":true,"href":"https:\/\/itsw.edu.pl\/es\/wp-json\/wp\/v2\/comments?post=243848"}],"version-history":[{"count":9,"href":"https:\/\/itsw.edu.pl\/es\/wp-json\/wp\/v2\/pages\/243848\/revisions"}],"predecessor-version":[{"id":249773,"href":"https:\/\/itsw.edu.pl\/es\/wp-json\/wp\/v2\/pages\/243848\/revisions\/249773"}],"up":[{"embeddable":true,"href":"https:\/\/itsw.edu.pl\/es\/wp-json\/wp\/v2\/pages\/245084"}],"wp:attachment":[{"href":"https:\/\/itsw.edu.pl\/es\/wp-json\/wp\/v2\/media?parent=243848"}],"curies":[{"name":"wp","href":"https:\/\/api.w.org\/{rel}","templated":true}]}}