{"id":243793,"date":"2026-01-06T11:06:27","date_gmt":"2026-01-06T10:06:27","guid":{"rendered":"https:\/\/itsw.edu.pl\/?page_id=243793"},"modified":"2026-04-23T21:04:26","modified_gmt":"2026-04-23T19:04:26","slug":"localizacion","status":"publish","type":"page","link":"https:\/\/itsw.edu.pl\/es\/escuela-primaria\/grados-4-6\/localizacion\/","title":{"rendered":"Localizaci\u00f3n"},"content":{"rendered":"<div class=\"et_pb_section_0 et_pb_section et_section_regular et_block_section\">\n<div class=\"et_pb_row_0 et_pb_row et_block_row\">\n<div class=\"et_pb_column_0 et_pb_column et_pb_column_4_4 et-last-child et_block_column et_pb_css_mix_blend_mode_passthrough\">\n<div class=\"et_pb_heading_0 et_pb_heading et_pb_module et_block_module\"><div class=\"et_pb_heading_container\"><h1 class=\"et_pb_module_header\">Nobla Upper Primary & Middle School Campus: la escuela primaria triling\u00fce ITSW en Saska K\u0119pa<\/h1><\/div><\/div>\n<\/div>\n<\/div>\n<\/div>\n\n<div class=\"et_pb_section_1 et_pb_section et_section_regular et_block_section\">\n<div class=\"et_pb_row_1 et_pb_row et_block_row\">\n<div class=\"et_pb_column_1 et_pb_column et_pb_column_4_4 et-last-child et_block_column et_pb_css_mix_blend_mode_passthrough\">\n<div class=\"et_pb_text_0 et_pb_text et_pb_bg_layout_light et_pb_module et_block_module\"><div class=\"et_pb_text_inner\"><h2 style=\"text-align: center;\">Un lugar donde la vida escolar cotidiana se fusiona con la educaci\u00f3n triling\u00fce<\/h2>\n<p>&nbsp;<\/p>\n<p>El <strong>Campus Nobla se encuentra en Saska K\u0119pa<\/strong>, uno de los distritos m\u00e1s verdes y tranquilos de Varsovia, con f\u00e1cil acceso desde Goc\u0142aw, Groch\u00f3w, el centro de la ciudad, Wola, Ochota, Powi\u015ble, \u017boliborz, Wawer, Bia\u0142o\u0142\u0119ka y Mokot\u00f3w. <strong>El edificio escolar de tres plantas ofrece aulas amplias y luminosas con luz natural y equipamiento moderno adaptado a las necesidades de los alumnos de 4.\u00ba a 6.\u00ba de Primaria y 7.\u00ba y 8.\u00ba de Secundaria<\/strong>.<\/p>\n<p>El campus tambi\u00e9n cuenta con un amplio patio, que permite realizar actividades diarias al aire libre, deportes y descansos que fomentan la concentraci\u00f3n y el bienestar de los alumnos. Este es un elemento clave de nuestro enfoque: el ejercicio y el contacto con la naturaleza son parte integral de la jornada escolar.<\/p>\n<p>&nbsp;<\/p>\n<\/div><\/div>\n<\/div>\n<\/div>\n<\/div>\n\n<div class=\"et_pb_section_2 et_pb_section et_section_regular et_block_section\">\n<div class=\"et_pb_row_2 et_pb_row et_flex_row\">\n<div class=\"et_pb_column_2 et_pb_column et_block_column et_pb_css_mix_blend_mode_passthrough et_flex_column_24_24 et_flex_column_24_24_tablet et_flex_column_24_24_phone\">\n<div class=\"et_pb_text_1 et_pb_text et_pb_bg_layout_light et_pb_module et_block_module\"><div class=\"et_pb_text_inner\"><h2>Aprendizaje, relajaci\u00f3n e idiomas en un entorno natural: una cafeter\u00eda, un parque cercano y un gimnasio<\/h2>\n<p>El Campus Nobla cuenta con su <strong>propia cafeter\u00eda<\/strong> donde los estudiantes comen y se relajan. La mayor\u00eda de los descansos se pasan disfrutando del <strong>patio de recreo<\/strong> de la escuela y de las instalaciones circundantes del Parque Jordan. Aunque el <strong>gimnasio<\/strong> no est\u00e1 en el campus, se encuentra a 50 metros.<\/p>\n<\/div><\/div>\n<\/div>\n\n<div class=\"et_pb_column_3 et_pb_column et-last-child et_block_column et_pb_css_mix_blend_mode_passthrough et_flex_column_24_24 et_flex_column_24_24_tablet et_flex_column_24_24_phone\">\n<div class=\"et_pb_image_0 et_pb_image et_pb_module et_block_module\"><span class=\"et_pb_image_wrap\"><img decoding=\"async\" src=\"https:\/\/itsw.edu.pl\/wp-content\/uploads\/sports-at-itsw.jpg\" alt=\"Sports at ITSW\" title=\"sports-at-itsw\" width=\"555\" height=\"450\" srcset=\"https:\/\/itsw.edu.pl\/wp-content\/uploads\/sports-at-itsw.jpg 555w, https:\/\/itsw.edu.pl\/wp-content\/uploads\/sports-at-itsw-480x389.jpg 480w\" sizes=\"(min-width: 0px) and (max-width: 480px) 480px, (min-width: 481px) 555px, 100vw\" class=\"wp-image-250966\" \/><\/span><\/div>\n<\/div>\n<\/div>\n\n<div class=\"et_pb_row_3 et_pb_row et_flex_row\">\n<div class=\"et_pb_column_4 et_pb_column et_block_column et_pb_css_mix_blend_mode_passthrough et_flex_column_24_24 et_flex_column_24_24_tablet et_flex_column_24_24_phone\">\n<div class=\"et_pb_image_1 et_pb_image et_pb_module et_block_module\"><span class=\"et_pb_image_wrap\"><img decoding=\"async\" src=\"https:\/\/itsw.edu.pl\/wp-content\/uploads\/biblioteka-szkolna-kampus-nobla.jpg\" title=\"Sala gimnastyczna kampus Nobla\" width=\"555\" height=\"450\" srcset=\"https:\/\/itsw.edu.pl\/wp-content\/uploads\/biblioteka-szkolna-kampus-nobla.jpg 555w, https:\/\/itsw.edu.pl\/wp-content\/uploads\/biblioteka-szkolna-kampus-nobla-480x389.jpg 480w\" sizes=\"(min-width: 0px) and (max-width: 480px) 480px, (min-width: 481px) 555px, 100vw\" class=\"wp-image-246185\" alt=\"Children learning by play ITSW\" \/><\/span><\/div>\n<\/div>\n\n<div class=\"et_pb_column_5 et_pb_column et-last-child et_block_column et_pb_css_mix_blend_mode_passthrough et_flex_column_24_24 et_flex_column_24_24_tablet et_flex_column_24_24_phone\">\n<div class=\"et_pb_text_2 et_pb_text et_pb_bg_layout_light et_pb_module et_block_module\"><div class=\"et_pb_text_inner\"><h2>Biblioteca multiling\u00fce: un espacio para explorar el mundo<\/h2>\n<p>Uno de los pilares del campus es la extensa biblioteca, que ofrece libros en seis idiomas ITSW. Los estudiantes pueden:<\/p>\n<ul>\n<li>pedir prestado literatura en polaco, ingl\u00e9s, franc\u00e9s, espa\u00f1ol, chino y japon\u00e9s;<\/li>\n<li>usar el espacio para estudiar tranquilamente, relajarse y descansar;<\/li>\n<li>desarrollar sus intereses y su independencia lectora.<\/li>\n<\/ul>\n<p>La biblioteca es un espacio que fomenta el desarrollo acad\u00e9mico y emocional: un rinc\u00f3n tranquilo para un momento de tranquilidad durante una jornada ajetreada y triling\u00fce.<\/p>\n<\/div><\/div>\n\n<div class=\"et_pb_module et_pb_button_module_wrapper et_pb_button_0_wrapper\"><a class=\"et_pb_button_0 et_pb_button et_pb_bg_layout_light et_pb_module et_block_module\" href=\"https:\/\/itsw.edu.pl\/es\/contacto\/\">Concierte una cita en nuestro campus!<\/a><\/div>\n<\/div>\n<\/div>\n\n<div class=\"et_pb_row_4 et_pb_row et_flex_row\">\n<div class=\"et_pb_column_6 et_pb_column et_flex_column et_pb_css_mix_blend_mode_passthrough et_flex_column_24_24 et_flex_column_24_24_tablet et_flex_column_24_24_phone\">\n<div class=\"et_pb_text_3 et_pb_text et_pb_bg_layout_light et_pb_module et_block_module\"><div class=\"et_pb_text_inner\"><h2 style=\"text-align: left;\">F\u00e1cil acceso al Nobla Upper Primary Campus: el coraz\u00f3n de la verde Saska K\u0119pa<\/h2>\n<p><strong>El Campus Nobla se encuentra en el coraz\u00f3n de Saska K\u0119pa<\/strong>, <strong>uno de los distritos m\u00e1s bellos y verdes de Varsovia.<\/strong> Es un lugar donde calles tranquilas, un barrio seguro y un ambiente familiar \u00fanico hacen que cada d\u00eda en la escuela sea un placer.<\/p>\n<p><strong>Su excelente ubicaci\u00f3n facilita el acceso al campus tanto en coche como en transporte p\u00fablico<\/strong>. La proximidad a las principales v\u00edas de Praga-Po\u0142udnie y la r\u00e1pida conexi\u00f3n con el centro de Varsovia facilitan el acceso a familias desde Goc\u0142aw, Groch\u00f3w, Powi\u015ble, Wawer, Mokot\u00f3w, \u015ar\u00f3dmie\u015bcie y otras zonas de la ciudad.<\/p>\n<\/div><\/div>\n<\/div>\n\n<div class=\"et_pb_column_7 et_pb_column et-last-child et_flex_column et_pb_css_mix_blend_mode_passthrough et_flex_column_24_24 et_flex_column_24_24_tablet et_flex_column_24_24_phone\">\n<div class=\"et_pb_image_2 et_pb_image et_pb_module et_block_module\"><span class=\"et_pb_image_wrap\"><img decoding=\"async\" src=\"https:\/\/itsw.edu.pl\/wp-content\/uploads\/zielona-okolica-campus-nobla.jpg\" alt=\"Children learning by play ITSW\" title=\"Sala gimnastyczna kampus Nobla\" width=\"555\" height=\"450\" srcset=\"https:\/\/itsw.edu.pl\/wp-content\/uploads\/zielona-okolica-campus-nobla.jpg 555w, https:\/\/itsw.edu.pl\/wp-content\/uploads\/zielona-okolica-campus-nobla-480x389.jpg 480w\" sizes=\"(min-width: 0px) and (max-width: 480px) 480px, (min-width: 481px) 555px, 100vw\" class=\"wp-image-246261\" \/><\/span><\/div>\n<\/div>\n<\/div>\n\n<div class=\"et_pb_row_5 et_pb_row et_flex_row\">\n<div class=\"et_pb_column_8 et_pb_column et-last-child et_flex_column et_pb_css_mix_blend_mode_passthrough et_flex_column_24_24 et_flex_column_24_24_tablet et_flex_column_24_24_phone\">\n<div class=\"et_pb_text_4 et_pb_text et_pb_bg_layout_light et_pb_module et_block_module\"><div class=\"et_pb_text_inner\"><p><strong>El campus se encuentra en una calle tranquila y apartada<\/strong>, lo que permite a los ni\u00f1os aprender y desarrollarse en un entorno seguro y tranquilo, a la vez que se benefician de la infraestructura de la ciudad. <strong>Es un lugar ideal para estudiantes que buscan un equilibrio entre el aprendizaje intensivo y el espacio para la relajaci\u00f3n y el juego al aire libre<\/strong>.<\/p>\n<p>Gracias a su ubicaci\u00f3n central y bien comunicada, los estudiantes de los grados 4 a 6 pueden regresar a casa de forma segura e independiente, a pie o en transporte p\u00fablico, aprendiendo responsabilidad e independencia en la vida cotidiana.<\/p>\n<\/div><\/div>\n<\/div>\n<\/div>\n\n<div class=\"et_pb_row_6 et_pb_row et_flex_row\">\n<div class=\"et_pb_column_9 et_pb_column et_flex_column et_pb_css_mix_blend_mode_passthrough et_flex_column_12_24 et_flex_column_12_24_tablet et_flex_column_24_24_phone\">\n<div class=\"et_pb_module et_pb_button_module_wrapper et_pb_button_1_wrapper\"><a class=\"et_pb_button_1 et_pb_button et_pb_bg_layout_light et_pb_module et_block_module\" href=\"https:\/\/itsw.edu.pl\/es\/contacto\/\">\u00a1Cont\u00e1ctanos!<\/a><\/div>\n<\/div>\n\n<div class=\"et_pb_column_10 et_pb_column et-last-child et_flex_column et_pb_css_mix_blend_mode_passthrough et_flex_column_12_24 et_flex_column_12_24_tablet et_flex_column_24_24_phone\">\n<div class=\"et_pb_module et_pb_button_module_wrapper et_pb_button_2_wrapper\"><a class=\"et_pb_button_2 et_pb_button et_pb_bg_layout_light et_pb_module et_block_module\" href=\"mailto:admissions@itsw.education\">\u00a1Escr\u00edbenos!<\/a><\/div>\n<\/div>\n<\/div>\n<\/div>","protected":false},"excerpt":{"rendered":"","protected":false},"author":3,"featured_media":0,"parent":245099,"menu_order":3,"comment_status":"closed","ping_status":"closed","template":"","meta":{"_acf_changed":false,"inline_featured_image":false,"footnotes":""},"class_list":["post-243793","page","type-page","status-publish","hentry"],"acf":[],"yoast_head":"<!-- This site is optimized with the Yoast SEO plugin v27.5 - https:\/\/yoast.com\/product\/yoast-seo-wordpress\/ -->\n<title>Szko\u0142a ITSW na Saskiej K\u0119pie | Tr\u00f3jj\u0119zyczny Kampus Nobla w Warszawie - ITSW<\/title>\n<meta name=\"description\" content=\"Poznaj Kampus Nobla \u2013 nowoczesn\u0105 lokalizacj\u0119 ITSW dla klas 4\u20138 na Saskiej K\u0119pie. Bezpieczne, zielone otoczenie, \u0142atwy dojazd i codzienny kontakt z j\u0119zykami.\" \/>\n<meta name=\"robots\" content=\"index, follow, max-snippet:-1, max-image-preview:large, max-video-preview:-1\" \/>\n<link rel=\"canonical\" href=\"https:\/\/itsw.edu.pl\/es\/escuela-primaria\/grados-4-6\/localizacion\/\" \/>\n<meta property=\"og:locale\" content=\"es_ES\" \/>\n<meta property=\"og:type\" content=\"article\" \/>\n<meta property=\"og:title\" content=\"Tr\u00f3jj\u0119zyczna szko\u0142a mi\u0119dzynarodowa ITSW | klasy 4-8 | Kampus Nobla na Saskiej K\u0119pie\" \/>\n<meta property=\"og:description\" content=\"Zobacz, jak wygl\u0105da \u017cycie szkolne w Kampusie Nobla ITSW: zielona okolica, nowoczesne sale, wieloj\u0119zyczna biblioteka i przestrze\u0144 do nauki i odpoczynku.\" \/>\n<meta property=\"og:url\" content=\"https:\/\/itsw.edu.pl\/es\/escuela-primaria\/grados-4-6\/localizacion\/\" \/>\n<meta property=\"og:site_name\" content=\"ITSW\" \/>\n<meta property=\"article:publisher\" content=\"https:\/\/www.facebook.com\/ITSW.School.Escuela.Ecole.XueXiao.Gakko.Warsaw\" \/>\n<meta property=\"article:modified_time\" content=\"2026-04-23T19:04:26+00:00\" \/>\n<meta name=\"twitter:card\" content=\"summary_large_image\" \/>\n<script type=\"application\/ld+json\" class=\"yoast-schema-graph\">{\"@context\":\"https:\\\/\\\/schema.org\",\"@graph\":[{\"@type\":\"Article\",\"@id\":\"https:\\\/\\\/itsw.edu.pl\\\/es\\\/escuela-primaria\\\/grados-4-6\\\/localizacion\\\/#article\",\"isPartOf\":{\"@id\":\"https:\\\/\\\/itsw.edu.pl\\\/es\\\/escuela-primaria\\\/grados-4-6\\\/localizacion\\\/\"},\"author\":{\"name\":\"M.K.\",\"@id\":\"https:\\\/\\\/itsw.edu.pl\\\/#\\\/schema\\\/person\\\/4a89b345dd3285b6de291f440f753c8f\"},\"headline\":\"Localizaci\u00f3n\",\"datePublished\":\"2026-01-06T10:06:27+00:00\",\"dateModified\":\"2026-04-23T19:04:26+00:00\",\"mainEntityOfPage\":{\"@id\":\"https:\\\/\\\/itsw.edu.pl\\\/es\\\/escuela-primaria\\\/grados-4-6\\\/localizacion\\\/\"},\"wordCount\":2,\"publisher\":{\"@id\":\"https:\\\/\\\/itsw.edu.pl\\\/#organization\"},\"inLanguage\":\"es\"},{\"@type\":\"WebPage\",\"@id\":\"https:\\\/\\\/itsw.edu.pl\\\/es\\\/escuela-primaria\\\/grados-4-6\\\/localizacion\\\/\",\"url\":\"https:\\\/\\\/itsw.edu.pl\\\/es\\\/escuela-primaria\\\/grados-4-6\\\/localizacion\\\/\",\"name\":\"Szko\u0142a ITSW na Saskiej K\u0119pie | Tr\u00f3jj\u0119zyczny Kampus Nobla w Warszawie - ITSW\",\"isPartOf\":{\"@id\":\"https:\\\/\\\/itsw.edu.pl\\\/#website\"},\"datePublished\":\"2026-01-06T10:06:27+00:00\",\"dateModified\":\"2026-04-23T19:04:26+00:00\",\"description\":\"Poznaj Kampus Nobla \u2013 nowoczesn\u0105 lokalizacj\u0119 ITSW dla klas 4\u20138 na Saskiej K\u0119pie. Bezpieczne, zielone otoczenie, \u0142atwy dojazd i codzienny kontakt z j\u0119zykami.\",\"breadcrumb\":{\"@id\":\"https:\\\/\\\/itsw.edu.pl\\\/es\\\/escuela-primaria\\\/grados-4-6\\\/localizacion\\\/#breadcrumb\"},\"inLanguage\":\"es\",\"potentialAction\":[{\"@type\":\"ReadAction\",\"target\":[\"https:\\\/\\\/itsw.edu.pl\\\/es\\\/escuela-primaria\\\/grados-4-6\\\/localizacion\\\/\"]}]},{\"@type\":\"BreadcrumbList\",\"@id\":\"https:\\\/\\\/itsw.edu.pl\\\/es\\\/escuela-primaria\\\/grados-4-6\\\/localizacion\\\/#breadcrumb\",\"itemListElement\":[{\"@type\":\"ListItem\",\"position\":1,\"name\":\"ITSW\",\"item\":\"https:\\\/\\\/itsw.edu.pl\\\/es\\\/\"},{\"@type\":\"ListItem\",\"position\":2,\"name\":\"Szko\u0142a podstawowa es\",\"item\":\"https:\\\/\\\/itsw.edu.pl\\\/es\\\/escuela-primaria\\\/\"},{\"@type\":\"ListItem\",\"position\":3,\"name\":\"Grados 4-6\",\"item\":\"https:\\\/\\\/itsw.edu.pl\\\/es\\\/escuela-primaria\\\/grados-4-6\\\/\"},{\"@type\":\"ListItem\",\"position\":4,\"name\":\"Localizaci\u00f3n\"}]},{\"@type\":\"WebSite\",\"@id\":\"https:\\\/\\\/itsw.edu.pl\\\/#website\",\"url\":\"https:\\\/\\\/itsw.edu.pl\\\/\",\"name\":\"ITSW\",\"description\":\"\",\"publisher\":{\"@id\":\"https:\\\/\\\/itsw.edu.pl\\\/#organization\"},\"alternateName\":\"International Trilingual School of Warsaw\",\"potentialAction\":[{\"@type\":\"SearchAction\",\"target\":{\"@type\":\"EntryPoint\",\"urlTemplate\":\"https:\\\/\\\/itsw.edu.pl\\\/?s={search_term_string}\"},\"query-input\":{\"@type\":\"PropertyValueSpecification\",\"valueRequired\":true,\"valueName\":\"search_term_string\"}}],\"inLanguage\":\"es\"},{\"@type\":\"Organization\",\"@id\":\"https:\\\/\\\/itsw.edu.pl\\\/#organization\",\"name\":\"International Trilingual School of Warsaw\",\"alternateName\":\"International Trilingual School of Warsaw\",\"url\":\"https:\\\/\\\/itsw.edu.pl\\\/\",\"logo\":{\"@type\":\"ImageObject\",\"inLanguage\":\"es\",\"@id\":\"https:\\\/\\\/itsw.edu.pl\\\/#\\\/schema\\\/logo\\\/image\\\/\",\"url\":\"https:\\\/\\\/itsw.edu.pl\\\/wp-content\\\/uploads\\\/itsw-logo.png\",\"contentUrl\":\"https:\\\/\\\/itsw.edu.pl\\\/wp-content\\\/uploads\\\/itsw-logo.png\",\"width\":350,\"height\":103,\"caption\":\"International Trilingual School of Warsaw\"},\"image\":{\"@id\":\"https:\\\/\\\/itsw.edu.pl\\\/#\\\/schema\\\/logo\\\/image\\\/\"},\"sameAs\":[\"https:\\\/\\\/www.facebook.com\\\/ITSW.School.Escuela.Ecole.XueXiao.Gakko.Warsaw\"]},{\"@type\":\"Person\",\"@id\":\"https:\\\/\\\/itsw.edu.pl\\\/#\\\/schema\\\/person\\\/4a89b345dd3285b6de291f440f753c8f\",\"name\":\"M.K.\"}]}<\/script>\n<!-- \/ Yoast SEO plugin. -->","yoast_head_json":{"title":"Szko\u0142a ITSW na Saskiej K\u0119pie | Tr\u00f3jj\u0119zyczny Kampus Nobla w Warszawie - ITSW","description":"Poznaj Kampus Nobla \u2013 nowoczesn\u0105 lokalizacj\u0119 ITSW dla klas 4\u20138 na Saskiej K\u0119pie. Bezpieczne, zielone otoczenie, \u0142atwy dojazd i codzienny kontakt z j\u0119zykami.","robots":{"index":"index","follow":"follow","max-snippet":"max-snippet:-1","max-image-preview":"max-image-preview:large","max-video-preview":"max-video-preview:-1"},"canonical":"https:\/\/itsw.edu.pl\/es\/escuela-primaria\/grados-4-6\/localizacion\/","og_locale":"es_ES","og_type":"article","og_title":"Tr\u00f3jj\u0119zyczna szko\u0142a mi\u0119dzynarodowa ITSW | klasy 4-8 | Kampus Nobla na Saskiej K\u0119pie","og_description":"Zobacz, jak wygl\u0105da \u017cycie szkolne w Kampusie Nobla ITSW: zielona okolica, nowoczesne sale, wieloj\u0119zyczna biblioteka i przestrze\u0144 do nauki i odpoczynku.","og_url":"https:\/\/itsw.edu.pl\/es\/escuela-primaria\/grados-4-6\/localizacion\/","og_site_name":"ITSW","article_publisher":"https:\/\/www.facebook.com\/ITSW.School.Escuela.Ecole.XueXiao.Gakko.Warsaw","article_modified_time":"2026-04-23T19:04:26+00:00","twitter_card":"summary_large_image","schema":{"@context":"https:\/\/schema.org","@graph":[{"@type":"Article","@id":"https:\/\/itsw.edu.pl\/es\/escuela-primaria\/grados-4-6\/localizacion\/#article","isPartOf":{"@id":"https:\/\/itsw.edu.pl\/es\/escuela-primaria\/grados-4-6\/localizacion\/"},"author":{"name":"M.K.","@id":"https:\/\/itsw.edu.pl\/#\/schema\/person\/4a89b345dd3285b6de291f440f753c8f"},"headline":"Localizaci\u00f3n","datePublished":"2026-01-06T10:06:27+00:00","dateModified":"2026-04-23T19:04:26+00:00","mainEntityOfPage":{"@id":"https:\/\/itsw.edu.pl\/es\/escuela-primaria\/grados-4-6\/localizacion\/"},"wordCount":2,"publisher":{"@id":"https:\/\/itsw.edu.pl\/#organization"},"inLanguage":"es"},{"@type":"WebPage","@id":"https:\/\/itsw.edu.pl\/es\/escuela-primaria\/grados-4-6\/localizacion\/","url":"https:\/\/itsw.edu.pl\/es\/escuela-primaria\/grados-4-6\/localizacion\/","name":"Szko\u0142a ITSW na Saskiej K\u0119pie | Tr\u00f3jj\u0119zyczny Kampus Nobla w Warszawie - ITSW","isPartOf":{"@id":"https:\/\/itsw.edu.pl\/#website"},"datePublished":"2026-01-06T10:06:27+00:00","dateModified":"2026-04-23T19:04:26+00:00","description":"Poznaj Kampus Nobla \u2013 nowoczesn\u0105 lokalizacj\u0119 ITSW dla klas 4\u20138 na Saskiej K\u0119pie. Bezpieczne, zielone otoczenie, \u0142atwy dojazd i codzienny kontakt z j\u0119zykami.","breadcrumb":{"@id":"https:\/\/itsw.edu.pl\/es\/escuela-primaria\/grados-4-6\/localizacion\/#breadcrumb"},"inLanguage":"es","potentialAction":[{"@type":"ReadAction","target":["https:\/\/itsw.edu.pl\/es\/escuela-primaria\/grados-4-6\/localizacion\/"]}]},{"@type":"BreadcrumbList","@id":"https:\/\/itsw.edu.pl\/es\/escuela-primaria\/grados-4-6\/localizacion\/#breadcrumb","itemListElement":[{"@type":"ListItem","position":1,"name":"ITSW","item":"https:\/\/itsw.edu.pl\/es\/"},{"@type":"ListItem","position":2,"name":"Szko\u0142a podstawowa es","item":"https:\/\/itsw.edu.pl\/es\/escuela-primaria\/"},{"@type":"ListItem","position":3,"name":"Grados 4-6","item":"https:\/\/itsw.edu.pl\/es\/escuela-primaria\/grados-4-6\/"},{"@type":"ListItem","position":4,"name":"Localizaci\u00f3n"}]},{"@type":"WebSite","@id":"https:\/\/itsw.edu.pl\/#website","url":"https:\/\/itsw.edu.pl\/","name":"ITSW","description":"","publisher":{"@id":"https:\/\/itsw.edu.pl\/#organization"},"alternateName":"International Trilingual School of Warsaw","potentialAction":[{"@type":"SearchAction","target":{"@type":"EntryPoint","urlTemplate":"https:\/\/itsw.edu.pl\/?s={search_term_string}"},"query-input":{"@type":"PropertyValueSpecification","valueRequired":true,"valueName":"search_term_string"}}],"inLanguage":"es"},{"@type":"Organization","@id":"https:\/\/itsw.edu.pl\/#organization","name":"International Trilingual School of Warsaw","alternateName":"International Trilingual School of Warsaw","url":"https:\/\/itsw.edu.pl\/","logo":{"@type":"ImageObject","inLanguage":"es","@id":"https:\/\/itsw.edu.pl\/#\/schema\/logo\/image\/","url":"https:\/\/itsw.edu.pl\/wp-content\/uploads\/itsw-logo.png","contentUrl":"https:\/\/itsw.edu.pl\/wp-content\/uploads\/itsw-logo.png","width":350,"height":103,"caption":"International Trilingual School of Warsaw"},"image":{"@id":"https:\/\/itsw.edu.pl\/#\/schema\/logo\/image\/"},"sameAs":["https:\/\/www.facebook.com\/ITSW.School.Escuela.Ecole.XueXiao.Gakko.Warsaw"]},{"@type":"Person","@id":"https:\/\/itsw.edu.pl\/#\/schema\/person\/4a89b345dd3285b6de291f440f753c8f","name":"M.K."}]}},"_links":{"self":[{"href":"https:\/\/itsw.edu.pl\/es\/wp-json\/wp\/v2\/pages\/243793","targetHints":{"allow":["GET"]}}],"collection":[{"href":"https:\/\/itsw.edu.pl\/es\/wp-json\/wp\/v2\/pages"}],"about":[{"href":"https:\/\/itsw.edu.pl\/es\/wp-json\/wp\/v2\/types\/page"}],"author":[{"embeddable":true,"href":"https:\/\/itsw.edu.pl\/es\/wp-json\/wp\/v2\/users\/3"}],"replies":[{"embeddable":true,"href":"https:\/\/itsw.edu.pl\/es\/wp-json\/wp\/v2\/comments?post=243793"}],"version-history":[{"count":11,"href":"https:\/\/itsw.edu.pl\/es\/wp-json\/wp\/v2\/pages\/243793\/revisions"}],"predecessor-version":[{"id":252461,"href":"https:\/\/itsw.edu.pl\/es\/wp-json\/wp\/v2\/pages\/243793\/revisions\/252461"}],"up":[{"embeddable":true,"href":"https:\/\/itsw.edu.pl\/es\/wp-json\/wp\/v2\/pages\/245099"}],"wp:attachment":[{"href":"https:\/\/itsw.edu.pl\/es\/wp-json\/wp\/v2\/media?parent=243793"}],"curies":[{"name":"wp","href":"https:\/\/api.w.org\/{rel}","templated":true}]}}