{"id":243783,"date":"2026-01-06T11:02:18","date_gmt":"2026-01-06T10:02:18","guid":{"rendered":"https:\/\/itsw.edu.pl\/?page_id=243783"},"modified":"2026-01-14T07:19:45","modified_gmt":"2026-01-14T06:19:45","slug":"horarios","status":"publish","type":"page","link":"https:\/\/itsw.edu.pl\/es\/escuela-primaria\/grados-4-6\/horarios\/","title":{"rendered":"Horarios"},"content":{"rendered":"<div class=\"et_pb_section_0 et_pb_section et_section_regular et_block_section\">\n<div class=\"et_pb_row_0 et_pb_row et_block_row\">\n<div class=\"et_pb_column_0 et_pb_column et_pb_column_4_4 et-last-child et_block_column et_pb_css_mix_blend_mode_passthrough\">\n<div class=\"et_pb_heading_0 et_pb_heading et_pb_module et_block_module\"><div class=\"et_pb_heading_container\"><h1 class=\"et_pb_module_header\">Plan zaj\u0119\u0107 w tr\u00f3jj\u0119zycznej szkole podstawowej ITSW (klasy 4\u20136)<\/h1><\/div><\/div>\n<\/div>\n<\/div>\n<\/div>\n\n<div class=\"et_pb_section_1 et_pb_section et_section_regular et_block_section\">\n<div class=\"et_pb_row_1 et_pb_row et_flex_row\">\n<div class=\"et_pb_column_1 et_pb_column et-last-child et_block_column et_pb_css_mix_blend_mode_passthrough et_flex_column_24_24 et_flex_column_24_24_tablet et_flex_column_24_24_phone\">\n<div class=\"et_pb_text_0 et_pb_text et_pb_bg_layout_light et_pb_module et_block_module\"><div class=\"et_pb_text_inner\"><p>Zaj\u0119cia w klasach 4\u20136 s\u0105 prowadzone w modelu tr\u00f3jj\u0119zycznym, dzi\u0119ki czemu j\u0119zyk staje si\u0119 naturalnym narz\u0119dziem nauki \u2014 nie osobnym przedmiotem. <strong>D\u0142u\u017cszy dzie\u0144 szkolny pozwala realizowa\u0107 bogaty program edukacyjny, projekty mi\u0119dzynarodowe oraz regularny kontakt z native speakerami<\/strong>. Rozk\u0142ad dnia jest dostosowany do potrzeb rozwojowych uczni\u00f3w i przeplatany zaj\u0119ciami sportowymi i artystycznymi oraz wyd\u0142u\u017conymi przerwami, kt\u00f3re s\u0105 organizowane na zewn\u0105trz.<\/p>\n<\/div><\/div>\n<\/div>\n<\/div>\n\n<div class=\"et_pb_row_2 et_pb_row et_block_row\">\n<div class=\"et_pb_column_2 et_pb_column et_pb_column_1_2 et_block_column et_pb_css_mix_blend_mode_passthrough\">\n<div class=\"et_pb_image_0 et_pb_image et_pb_module et_block_module\"><span class=\"et_pb_image_wrap\"><img decoding=\"async\" src=\"https:\/\/itsw.edu.pl\/wp-content\/uploads\/lekcje-rownowazonego-rozwoju-klasy-4-6.jpg\" alt=\"Lekce w klasach 4-6\" title=\"Lekcje rownowazonego rozwoju klasy 4-6\" width=\"763\" height=\"619\" srcset=\"https:\/\/itsw.edu.pl\/wp-content\/uploads\/lekcje-rownowazonego-rozwoju-klasy-4-6.jpg 763w, https:\/\/itsw.edu.pl\/wp-content\/uploads\/lekcje-rownowazonego-rozwoju-klasy-4-6-480x389.jpg 480w\" sizes=\"(min-width: 0px) and (max-width: 480px) 480px, (min-width: 481px) 763px, 100vw\" class=\"wp-image-248873\" \/><\/span><\/div>\n<\/div>\n\n<div class=\"et_pb_column_3 et_pb_column et_pb_column_1_2 et-last-child et_block_column et_pb_css_mix_blend_mode_passthrough\">\n<div class=\"et_pb_text_1 et_pb_text et_pb_bg_layout_light et_pb_module et_block_module\"><div class=\"et_pb_text_inner\"><h2>Kluczowe elementy planu dnia<\/h2>\n<ul>\n<li>\n<p>Wielo\u00adj\u0119zyczne lekcje przedmiotowe (matematyka, przyroda, j\u0119zyk i literatura, edukacja spo\u0142eczno-kulturowa).<\/p>\n<\/li>\n<li>\n<p>Przeplatane aktywno\u015bci sportowe i artystyczne, wspieraj\u0105ce koncentracj\u0119 i dobrostan.<\/p>\n<\/li>\n<li>\n<p>Wyd\u0142u\u017cone przerwy na \u015bwie\u017cym powietrzu, zorganizowane w spos\u00f3b sprzyjaj\u0105cy ruchowi i integracji.<\/p>\n<\/li>\n<li>\n<p>Zako\u0144czenie zaj\u0119\u0107 obowi\u0105zkowych o 17:00.<\/p>\n<\/li>\n<\/ul>\n<\/div><\/div>\n\n<div class=\"et_pb_module et_pb_button_module_wrapper et_pb_button_0_wrapper\"><a class=\"et_pb_button_0 et_pb_button et_pb_bg_layout_light et_pb_module et_block_module\" href=\"https:\/\/itsw.edu.pl\/szkola-podstawowa\/klasy-4-6\/kampus\">Poznaj nasz kampus<\/a><\/div>\n<\/div>\n<\/div>\n\n<div class=\"et_pb_row_3 et_pb_row et_flex_row\">\n<div class=\"et_pb_column_4 et_pb_column et_block_column et_pb_css_mix_blend_mode_passthrough et_flex_column_12_24 et_flex_column_12_24_tablet et_flex_column_24_24_phone\">\n<div class=\"et_pb_text_2 et_pb_text et_pb_bg_layout_light et_pb_module et_block_module\"><div class=\"et_pb_text_inner\"><h2 style=\"margin-bottom: 15px;\">Zaj\u0119cia pozalekcyjne w trzecim j\u0119zyku (17:00\u201318:30)<\/h2>\n<p>Po zako\u0144czeniu lekcji obowi\u0105zkowych uczniowie mog\u0105 uczestniczy\u0107 w bezp\u0142atnych zaj\u0119ciach rozwijaj\u0105cych ich zainteresowania oraz kompetencje j\u0119zykowe w wybranym trzecim j\u0119zyku nauczania. Oferta zaj\u0119\u0107 zmienia si\u0119 co roku, aby odpowiada\u0107 na potrzeby uczni\u00f3w i nowe kierunki rozwojowe.<\/p>\n<h3>Przyk\u0142adowe zaj\u0119cia po lekcjach:<\/h3>\n<ul>\n<li>warsztaty kulturowe i projektowe (kaligrafia, malarstwo etc)<\/li>\n<li>zaj\u0119cia muzyczne i artystyczne (break dance etc.)<\/li>\n<li>zaj\u0119cia sportowe (wushu, rugby, gymnastics etc)<\/li>\n<li>kluby zainteresowa\u0144 (science club, literary club, theatre club, robotics, engineering),<\/li>\n<li>zaj\u0119cia z innych j\u0119zyk\u00f3w (w\u0142oski, arabski)<\/li>\n<\/ul>\n<p>Te zaj\u0119cia wspieraj\u0105 zar\u00f3wno rozw\u00f3j pasji szkolnych i pozaszkolnych, jak i pewno\u015b\u0107 komunikacyjn\u0105 w j\u0119zykach obcych.<\/p>\n<\/div><\/div>\n<\/div>\n\n<div class=\"et_pb_column_5 et_pb_column et-last-child et_flex_column et_pb_css_mix_blend_mode_passthrough et_flex_column_12_24 et_flex_column_12_24_tablet et_flex_column_24_24_phone\">\n<div class=\"et_pb_image_1 et_pb_image et_pb_module et_block_module\"><span class=\"et_pb_image_wrap\"><img decoding=\"async\" src=\"https:\/\/itsw.edu.pl\/wp-content\/uploads\/warsztaty-kaligrafii-chinskiej-w-klasie-4-6.jpg\" alt=\"Children learning by play ITSW\" title=\"Group 1948759351\" width=\"833\" height=\"675\" srcset=\"https:\/\/itsw.edu.pl\/wp-content\/uploads\/warsztaty-kaligrafii-chinskiej-w-klasie-4-6.jpg 833w, https:\/\/itsw.edu.pl\/wp-content\/uploads\/warsztaty-kaligrafii-chinskiej-w-klasie-4-6-480x389.jpg 480w\" sizes=\"(min-width: 0px) and (max-width: 480px) 480px, (min-width: 481px) 833px, 100vw\" class=\"wp-image-248864\" \/><\/span><\/div>\n\n<div class=\"et_pb_module et_pb_button_module_wrapper et_pb_button_1_wrapper\"><a class=\"et_pb_button_1 et_pb_button et_pb_bg_layout_light et_pb_module et_block_module\" href=\"https:\/\/itsw.edu.pl\/kontakt\">Um\u00f3w si\u0119\u00a0na spotkanie<\/a><\/div>\n<\/div>\n<\/div>\n\n<div class=\"et_pb_row_4 et_pb_row et_block_row\">\n<div class=\"et_pb_column_6 et_pb_column et_pb_column_1_2 et_block_column et_pb_css_mix_blend_mode_passthrough\">\n<div class=\"et_pb_image_2 et_pb_image et_pb_module et_block_module\"><span class=\"et_pb_image_wrap\"><img decoding=\"async\" src=\"https:\/\/itsw.edu.pl\/wp-content\/uploads\/trojjeczycznosc.jpg\" title=\"Trojjeczycznosc\" width=\"555\" height=\"450\" srcset=\"https:\/\/itsw.edu.pl\/wp-content\/uploads\/trojjeczycznosc.jpg 555w, https:\/\/itsw.edu.pl\/wp-content\/uploads\/trojjeczycznosc-480x389.jpg 480w\" sizes=\"(min-width: 0px) and (max-width: 480px) 480px, (min-width: 481px) 555px, 100vw\" class=\"wp-image-248582\" alt=\"Children learning by play ITSW\" \/><\/span><\/div>\n<\/div>\n\n<div class=\"et_pb_column_7 et_pb_column et_pb_column_1_2 et-last-child et_block_column et_pb_css_mix_blend_mode_passthrough\">\n<div class=\"et_pb_text_3 et_pb_text et_pb_bg_layout_light et_pb_module et_block_module\"><div class=\"et_pb_text_inner\"><h2>Roczny harmonogram nauki klas 4\u20136<\/h2>\n<p>Szko\u0142a podstawowa ITSW funkcjonuje przez <strong>10 miesi\u0119cy w roku<\/strong>, zgodnie z kalendarzem edukacyjnym. opr\u00f3cz \u015bwi\u0105t pa\u0144stwowych. Od wrze\u015bnia do czerwca uczymy wed\u0142ug harmonogramu podanego poni\u017cej. Podczas kr\u00f3tkich przerw oferujemy tematyczne zaj\u0119cia \u015bwietlicowe. W lipcu i sierpniu szko\u0142a jest zamkni\u0119ta. W jej siedzibie organizowane s\u0105 <strong>zaj\u0119cia letnie po hiszpa\u0144sku, polsku i po angielsku<\/strong>.<\/p>\n<\/div><\/div>\n\n<div class=\"et_pb_module et_pb_button_module_wrapper et_pb_button_2_wrapper\"><a class=\"et_pb_button_2 et_pb_button et_pb_bg_layout_light et_pb_module et_block_module\" href=\"https:\/\/itsw.edu.pl\/szkola-podstawowa\/klasy-4-6\/kampus\">Odwied\u017a nasz\u0105 szko\u0142\u0119<\/a><\/div>\n<\/div>\n<\/div>\n<\/div>\n\n<div class=\"et_pb_section_2 et_pb_section et_section_regular et_block_section\">\n<div class=\"et_pb_row_5 et_pb_row et_block_row\">\n<div class=\"et_pb_column_8 et_pb_column et_pb_column_4_4 et-last-child et_block_column et_pb_css_mix_blend_mode_passthrough\">\n<div class=\"et_pb_text_4 et_pb_text et_pb_bg_layout_light et_pb_module et_block_module\"><div class=\"et_pb_text_inner\"><h2 style=\"text-align: center;\"><strong>Przyk\u0142adowy plan dnia klasy 4-6<\/strong><\/h2>\n<p>Nasz program umo\u017cliwia nauk\u0119 w naturalnym zanurzeniu j\u0119zykowym oraz przygotowuje do wy\u017cszych etap\u00f3w edukacji.<\/p>\n<\/div><\/div>\n<\/div>\n<\/div>\n\n<div class=\"et_pb_row_6 et_pb_row et_block_row\">\n<div class=\"et_pb_column_9 et_pb_column et_pb_column_4_4 et-last-child et_block_column et_pb_css_mix_blend_mode_passthrough\">\n<div class=\"et_pb_image_3 et_pb_image et_pb_module et_flex_module\"><span class=\"et_pb_image_wrap\"><img decoding=\"async\" src=\"https:\/\/itsw.edu.pl\/wp-content\/uploads\/plan-lekcji2.jpg\" title=\"plan lekcji2\" width=\"794\" height=\"1123\" srcset=\"https:\/\/itsw.edu.pl\/wp-content\/uploads\/plan-lekcji2.jpg 794w, https:\/\/itsw.edu.pl\/wp-content\/uploads\/plan-lekcji2-480x679.jpg 480w\" sizes=\"(min-width: 0px) and (max-width: 480px) 480px, (min-width: 481px) 794px, 100vw\" class=\"wp-image-243221\" \/><\/span><\/div>\n\n<div class=\"et_pb_image_4 et_pb_image et_pb_module et_flex_module\"><span class=\"et_pb_image_wrap\"><img decoding=\"async\" src=\"https:\/\/itsw.edu.pl\/wp-content\/uploads\/plan-lekcji3.jpg\" title=\"plan lekcji3\" width=\"794\" height=\"1123\" srcset=\"https:\/\/itsw.edu.pl\/wp-content\/uploads\/plan-lekcji3.jpg 794w, https:\/\/itsw.edu.pl\/wp-content\/uploads\/plan-lekcji3-480x679.jpg 480w\" sizes=\"(min-width: 0px) and (max-width: 480px) 480px, (min-width: 481px) 794px, 100vw\" class=\"wp-image-243214\" \/><\/span><\/div>\n<\/div>\n<\/div>\n\n<div class=\"et_pb_row_7 et_pb_row et_block_row\">\n<div class=\"et_pb_column_10 et_pb_column et_pb_column_4_4 et-last-child et_block_column et_pb_css_mix_blend_mode_passthrough\">\n<div class=\"et_pb_row_8 et_pb_row et_pb_row_nested et_flex_row\">\n<div class=\"et_pb_column_11 et_pb_column et_flex_column et_pb_css_mix_blend_mode_passthrough et_flex_column_24_24 et_flex_column_24_24_tablet et_flex_column_24_24_phone\">\n<div class=\"et_pb_module et_pb_button_module_wrapper et_pb_button_3_wrapper\"><a class=\"et_pb_button_3 et_pb_button et_pb_bg_layout_light et_pb_module et_block_module\" href=\"https:\/\/itsw.edu.pl\/szkola-podstawowa\/klasy-4-6\/kampus\">Poznaj kampus Nobla<\/a><\/div>\n<\/div>\n\n<div class=\"et_pb_column_12 et_pb_column et-last-child et_flex_column et_pb_css_mix_blend_mode_passthrough et_flex_column_24_24 et_flex_column_24_24_tablet et_flex_column_24_24_phone\">\n<div class=\"et_pb_module et_pb_button_module_wrapper et_pb_button_4_wrapper\"><a class=\"et_pb_button_4 et_pb_button et_pb_bg_layout_light et_pb_module et_block_module\" href=\"https:\/\/itsw.edu.pl\/edublog\" target=\"_blank\">Wi\u0119cej o nauce j\u0119zyk\u00f3w w Edublog<\/a><\/div>\n<\/div>\n<\/div>\n<\/div>\n<\/div>\n<\/div>","protected":false},"excerpt":{"rendered":"","protected":false},"author":3,"featured_media":0,"parent":245099,"menu_order":1,"comment_status":"closed","ping_status":"closed","template":"","meta":{"_acf_changed":false,"inline_featured_image":false,"footnotes":""},"class_list":["post-243783","page","type-page","status-publish","hentry"],"acf":[],"yoast_head":"<!-- This site is optimized with the Yoast SEO plugin v27.4 - https:\/\/yoast.com\/product\/yoast-seo-wordpress\/ -->\n<title>Plan zaj\u0119\u0107 klas 4\u20136 | Tr\u00f3jj\u0119zyczna Szko\u0142a Podstawowa ITSW WarszawaP - ITSW<\/title>\n<meta name=\"description\" content=\"obacz, jak wygl\u0105da dzie\u0144 w klasach 4\u20136 ITSW. Tr\u00f3jj\u0119zyczne lekcje, sport i sztuka, d\u0142ugie przerwy i warsztaty j\u0119zykowe po lekcjach \u2013 wszystko w inspiruj\u0105cym \u015brodowisku.\" \/>\n<meta name=\"robots\" content=\"index, follow, max-snippet:-1, max-image-preview:large, max-video-preview:-1\" \/>\n<link rel=\"canonical\" href=\"https:\/\/itsw.edu.pl\/es\/escuela-primaria\/grados-4-6\/horarios\/\" \/>\n<meta property=\"og:locale\" content=\"es_ES\" \/>\n<meta property=\"og:type\" content=\"article\" \/>\n<meta property=\"og:title\" content=\"ITSW Plan zaj\u0119\u0107 klas 4\u20136 | Nauka i pasja w trzech j\u0119zykach\" \/>\n<meta property=\"og:description\" content=\"Sprawd\u017a harmonogram klas 4\u20136 w ITSW: tr\u00f3jj\u0119zyczna nauka, lekcje z native speakerami, warsztaty artystyczne i sportowe oraz codzienne zanurzenie j\u0119zykowe.\" \/>\n<meta property=\"og:url\" content=\"https:\/\/itsw.edu.pl\/es\/escuela-primaria\/grados-4-6\/horarios\/\" \/>\n<meta property=\"og:site_name\" content=\"ITSW\" \/>\n<meta property=\"article:publisher\" content=\"https:\/\/www.facebook.com\/ITSW.School.Escuela.Ecole.XueXiao.Gakko.Warsaw\" \/>\n<meta property=\"article:modified_time\" content=\"2026-01-14T06:19:45+00:00\" \/>\n<meta name=\"twitter:card\" content=\"summary_large_image\" \/>\n<script type=\"application\/ld+json\" class=\"yoast-schema-graph\">{\"@context\":\"https:\\\/\\\/schema.org\",\"@graph\":[{\"@type\":\"Article\",\"@id\":\"https:\\\/\\\/itsw.edu.pl\\\/es\\\/escuela-primaria\\\/grados-4-6\\\/horarios\\\/#article\",\"isPartOf\":{\"@id\":\"https:\\\/\\\/itsw.edu.pl\\\/es\\\/escuela-primaria\\\/grados-4-6\\\/horarios\\\/\"},\"author\":{\"name\":\"M.K.\",\"@id\":\"https:\\\/\\\/itsw.edu.pl\\\/#\\\/schema\\\/person\\\/4a89b345dd3285b6de291f440f753c8f\"},\"headline\":\"Horarios\",\"datePublished\":\"2026-01-06T10:02:18+00:00\",\"dateModified\":\"2026-01-14T06:19:45+00:00\",\"mainEntityOfPage\":{\"@id\":\"https:\\\/\\\/itsw.edu.pl\\\/es\\\/escuela-primaria\\\/grados-4-6\\\/horarios\\\/\"},\"wordCount\":1,\"publisher\":{\"@id\":\"https:\\\/\\\/itsw.edu.pl\\\/#organization\"},\"inLanguage\":\"es\"},{\"@type\":\"WebPage\",\"@id\":\"https:\\\/\\\/itsw.edu.pl\\\/es\\\/escuela-primaria\\\/grados-4-6\\\/horarios\\\/\",\"url\":\"https:\\\/\\\/itsw.edu.pl\\\/es\\\/escuela-primaria\\\/grados-4-6\\\/horarios\\\/\",\"name\":\"Plan zaj\u0119\u0107 klas 4\u20136 | Tr\u00f3jj\u0119zyczna Szko\u0142a Podstawowa ITSW WarszawaP - ITSW\",\"isPartOf\":{\"@id\":\"https:\\\/\\\/itsw.edu.pl\\\/#website\"},\"datePublished\":\"2026-01-06T10:02:18+00:00\",\"dateModified\":\"2026-01-14T06:19:45+00:00\",\"description\":\"obacz, jak wygl\u0105da dzie\u0144 w klasach 4\u20136 ITSW. Tr\u00f3jj\u0119zyczne lekcje, sport i sztuka, d\u0142ugie przerwy i warsztaty j\u0119zykowe po lekcjach \u2013 wszystko w inspiruj\u0105cym \u015brodowisku.\",\"breadcrumb\":{\"@id\":\"https:\\\/\\\/itsw.edu.pl\\\/es\\\/escuela-primaria\\\/grados-4-6\\\/horarios\\\/#breadcrumb\"},\"inLanguage\":\"es\",\"potentialAction\":[{\"@type\":\"ReadAction\",\"target\":[\"https:\\\/\\\/itsw.edu.pl\\\/es\\\/escuela-primaria\\\/grados-4-6\\\/horarios\\\/\"]}]},{\"@type\":\"BreadcrumbList\",\"@id\":\"https:\\\/\\\/itsw.edu.pl\\\/es\\\/escuela-primaria\\\/grados-4-6\\\/horarios\\\/#breadcrumb\",\"itemListElement\":[{\"@type\":\"ListItem\",\"position\":1,\"name\":\"ITSW\",\"item\":\"https:\\\/\\\/itsw.edu.pl\\\/es\\\/\"},{\"@type\":\"ListItem\",\"position\":2,\"name\":\"Szko\u0142a podstawowa es\",\"item\":\"https:\\\/\\\/itsw.edu.pl\\\/es\\\/escuela-primaria\\\/\"},{\"@type\":\"ListItem\",\"position\":3,\"name\":\"Grados 4-6\",\"item\":\"https:\\\/\\\/itsw.edu.pl\\\/es\\\/escuela-primaria\\\/grados-4-6\\\/\"},{\"@type\":\"ListItem\",\"position\":4,\"name\":\"Horarios\"}]},{\"@type\":\"WebSite\",\"@id\":\"https:\\\/\\\/itsw.edu.pl\\\/#website\",\"url\":\"https:\\\/\\\/itsw.edu.pl\\\/\",\"name\":\"ITSW\",\"description\":\"\",\"publisher\":{\"@id\":\"https:\\\/\\\/itsw.edu.pl\\\/#organization\"},\"alternateName\":\"International Trilingual School of Warsaw\",\"potentialAction\":[{\"@type\":\"SearchAction\",\"target\":{\"@type\":\"EntryPoint\",\"urlTemplate\":\"https:\\\/\\\/itsw.edu.pl\\\/?s={search_term_string}\"},\"query-input\":{\"@type\":\"PropertyValueSpecification\",\"valueRequired\":true,\"valueName\":\"search_term_string\"}}],\"inLanguage\":\"es\"},{\"@type\":\"Organization\",\"@id\":\"https:\\\/\\\/itsw.edu.pl\\\/#organization\",\"name\":\"International Trilingual School of Warsaw\",\"alternateName\":\"International Trilingual School of Warsaw\",\"url\":\"https:\\\/\\\/itsw.edu.pl\\\/\",\"logo\":{\"@type\":\"ImageObject\",\"inLanguage\":\"es\",\"@id\":\"https:\\\/\\\/itsw.edu.pl\\\/#\\\/schema\\\/logo\\\/image\\\/\",\"url\":\"https:\\\/\\\/itsw.edu.pl\\\/wp-content\\\/uploads\\\/itsw-logo.png\",\"contentUrl\":\"https:\\\/\\\/itsw.edu.pl\\\/wp-content\\\/uploads\\\/itsw-logo.png\",\"width\":350,\"height\":103,\"caption\":\"International Trilingual School of Warsaw\"},\"image\":{\"@id\":\"https:\\\/\\\/itsw.edu.pl\\\/#\\\/schema\\\/logo\\\/image\\\/\"},\"sameAs\":[\"https:\\\/\\\/www.facebook.com\\\/ITSW.School.Escuela.Ecole.XueXiao.Gakko.Warsaw\"]},{\"@type\":\"Person\",\"@id\":\"https:\\\/\\\/itsw.edu.pl\\\/#\\\/schema\\\/person\\\/4a89b345dd3285b6de291f440f753c8f\",\"name\":\"M.K.\"}]}<\/script>\n<!-- \/ Yoast SEO plugin. -->","yoast_head_json":{"title":"Plan zaj\u0119\u0107 klas 4\u20136 | Tr\u00f3jj\u0119zyczna Szko\u0142a Podstawowa ITSW WarszawaP - ITSW","description":"obacz, jak wygl\u0105da dzie\u0144 w klasach 4\u20136 ITSW. Tr\u00f3jj\u0119zyczne lekcje, sport i sztuka, d\u0142ugie przerwy i warsztaty j\u0119zykowe po lekcjach \u2013 wszystko w inspiruj\u0105cym \u015brodowisku.","robots":{"index":"index","follow":"follow","max-snippet":"max-snippet:-1","max-image-preview":"max-image-preview:large","max-video-preview":"max-video-preview:-1"},"canonical":"https:\/\/itsw.edu.pl\/es\/escuela-primaria\/grados-4-6\/horarios\/","og_locale":"es_ES","og_type":"article","og_title":"ITSW Plan zaj\u0119\u0107 klas 4\u20136 | Nauka i pasja w trzech j\u0119zykach","og_description":"Sprawd\u017a harmonogram klas 4\u20136 w ITSW: tr\u00f3jj\u0119zyczna nauka, lekcje z native speakerami, warsztaty artystyczne i sportowe oraz codzienne zanurzenie j\u0119zykowe.","og_url":"https:\/\/itsw.edu.pl\/es\/escuela-primaria\/grados-4-6\/horarios\/","og_site_name":"ITSW","article_publisher":"https:\/\/www.facebook.com\/ITSW.School.Escuela.Ecole.XueXiao.Gakko.Warsaw","article_modified_time":"2026-01-14T06:19:45+00:00","twitter_card":"summary_large_image","schema":{"@context":"https:\/\/schema.org","@graph":[{"@type":"Article","@id":"https:\/\/itsw.edu.pl\/es\/escuela-primaria\/grados-4-6\/horarios\/#article","isPartOf":{"@id":"https:\/\/itsw.edu.pl\/es\/escuela-primaria\/grados-4-6\/horarios\/"},"author":{"name":"M.K.","@id":"https:\/\/itsw.edu.pl\/#\/schema\/person\/4a89b345dd3285b6de291f440f753c8f"},"headline":"Horarios","datePublished":"2026-01-06T10:02:18+00:00","dateModified":"2026-01-14T06:19:45+00:00","mainEntityOfPage":{"@id":"https:\/\/itsw.edu.pl\/es\/escuela-primaria\/grados-4-6\/horarios\/"},"wordCount":1,"publisher":{"@id":"https:\/\/itsw.edu.pl\/#organization"},"inLanguage":"es"},{"@type":"WebPage","@id":"https:\/\/itsw.edu.pl\/es\/escuela-primaria\/grados-4-6\/horarios\/","url":"https:\/\/itsw.edu.pl\/es\/escuela-primaria\/grados-4-6\/horarios\/","name":"Plan zaj\u0119\u0107 klas 4\u20136 | Tr\u00f3jj\u0119zyczna Szko\u0142a Podstawowa ITSW WarszawaP - ITSW","isPartOf":{"@id":"https:\/\/itsw.edu.pl\/#website"},"datePublished":"2026-01-06T10:02:18+00:00","dateModified":"2026-01-14T06:19:45+00:00","description":"obacz, jak wygl\u0105da dzie\u0144 w klasach 4\u20136 ITSW. Tr\u00f3jj\u0119zyczne lekcje, sport i sztuka, d\u0142ugie przerwy i warsztaty j\u0119zykowe po lekcjach \u2013 wszystko w inspiruj\u0105cym \u015brodowisku.","breadcrumb":{"@id":"https:\/\/itsw.edu.pl\/es\/escuela-primaria\/grados-4-6\/horarios\/#breadcrumb"},"inLanguage":"es","potentialAction":[{"@type":"ReadAction","target":["https:\/\/itsw.edu.pl\/es\/escuela-primaria\/grados-4-6\/horarios\/"]}]},{"@type":"BreadcrumbList","@id":"https:\/\/itsw.edu.pl\/es\/escuela-primaria\/grados-4-6\/horarios\/#breadcrumb","itemListElement":[{"@type":"ListItem","position":1,"name":"ITSW","item":"https:\/\/itsw.edu.pl\/es\/"},{"@type":"ListItem","position":2,"name":"Szko\u0142a podstawowa es","item":"https:\/\/itsw.edu.pl\/es\/escuela-primaria\/"},{"@type":"ListItem","position":3,"name":"Grados 4-6","item":"https:\/\/itsw.edu.pl\/es\/escuela-primaria\/grados-4-6\/"},{"@type":"ListItem","position":4,"name":"Horarios"}]},{"@type":"WebSite","@id":"https:\/\/itsw.edu.pl\/#website","url":"https:\/\/itsw.edu.pl\/","name":"ITSW","description":"","publisher":{"@id":"https:\/\/itsw.edu.pl\/#organization"},"alternateName":"International Trilingual School of Warsaw","potentialAction":[{"@type":"SearchAction","target":{"@type":"EntryPoint","urlTemplate":"https:\/\/itsw.edu.pl\/?s={search_term_string}"},"query-input":{"@type":"PropertyValueSpecification","valueRequired":true,"valueName":"search_term_string"}}],"inLanguage":"es"},{"@type":"Organization","@id":"https:\/\/itsw.edu.pl\/#organization","name":"International Trilingual School of Warsaw","alternateName":"International Trilingual School of Warsaw","url":"https:\/\/itsw.edu.pl\/","logo":{"@type":"ImageObject","inLanguage":"es","@id":"https:\/\/itsw.edu.pl\/#\/schema\/logo\/image\/","url":"https:\/\/itsw.edu.pl\/wp-content\/uploads\/itsw-logo.png","contentUrl":"https:\/\/itsw.edu.pl\/wp-content\/uploads\/itsw-logo.png","width":350,"height":103,"caption":"International Trilingual School of Warsaw"},"image":{"@id":"https:\/\/itsw.edu.pl\/#\/schema\/logo\/image\/"},"sameAs":["https:\/\/www.facebook.com\/ITSW.School.Escuela.Ecole.XueXiao.Gakko.Warsaw"]},{"@type":"Person","@id":"https:\/\/itsw.edu.pl\/#\/schema\/person\/4a89b345dd3285b6de291f440f753c8f","name":"M.K."}]}},"jetpack_sharing_enabled":true,"_links":{"self":[{"href":"https:\/\/itsw.edu.pl\/es\/wp-json\/wp\/v2\/pages\/243783","targetHints":{"allow":["GET"]}}],"collection":[{"href":"https:\/\/itsw.edu.pl\/es\/wp-json\/wp\/v2\/pages"}],"about":[{"href":"https:\/\/itsw.edu.pl\/es\/wp-json\/wp\/v2\/types\/page"}],"author":[{"embeddable":true,"href":"https:\/\/itsw.edu.pl\/es\/wp-json\/wp\/v2\/users\/3"}],"replies":[{"embeddable":true,"href":"https:\/\/itsw.edu.pl\/es\/wp-json\/wp\/v2\/comments?post=243783"}],"version-history":[{"count":9,"href":"https:\/\/itsw.edu.pl\/es\/wp-json\/wp\/v2\/pages\/243783\/revisions"}],"predecessor-version":[{"id":250019,"href":"https:\/\/itsw.edu.pl\/es\/wp-json\/wp\/v2\/pages\/243783\/revisions\/250019"}],"up":[{"embeddable":true,"href":"https:\/\/itsw.edu.pl\/es\/wp-json\/wp\/v2\/pages\/245099"}],"wp:attachment":[{"href":"https:\/\/itsw.edu.pl\/es\/wp-json\/wp\/v2\/media?parent=243783"}],"curies":[{"name":"wp","href":"https:\/\/api.w.org\/{rel}","templated":true}]}}