{"id":243724,"date":"2026-01-06T11:07:18","date_gmt":"2026-01-06T10:07:18","guid":{"rendered":"https:\/\/itsw.edu.pl\/?page_id=243724"},"modified":"2026-03-31T13:08:32","modified_gmt":"2026-03-31T11:08:32","slug":"localizacion","status":"publish","type":"page","link":"https:\/\/itsw.edu.pl\/es\/escuela-primaria\/grados-1-3\/localizacion\/","title":{"rendered":"Localizaci\u00f3n"},"content":{"rendered":"<div class=\"et_pb_section_0 et_pb_section et_section_regular et_block_section\">\r\n<div class=\"et_pb_row_0 et_pb_row et_block_row\">\r\n<div class=\"et_pb_column_0 et_pb_column et_pb_column_4_4 et-last-child et_block_column et_pb_css_mix_blend_mode_passthrough\">\r\n<div class=\"et_pb_heading_0 et_pb_heading et_pb_module et_block_module\"><div class=\"et_pb_heading_container\"><h1 class=\"et_pb_module_header\">Campus Lower Primary: escuela primaria triling\u00fce ITSW en Saska K\u0119pa, Varsovia<\/h1><\/div><\/div>\r\n<\/div>\r\n<\/div>\r\n<\/div>\r\n\r\n<div class=\"et_pb_section_1 et_pb_section et_section_regular et_block_section\">\r\n<div class=\"et_pb_row_1 et_pb_row et_block_row\">\r\n<div class=\"et_pb_column_1 et_pb_column et_pb_column_4_4 et-last-child et_block_column et_pb_css_mix_blend_mode_passthrough\">\r\n<div class=\"et_pb_text_0 et_pb_text et_pb_bg_layout_light et_pb_module et_block_module\"><div class=\"et_pb_text_inner\"><h2 style=\"text-align: center;\">Un campus moderno y espacioso para 1.\u00ba a 3.\u00ba grado en el coraz\u00f3n de Saska K\u0119pa<\/h2>\n<p>El Campus Lower Primary es una moderna escuela ITSW para estudiantes de 1.\u00ba a 3.\u00ba de primaria, ubicada en el prestigioso distrito de Saska K\u0119pa, uno de los m\u00e1s verdes y familiares de Varsovia. El campus est\u00e1 dise\u00f1ado para promover la educaci\u00f3n triling\u00fce y el desarrollo armonioso de los ni\u00f1os en un entorno acogedor, luminoso y seguro.<\/p>\n<p>Aulas espaciosas con luz natural, equipamiento moderno, c\u00f3modas zonas de trabajo y descanso, y un acogedor comedor crean las condiciones ideales para el aprendizaje diario en tres idiomas. Descubra c\u00f3mo es la escuela primaria internacional triling\u00fce ITSW desde dentro.<\/p>\n<\/div><\/div>\r\n<\/div>\r\n<\/div>\r\n<\/div>\r\n\r\n<div class=\"et_pb_section_2 et_pb_section et_section_regular et_block_section\">\r\n<div class=\"et_pb_row_2 et_pb_row et_flex_row\">\r\n<div class=\"et_pb_column_2 et_pb_column et_block_column et_pb_css_mix_blend_mode_passthrough et_flex_column_24_24 et_flex_column_24_24_tablet et_flex_column_24_24_phone\">\r\n<div class=\"et_pb_text_1 et_pb_text et_pb_bg_layout_light et_pb_module et_block_module\"><div class=\"et_pb_text_inner\"><h2>Ubicaci\u00f3n perfecta con f\u00e1cil acceso desde toda Varsovia.<\/h2>\n<p>El campus de Lower Primary est\u00e1 bien conectado con muchos distritos de la capital. Las familias que viven, entre otros, en los siguientes distritos disfrutan de un c\u00f3modo acceso:<\/p>\n<ul>\n<li>Saska K\u0119pa, Praga-Po\u0142udnie, Praga-P\u00f3\u0142noc y sus alrededores,<\/li>\n<li>Goclaw y Groch\u00f3w,<\/li>\n<li>\u015ar\u00f3dmie\u015bcie,<\/li>\n<li>Mokot\u00f3w,<\/li>\n<li>Wilan\u00f3w,<\/li>\n<li>Powi\u015ble, Marki, Zielonka, Goc\u0142aw, Kamionek, Zolibo\u017c, Wola, Ochota, Bia\u0142o\u0142\u0119ka,<\/li>\n<\/ul>\n<p>La proximidad de las principales arterias y del transporte p\u00fablico (autobuses, tranv\u00edas, carriles bici) hace que el campus sea una opci\u00f3n conveniente para familias de distintas partes de Varsovia.<\/p>\n<p>&nbsp;<\/p>\n<p>\u00a0<\/p>\n<\/div><\/div>\r\n<\/div>\r\n\r\n<div class=\"et_pb_column_3 et_pb_column et-last-child et_block_column et_pb_css_mix_blend_mode_passthrough et_flex_column_24_24 et_flex_column_24_24_tablet et_flex_column_24_24_phone\">\r\n<div class=\"et_pb_image_0 et_pb_image et_pb_module et_block_module\"><span class=\"et_pb_image_wrap\"><img decoding=\"async\" src=\"https:\/\/itsw.edu.pl\/wp-content\/uploads\/kampus-aldony-klasy-1-3-1.jpg\" alt=\"Children learning by play ITSW\" title=\"przedszkolaki-spiewajace-piosenke-po-francusku\" width=\"751\" height=\"875\" srcset=\"https:\/\/itsw.edu.pl\/wp-content\/uploads\/kampus-aldony-klasy-1-3-1.jpg 751w, https:\/\/itsw.edu.pl\/wp-content\/uploads\/kampus-aldony-klasy-1-3-1-480x559.jpg 480w\" sizes=\"(min-width: 0px) and (max-width: 480px) 480px, (min-width: 481px) 751px, 100vw\" class=\"wp-image-245853\" \/><\/span><\/div>\r\n<\/div>\r\n<\/div>\r\n\r\n<div class=\"et_pb_row_3 et_pb_row et_flex_row\">\r\n<div class=\"et_pb_column_4 et_pb_column et_block_column et_pb_css_mix_blend_mode_passthrough et_flex_column_24_24 et_flex_column_24_24_tablet et_flex_column_24_24_phone\">\r\n<div class=\"et_pb_image_1 et_pb_image et_pb_module et_block_module\"><span class=\"et_pb_image_wrap\"><img decoding=\"async\" src=\"https:\/\/itsw.edu.pl\/wp-content\/uploads\/sport-i-zabawy-na-swierzym-potwietrzu.jpg\" title=\"przedszkolaki-spiewajace-piosenke-po-francusku\" width=\"555\" height=\"450\" srcset=\"https:\/\/itsw.edu.pl\/wp-content\/uploads\/sport-i-zabawy-na-swierzym-potwietrzu.jpg 555w, https:\/\/itsw.edu.pl\/wp-content\/uploads\/sport-i-zabawy-na-swierzym-potwietrzu-480x389.jpg 480w\" sizes=\"(min-width: 0px) and (max-width: 480px) 480px, (min-width: 481px) 555px, 100vw\" class=\"wp-image-245663\" alt=\"Children learning by play ITSW\" \/><\/span><\/div>\r\n<\/div>\r\n\r\n<div class=\"et_pb_column_5 et_pb_column et-last-child et_block_column et_pb_css_mix_blend_mode_passthrough et_flex_column_24_24 et_flex_column_24_24_tablet et_flex_column_24_24_phone\">\r\n<div class=\"et_pb_text_2 et_pb_text et_pb_bg_layout_light et_pb_module et_block_module\"><div class=\"et_pb_text_inner\"><h2>Amplio patio y \u00e1reas de actividades al aire libre.<\/h2>\n<p>Uno de los mayores atractivos del Campus Lower Primary es su amplio y seguro patio, donde los ni\u00f1os:<\/p>\n<ul>\n<li>pasan tiempo al aire libre,<\/li>\n<li>participan en deportes y actividades f\u00edsicas,<\/li>\n<li>realizan proyectos educativos y experimentos con la naturaleza,<\/li>\n<li>juegan en un entorno natural y verde.<\/li>\n<\/ul>\n<p>El contacto regular con la naturaleza y las actividades al aire libre favorecen el desarrollo saludable y la concentraci\u00f3n de los estudiantes durante las clases.<\/p>\n<p>\u00a0<\/p>\n<\/div><\/div>\r\n<\/div>\r\n<\/div>\r\n\r\n<div class=\"et_pb_row_4 et_pb_row et_flex_row\">\r\n<div class=\"et_pb_column_6 et_pb_column et_flex_column et_pb_css_mix_blend_mode_passthrough et_flex_column_24_24 et_flex_column_24_24_tablet et_flex_column_24_24_phone\">\r\n<div class=\"et_pb_text_3 et_pb_text et_pb_bg_layout_light et_pb_module et_block_module\"><div class=\"et_pb_text_inner\"><h2 style=\"text-align: center;\">Interiores modernos y condiciones de aprendizaje c\u00f3modas.<\/h2>\n<p>Todas las aulas del Campus Lower Primary son:<\/p>\n<ul>\n<li>espaciosas,<\/li>\n<li>est\u00e9ticamente agradables y funcionales,<\/li>\n<li>equipadas con material did\u00e1ctico para la educaci\u00f3n triling\u00fce,<\/li>\n<li>iluminadas con luz natural,<\/li>\n<li>dise\u00f1adas pensando en la comodidad de los ni\u00f1os.<\/li>\n<\/ul>\n<p>El campus tambi\u00e9n cuenta con un acogedor comedor donde los estudiantes pueden disfrutar de una comida y relajarse.<\/p>\n<p>Las clases de deportes se imparten en el gimnasio, mientras que la nataci\u00f3n se organiza en la piscina cercana, donde los ni\u00f1os son transportados en autob\u00fas privado.<\/p>\n<p>La escuela cuenta con una biblioteca multiling\u00fce, donde se imparten clases de lectura y se puede solicitar pr\u00e9stamo de libros.<\/p>\n<\/div><\/div>\r\n<\/div>\r\n\r\n<div class=\"et_pb_column_7 et_pb_column et-last-child et_flex_column et_pb_css_mix_blend_mode_passthrough et_flex_column_24_24 et_flex_column_24_24_tablet et_flex_column_24_24_phone\">\r\n<div class=\"et_pb_image_2 et_pb_image et_pb_module et_block_module\"><span class=\"et_pb_image_wrap\"><img decoding=\"async\" src=\"https:\/\/itsw.edu.pl\/wp-content\/uploads\/aldony-campus-warszawa-szkola-podstawowa.jpg\" title=\"przedszkolaki-spiewajace-piosenke-po-francusku\" width=\"1201\" height=\"1400\" srcset=\"https:\/\/itsw.edu.pl\/wp-content\/uploads\/aldony-campus-warszawa-szkola-podstawowa.jpg 1201w, https:\/\/itsw.edu.pl\/wp-content\/uploads\/aldony-campus-warszawa-szkola-podstawowa-980x1142.jpg 980w, https:\/\/itsw.edu.pl\/wp-content\/uploads\/aldony-campus-warszawa-szkola-podstawowa-480x560.jpg 480w\" sizes=\"(min-width: 0px) and (max-width: 480px) 480px, (min-width: 481px) and (max-width: 980px) 980px, (min-width: 981px) 1201px, 100vw\" class=\"wp-image-245862\" alt=\"Children learning by play ITSW\" \/><\/span><\/div>\r\n<\/div>\r\n<\/div>\r\n<\/div>\r\n\r\n<div class=\"et_pb_section_3 et_pb_section et_section_regular et_block_section\">\r\n<div class=\"et_pb_row_5 et_pb_row et_block_row\">\r\n<div class=\"et_pb_column_8 et_pb_column et_pb_column_4_4 et-last-child et_block_column et_pb_css_mix_blend_mode_passthrough\">\r\n<div class=\"et_pb_heading_1 et_pb_heading et_pb_module et_flex_module\"><div class=\"et_pb_heading_container\"><h3 class=\"et_pb_module_header\">Educaci\u00f3n triling\u00fce en un espacio inspirador<\/h3><\/div><\/div>\r\n<\/div>\r\n<\/div>\r\n\r\n<div class=\"et_pb_row_6 et_pb_row et_flex_row\">\r\n<div class=\"et_pb_column_9 et_pb_column et-last-child et_flex_column et_pb_css_mix_blend_mode_passthrough et_flex_column_24_24 et_flex_column_24_24_tablet et_flex_column_24_24_phone\">\r\n<div class=\"et_pb_text_4 et_pb_text et_pb_bg_layout_light et_pb_module et_block_module\"><div class=\"et_pb_text_inner\"><p>El Campus Lower Primary es un lugar donde los idiomas (polaco, ingl\u00e9s y un tercer idioma [espa\u00f1ol, franc\u00e9s, chino o japon\u00e9s]) se integran de forma natural en la vida cotidiana. El espacio luminoso y acogedor promueve la concentraci\u00f3n, el desarrollo armonioso y el desarrollo de relaciones sociales.<\/p>\n<\/div><\/div>\r\n<\/div>\r\n<\/div>\r\n\r\n<div class=\"et_pb_row_7 et_pb_row et_flex_row\">\r\n<div class=\"et_pb_column_10 et_pb_column et_flex_column et_pb_css_mix_blend_mode_passthrough et_flex_column_12_24 et_flex_column_12_24_tablet et_flex_column_24_24_phone\">\r\n<div class=\"et_pb_module et_pb_button_module_wrapper et_pb_button_0_wrapper\"><a class=\"et_pb_button_0 et_pb_button et_pb_bg_layout_light et_pb_module et_block_module\" href=\"https:\/\/itsw.edu.pl\/es\/contacto\/\">Pide una cita en el Campus Alodony<\/a><\/div>\r\n<\/div>\r\n\r\n<div class=\"et_pb_column_11 et_pb_column et-last-child et_flex_column et_pb_css_mix_blend_mode_passthrough et_flex_column_12_24 et_flex_column_12_24_tablet et_flex_column_24_24_phone\">\r\n<div class=\"et_pb_module et_pb_button_module_wrapper et_pb_button_1_wrapper\"><a class=\"et_pb_button_1 et_pb_button et_pb_bg_layout_light et_pb_module et_block_module\" href=\"https:\/\/itsw.edu.pl\/es\/formulario-de-admision\/\">\u00a1Inscribe a tu hijo\/a hoy mismo!<\/a><\/div>\r\n<\/div>\r\n<\/div>\r\n<\/div>","protected":false},"excerpt":{"rendered":"","protected":false},"author":3,"featured_media":0,"parent":245074,"menu_order":3,"comment_status":"closed","ping_status":"closed","template":"","meta":{"_acf_changed":false,"inline_featured_image":false,"footnotes":""},"class_list":["post-243724","page","type-page","status-publish","hentry"],"acf":[],"yoast_head":"<!-- This site is optimized with the Yoast SEO plugin v27.5 - https:\/\/yoast.com\/product\/yoast-seo-wordpress\/ -->\n<title>Mi\u0119dzynarodowa szko\u0142a podstawowa ITSW w Warszawie | Klas 1\u20133 - ITSW<\/title>\n<meta name=\"description\" content=\"Tr\u00f3jj\u0119zyczna mi\u0119dzynarodowa szko\u0142a podstawowa ITSW w Warszawie (klasy 1\u20133) \u2013 kampus przy ul. Aldony na Saskiej K\u0119pie. Tr\u00f3jj\u0119zyczna edukacja, indywidualne podej\u015bcie, rekrutacja 2026 otwarta!\" \/>\n<meta name=\"robots\" content=\"index, follow, max-snippet:-1, max-image-preview:large, max-video-preview:-1\" \/>\n<link rel=\"canonical\" href=\"https:\/\/itsw.edu.pl\/es\/escuela-primaria\/grados-1-3\/localizacion\/\" \/>\n<meta property=\"og:locale\" content=\"es_ES\" \/>\n<meta property=\"og:type\" content=\"article\" \/>\n<meta property=\"og:title\" content=\"Tr\u00f3jj\u0119zyczna mi\u0119dzynarodowa szko\u0142a podstawowa ITSW w Warszawie \u2013 Kampus Saska K\u0119pa\" \/>\n<meta property=\"og:description\" content=\"Odkryj tr\u00f3jj\u0119zyczn\u0105 edukacj\u0119 w klasach 1\u20133 szko\u0142y podstawowej ITSW w Warszawie. Kampus przy ul. Aldony na Saskiej K\u0119pie. Rekrutacja 2026 ju\u017c trwa!\" \/>\n<meta property=\"og:url\" content=\"https:\/\/itsw.edu.pl\/es\/escuela-primaria\/grados-1-3\/localizacion\/\" \/>\n<meta property=\"og:site_name\" content=\"ITSW\" \/>\n<meta property=\"article:publisher\" content=\"https:\/\/www.facebook.com\/ITSW.School.Escuela.Ecole.XueXiao.Gakko.Warsaw\" \/>\n<meta property=\"article:modified_time\" content=\"2026-03-31T11:08:32+00:00\" \/>\n<meta name=\"twitter:card\" content=\"summary_large_image\" \/>\n<script type=\"application\/ld+json\" class=\"yoast-schema-graph\">{\"@context\":\"https:\\\/\\\/schema.org\",\"@graph\":[{\"@type\":\"Article\",\"@id\":\"https:\\\/\\\/itsw.edu.pl\\\/es\\\/escuela-primaria\\\/grados-1-3\\\/localizacion\\\/#article\",\"isPartOf\":{\"@id\":\"https:\\\/\\\/itsw.edu.pl\\\/es\\\/escuela-primaria\\\/grados-1-3\\\/localizacion\\\/\"},\"author\":{\"name\":\"M.K.\",\"@id\":\"https:\\\/\\\/itsw.edu.pl\\\/#\\\/schema\\\/person\\\/4a89b345dd3285b6de291f440f753c8f\"},\"headline\":\"Localizaci\u00f3n\",\"datePublished\":\"2026-01-06T10:07:18+00:00\",\"dateModified\":\"2026-03-31T11:08:32+00:00\",\"mainEntityOfPage\":{\"@id\":\"https:\\\/\\\/itsw.edu.pl\\\/es\\\/escuela-primaria\\\/grados-1-3\\\/localizacion\\\/\"},\"wordCount\":2,\"publisher\":{\"@id\":\"https:\\\/\\\/itsw.edu.pl\\\/#organization\"},\"inLanguage\":\"es\"},{\"@type\":\"WebPage\",\"@id\":\"https:\\\/\\\/itsw.edu.pl\\\/es\\\/escuela-primaria\\\/grados-1-3\\\/localizacion\\\/\",\"url\":\"https:\\\/\\\/itsw.edu.pl\\\/es\\\/escuela-primaria\\\/grados-1-3\\\/localizacion\\\/\",\"name\":\"Mi\u0119dzynarodowa szko\u0142a podstawowa ITSW w Warszawie | Klas 1\u20133 - ITSW\",\"isPartOf\":{\"@id\":\"https:\\\/\\\/itsw.edu.pl\\\/#website\"},\"datePublished\":\"2026-01-06T10:07:18+00:00\",\"dateModified\":\"2026-03-31T11:08:32+00:00\",\"description\":\"Tr\u00f3jj\u0119zyczna mi\u0119dzynarodowa szko\u0142a podstawowa ITSW w Warszawie (klasy 1\u20133) \u2013 kampus przy ul. Aldony na Saskiej K\u0119pie. Tr\u00f3jj\u0119zyczna edukacja, indywidualne podej\u015bcie, rekrutacja 2026 otwarta!\",\"breadcrumb\":{\"@id\":\"https:\\\/\\\/itsw.edu.pl\\\/es\\\/escuela-primaria\\\/grados-1-3\\\/localizacion\\\/#breadcrumb\"},\"inLanguage\":\"es\",\"potentialAction\":[{\"@type\":\"ReadAction\",\"target\":[\"https:\\\/\\\/itsw.edu.pl\\\/es\\\/escuela-primaria\\\/grados-1-3\\\/localizacion\\\/\"]}]},{\"@type\":\"BreadcrumbList\",\"@id\":\"https:\\\/\\\/itsw.edu.pl\\\/es\\\/escuela-primaria\\\/grados-1-3\\\/localizacion\\\/#breadcrumb\",\"itemListElement\":[{\"@type\":\"ListItem\",\"position\":1,\"name\":\"ITSW\",\"item\":\"https:\\\/\\\/itsw.edu.pl\\\/es\\\/\"},{\"@type\":\"ListItem\",\"position\":2,\"name\":\"Szko\u0142a podstawowa es\",\"item\":\"https:\\\/\\\/itsw.edu.pl\\\/es\\\/escuela-primaria\\\/\"},{\"@type\":\"ListItem\",\"position\":3,\"name\":\"Grados 1-3\",\"item\":\"https:\\\/\\\/itsw.edu.pl\\\/es\\\/escuela-primaria\\\/grados-1-3\\\/\"},{\"@type\":\"ListItem\",\"position\":4,\"name\":\"Localizaci\u00f3n\"}]},{\"@type\":\"WebSite\",\"@id\":\"https:\\\/\\\/itsw.edu.pl\\\/#website\",\"url\":\"https:\\\/\\\/itsw.edu.pl\\\/\",\"name\":\"ITSW\",\"description\":\"\",\"publisher\":{\"@id\":\"https:\\\/\\\/itsw.edu.pl\\\/#organization\"},\"alternateName\":\"International Trilingual School of Warsaw\",\"potentialAction\":[{\"@type\":\"SearchAction\",\"target\":{\"@type\":\"EntryPoint\",\"urlTemplate\":\"https:\\\/\\\/itsw.edu.pl\\\/?s={search_term_string}\"},\"query-input\":{\"@type\":\"PropertyValueSpecification\",\"valueRequired\":true,\"valueName\":\"search_term_string\"}}],\"inLanguage\":\"es\"},{\"@type\":\"Organization\",\"@id\":\"https:\\\/\\\/itsw.edu.pl\\\/#organization\",\"name\":\"International Trilingual School of Warsaw\",\"alternateName\":\"International Trilingual School of Warsaw\",\"url\":\"https:\\\/\\\/itsw.edu.pl\\\/\",\"logo\":{\"@type\":\"ImageObject\",\"inLanguage\":\"es\",\"@id\":\"https:\\\/\\\/itsw.edu.pl\\\/#\\\/schema\\\/logo\\\/image\\\/\",\"url\":\"https:\\\/\\\/itsw.edu.pl\\\/wp-content\\\/uploads\\\/itsw-logo.png\",\"contentUrl\":\"https:\\\/\\\/itsw.edu.pl\\\/wp-content\\\/uploads\\\/itsw-logo.png\",\"width\":350,\"height\":103,\"caption\":\"International Trilingual School of Warsaw\"},\"image\":{\"@id\":\"https:\\\/\\\/itsw.edu.pl\\\/#\\\/schema\\\/logo\\\/image\\\/\"},\"sameAs\":[\"https:\\\/\\\/www.facebook.com\\\/ITSW.School.Escuela.Ecole.XueXiao.Gakko.Warsaw\"]},{\"@type\":\"Person\",\"@id\":\"https:\\\/\\\/itsw.edu.pl\\\/#\\\/schema\\\/person\\\/4a89b345dd3285b6de291f440f753c8f\",\"name\":\"M.K.\"}]}<\/script>\n<!-- \/ Yoast SEO plugin. -->","yoast_head_json":{"title":"Mi\u0119dzynarodowa szko\u0142a podstawowa ITSW w Warszawie | Klas 1\u20133 - ITSW","description":"Tr\u00f3jj\u0119zyczna mi\u0119dzynarodowa szko\u0142a podstawowa ITSW w Warszawie (klasy 1\u20133) \u2013 kampus przy ul. Aldony na Saskiej K\u0119pie. Tr\u00f3jj\u0119zyczna edukacja, indywidualne podej\u015bcie, rekrutacja 2026 otwarta!","robots":{"index":"index","follow":"follow","max-snippet":"max-snippet:-1","max-image-preview":"max-image-preview:large","max-video-preview":"max-video-preview:-1"},"canonical":"https:\/\/itsw.edu.pl\/es\/escuela-primaria\/grados-1-3\/localizacion\/","og_locale":"es_ES","og_type":"article","og_title":"Tr\u00f3jj\u0119zyczna mi\u0119dzynarodowa szko\u0142a podstawowa ITSW w Warszawie \u2013 Kampus Saska K\u0119pa","og_description":"Odkryj tr\u00f3jj\u0119zyczn\u0105 edukacj\u0119 w klasach 1\u20133 szko\u0142y podstawowej ITSW w Warszawie. Kampus przy ul. Aldony na Saskiej K\u0119pie. Rekrutacja 2026 ju\u017c trwa!","og_url":"https:\/\/itsw.edu.pl\/es\/escuela-primaria\/grados-1-3\/localizacion\/","og_site_name":"ITSW","article_publisher":"https:\/\/www.facebook.com\/ITSW.School.Escuela.Ecole.XueXiao.Gakko.Warsaw","article_modified_time":"2026-03-31T11:08:32+00:00","twitter_card":"summary_large_image","schema":{"@context":"https:\/\/schema.org","@graph":[{"@type":"Article","@id":"https:\/\/itsw.edu.pl\/es\/escuela-primaria\/grados-1-3\/localizacion\/#article","isPartOf":{"@id":"https:\/\/itsw.edu.pl\/es\/escuela-primaria\/grados-1-3\/localizacion\/"},"author":{"name":"M.K.","@id":"https:\/\/itsw.edu.pl\/#\/schema\/person\/4a89b345dd3285b6de291f440f753c8f"},"headline":"Localizaci\u00f3n","datePublished":"2026-01-06T10:07:18+00:00","dateModified":"2026-03-31T11:08:32+00:00","mainEntityOfPage":{"@id":"https:\/\/itsw.edu.pl\/es\/escuela-primaria\/grados-1-3\/localizacion\/"},"wordCount":2,"publisher":{"@id":"https:\/\/itsw.edu.pl\/#organization"},"inLanguage":"es"},{"@type":"WebPage","@id":"https:\/\/itsw.edu.pl\/es\/escuela-primaria\/grados-1-3\/localizacion\/","url":"https:\/\/itsw.edu.pl\/es\/escuela-primaria\/grados-1-3\/localizacion\/","name":"Mi\u0119dzynarodowa szko\u0142a podstawowa ITSW w Warszawie | Klas 1\u20133 - ITSW","isPartOf":{"@id":"https:\/\/itsw.edu.pl\/#website"},"datePublished":"2026-01-06T10:07:18+00:00","dateModified":"2026-03-31T11:08:32+00:00","description":"Tr\u00f3jj\u0119zyczna mi\u0119dzynarodowa szko\u0142a podstawowa ITSW w Warszawie (klasy 1\u20133) \u2013 kampus przy ul. Aldony na Saskiej K\u0119pie. Tr\u00f3jj\u0119zyczna edukacja, indywidualne podej\u015bcie, rekrutacja 2026 otwarta!","breadcrumb":{"@id":"https:\/\/itsw.edu.pl\/es\/escuela-primaria\/grados-1-3\/localizacion\/#breadcrumb"},"inLanguage":"es","potentialAction":[{"@type":"ReadAction","target":["https:\/\/itsw.edu.pl\/es\/escuela-primaria\/grados-1-3\/localizacion\/"]}]},{"@type":"BreadcrumbList","@id":"https:\/\/itsw.edu.pl\/es\/escuela-primaria\/grados-1-3\/localizacion\/#breadcrumb","itemListElement":[{"@type":"ListItem","position":1,"name":"ITSW","item":"https:\/\/itsw.edu.pl\/es\/"},{"@type":"ListItem","position":2,"name":"Szko\u0142a podstawowa es","item":"https:\/\/itsw.edu.pl\/es\/escuela-primaria\/"},{"@type":"ListItem","position":3,"name":"Grados 1-3","item":"https:\/\/itsw.edu.pl\/es\/escuela-primaria\/grados-1-3\/"},{"@type":"ListItem","position":4,"name":"Localizaci\u00f3n"}]},{"@type":"WebSite","@id":"https:\/\/itsw.edu.pl\/#website","url":"https:\/\/itsw.edu.pl\/","name":"ITSW","description":"","publisher":{"@id":"https:\/\/itsw.edu.pl\/#organization"},"alternateName":"International Trilingual School of Warsaw","potentialAction":[{"@type":"SearchAction","target":{"@type":"EntryPoint","urlTemplate":"https:\/\/itsw.edu.pl\/?s={search_term_string}"},"query-input":{"@type":"PropertyValueSpecification","valueRequired":true,"valueName":"search_term_string"}}],"inLanguage":"es"},{"@type":"Organization","@id":"https:\/\/itsw.edu.pl\/#organization","name":"International Trilingual School of Warsaw","alternateName":"International Trilingual School of Warsaw","url":"https:\/\/itsw.edu.pl\/","logo":{"@type":"ImageObject","inLanguage":"es","@id":"https:\/\/itsw.edu.pl\/#\/schema\/logo\/image\/","url":"https:\/\/itsw.edu.pl\/wp-content\/uploads\/itsw-logo.png","contentUrl":"https:\/\/itsw.edu.pl\/wp-content\/uploads\/itsw-logo.png","width":350,"height":103,"caption":"International Trilingual School of Warsaw"},"image":{"@id":"https:\/\/itsw.edu.pl\/#\/schema\/logo\/image\/"},"sameAs":["https:\/\/www.facebook.com\/ITSW.School.Escuela.Ecole.XueXiao.Gakko.Warsaw"]},{"@type":"Person","@id":"https:\/\/itsw.edu.pl\/#\/schema\/person\/4a89b345dd3285b6de291f440f753c8f","name":"M.K."}]}},"_links":{"self":[{"href":"https:\/\/itsw.edu.pl\/es\/wp-json\/wp\/v2\/pages\/243724","targetHints":{"allow":["GET"]}}],"collection":[{"href":"https:\/\/itsw.edu.pl\/es\/wp-json\/wp\/v2\/pages"}],"about":[{"href":"https:\/\/itsw.edu.pl\/es\/wp-json\/wp\/v2\/types\/page"}],"author":[{"embeddable":true,"href":"https:\/\/itsw.edu.pl\/es\/wp-json\/wp\/v2\/users\/3"}],"replies":[{"embeddable":true,"href":"https:\/\/itsw.edu.pl\/es\/wp-json\/wp\/v2\/comments?post=243724"}],"version-history":[{"count":15,"href":"https:\/\/itsw.edu.pl\/es\/wp-json\/wp\/v2\/pages\/243724\/revisions"}],"predecessor-version":[{"id":251844,"href":"https:\/\/itsw.edu.pl\/es\/wp-json\/wp\/v2\/pages\/243724\/revisions\/251844"}],"up":[{"embeddable":true,"href":"https:\/\/itsw.edu.pl\/es\/wp-json\/wp\/v2\/pages\/245074"}],"wp:attachment":[{"href":"https:\/\/itsw.edu.pl\/es\/wp-json\/wp\/v2\/media?parent=243724"}],"curies":[{"name":"wp","href":"https:\/\/api.w.org\/{rel}","templated":true}]}}