{"id":244007,"date":"2026-01-06T13:38:44","date_gmt":"2026-01-06T12:38:44","guid":{"rendered":"https:\/\/itsw.edu.pl\/?page_id=244007"},"modified":"2026-02-06T09:36:02","modified_gmt":"2026-02-06T08:36:02","slug":"itsw","status":"publish","type":"page","link":"https:\/\/itsw.edu.pl\/en\/about-us\/itsw\/","title":{"rendered":"ITSW"},"content":{"rendered":"<div class=\"et_pb_section_0 et_pb_section et_section_regular et_block_section\">\n<div class=\"et_pb_row_0 et_pb_row et_block_row\">\n<div class=\"et_pb_column_0 et_pb_column et_pb_column_4_4 et-last-child et_block_column et_pb_css_mix_blend_mode_passthrough\">\n<div class=\"et_pb_heading_0 et_pb_heading et_pb_module et_block_module\"><div class=\"et_pb_heading_container\"><h1 class=\"et_pb_module_header\">ITSW \u2013 the Place Where Linguistic Superpowers Are Born!<\/h1><\/div><\/div>\n<\/div>\n<\/div>\n<\/div>\n\n<div class=\"et_pb_section_1 et_pb_section et_section_regular et_block_section\">\n<div class=\"et_pb_row_1 et_pb_row et_flex_row\">\n<div class=\"et_pb_column_1 et_pb_column et-last-child et_block_column et_pb_css_mix_blend_mode_passthrough et_flex_column_24_24 et_flex_column_24_24_tablet et_flex_column_24_24_phone\">\n<div class=\"et_pb_text_0 et_pb_text et_pb_bg_layout_light et_pb_module et_block_module\"><div class=\"et_pb_text_inner\"><p><strong>The International Trilingual School of Warsaw (ITSW) is a trilingual international school in Warsaw that has been educating children in the spirit of multilingualism and cultural openness since 2001. It was founded on a passion for education and the need to create a place where children can learn in three languages \u200b\u200b\u2013 from a very young age.<\/strong><\/p>\n<p>Starting with a small group of students, from the very beginning of ITSW, we have combined the highest educational standards with the idea of \u200b\u200braising global citizens. In a world full of changes, speaking three languages \u200b\u200band understanding different cultures gives children a real advantage \u2013 in their studies, personal lives, and future careers.<\/p>\n<\/div><\/div>\n<\/div>\n<\/div>\n\n<div class=\"et_pb_row_2 et_pb_row et_block_row\">\n<div class=\"et_pb_column_2 et_pb_column et_pb_column_1_2 et_block_column et_pb_css_mix_blend_mode_passthrough\">\n<div class=\"et_pb_image_0 et_pb_image et_pb_module et_block_module\"><span class=\"et_pb_image_wrap\"><img decoding=\"async\" src=\"https:\/\/itsw.edu.pl\/wp-content\/uploads\/itsw-zdjecia-do-strony-horizontal-zlobek.jpg\" title=\"itsw-zdjecia-do-strony-horizontal-zlobek\" width=\"555\" height=\"450\" srcset=\"https:\/\/itsw.edu.pl\/wp-content\/uploads\/itsw-zdjecia-do-strony-horizontal-zlobek.jpg 555w, https:\/\/itsw.edu.pl\/wp-content\/uploads\/itsw-zdjecia-do-strony-horizontal-zlobek-480x389.jpg 480w\" sizes=\"(min-width: 0px) and (max-width: 480px) 480px, (min-width: 481px) 555px, 100vw\" class=\"wp-image-245308\" alt=\"Children learning by play ITSW\" \/><\/span><\/div>\n<\/div>\n\n<div class=\"et_pb_column_3 et_pb_column et_pb_column_1_2 et-last-child et_block_column et_pb_css_mix_blend_mode_passthrough\">\n<div class=\"et_pb_text_1 et_pb_text et_pb_bg_layout_light et_pb_module et_block_module\"><div class=\"et_pb_text_inner\"><h2>Trilingual Education From Nursery to Middle School<\/h2>\n<p>Today, ITSW is a <strong>dynamic and international educational community<\/strong> encompassing nurseries, preschools, primary and middle school. Hundreds of children learn three languages \u200b\u200bdaily \u2013 English, Polish and one language of their choice: French, Spanish, Chinese, or Japanese. Languages \u200b\u200bare a natural tool for them to explore the world, not just a school subject.<\/p>\n<p><strong>Our educational programs are tailored to the child's age and developmental stage<\/strong>, ensuring continuity of learning and smooth transitions between levels. Students develop not only linguistic skills but also social, emotional, and cognitive ones \u2013 in a warm, supportive environment.<\/p>\n<\/div><\/div>\n<\/div>\n<\/div>\n\n<div class=\"et_pb_row_3 et_pb_row et_block_row\">\n<div class=\"et_pb_column_4 et_pb_column et_pb_column_1_2 et_block_column et_pb_css_mix_blend_mode_passthrough\">\n<div class=\"et_pb_text_2 et_pb_text et_pb_bg_layout_light et_pb_module et_block_module\"><div class=\"et_pb_text_inner\"><h2>ITSW Teachers \u2013 the Heart of Our Trilingual Education<\/h2>\n<p>It's our teachers who make education at ITSW so exceptional. Their daily work involves not only teaching but also inspiring children to discover the world in three languages.<\/p>\n<p><strong>What sets our staff apart?<\/strong><\/p>\n<ul>\n<li>International background \u2013 teachers from 5 continents and over 20 countries<\/li>\n<li>Native speakers and educators \u2013 fully qualified and experienced in working with children<\/li>\n<li>Knowledge of developmental milestones \u2013 from caring for toddlers to leading classes in grades 1-8<\/li>\n<li>Empathy, patience and commitment \u2013 \u200b\u200bvalues \u200b\u200bas important as diplomas<\/li>\n<li>Modern teaching methods \u2013 learning through play, projects, and daily interaction in multiple languages<\/li>\n<li>Thanks to such teachers, children at ITSW feel safe, motivated, and confident, and learning becomes a fascinating adventure for them.<\/li>\n<\/ul>\n<p>\u00a0<\/p>\n<\/div><\/div>\n<\/div>\n\n<div class=\"et_pb_column_5 et_pb_column et_pb_column_1_2 et-last-child et_block_column et_pb_css_mix_blend_mode_passthrough\">\n<div class=\"et_pb_image_1 et_pb_image et_pb_module et_block_module\"><span class=\"et_pb_image_wrap\"><img decoding=\"async\" src=\"https:\/\/itsw.edu.pl\/wp-content\/uploads\/itsw-teachers-form-20-countries-1.jpg\" alt=\"Nauczyciele native speakers z 20 roznych krajow\" title=\"itsw-teachers-form-20-countries\" width=\"1080\" height=\"1920\" srcset=\"https:\/\/itsw.edu.pl\/wp-content\/uploads\/itsw-teachers-form-20-countries-1.jpg 1080w, https:\/\/itsw.edu.pl\/wp-content\/uploads\/itsw-teachers-form-20-countries-1-980x1742.jpg 980w, https:\/\/itsw.edu.pl\/wp-content\/uploads\/itsw-teachers-form-20-countries-1-480x853.jpg 480w\" sizes=\"(min-width: 0px) and (max-width: 480px) 480px, (min-width: 481px) and (max-width: 980px) 980px, (min-width: 981px) 1080px, 100vw\" class=\"wp-image-245266\" \/><\/span><\/div>\n<\/div>\n<\/div>\n<\/div>\n\n<div class=\"et_pb_section_2 et_pb_section et_section_regular et_block_section\">\n<div class=\"et_pb_row_4 et_pb_row et_block_row\">\n<div class=\"et_pb_column_6 et_pb_column et_pb_column_4_4 et-last-child et_block_column et_pb_css_mix_blend_mode_passthrough\">\n<div class=\"et_pb_text_3 et_pb_text et_pb_bg_layout_light et_pb_module et_block_module\"><div class=\"et_pb_text_inner\"><p style=\"text-align: center;\">At ITSW, children learn in three languages \u200b\u200bfrom an early age, grow in an international environment, and benefit from modern teaching methods. This education prepares them for life in a global world.<\/p>\n<p style=\"text-align: center;\">Get to know us better \u2013 see what trilingual education looks like in practice.<\/p>\n<\/div><\/div>\n<\/div>\n<\/div>\n\n<div class=\"et_pb_row_5 et_pb_row et_flex_row\">\n<div class=\"et_pb_column_7 et_pb_column et_flex_column et_pb_css_mix_blend_mode_passthrough et_flex_column_12_24 et_flex_column_12_24_tablet et_flex_column_24_24_phone\">\n<div class=\"et_pb_module et_pb_button_module_wrapper et_pb_button_0_wrapper\"><a class=\"et_pb_button_0 et_pb_button et_pb_bg_layout_light et_pb_module et_block_module\" href=\"https:\/\/itsw.edu.pl\/en\/trilingualism\/educational-pathway\/\">See the ITSW Educational Path<\/a><\/div>\n<\/div>\n\n<div class=\"et_pb_column_8 et_pb_column et-last-child et_flex_column et_pb_css_mix_blend_mode_passthrough et_flex_column_12_24 et_flex_column_12_24_tablet et_flex_column_24_24_phone\">\n<div class=\"et_pb_module et_pb_button_module_wrapper et_pb_button_1_wrapper\"><a class=\"et_pb_button_1 et_pb_button et_pb_bg_layout_light et_pb_module et_block_module\" href=\"https:\/\/itsw.edu.pl\/en\/contact\/\">Schedule an Interview<\/a><\/div>\n<\/div>\n<\/div>\n<\/div>","protected":false},"excerpt":{"rendered":"","protected":false},"author":3,"featured_media":0,"parent":243937,"menu_order":1,"comment_status":"closed","ping_status":"closed","template":"","meta":{"_acf_changed":false,"inline_featured_image":false,"footnotes":""},"class_list":["post-244007","page","type-page","status-publish","hentry"],"acf":[],"yoast_head":"<!-- This site is optimized with the Yoast SEO plugin v27.5 - https:\/\/yoast.com\/product\/yoast-seo-wordpress\/ -->\n<title>Dlaczego ITSW? | Tr\u00f3jj\u0119zyczna edukacja i mi\u0119dzynarodowe \u015brodowisko w Warszawie - ITSW<\/title>\n<meta name=\"description\" content=\"Odkryj, dlaczego ITSW to co\u015b wi\u0119cej ni\u017c szko\u0142a. Tr\u00f3jj\u0119zyczna edukacja od \u017c\u0142obka do szko\u0142y podstawowej. Native speakerzy, globalne podej\u015bcie i rozw\u00f3j w 3 j\u0119zykach.\" \/>\n<meta name=\"robots\" content=\"index, follow, max-snippet:-1, max-image-preview:large, max-video-preview:-1\" \/>\n<link rel=\"canonical\" href=\"https:\/\/itsw.edu.pl\/en\/about-us\/itsw\/\" \/>\n<meta property=\"og:locale\" content=\"en_US\" \/>\n<meta property=\"og:type\" content=\"article\" \/>\n<meta property=\"og:title\" content=\"Dlaczego warto wybra\u0107 ITSW? Mi\u0119dzynarodowa, tr\u00f3jj\u0119zyczna edukacja w Warszawie\" \/>\n<meta property=\"og:description\" content=\"ITSW to miejsce, gdzie dzieci ucz\u0105 si\u0119 w trzech j\u0119zykach od najm\u0142odszych lat. Mi\u0119dzynarodowa kadra, nowoczesne metody i bezpieczne \u015brodowisko pe\u0142ne inspiracji.\" \/>\n<meta property=\"og:url\" content=\"https:\/\/itsw.edu.pl\/en\/about-us\/itsw\/\" \/>\n<meta property=\"og:site_name\" content=\"ITSW\" \/>\n<meta property=\"article:publisher\" content=\"https:\/\/www.facebook.com\/ITSW.School.Escuela.Ecole.XueXiao.Gakko.Warsaw\" \/>\n<meta property=\"article:modified_time\" content=\"2026-02-06T08:36:02+00:00\" \/>\n<meta name=\"twitter:card\" content=\"summary_large_image\" \/>\n<script type=\"application\/ld+json\" class=\"yoast-schema-graph\">{\"@context\":\"https:\\\/\\\/schema.org\",\"@graph\":[{\"@type\":\"Article\",\"@id\":\"https:\\\/\\\/itsw.edu.pl\\\/en\\\/about-us\\\/itsw\\\/#article\",\"isPartOf\":{\"@id\":\"https:\\\/\\\/itsw.edu.pl\\\/en\\\/about-us\\\/itsw\\\/\"},\"author\":{\"name\":\"M.K.\",\"@id\":\"https:\\\/\\\/itsw.edu.pl\\\/#\\\/schema\\\/person\\\/4a89b345dd3285b6de291f440f753c8f\"},\"headline\":\"ITSW\",\"datePublished\":\"2026-01-06T12:38:44+00:00\",\"dateModified\":\"2026-02-06T08:36:02+00:00\",\"mainEntityOfPage\":{\"@id\":\"https:\\\/\\\/itsw.edu.pl\\\/en\\\/about-us\\\/itsw\\\/\"},\"wordCount\":1,\"publisher\":{\"@id\":\"https:\\\/\\\/itsw.edu.pl\\\/#organization\"},\"inLanguage\":\"en-US\"},{\"@type\":\"WebPage\",\"@id\":\"https:\\\/\\\/itsw.edu.pl\\\/en\\\/about-us\\\/itsw\\\/\",\"url\":\"https:\\\/\\\/itsw.edu.pl\\\/en\\\/about-us\\\/itsw\\\/\",\"name\":\"Dlaczego ITSW? | Tr\u00f3jj\u0119zyczna edukacja i mi\u0119dzynarodowe \u015brodowisko w Warszawie - ITSW\",\"isPartOf\":{\"@id\":\"https:\\\/\\\/itsw.edu.pl\\\/#website\"},\"datePublished\":\"2026-01-06T12:38:44+00:00\",\"dateModified\":\"2026-02-06T08:36:02+00:00\",\"description\":\"Odkryj, dlaczego ITSW to co\u015b wi\u0119cej ni\u017c szko\u0142a. Tr\u00f3jj\u0119zyczna edukacja od \u017c\u0142obka do szko\u0142y podstawowej. Native speakerzy, globalne podej\u015bcie i rozw\u00f3j w 3 j\u0119zykach.\",\"breadcrumb\":{\"@id\":\"https:\\\/\\\/itsw.edu.pl\\\/en\\\/about-us\\\/itsw\\\/#breadcrumb\"},\"inLanguage\":\"en-US\",\"potentialAction\":[{\"@type\":\"ReadAction\",\"target\":[\"https:\\\/\\\/itsw.edu.pl\\\/en\\\/about-us\\\/itsw\\\/\"]}]},{\"@type\":\"BreadcrumbList\",\"@id\":\"https:\\\/\\\/itsw.edu.pl\\\/en\\\/about-us\\\/itsw\\\/#breadcrumb\",\"itemListElement\":[{\"@type\":\"ListItem\",\"position\":1,\"name\":\"ITSW\",\"item\":\"https:\\\/\\\/itsw.edu.pl\\\/en\\\/\"},{\"@type\":\"ListItem\",\"position\":2,\"name\":\"About Us\",\"item\":\"https:\\\/\\\/itsw.edu.pl\\\/en\\\/about-us\\\/\"},{\"@type\":\"ListItem\",\"position\":3,\"name\":\"ITSW\"}]},{\"@type\":\"WebSite\",\"@id\":\"https:\\\/\\\/itsw.edu.pl\\\/#website\",\"url\":\"https:\\\/\\\/itsw.edu.pl\\\/\",\"name\":\"ITSW\",\"description\":\"\",\"publisher\":{\"@id\":\"https:\\\/\\\/itsw.edu.pl\\\/#organization\"},\"alternateName\":\"International Trilingual School of Warsaw\",\"potentialAction\":[{\"@type\":\"SearchAction\",\"target\":{\"@type\":\"EntryPoint\",\"urlTemplate\":\"https:\\\/\\\/itsw.edu.pl\\\/?s={search_term_string}\"},\"query-input\":{\"@type\":\"PropertyValueSpecification\",\"valueRequired\":true,\"valueName\":\"search_term_string\"}}],\"inLanguage\":\"en-US\"},{\"@type\":\"Organization\",\"@id\":\"https:\\\/\\\/itsw.edu.pl\\\/#organization\",\"name\":\"International Trilingual School of Warsaw\",\"alternateName\":\"International Trilingual School of Warsaw\",\"url\":\"https:\\\/\\\/itsw.edu.pl\\\/\",\"logo\":{\"@type\":\"ImageObject\",\"inLanguage\":\"en-US\",\"@id\":\"https:\\\/\\\/itsw.edu.pl\\\/#\\\/schema\\\/logo\\\/image\\\/\",\"url\":\"https:\\\/\\\/itsw.edu.pl\\\/wp-content\\\/uploads\\\/itsw-logo.png\",\"contentUrl\":\"https:\\\/\\\/itsw.edu.pl\\\/wp-content\\\/uploads\\\/itsw-logo.png\",\"width\":350,\"height\":103,\"caption\":\"International Trilingual School of Warsaw\"},\"image\":{\"@id\":\"https:\\\/\\\/itsw.edu.pl\\\/#\\\/schema\\\/logo\\\/image\\\/\"},\"sameAs\":[\"https:\\\/\\\/www.facebook.com\\\/ITSW.School.Escuela.Ecole.XueXiao.Gakko.Warsaw\"]},{\"@type\":\"Person\",\"@id\":\"https:\\\/\\\/itsw.edu.pl\\\/#\\\/schema\\\/person\\\/4a89b345dd3285b6de291f440f753c8f\",\"name\":\"M.K.\"}]}<\/script>\n<!-- \/ Yoast SEO plugin. -->","yoast_head_json":{"title":"Dlaczego ITSW? | Tr\u00f3jj\u0119zyczna edukacja i mi\u0119dzynarodowe \u015brodowisko w Warszawie - ITSW","description":"Odkryj, dlaczego ITSW to co\u015b wi\u0119cej ni\u017c szko\u0142a. Tr\u00f3jj\u0119zyczna edukacja od \u017c\u0142obka do szko\u0142y podstawowej. Native speakerzy, globalne podej\u015bcie i rozw\u00f3j w 3 j\u0119zykach.","robots":{"index":"index","follow":"follow","max-snippet":"max-snippet:-1","max-image-preview":"max-image-preview:large","max-video-preview":"max-video-preview:-1"},"canonical":"https:\/\/itsw.edu.pl\/en\/about-us\/itsw\/","og_locale":"en_US","og_type":"article","og_title":"Dlaczego warto wybra\u0107 ITSW? Mi\u0119dzynarodowa, tr\u00f3jj\u0119zyczna edukacja w Warszawie","og_description":"ITSW to miejsce, gdzie dzieci ucz\u0105 si\u0119 w trzech j\u0119zykach od najm\u0142odszych lat. Mi\u0119dzynarodowa kadra, nowoczesne metody i bezpieczne \u015brodowisko pe\u0142ne inspiracji.","og_url":"https:\/\/itsw.edu.pl\/en\/about-us\/itsw\/","og_site_name":"ITSW","article_publisher":"https:\/\/www.facebook.com\/ITSW.School.Escuela.Ecole.XueXiao.Gakko.Warsaw","article_modified_time":"2026-02-06T08:36:02+00:00","twitter_card":"summary_large_image","schema":{"@context":"https:\/\/schema.org","@graph":[{"@type":"Article","@id":"https:\/\/itsw.edu.pl\/en\/about-us\/itsw\/#article","isPartOf":{"@id":"https:\/\/itsw.edu.pl\/en\/about-us\/itsw\/"},"author":{"name":"M.K.","@id":"https:\/\/itsw.edu.pl\/#\/schema\/person\/4a89b345dd3285b6de291f440f753c8f"},"headline":"ITSW","datePublished":"2026-01-06T12:38:44+00:00","dateModified":"2026-02-06T08:36:02+00:00","mainEntityOfPage":{"@id":"https:\/\/itsw.edu.pl\/en\/about-us\/itsw\/"},"wordCount":1,"publisher":{"@id":"https:\/\/itsw.edu.pl\/#organization"},"inLanguage":"en-US"},{"@type":"WebPage","@id":"https:\/\/itsw.edu.pl\/en\/about-us\/itsw\/","url":"https:\/\/itsw.edu.pl\/en\/about-us\/itsw\/","name":"Dlaczego ITSW? | Tr\u00f3jj\u0119zyczna edukacja i mi\u0119dzynarodowe \u015brodowisko w Warszawie - ITSW","isPartOf":{"@id":"https:\/\/itsw.edu.pl\/#website"},"datePublished":"2026-01-06T12:38:44+00:00","dateModified":"2026-02-06T08:36:02+00:00","description":"Odkryj, dlaczego ITSW to co\u015b wi\u0119cej ni\u017c szko\u0142a. Tr\u00f3jj\u0119zyczna edukacja od \u017c\u0142obka do szko\u0142y podstawowej. Native speakerzy, globalne podej\u015bcie i rozw\u00f3j w 3 j\u0119zykach.","breadcrumb":{"@id":"https:\/\/itsw.edu.pl\/en\/about-us\/itsw\/#breadcrumb"},"inLanguage":"en-US","potentialAction":[{"@type":"ReadAction","target":["https:\/\/itsw.edu.pl\/en\/about-us\/itsw\/"]}]},{"@type":"BreadcrumbList","@id":"https:\/\/itsw.edu.pl\/en\/about-us\/itsw\/#breadcrumb","itemListElement":[{"@type":"ListItem","position":1,"name":"ITSW","item":"https:\/\/itsw.edu.pl\/en\/"},{"@type":"ListItem","position":2,"name":"About Us","item":"https:\/\/itsw.edu.pl\/en\/about-us\/"},{"@type":"ListItem","position":3,"name":"ITSW"}]},{"@type":"WebSite","@id":"https:\/\/itsw.edu.pl\/#website","url":"https:\/\/itsw.edu.pl\/","name":"ITSW","description":"","publisher":{"@id":"https:\/\/itsw.edu.pl\/#organization"},"alternateName":"International Trilingual School of Warsaw","potentialAction":[{"@type":"SearchAction","target":{"@type":"EntryPoint","urlTemplate":"https:\/\/itsw.edu.pl\/?s={search_term_string}"},"query-input":{"@type":"PropertyValueSpecification","valueRequired":true,"valueName":"search_term_string"}}],"inLanguage":"en-US"},{"@type":"Organization","@id":"https:\/\/itsw.edu.pl\/#organization","name":"International Trilingual School of Warsaw","alternateName":"International Trilingual School of Warsaw","url":"https:\/\/itsw.edu.pl\/","logo":{"@type":"ImageObject","inLanguage":"en-US","@id":"https:\/\/itsw.edu.pl\/#\/schema\/logo\/image\/","url":"https:\/\/itsw.edu.pl\/wp-content\/uploads\/itsw-logo.png","contentUrl":"https:\/\/itsw.edu.pl\/wp-content\/uploads\/itsw-logo.png","width":350,"height":103,"caption":"International Trilingual School of Warsaw"},"image":{"@id":"https:\/\/itsw.edu.pl\/#\/schema\/logo\/image\/"},"sameAs":["https:\/\/www.facebook.com\/ITSW.School.Escuela.Ecole.XueXiao.Gakko.Warsaw"]},{"@type":"Person","@id":"https:\/\/itsw.edu.pl\/#\/schema\/person\/4a89b345dd3285b6de291f440f753c8f","name":"M.K."}]}},"_links":{"self":[{"href":"https:\/\/itsw.edu.pl\/en\/wp-json\/wp\/v2\/pages\/244007","targetHints":{"allow":["GET"]}}],"collection":[{"href":"https:\/\/itsw.edu.pl\/en\/wp-json\/wp\/v2\/pages"}],"about":[{"href":"https:\/\/itsw.edu.pl\/en\/wp-json\/wp\/v2\/types\/page"}],"author":[{"embeddable":true,"href":"https:\/\/itsw.edu.pl\/en\/wp-json\/wp\/v2\/users\/3"}],"replies":[{"embeddable":true,"href":"https:\/\/itsw.edu.pl\/en\/wp-json\/wp\/v2\/comments?post=244007"}],"version-history":[{"count":12,"href":"https:\/\/itsw.edu.pl\/en\/wp-json\/wp\/v2\/pages\/244007\/revisions"}],"predecessor-version":[{"id":250741,"href":"https:\/\/itsw.edu.pl\/en\/wp-json\/wp\/v2\/pages\/244007\/revisions\/250741"}],"up":[{"embeddable":true,"href":"https:\/\/itsw.edu.pl\/en\/wp-json\/wp\/v2\/pages\/243937"}],"wp:attachment":[{"href":"https:\/\/itsw.edu.pl\/en\/wp-json\/wp\/v2\/media?parent=244007"}],"curies":[{"name":"wp","href":"https:\/\/api.w.org\/{rel}","templated":true}]}}