{"id":243852,"date":"2026-01-06T19:54:54","date_gmt":"2026-01-06T18:54:54","guid":{"rendered":"https:\/\/itsw.edu.pl\/?page_id=243852"},"modified":"2026-01-12T10:56:08","modified_gmt":"2026-01-12T09:56:08","slug":"class-schedule","status":"publish","type":"page","link":"https:\/\/itsw.edu.pl\/en\/primary-school\/middle-school\/class-schedule\/","title":{"rendered":"Class Schedule"},"content":{"rendered":"<div class=\"et_pb_section_0 et_pb_section et_section_regular et_block_section\">\n<div class=\"et_pb_row_0 et_pb_row et_block_row\">\n<div class=\"et_pb_column_0 et_pb_column et_pb_column_4_4 et-last-child et_block_column et_pb_css_mix_blend_mode_passthrough\">\n<div class=\"et_pb_heading_0 et_pb_heading et_pb_module et_block_module\"><div class=\"et_pb_heading_container\"><h1 class=\"et_pb_module_header\">Class Schedule for Grades 7-8 at the Trilingual ITSW Middle School in Warsaw<\/h1><\/div><\/div>\n<\/div>\n<\/div>\n<\/div>\n\n<div class=\"et_pb_section_1 et_pb_section et_section_regular et_block_section\">\n<div class=\"et_pb_row_1 et_pb_row et_block_row\">\n<div class=\"et_pb_column_1 et_pb_column et_pb_column_1_2 et_block_column et_pb_css_mix_blend_mode_passthrough\">\n<div class=\"et_pb_image_0 et_pb_image et_pb_module et_block_module\"><span class=\"et_pb_image_wrap\"><img decoding=\"async\" src=\"https:\/\/itsw.edu.pl\/wp-content\/uploads\/steam-w-klasach-7-8.jpg\" alt=\"Lekcje steam w klasach 7-8\" title=\"steam-w-klasach-7-8\" width=\"763\" height=\"619\" srcset=\"https:\/\/itsw.edu.pl\/wp-content\/uploads\/steam-w-klasach-7-8.jpg 763w, https:\/\/itsw.edu.pl\/wp-content\/uploads\/steam-w-klasach-7-8-480x389.jpg 480w\" sizes=\"(min-width: 0px) and (max-width: 480px) 480px, (min-width: 481px) 763px, 100vw\" class=\"wp-image-249005\" \/><\/span><\/div>\n<\/div>\n\n<div class=\"et_pb_column_2 et_pb_column et_pb_column_1_2 et-last-child et_block_column et_pb_css_mix_blend_mode_passthrough\">\n<div class=\"et_pb_text_0 et_pb_text et_pb_bg_layout_light et_pb_module et_block_module\"><div class=\"et_pb_text_inner\"><h2>What Does a School Day Look Like in Grades 7-8?<\/h2>\n<p>In grades 7 and 8, students work in a trilingual model, where language is a tool for acquiring advanced academic knowledge. The daily schedule is designed to support both intensive subject learning and the development of individual interests.<\/p>\n<p><strong>Three times a week<\/strong>, classes conclude with <strong>Study Time<\/strong>\u2014time for independent work, consultations with teachers, project preparation, or in-depth study. Study Time is voluntary but exceptionally valuable for students preparing for exams and competitions.<\/p>\n<p>Below is a sample weekly schedule for grades 7-8, which demonstrates how we combine science and humanities learning with trilingual projects, study time, and activities that develop students' passions.<\/p>\n<\/div><\/div>\n<\/div>\n<\/div>\n\n<div class=\"et_pb_row_2 et_pb_row et_flex_row\">\n<div class=\"et_pb_column_3 et_pb_column et_block_column et_pb_css_mix_blend_mode_passthrough et_flex_column_12_24 et_flex_column_12_24_tablet et_flex_column_24_24_phone\">\n<div class=\"et_pb_text_1 et_pb_text et_pb_bg_layout_light et_pb_module et_block_module\"><div class=\"et_pb_text_inner\"><h2 data-start=\"88\" data-end=\"172\" style=\"text-align: left;\">Well-Being and Individual Approach \u2013 Caring for Each Student\u2019s Development<\/h2>\n<p>We know that the closer exams get, the more stress students may experience. Therefore, at ITSW, emotional well-being is an integral part of education.<br \/>Students in grades 7-8 can count on:<\/p>\n<ul>\n<li>ongoing support from the Well-Being Coach, Team Leader, and all teachers,<\/li>\n<li>a safe space to talk about stress, emotions, and academic challenges,<\/li>\n<li>assistance in planning the next steps in their education.<\/li>\n<\/ul>\n<p>Knowing the student's strengths and individual needs, teachers and the Well-Being Team help them choose the best path for further learning\u2014one that combines their predispositions, ambitions, and comfort.<\/p>\n<\/div><\/div>\n\n<div class=\"et_pb_module et_pb_button_module_wrapper et_pb_button_0_wrapper\"><a class=\"et_pb_button_0 et_pb_button et_pb_bg_layout_light et_pb_module et_block_module\" href=\"https:\/\/itsw.edu.pl\/en\/about-us\/itsw\/\">More About ITSW<\/a><\/div>\n<\/div>\n\n<div class=\"et_pb_column_4 et_pb_column et-last-child et_flex_column et_pb_css_mix_blend_mode_passthrough et_flex_column_12_24 et_flex_column_12_24_tablet et_flex_column_24_24_phone\">\n<div class=\"et_pb_image_1 et_pb_image et_pb_module et_block_module\"><span class=\"et_pb_image_wrap\"><img decoding=\"async\" src=\"https:\/\/itsw.edu.pl\/wp-content\/uploads\/well-being-w-klasach-7-8.jpg\" alt=\"Gymnastyka i dobrostan uczni\u00f3w 7-8\" title=\"well-being-w-klasach-7-8\" width=\"694\" height=\"563\" srcset=\"https:\/\/itsw.edu.pl\/wp-content\/uploads\/well-being-w-klasach-7-8.jpg 694w, https:\/\/itsw.edu.pl\/wp-content\/uploads\/well-being-w-klasach-7-8-480x389.jpg 480w\" sizes=\"(min-width: 0px) and (max-width: 480px) 480px, (min-width: 481px) 694px, 100vw\" class=\"wp-image-249014\" \/><\/span><\/div>\n<\/div>\n<\/div>\n<\/div>\n\n<div class=\"et_pb_section_2 et_pb_section et_section_regular et_block_section\">\n<div class=\"et_pb_row_3 et_pb_row et_block_row\">\n<div class=\"et_pb_column_5 et_pb_column et_pb_column_4_4 et-last-child et_block_column et_pb_css_mix_blend_mode_passthrough\">\n<div class=\"et_pb_text_2 et_pb_text et_pb_bg_layout_light et_pb_module et_block_module\"><div class=\"et_pb_text_inner\"><h2 style=\"text-align: center;\">Annual Schedule for Grades 7\u20138<\/h2>\n<p>ITSW International Primary School operates 10 months a year, with breaks only for public holidays. From September to June, we offer a full schedule of classes, and during short breaks, we offer students themed after-school activities.<br \/>The school is closed in July and August, but the building hosts summer language programs in Spanish, Polish, and English\u2014ideal for students who want to continue developing their skills during the holidays.<\/p>\n<\/div><\/div>\n<\/div>\n<\/div>\n\n<div class=\"et_pb_row_4 et_pb_row et_block_row\">\n<div class=\"et_pb_column_6 et_pb_column et_pb_column_4_4 et-last-child et_block_column et_pb_css_mix_blend_mode_passthrough\">\n<div class=\"et_pb_image_2 et_pb_image et_pb_module et_flex_module\"><span class=\"et_pb_image_wrap\"><img decoding=\"async\" src=\"https:\/\/itsw.edu.pl\/wp-content\/uploads\/plan-lekcji4.jpg\" title=\"plan lekcji4\" width=\"794\" height=\"1123\" srcset=\"https:\/\/itsw.edu.pl\/wp-content\/uploads\/plan-lekcji4.jpg 794w, https:\/\/itsw.edu.pl\/wp-content\/uploads\/plan-lekcji4-480x679.jpg 480w\" sizes=\"(min-width: 0px) and (max-width: 480px) 480px, (min-width: 481px) 794px, 100vw\" class=\"wp-image-243207\" \/><\/span><\/div>\n\n<div class=\"et_pb_image_3 et_pb_image et_pb_module et_flex_module\"><span class=\"et_pb_image_wrap\"><img decoding=\"async\" src=\"https:\/\/itsw.edu.pl\/wp-content\/uploads\/plan-lekcji5.jpg\" title=\"plan lekcji5\" width=\"794\" height=\"1123\" srcset=\"https:\/\/itsw.edu.pl\/wp-content\/uploads\/plan-lekcji5.jpg 794w, https:\/\/itsw.edu.pl\/wp-content\/uploads\/plan-lekcji5-480x679.jpg 480w\" sizes=\"(min-width: 0px) and (max-width: 480px) 480px, (min-width: 481px) 794px, 100vw\" class=\"wp-image-243199\" \/><\/span><\/div>\n\n<div class=\"et_pb_image_4 et_pb_image et_pb_module et_flex_module\"><span class=\"et_pb_image_wrap\"><img decoding=\"async\" src=\"https:\/\/itsw.edu.pl\/wp-content\/uploads\/plan-lekcji6.jpg\" title=\"plan lekcji6\" width=\"794\" height=\"1123\" srcset=\"https:\/\/itsw.edu.pl\/wp-content\/uploads\/plan-lekcji6.jpg 794w, https:\/\/itsw.edu.pl\/wp-content\/uploads\/plan-lekcji6-480x679.jpg 480w\" sizes=\"(min-width: 0px) and (max-width: 480px) 480px, (min-width: 481px) 794px, 100vw\" class=\"wp-image-243192\" \/><\/span><\/div>\n\n<div class=\"et_pb_image_5 et_pb_image et_pb_module et_flex_module\"><span class=\"et_pb_image_wrap\"><img decoding=\"async\" src=\"https:\/\/itsw.edu.pl\/wp-content\/uploads\/plan-lekcji7.jpg\" title=\"plan lekcji7\" width=\"794\" height=\"1123\" srcset=\"https:\/\/itsw.edu.pl\/wp-content\/uploads\/plan-lekcji7.jpg 794w, https:\/\/itsw.edu.pl\/wp-content\/uploads\/plan-lekcji7-480x679.jpg 480w\" sizes=\"(min-width: 0px) and (max-width: 480px) 480px, (min-width: 481px) 794px, 100vw\" class=\"wp-image-243185\" \/><\/span><\/div>\n<\/div>\n<\/div>\n\n<div class=\"et_pb_row_5 et_pb_row et_block_row\">\n<div class=\"et_pb_column_7 et_pb_column et_pb_column_4_4 et-last-child et_block_column et_pb_css_mix_blend_mode_passthrough\">\n<div class=\"et_pb_row_6 et_pb_row et_pb_row_nested et_flex_row\">\n<div class=\"et_pb_column_8 et_pb_column et_flex_column et_pb_css_mix_blend_mode_passthrough et_flex_column_24_24 et_flex_column_24_24_tablet et_flex_column_24_24_phone\">\n<div class=\"et_pb_module et_pb_button_module_wrapper et_pb_button_1_wrapper\"><a class=\"et_pb_button_1 et_pb_button et_pb_bg_layout_light et_pb_module et_block_module\" href=\"https:\/\/itsw.edu.pl\/en\/application-form\/\">Enroll Your Child in ITSW<\/a><\/div>\n<\/div>\n\n<div class=\"et_pb_column_9 et_pb_column et-last-child et_flex_column et_pb_css_mix_blend_mode_passthrough et_flex_column_24_24 et_flex_column_24_24_tablet et_flex_column_24_24_phone\">\n<div class=\"et_pb_module et_pb_button_module_wrapper et_pb_button_2_wrapper\"><a class=\"et_pb_button_2 et_pb_button et_pb_bg_layout_light et_pb_module et_block_module\" href=\"https:\/\/itsw.edu.pl\/en\/contact\/\">Contact Us<\/a><\/div>\n<\/div>\n<\/div>\n<\/div>\n<\/div>\n<\/div>","protected":false},"excerpt":{"rendered":"","protected":false},"author":3,"featured_media":0,"parent":245078,"menu_order":1,"comment_status":"closed","ping_status":"closed","template":"","meta":{"_acf_changed":false,"inline_featured_image":false,"footnotes":""},"class_list":["post-243852","page","type-page","status-publish","hentry"],"acf":[],"yoast_head":"<!-- This site is optimized with the Yoast SEO plugin v27.5 - https:\/\/yoast.com\/product\/yoast-seo-wordpress\/ -->\n<title>Tr\u00f3jj\u0119zyczna mi\u0119dzynarodowa szko\u0142a podstawowa ITSW Warszawa | Plan zaj\u0119\u0107 klas 7\u20138 - ITSW<\/title>\n<meta name=\"description\" content=\"Poznaj plan zaj\u0119\u0107 klas 7\u20138 w tr\u00f3jj\u0119zycznej szkole podstawowej ITSW w Warszawie. Sprawd\u017a jak \u0142\u0105czymy nauk\u0119 przedmiot\u00f3w \u015bcis\u0142ych i humanistycznych z projektami mi\u0119dzynarodowymi i trosk\u0105 o dobrostan ucznia.\" \/>\n<meta name=\"robots\" content=\"index, follow, max-snippet:-1, max-image-preview:large, max-video-preview:-1\" \/>\n<link rel=\"canonical\" href=\"https:\/\/itsw.edu.pl\/en\/primary-school\/middle-school\/class-schedule\/\" \/>\n<meta property=\"og:locale\" content=\"en_US\" \/>\n<meta property=\"og:type\" content=\"article\" \/>\n<meta property=\"og:title\" content=\"Jak wygl\u0105da dzie\u0144 w klasach 7\u20138? | Plan zaj\u0119\u0107 w mi\u0119dzynarodowej szkole ITSW\" \/>\n<meta property=\"og:description\" content=\"Zobacz przyk\u0142adowy plan zaj\u0119\u0107 w klasach 7\u20138 w tr\u00f3jj\u0119zycznej szkole ITSW. Dowiedz si\u0119, jak \u0142\u0105czymy intensywn\u0105 nauk\u0119 z projektami, pasjami uczni\u00f3w i trosk\u0105 o ich dobrostan emocjonalny.\" \/>\n<meta property=\"og:url\" content=\"https:\/\/itsw.edu.pl\/en\/primary-school\/middle-school\/class-schedule\/\" \/>\n<meta property=\"og:site_name\" content=\"ITSW\" \/>\n<meta property=\"article:publisher\" content=\"https:\/\/www.facebook.com\/ITSW.School.Escuela.Ecole.XueXiao.Gakko.Warsaw\" \/>\n<meta property=\"article:modified_time\" content=\"2026-01-12T09:56:08+00:00\" \/>\n<meta name=\"twitter:card\" content=\"summary_large_image\" \/>\n<script type=\"application\/ld+json\" class=\"yoast-schema-graph\">{\"@context\":\"https:\\\/\\\/schema.org\",\"@graph\":[{\"@type\":\"Article\",\"@id\":\"https:\\\/\\\/itsw.edu.pl\\\/en\\\/primary-school\\\/middle-school\\\/class-schedule\\\/#article\",\"isPartOf\":{\"@id\":\"https:\\\/\\\/itsw.edu.pl\\\/en\\\/primary-school\\\/middle-school\\\/class-schedule\\\/\"},\"author\":{\"name\":\"M.K.\",\"@id\":\"https:\\\/\\\/itsw.edu.pl\\\/#\\\/schema\\\/person\\\/4a89b345dd3285b6de291f440f753c8f\"},\"headline\":\"Class Schedule\",\"datePublished\":\"2026-01-06T18:54:54+00:00\",\"dateModified\":\"2026-01-12T09:56:08+00:00\",\"mainEntityOfPage\":{\"@id\":\"https:\\\/\\\/itsw.edu.pl\\\/en\\\/primary-school\\\/middle-school\\\/class-schedule\\\/\"},\"wordCount\":2,\"publisher\":{\"@id\":\"https:\\\/\\\/itsw.edu.pl\\\/#organization\"},\"inLanguage\":\"en-US\"},{\"@type\":\"WebPage\",\"@id\":\"https:\\\/\\\/itsw.edu.pl\\\/en\\\/primary-school\\\/middle-school\\\/class-schedule\\\/\",\"url\":\"https:\\\/\\\/itsw.edu.pl\\\/en\\\/primary-school\\\/middle-school\\\/class-schedule\\\/\",\"name\":\"Tr\u00f3jj\u0119zyczna mi\u0119dzynarodowa szko\u0142a podstawowa ITSW Warszawa | Plan zaj\u0119\u0107 klas 7\u20138 - ITSW\",\"isPartOf\":{\"@id\":\"https:\\\/\\\/itsw.edu.pl\\\/#website\"},\"datePublished\":\"2026-01-06T18:54:54+00:00\",\"dateModified\":\"2026-01-12T09:56:08+00:00\",\"description\":\"Poznaj plan zaj\u0119\u0107 klas 7\u20138 w tr\u00f3jj\u0119zycznej szkole podstawowej ITSW w Warszawie. Sprawd\u017a jak \u0142\u0105czymy nauk\u0119 przedmiot\u00f3w \u015bcis\u0142ych i humanistycznych z projektami mi\u0119dzynarodowymi i trosk\u0105 o dobrostan ucznia.\",\"breadcrumb\":{\"@id\":\"https:\\\/\\\/itsw.edu.pl\\\/en\\\/primary-school\\\/middle-school\\\/class-schedule\\\/#breadcrumb\"},\"inLanguage\":\"en-US\",\"potentialAction\":[{\"@type\":\"ReadAction\",\"target\":[\"https:\\\/\\\/itsw.edu.pl\\\/en\\\/primary-school\\\/middle-school\\\/class-schedule\\\/\"]}]},{\"@type\":\"BreadcrumbList\",\"@id\":\"https:\\\/\\\/itsw.edu.pl\\\/en\\\/primary-school\\\/middle-school\\\/class-schedule\\\/#breadcrumb\",\"itemListElement\":[{\"@type\":\"ListItem\",\"position\":1,\"name\":\"ITSW\",\"item\":\"https:\\\/\\\/itsw.edu.pl\\\/en\\\/\"},{\"@type\":\"ListItem\",\"position\":2,\"name\":\"Primary School\",\"item\":\"https:\\\/\\\/itsw.edu.pl\\\/en\\\/primary-school\\\/\"},{\"@type\":\"ListItem\",\"position\":3,\"name\":\"Middle school\",\"item\":\"https:\\\/\\\/itsw.edu.pl\\\/en\\\/primary-school\\\/middle-school\\\/\"},{\"@type\":\"ListItem\",\"position\":4,\"name\":\"Class Schedule\"}]},{\"@type\":\"WebSite\",\"@id\":\"https:\\\/\\\/itsw.edu.pl\\\/#website\",\"url\":\"https:\\\/\\\/itsw.edu.pl\\\/\",\"name\":\"ITSW\",\"description\":\"\",\"publisher\":{\"@id\":\"https:\\\/\\\/itsw.edu.pl\\\/#organization\"},\"alternateName\":\"International Trilingual School of Warsaw\",\"potentialAction\":[{\"@type\":\"SearchAction\",\"target\":{\"@type\":\"EntryPoint\",\"urlTemplate\":\"https:\\\/\\\/itsw.edu.pl\\\/?s={search_term_string}\"},\"query-input\":{\"@type\":\"PropertyValueSpecification\",\"valueRequired\":true,\"valueName\":\"search_term_string\"}}],\"inLanguage\":\"en-US\"},{\"@type\":\"Organization\",\"@id\":\"https:\\\/\\\/itsw.edu.pl\\\/#organization\",\"name\":\"International Trilingual School of Warsaw\",\"alternateName\":\"International Trilingual School of Warsaw\",\"url\":\"https:\\\/\\\/itsw.edu.pl\\\/\",\"logo\":{\"@type\":\"ImageObject\",\"inLanguage\":\"en-US\",\"@id\":\"https:\\\/\\\/itsw.edu.pl\\\/#\\\/schema\\\/logo\\\/image\\\/\",\"url\":\"https:\\\/\\\/itsw.edu.pl\\\/wp-content\\\/uploads\\\/itsw-logo.png\",\"contentUrl\":\"https:\\\/\\\/itsw.edu.pl\\\/wp-content\\\/uploads\\\/itsw-logo.png\",\"width\":350,\"height\":103,\"caption\":\"International Trilingual School of Warsaw\"},\"image\":{\"@id\":\"https:\\\/\\\/itsw.edu.pl\\\/#\\\/schema\\\/logo\\\/image\\\/\"},\"sameAs\":[\"https:\\\/\\\/www.facebook.com\\\/ITSW.School.Escuela.Ecole.XueXiao.Gakko.Warsaw\"]},{\"@type\":\"Person\",\"@id\":\"https:\\\/\\\/itsw.edu.pl\\\/#\\\/schema\\\/person\\\/4a89b345dd3285b6de291f440f753c8f\",\"name\":\"M.K.\"}]}<\/script>\n<!-- \/ Yoast SEO plugin. -->","yoast_head_json":{"title":"Tr\u00f3jj\u0119zyczna mi\u0119dzynarodowa szko\u0142a podstawowa ITSW Warszawa | Plan zaj\u0119\u0107 klas 7\u20138 - ITSW","description":"Poznaj plan zaj\u0119\u0107 klas 7\u20138 w tr\u00f3jj\u0119zycznej szkole podstawowej ITSW w Warszawie. Sprawd\u017a jak \u0142\u0105czymy nauk\u0119 przedmiot\u00f3w \u015bcis\u0142ych i humanistycznych z projektami mi\u0119dzynarodowymi i trosk\u0105 o dobrostan ucznia.","robots":{"index":"index","follow":"follow","max-snippet":"max-snippet:-1","max-image-preview":"max-image-preview:large","max-video-preview":"max-video-preview:-1"},"canonical":"https:\/\/itsw.edu.pl\/en\/primary-school\/middle-school\/class-schedule\/","og_locale":"en_US","og_type":"article","og_title":"Jak wygl\u0105da dzie\u0144 w klasach 7\u20138? | Plan zaj\u0119\u0107 w mi\u0119dzynarodowej szkole ITSW","og_description":"Zobacz przyk\u0142adowy plan zaj\u0119\u0107 w klasach 7\u20138 w tr\u00f3jj\u0119zycznej szkole ITSW. Dowiedz si\u0119, jak \u0142\u0105czymy intensywn\u0105 nauk\u0119 z projektami, pasjami uczni\u00f3w i trosk\u0105 o ich dobrostan emocjonalny.","og_url":"https:\/\/itsw.edu.pl\/en\/primary-school\/middle-school\/class-schedule\/","og_site_name":"ITSW","article_publisher":"https:\/\/www.facebook.com\/ITSW.School.Escuela.Ecole.XueXiao.Gakko.Warsaw","article_modified_time":"2026-01-12T09:56:08+00:00","twitter_card":"summary_large_image","schema":{"@context":"https:\/\/schema.org","@graph":[{"@type":"Article","@id":"https:\/\/itsw.edu.pl\/en\/primary-school\/middle-school\/class-schedule\/#article","isPartOf":{"@id":"https:\/\/itsw.edu.pl\/en\/primary-school\/middle-school\/class-schedule\/"},"author":{"name":"M.K.","@id":"https:\/\/itsw.edu.pl\/#\/schema\/person\/4a89b345dd3285b6de291f440f753c8f"},"headline":"Class Schedule","datePublished":"2026-01-06T18:54:54+00:00","dateModified":"2026-01-12T09:56:08+00:00","mainEntityOfPage":{"@id":"https:\/\/itsw.edu.pl\/en\/primary-school\/middle-school\/class-schedule\/"},"wordCount":2,"publisher":{"@id":"https:\/\/itsw.edu.pl\/#organization"},"inLanguage":"en-US"},{"@type":"WebPage","@id":"https:\/\/itsw.edu.pl\/en\/primary-school\/middle-school\/class-schedule\/","url":"https:\/\/itsw.edu.pl\/en\/primary-school\/middle-school\/class-schedule\/","name":"Tr\u00f3jj\u0119zyczna mi\u0119dzynarodowa szko\u0142a podstawowa ITSW Warszawa | Plan zaj\u0119\u0107 klas 7\u20138 - ITSW","isPartOf":{"@id":"https:\/\/itsw.edu.pl\/#website"},"datePublished":"2026-01-06T18:54:54+00:00","dateModified":"2026-01-12T09:56:08+00:00","description":"Poznaj plan zaj\u0119\u0107 klas 7\u20138 w tr\u00f3jj\u0119zycznej szkole podstawowej ITSW w Warszawie. Sprawd\u017a jak \u0142\u0105czymy nauk\u0119 przedmiot\u00f3w \u015bcis\u0142ych i humanistycznych z projektami mi\u0119dzynarodowymi i trosk\u0105 o dobrostan ucznia.","breadcrumb":{"@id":"https:\/\/itsw.edu.pl\/en\/primary-school\/middle-school\/class-schedule\/#breadcrumb"},"inLanguage":"en-US","potentialAction":[{"@type":"ReadAction","target":["https:\/\/itsw.edu.pl\/en\/primary-school\/middle-school\/class-schedule\/"]}]},{"@type":"BreadcrumbList","@id":"https:\/\/itsw.edu.pl\/en\/primary-school\/middle-school\/class-schedule\/#breadcrumb","itemListElement":[{"@type":"ListItem","position":1,"name":"ITSW","item":"https:\/\/itsw.edu.pl\/en\/"},{"@type":"ListItem","position":2,"name":"Primary School","item":"https:\/\/itsw.edu.pl\/en\/primary-school\/"},{"@type":"ListItem","position":3,"name":"Middle school","item":"https:\/\/itsw.edu.pl\/en\/primary-school\/middle-school\/"},{"@type":"ListItem","position":4,"name":"Class Schedule"}]},{"@type":"WebSite","@id":"https:\/\/itsw.edu.pl\/#website","url":"https:\/\/itsw.edu.pl\/","name":"ITSW","description":"","publisher":{"@id":"https:\/\/itsw.edu.pl\/#organization"},"alternateName":"International Trilingual School of Warsaw","potentialAction":[{"@type":"SearchAction","target":{"@type":"EntryPoint","urlTemplate":"https:\/\/itsw.edu.pl\/?s={search_term_string}"},"query-input":{"@type":"PropertyValueSpecification","valueRequired":true,"valueName":"search_term_string"}}],"inLanguage":"en-US"},{"@type":"Organization","@id":"https:\/\/itsw.edu.pl\/#organization","name":"International Trilingual School of Warsaw","alternateName":"International Trilingual School of Warsaw","url":"https:\/\/itsw.edu.pl\/","logo":{"@type":"ImageObject","inLanguage":"en-US","@id":"https:\/\/itsw.edu.pl\/#\/schema\/logo\/image\/","url":"https:\/\/itsw.edu.pl\/wp-content\/uploads\/itsw-logo.png","contentUrl":"https:\/\/itsw.edu.pl\/wp-content\/uploads\/itsw-logo.png","width":350,"height":103,"caption":"International Trilingual School of Warsaw"},"image":{"@id":"https:\/\/itsw.edu.pl\/#\/schema\/logo\/image\/"},"sameAs":["https:\/\/www.facebook.com\/ITSW.School.Escuela.Ecole.XueXiao.Gakko.Warsaw"]},{"@type":"Person","@id":"https:\/\/itsw.edu.pl\/#\/schema\/person\/4a89b345dd3285b6de291f440f753c8f","name":"M.K."}]}},"_links":{"self":[{"href":"https:\/\/itsw.edu.pl\/en\/wp-json\/wp\/v2\/pages\/243852","targetHints":{"allow":["GET"]}}],"collection":[{"href":"https:\/\/itsw.edu.pl\/en\/wp-json\/wp\/v2\/pages"}],"about":[{"href":"https:\/\/itsw.edu.pl\/en\/wp-json\/wp\/v2\/types\/page"}],"author":[{"embeddable":true,"href":"https:\/\/itsw.edu.pl\/en\/wp-json\/wp\/v2\/users\/3"}],"replies":[{"embeddable":true,"href":"https:\/\/itsw.edu.pl\/en\/wp-json\/wp\/v2\/comments?post=243852"}],"version-history":[{"count":11,"href":"https:\/\/itsw.edu.pl\/en\/wp-json\/wp\/v2\/pages\/243852\/revisions"}],"predecessor-version":[{"id":249354,"href":"https:\/\/itsw.edu.pl\/en\/wp-json\/wp\/v2\/pages\/243852\/revisions\/249354"}],"up":[{"embeddable":true,"href":"https:\/\/itsw.edu.pl\/en\/wp-json\/wp\/v2\/pages\/245078"}],"wp:attachment":[{"href":"https:\/\/itsw.edu.pl\/en\/wp-json\/wp\/v2\/media?parent=243852"}],"curies":[{"name":"wp","href":"https:\/\/api.w.org\/{rel}","templated":true}]}}