{"id":243787,"date":"2026-01-06T11:06:27","date_gmt":"2026-01-06T10:06:27","guid":{"rendered":"https:\/\/itsw.edu.pl\/?page_id=243787"},"modified":"2026-02-07T16:31:27","modified_gmt":"2026-02-07T15:31:27","slug":"campus","status":"publish","type":"page","link":"https:\/\/itsw.edu.pl\/en\/primary-school\/upper-primary\/campus\/","title":{"rendered":"Campus"},"content":{"rendered":"<div class=\"et_pb_section_0 et_pb_section et_section_regular et_block_section\">\n<div class=\"et_pb_row_0 et_pb_row et_block_row\">\n<div class=\"et_pb_column_0 et_pb_column et_pb_column_4_4 et-last-child et_block_column et_pb_css_mix_blend_mode_passthrough\">\n<div class=\"et_pb_heading_0 et_pb_heading et_pb_module et_block_module\"><div class=\"et_pb_heading_container\"><h1 class=\"et_pb_module_header\">Nobla Campus \u2013 the ITSW Trilingual Upper Primary & Middle School in Saska K\u0119pa<\/h1><\/div><\/div>\n<\/div>\n<\/div>\n<\/div>\n\n<div class=\"et_pb_section_1 et_pb_section et_section_regular et_block_section\">\n<div class=\"et_pb_row_1 et_pb_row et_block_row\">\n<div class=\"et_pb_column_1 et_pb_column et_pb_column_4_4 et-last-child et_block_column et_pb_css_mix_blend_mode_passthrough\">\n<div class=\"et_pb_text_0 et_pb_text et_pb_bg_layout_light et_pb_module et_block_module\"><div class=\"et_pb_text_inner\"><h2 style=\"text-align: center;\">A Place Where Everyday School Life Meets Trilingual Education<\/h2>\n<p>&nbsp;<\/p>\n<p><strong>The Nobla Campus is located in Saska K\u0119pa<\/strong>\u2014one of Warsaw's greenest and most peaceful districts, with easy access from Goc\u0142aw, Groch\u00f3w, the city center, Wola, Ochota, Powi\u015ble, \u017boliborz, Wawer, Bia\u0142o\u0142\u0119ka, and Mokot\u00f3w. The three-story school building offers spacious, <strong>bright classrooms with natural light<\/strong> and <strong>modern equipment tailored to the needs of students in grades 4-6 (Upper Primary) and 7-8 (Middle School)<\/strong>.<\/p>\n<p>The campus also features a spacious patio, which allows for daily outdoor activities, sports, and breaks that support students' concentration and well-being. This is a key element of our approach\u2014exercise and contact with nature are an integral part of the school day.<\/p>\n<p>&nbsp;<\/p>\n<\/div><\/div>\n<\/div>\n<\/div>\n<\/div>\n\n<div class=\"et_pb_section_2 et_pb_section et_section_regular et_block_section\">\n<div class=\"et_pb_row_2 et_pb_row et_flex_row\">\n<div class=\"et_pb_column_2 et_pb_column et_block_column et_pb_css_mix_blend_mode_passthrough et_flex_column_24_24 et_flex_column_24_24_tablet et_flex_column_24_24_phone\">\n<div class=\"et_pb_text_1 et_pb_text et_pb_bg_layout_light et_pb_module et_block_module\"><div class=\"et_pb_text_inner\"><h2>earning, Relaxation, and Languages \u200b\u200bin a Natural Setting \u2013 a Canteen, a Nearby Park, and a Near By Gymnasium<\/h2>\n<p>The Nobla Upper Primary Campus has its own cafeteria where students eat and relax. Most breaks are spent enjoying the <strong>school playground<\/strong> and the surrounding Jordan Park facilities. Although the<strong> gymnasium<\/strong> is not on campus, it is located 50 meters away.<\/p>\n<\/div><\/div>\n\n<div class=\"et_pb_module et_pb_button_module_wrapper et_pb_button_0_wrapper\"><a class=\"et_pb_button_0 et_pb_button et_pb_bg_layout_light et_pb_module et_block_module\" href=\"https:\/\/itsw.edu.pl\/en\/about-us\/itsw\/\">More About ITSW<\/a><\/div>\n<\/div>\n\n<div class=\"et_pb_column_3 et_pb_column et-last-child et_block_column et_pb_css_mix_blend_mode_passthrough et_flex_column_24_24 et_flex_column_24_24_tablet et_flex_column_24_24_phone\">\n<div class=\"et_pb_image_0 et_pb_image et_pb_module et_block_module\"><span class=\"et_pb_image_wrap\"><img decoding=\"async\" src=\"https:\/\/itsw.edu.pl\/wp-content\/uploads\/sports-at-itsw.jpg\" alt=\"Sports at ITSW\" title=\"Sports at ITSW\" width=\"555\" height=\"450\" srcset=\"https:\/\/itsw.edu.pl\/wp-content\/uploads\/sports-at-itsw.jpg 555w, https:\/\/itsw.edu.pl\/wp-content\/uploads\/sports-at-itsw-480x389.jpg 480w\" sizes=\"(min-width: 0px) and (max-width: 480px) 480px, (min-width: 481px) 555px, 100vw\" class=\"wp-image-250961\" \/><\/span><\/div>\n<\/div>\n<\/div>\n\n<div class=\"et_pb_row_3 et_pb_row et_flex_row\">\n<div class=\"et_pb_column_4 et_pb_column et_block_column et_pb_css_mix_blend_mode_passthrough et_flex_column_24_24 et_flex_column_24_24_tablet et_flex_column_24_24_phone\">\n<div class=\"et_pb_image_1 et_pb_image et_pb_module et_block_module\"><span class=\"et_pb_image_wrap\"><img decoding=\"async\" src=\"https:\/\/itsw.edu.pl\/wp-content\/uploads\/biblioteka-szkolna-kampus-nobla.jpg\" title=\"Sala gimnastyczna kampus Nobla\" width=\"555\" height=\"450\" srcset=\"https:\/\/itsw.edu.pl\/wp-content\/uploads\/biblioteka-szkolna-kampus-nobla.jpg 555w, https:\/\/itsw.edu.pl\/wp-content\/uploads\/biblioteka-szkolna-kampus-nobla-480x389.jpg 480w\" sizes=\"(min-width: 0px) and (max-width: 480px) 480px, (min-width: 481px) 555px, 100vw\" class=\"wp-image-246185\" alt=\"Children learning by play ITSW\" \/><\/span><\/div>\n<\/div>\n\n<div class=\"et_pb_column_5 et_pb_column et-last-child et_block_column et_pb_css_mix_blend_mode_passthrough et_flex_column_24_24 et_flex_column_24_24_tablet et_flex_column_24_24_phone\">\n<div class=\"et_pb_text_2 et_pb_text et_pb_bg_layout_light et_pb_module et_block_module\"><div class=\"et_pb_text_inner\"><h2>Multilingual Library \u2013 a Space for Exploring the World<\/h2>\n<p>One of the heart of the campus is the extensive library, <strong>which offers books in six ITSW languages<\/strong>. Students can:<\/p>\n<ul>\n<li>borrow literature in English, Polish, French, Spanish, Chinese, and Japanese,<\/li>\n<li>use the space for quiet study, relaxation, and rest,<\/li>\n<li>develop their interests and reading independence.<\/li>\n<\/ul>\n<p>The library is a space that supports academic and emotional development\u2014a peaceful nook for a moment of tranquility during a busy, trilingual day.<\/p>\n<\/div><\/div>\n\n<div class=\"et_pb_module et_pb_button_module_wrapper et_pb_button_1_wrapper\"><a class=\"et_pb_button_1 et_pb_button et_pb_bg_layout_light et_pb_module et_block_module\" href=\"https:\/\/itsw.edu.pl\/en\/contact\/\" target=\"_blank\">Schedule an Appointment at the Nobla Campus<\/a><\/div>\n<\/div>\n<\/div>\n\n<div class=\"et_pb_row_4 et_pb_row et_flex_row\">\n<div class=\"et_pb_column_6 et_pb_column et_flex_column et_pb_css_mix_blend_mode_passthrough et_flex_column_24_24 et_flex_column_24_24_tablet et_flex_column_24_24_phone\">\n<div class=\"et_pb_text_3 et_pb_text et_pb_bg_layout_light et_pb_module et_block_module\"><div class=\"et_pb_text_inner\"><h2 style=\"text-align: left;\">Easy Access to the Nobla Campus: the Heart of Green Saska K\u0119pa<\/h2>\n<p>The Nobla Upper Primary &amp; Middle Campus is located<strong> in the heart of one of Warsaw's most beautiful and greenest districts<\/strong> \u2013 Saska K\u0119pa. It's a place where quiet streets, a safe neighborhood, and a unique, family-friendly atmosphere make every day at school a pleasure.<\/p>\n<p>The excellent location makes access to the campus convenient both by car and public transportation. The proximity to the main thoroughfares of Praga-Po\u0142udnie and a quick connection to Warsaw city center provide <strong>easy access for families from Goc\u0142aw, Groch\u00f3w, Powi\u015ble, Wawer, Mokot\u00f3w, \u015ar\u00f3dmie\u015bcie<\/strong>, and other parts of the city.<\/p>\n<\/div><\/div>\n<\/div>\n\n<div class=\"et_pb_column_7 et_pb_column et-last-child et_flex_column et_pb_css_mix_blend_mode_passthrough et_flex_column_24_24 et_flex_column_24_24_tablet et_flex_column_24_24_phone\">\n<div class=\"et_pb_image_2 et_pb_image et_pb_module et_block_module\"><span class=\"et_pb_image_wrap\"><img decoding=\"async\" src=\"https:\/\/itsw.edu.pl\/wp-content\/uploads\/zielona-okolica-campus-nobla.jpg\" alt=\"Children learning by play ITSW\" title=\"Sala gimnastyczna kampus Nobla\" width=\"555\" height=\"450\" srcset=\"https:\/\/itsw.edu.pl\/wp-content\/uploads\/zielona-okolica-campus-nobla.jpg 555w, https:\/\/itsw.edu.pl\/wp-content\/uploads\/zielona-okolica-campus-nobla-480x389.jpg 480w\" sizes=\"(min-width: 0px) and (max-width: 480px) 480px, (min-width: 481px) 555px, 100vw\" class=\"wp-image-246258\" \/><\/span><\/div>\n<\/div>\n<\/div>\n\n<div class=\"et_pb_row_5 et_pb_row et_flex_row\">\n<div class=\"et_pb_column_8 et_pb_column et-last-child et_flex_column et_pb_css_mix_blend_mode_passthrough et_flex_column_24_24 et_flex_column_24_24_tablet et_flex_column_24_24_phone\">\n<div class=\"et_pb_text_4 et_pb_text et_pb_bg_layout_light et_pb_module et_block_module\"><div class=\"et_pb_text_inner\"><p>The campus is located in a <strong>quiet, secluded street<\/strong> \u2013 allowing children to learn and develop in a safe, peaceful environment while also benefiting from the city's infrastructure. It's an ideal place for students who need a balance between intensive learning and space for relaxation and outdoor play.<\/p>\n<p>Thanks to its central, well-connected location, <strong>students in grades 4\u20136 and 7-8 can return home safely and independently<\/strong> \u2013 on foot or by public transport \u2013 learning responsibility and independence in everyday life.<\/p>\n<\/div><\/div>\n<\/div>\n<\/div>\n\n<div class=\"et_pb_row_6 et_pb_row et_flex_row\">\n<div class=\"et_pb_column_9 et_pb_column et_flex_column et_pb_css_mix_blend_mode_passthrough et_flex_column_12_24 et_flex_column_12_24_tablet et_flex_column_24_24_phone\">\n<div class=\"et_pb_module et_pb_button_module_wrapper et_pb_button_2_wrapper\"><a class=\"et_pb_button_2 et_pb_button et_pb_bg_layout_light et_pb_module et_block_module\" href=\"https:\/\/itsw.edu.pl\/en\/contact\/\" target=\"_blank\">Contact Us!<\/a><\/div>\n<\/div>\n\n<div class=\"et_pb_column_10 et_pb_column et-last-child et_flex_column et_pb_css_mix_blend_mode_passthrough et_flex_column_12_24 et_flex_column_12_24_tablet et_flex_column_24_24_phone\">\n<div class=\"et_pb_module et_pb_button_module_wrapper et_pb_button_3_wrapper\"><a class=\"et_pb_button_3 et_pb_button et_pb_bg_layout_light et_pb_module et_block_module\" href=\"https:\/\/itsw.edu.pl\/en\/contact\/\" target=\"_blank\">Write to Us!<\/a><\/div>\n<\/div>\n<\/div>\n<\/div>","protected":false},"excerpt":{"rendered":"","protected":false},"author":3,"featured_media":0,"parent":245243,"menu_order":3,"comment_status":"closed","ping_status":"closed","template":"","meta":{"_acf_changed":false,"inline_featured_image":false,"footnotes":""},"class_list":["post-243787","page","type-page","status-publish","hentry"],"acf":[],"yoast_head":"<!-- This site is optimized with the Yoast SEO plugin v27.5 - https:\/\/yoast.com\/product\/yoast-seo-wordpress\/ -->\n<title>Szko\u0142a ITSW na Saskiej K\u0119pie | Tr\u00f3jj\u0119zyczny Kampus Nobla w Warszawie - ITSW<\/title>\n<meta name=\"description\" content=\"Poznaj Kampus Nobla \u2013 nowoczesn\u0105 lokalizacj\u0119 ITSW dla klas 4\u20138 na Saskiej K\u0119pie. Bezpieczne, zielone otoczenie, \u0142atwy dojazd i codzienny kontakt z j\u0119zykami.\" \/>\n<meta name=\"robots\" content=\"index, follow, max-snippet:-1, max-image-preview:large, max-video-preview:-1\" \/>\n<link rel=\"canonical\" href=\"https:\/\/itsw.edu.pl\/en\/primary-school\/upper-primary\/campus\/\" \/>\n<meta property=\"og:locale\" content=\"en_US\" \/>\n<meta property=\"og:type\" content=\"article\" \/>\n<meta property=\"og:title\" content=\"Tr\u00f3jj\u0119zyczna szko\u0142a mi\u0119dzynarodowa ITSW | klasy 4-8 | Kampus Nobla na Saskiej K\u0119pie\" \/>\n<meta property=\"og:description\" content=\"Zobacz, jak wygl\u0105da \u017cycie szkolne w Kampusie Nobla ITSW: zielona okolica, nowoczesne sale, wieloj\u0119zyczna biblioteka i przestrze\u0144 do nauki i odpoczynku.\" \/>\n<meta property=\"og:url\" content=\"https:\/\/itsw.edu.pl\/en\/primary-school\/upper-primary\/campus\/\" \/>\n<meta property=\"og:site_name\" content=\"ITSW\" \/>\n<meta property=\"article:publisher\" content=\"https:\/\/www.facebook.com\/ITSW.School.Escuela.Ecole.XueXiao.Gakko.Warsaw\" \/>\n<meta property=\"article:modified_time\" content=\"2026-02-07T15:31:27+00:00\" \/>\n<meta name=\"twitter:card\" content=\"summary_large_image\" \/>\n<script type=\"application\/ld+json\" class=\"yoast-schema-graph\">{\"@context\":\"https:\\\/\\\/schema.org\",\"@graph\":[{\"@type\":\"Article\",\"@id\":\"https:\\\/\\\/itsw.edu.pl\\\/en\\\/primary-school\\\/upper-primary\\\/campus\\\/#article\",\"isPartOf\":{\"@id\":\"https:\\\/\\\/itsw.edu.pl\\\/en\\\/primary-school\\\/upper-primary\\\/campus\\\/\"},\"author\":{\"name\":\"M.K.\",\"@id\":\"https:\\\/\\\/itsw.edu.pl\\\/#\\\/schema\\\/person\\\/4a89b345dd3285b6de291f440f753c8f\"},\"headline\":\"Campus\",\"datePublished\":\"2026-01-06T10:06:27+00:00\",\"dateModified\":\"2026-02-07T15:31:27+00:00\",\"mainEntityOfPage\":{\"@id\":\"https:\\\/\\\/itsw.edu.pl\\\/en\\\/primary-school\\\/upper-primary\\\/campus\\\/\"},\"wordCount\":1,\"publisher\":{\"@id\":\"https:\\\/\\\/itsw.edu.pl\\\/#organization\"},\"inLanguage\":\"en-US\"},{\"@type\":\"WebPage\",\"@id\":\"https:\\\/\\\/itsw.edu.pl\\\/en\\\/primary-school\\\/upper-primary\\\/campus\\\/\",\"url\":\"https:\\\/\\\/itsw.edu.pl\\\/en\\\/primary-school\\\/upper-primary\\\/campus\\\/\",\"name\":\"Szko\u0142a ITSW na Saskiej K\u0119pie | Tr\u00f3jj\u0119zyczny Kampus Nobla w Warszawie - ITSW\",\"isPartOf\":{\"@id\":\"https:\\\/\\\/itsw.edu.pl\\\/#website\"},\"datePublished\":\"2026-01-06T10:06:27+00:00\",\"dateModified\":\"2026-02-07T15:31:27+00:00\",\"description\":\"Poznaj Kampus Nobla \u2013 nowoczesn\u0105 lokalizacj\u0119 ITSW dla klas 4\u20138 na Saskiej K\u0119pie. Bezpieczne, zielone otoczenie, \u0142atwy dojazd i codzienny kontakt z j\u0119zykami.\",\"breadcrumb\":{\"@id\":\"https:\\\/\\\/itsw.edu.pl\\\/en\\\/primary-school\\\/upper-primary\\\/campus\\\/#breadcrumb\"},\"inLanguage\":\"en-US\",\"potentialAction\":[{\"@type\":\"ReadAction\",\"target\":[\"https:\\\/\\\/itsw.edu.pl\\\/en\\\/primary-school\\\/upper-primary\\\/campus\\\/\"]}]},{\"@type\":\"BreadcrumbList\",\"@id\":\"https:\\\/\\\/itsw.edu.pl\\\/en\\\/primary-school\\\/upper-primary\\\/campus\\\/#breadcrumb\",\"itemListElement\":[{\"@type\":\"ListItem\",\"position\":1,\"name\":\"ITSW\",\"item\":\"https:\\\/\\\/itsw.edu.pl\\\/en\\\/\"},{\"@type\":\"ListItem\",\"position\":2,\"name\":\"Primary School\",\"item\":\"https:\\\/\\\/itsw.edu.pl\\\/en\\\/primary-school\\\/\"},{\"@type\":\"ListItem\",\"position\":3,\"name\":\"Upper Primary\",\"item\":\"https:\\\/\\\/itsw.edu.pl\\\/en\\\/primary-school\\\/upper-primary\\\/\"},{\"@type\":\"ListItem\",\"position\":4,\"name\":\"Campus\"}]},{\"@type\":\"WebSite\",\"@id\":\"https:\\\/\\\/itsw.edu.pl\\\/#website\",\"url\":\"https:\\\/\\\/itsw.edu.pl\\\/\",\"name\":\"ITSW\",\"description\":\"\",\"publisher\":{\"@id\":\"https:\\\/\\\/itsw.edu.pl\\\/#organization\"},\"alternateName\":\"International Trilingual School of Warsaw\",\"potentialAction\":[{\"@type\":\"SearchAction\",\"target\":{\"@type\":\"EntryPoint\",\"urlTemplate\":\"https:\\\/\\\/itsw.edu.pl\\\/?s={search_term_string}\"},\"query-input\":{\"@type\":\"PropertyValueSpecification\",\"valueRequired\":true,\"valueName\":\"search_term_string\"}}],\"inLanguage\":\"en-US\"},{\"@type\":\"Organization\",\"@id\":\"https:\\\/\\\/itsw.edu.pl\\\/#organization\",\"name\":\"International Trilingual School of Warsaw\",\"alternateName\":\"International Trilingual School of Warsaw\",\"url\":\"https:\\\/\\\/itsw.edu.pl\\\/\",\"logo\":{\"@type\":\"ImageObject\",\"inLanguage\":\"en-US\",\"@id\":\"https:\\\/\\\/itsw.edu.pl\\\/#\\\/schema\\\/logo\\\/image\\\/\",\"url\":\"https:\\\/\\\/itsw.edu.pl\\\/wp-content\\\/uploads\\\/itsw-logo.png\",\"contentUrl\":\"https:\\\/\\\/itsw.edu.pl\\\/wp-content\\\/uploads\\\/itsw-logo.png\",\"width\":350,\"height\":103,\"caption\":\"International Trilingual School of Warsaw\"},\"image\":{\"@id\":\"https:\\\/\\\/itsw.edu.pl\\\/#\\\/schema\\\/logo\\\/image\\\/\"},\"sameAs\":[\"https:\\\/\\\/www.facebook.com\\\/ITSW.School.Escuela.Ecole.XueXiao.Gakko.Warsaw\"]},{\"@type\":\"Person\",\"@id\":\"https:\\\/\\\/itsw.edu.pl\\\/#\\\/schema\\\/person\\\/4a89b345dd3285b6de291f440f753c8f\",\"name\":\"M.K.\"}]}<\/script>\n<!-- \/ Yoast SEO plugin. -->","yoast_head_json":{"title":"Szko\u0142a ITSW na Saskiej K\u0119pie | Tr\u00f3jj\u0119zyczny Kampus Nobla w Warszawie - ITSW","description":"Poznaj Kampus Nobla \u2013 nowoczesn\u0105 lokalizacj\u0119 ITSW dla klas 4\u20138 na Saskiej K\u0119pie. Bezpieczne, zielone otoczenie, \u0142atwy dojazd i codzienny kontakt z j\u0119zykami.","robots":{"index":"index","follow":"follow","max-snippet":"max-snippet:-1","max-image-preview":"max-image-preview:large","max-video-preview":"max-video-preview:-1"},"canonical":"https:\/\/itsw.edu.pl\/en\/primary-school\/upper-primary\/campus\/","og_locale":"en_US","og_type":"article","og_title":"Tr\u00f3jj\u0119zyczna szko\u0142a mi\u0119dzynarodowa ITSW | klasy 4-8 | Kampus Nobla na Saskiej K\u0119pie","og_description":"Zobacz, jak wygl\u0105da \u017cycie szkolne w Kampusie Nobla ITSW: zielona okolica, nowoczesne sale, wieloj\u0119zyczna biblioteka i przestrze\u0144 do nauki i odpoczynku.","og_url":"https:\/\/itsw.edu.pl\/en\/primary-school\/upper-primary\/campus\/","og_site_name":"ITSW","article_publisher":"https:\/\/www.facebook.com\/ITSW.School.Escuela.Ecole.XueXiao.Gakko.Warsaw","article_modified_time":"2026-02-07T15:31:27+00:00","twitter_card":"summary_large_image","schema":{"@context":"https:\/\/schema.org","@graph":[{"@type":"Article","@id":"https:\/\/itsw.edu.pl\/en\/primary-school\/upper-primary\/campus\/#article","isPartOf":{"@id":"https:\/\/itsw.edu.pl\/en\/primary-school\/upper-primary\/campus\/"},"author":{"name":"M.K.","@id":"https:\/\/itsw.edu.pl\/#\/schema\/person\/4a89b345dd3285b6de291f440f753c8f"},"headline":"Campus","datePublished":"2026-01-06T10:06:27+00:00","dateModified":"2026-02-07T15:31:27+00:00","mainEntityOfPage":{"@id":"https:\/\/itsw.edu.pl\/en\/primary-school\/upper-primary\/campus\/"},"wordCount":1,"publisher":{"@id":"https:\/\/itsw.edu.pl\/#organization"},"inLanguage":"en-US"},{"@type":"WebPage","@id":"https:\/\/itsw.edu.pl\/en\/primary-school\/upper-primary\/campus\/","url":"https:\/\/itsw.edu.pl\/en\/primary-school\/upper-primary\/campus\/","name":"Szko\u0142a ITSW na Saskiej K\u0119pie | Tr\u00f3jj\u0119zyczny Kampus Nobla w Warszawie - ITSW","isPartOf":{"@id":"https:\/\/itsw.edu.pl\/#website"},"datePublished":"2026-01-06T10:06:27+00:00","dateModified":"2026-02-07T15:31:27+00:00","description":"Poznaj Kampus Nobla \u2013 nowoczesn\u0105 lokalizacj\u0119 ITSW dla klas 4\u20138 na Saskiej K\u0119pie. Bezpieczne, zielone otoczenie, \u0142atwy dojazd i codzienny kontakt z j\u0119zykami.","breadcrumb":{"@id":"https:\/\/itsw.edu.pl\/en\/primary-school\/upper-primary\/campus\/#breadcrumb"},"inLanguage":"en-US","potentialAction":[{"@type":"ReadAction","target":["https:\/\/itsw.edu.pl\/en\/primary-school\/upper-primary\/campus\/"]}]},{"@type":"BreadcrumbList","@id":"https:\/\/itsw.edu.pl\/en\/primary-school\/upper-primary\/campus\/#breadcrumb","itemListElement":[{"@type":"ListItem","position":1,"name":"ITSW","item":"https:\/\/itsw.edu.pl\/en\/"},{"@type":"ListItem","position":2,"name":"Primary School","item":"https:\/\/itsw.edu.pl\/en\/primary-school\/"},{"@type":"ListItem","position":3,"name":"Upper Primary","item":"https:\/\/itsw.edu.pl\/en\/primary-school\/upper-primary\/"},{"@type":"ListItem","position":4,"name":"Campus"}]},{"@type":"WebSite","@id":"https:\/\/itsw.edu.pl\/#website","url":"https:\/\/itsw.edu.pl\/","name":"ITSW","description":"","publisher":{"@id":"https:\/\/itsw.edu.pl\/#organization"},"alternateName":"International Trilingual School of Warsaw","potentialAction":[{"@type":"SearchAction","target":{"@type":"EntryPoint","urlTemplate":"https:\/\/itsw.edu.pl\/?s={search_term_string}"},"query-input":{"@type":"PropertyValueSpecification","valueRequired":true,"valueName":"search_term_string"}}],"inLanguage":"en-US"},{"@type":"Organization","@id":"https:\/\/itsw.edu.pl\/#organization","name":"International Trilingual School of Warsaw","alternateName":"International Trilingual School of Warsaw","url":"https:\/\/itsw.edu.pl\/","logo":{"@type":"ImageObject","inLanguage":"en-US","@id":"https:\/\/itsw.edu.pl\/#\/schema\/logo\/image\/","url":"https:\/\/itsw.edu.pl\/wp-content\/uploads\/itsw-logo.png","contentUrl":"https:\/\/itsw.edu.pl\/wp-content\/uploads\/itsw-logo.png","width":350,"height":103,"caption":"International Trilingual School of Warsaw"},"image":{"@id":"https:\/\/itsw.edu.pl\/#\/schema\/logo\/image\/"},"sameAs":["https:\/\/www.facebook.com\/ITSW.School.Escuela.Ecole.XueXiao.Gakko.Warsaw"]},{"@type":"Person","@id":"https:\/\/itsw.edu.pl\/#\/schema\/person\/4a89b345dd3285b6de291f440f753c8f","name":"M.K."}]}},"_links":{"self":[{"href":"https:\/\/itsw.edu.pl\/en\/wp-json\/wp\/v2\/pages\/243787","targetHints":{"allow":["GET"]}}],"collection":[{"href":"https:\/\/itsw.edu.pl\/en\/wp-json\/wp\/v2\/pages"}],"about":[{"href":"https:\/\/itsw.edu.pl\/en\/wp-json\/wp\/v2\/types\/page"}],"author":[{"embeddable":true,"href":"https:\/\/itsw.edu.pl\/en\/wp-json\/wp\/v2\/users\/3"}],"replies":[{"embeddable":true,"href":"https:\/\/itsw.edu.pl\/en\/wp-json\/wp\/v2\/comments?post=243787"}],"version-history":[{"count":28,"href":"https:\/\/itsw.edu.pl\/en\/wp-json\/wp\/v2\/pages\/243787\/revisions"}],"predecessor-version":[{"id":250975,"href":"https:\/\/itsw.edu.pl\/en\/wp-json\/wp\/v2\/pages\/243787\/revisions\/250975"}],"up":[{"embeddable":true,"href":"https:\/\/itsw.edu.pl\/en\/wp-json\/wp\/v2\/pages\/245243"}],"wp:attachment":[{"href":"https:\/\/itsw.edu.pl\/en\/wp-json\/wp\/v2\/media?parent=243787"}],"curies":[{"name":"wp","href":"https:\/\/api.w.org\/{rel}","templated":true}]}}