{"id":243718,"date":"2026-01-06T11:07:18","date_gmt":"2026-01-06T10:07:18","guid":{"rendered":"https:\/\/itsw.edu.pl\/?page_id=243718"},"modified":"2026-02-06T12:38:38","modified_gmt":"2026-02-06T11:38:38","slug":"campus","status":"publish","type":"page","link":"https:\/\/itsw.edu.pl\/en\/primary-school\/lower-primary\/campus\/","title":{"rendered":"Campus"},"content":{"rendered":"<div class=\"et_pb_section_0 et_pb_section et_section_regular et_block_section\">\n<div class=\"et_pb_row_0 et_pb_row et_block_row\">\n<div class=\"et_pb_column_0 et_pb_column et_pb_column_4_4 et-last-child et_block_column et_pb_css_mix_blend_mode_passthrough\">\n<div class=\"et_pb_heading_0 et_pb_heading et_pb_module et_block_module\"><div class=\"et_pb_heading_container\"><h1 class=\"et_pb_module_header\">Lower Primary Campus \u2013  ITSW Trilingual Primary School in Saska K\u0119pa, Warsaw<\/h1><\/div><\/div>\n<\/div>\n<\/div>\n<\/div>\n\n<div class=\"et_pb_section_1 et_pb_section et_section_regular et_block_section\">\n<div class=\"et_pb_row_1 et_pb_row et_block_row\">\n<div class=\"et_pb_column_1 et_pb_column et_pb_column_4_4 et-last-child et_block_column et_pb_css_mix_blend_mode_passthrough\">\n<div class=\"et_pb_text_0 et_pb_text et_pb_bg_layout_light et_pb_module et_block_module\"><div class=\"et_pb_text_inner\"><h2><\/h2>\n<h2>A Modern and Spacious Campus for Grades 1\u20133 in the Heart of Saska K\u0119pa<\/h2>\n<p>&nbsp;<\/p>\n<p>The Lower Primary Campus is a modern ITSW location for students in grades 1-3, located in the prestigious Saska K\u0119pa district\u2014one of Warsaw's greenest and most family-friendly districts. The campus is designed to support trilingual education and the harmonious development of children in a friendly, bright, and safe environment.<\/p>\n<p>Spacious classrooms with natural light, modern equipment, comfortable work and relaxation areas, and a welcoming canteen create ideal conditions for daily learning in three languages. See what the trilingual ITSW international primary school looks like from the inside.<\/p>\n<\/div><\/div>\n<\/div>\n<\/div>\n<\/div>\n\n<div class=\"et_pb_section_2 et_pb_section et_section_regular et_block_section\">\n<div class=\"et_pb_row_2 et_pb_row et_flex_row\">\n<div class=\"et_pb_column_2 et_pb_column et_block_column et_pb_css_mix_blend_mode_passthrough et_flex_column_24_24 et_flex_column_24_24_tablet et_flex_column_24_24_phone\">\n<div class=\"et_pb_text_1 et_pb_text et_pb_bg_layout_light et_pb_module et_block_module\"><div class=\"et_pb_text_inner\"><h2>Aldony Campus \u2013 Perfect Location with Easy Access from All Over Warsaw<\/h2>\n<p>The Lower Primary campus is well-connected to many districts of the capital. Families living in, among others, the following districts enjoy convenient access:<\/p>\n<ul>\n<li>Saska K\u0119pa, Praga-Po\u0142udnie, Praga-P\u00f3\u0142noc, and the surrounding areas,<\/li>\n<li>Goc\u0142aw and Groch\u00f3w,<\/li>\n<li>\u015ar\u00f3dmie\u015bcie,<\/li>\n<li>Mokot\u00f3w,<\/li>\n<li>Wilan\u00f3w,<\/li>\n<li>Powi\u015ble, Marki, Zielonka, Goc\u0142aw, Kamionek, Zolibo\u017c, Wola, Ochota, Bia\u0142o\u0142\u0119ka,<\/li>\n<\/ul>\n<p>The proximity of major arteries and public transportation (buses, trams, bike paths) makes the campus a convenient choice for families from various parts of Warsaw.<\/p>\n<p>\u00a0<\/p>\n<p>\u00a0<\/p>\n<\/div><\/div>\n<\/div>\n\n<div class=\"et_pb_column_3 et_pb_column et-last-child et_block_column et_pb_css_mix_blend_mode_passthrough et_flex_column_24_24 et_flex_column_24_24_tablet et_flex_column_24_24_phone\">\n<div class=\"et_pb_image_0 et_pb_image et_pb_module et_flex_module\"><span class=\"et_pb_image_wrap\"><img decoding=\"async\" src=\"https:\/\/itsw.edu.pl\/wp-content\/uploads\/kampus-aldony-klasy-1-3-1.jpg\" alt=\"Kampus Aldony klasy 1-3 na Saskiej K\u0119pie - Praga Po\u0142udnie\" title=\"Kampus Aldony klasy 1-3\" width=\"751\" height=\"875\" srcset=\"https:\/\/itsw.edu.pl\/wp-content\/uploads\/kampus-aldony-klasy-1-3-1.jpg 751w, https:\/\/itsw.edu.pl\/wp-content\/uploads\/kampus-aldony-klasy-1-3-1-480x559.jpg 480w\" sizes=\"(min-width: 0px) and (max-width: 480px) 480px, (min-width: 481px) 751px, 100vw\" class=\"wp-image-245850\" \/><\/span><\/div>\n<\/div>\n<\/div>\n\n<div class=\"et_pb_row_3 et_pb_row et_flex_row\">\n<div class=\"et_pb_column_4 et_pb_column et_block_column et_pb_css_mix_blend_mode_passthrough et_flex_column_24_24 et_flex_column_24_24_tablet et_flex_column_24_24_phone\">\n<div class=\"et_pb_image_1 et_pb_image et_pb_module et_flex_module\"><span class=\"et_pb_image_wrap\"><img decoding=\"async\" src=\"https:\/\/itsw.edu.pl\/wp-content\/uploads\/sport-i-zabawy-na-swierzym-potwietrzu-1.jpg\" title=\"sport i zabawy na swierzym potwietrzu\" width=\"555\" height=\"450\" srcset=\"https:\/\/itsw.edu.pl\/wp-content\/uploads\/sport-i-zabawy-na-swierzym-potwietrzu-1.jpg 555w, https:\/\/itsw.edu.pl\/wp-content\/uploads\/sport-i-zabawy-na-swierzym-potwietrzu-1-480x389.jpg 480w\" sizes=\"(min-width: 0px) and (max-width: 480px) 480px, (min-width: 481px) 555px, 100vw\" class=\"wp-image-250751\" alt=\"Kampus Aldony klasy 1-3 na Saskiej K\u0119pie - Praga Po\u0142udnie\" \/><\/span><\/div>\n<\/div>\n\n<div class=\"et_pb_column_5 et_pb_column et-last-child et_block_column et_pb_css_mix_blend_mode_passthrough et_flex_column_24_24 et_flex_column_24_24_tablet et_flex_column_24_24_phone\">\n<div class=\"et_pb_text_2 et_pb_text et_pb_bg_layout_light et_pb_module et_block_module\"><div class=\"et_pb_text_inner\"><h2>Spacious Patio and Outdoor Activity Areas<\/h2>\n<p>One of the greatest assets of the Lower Primary Campus is its large, safe patio, where children:<\/p>\n<ul>\n<li>spend time outdoors,<\/li>\n<li>participate in sports and physical activities,<\/li>\n<li>carry out educational projects and nature experiments,<\/li>\n<li>play in a natural, green environment.<\/li>\n<\/ul>\n<p>Regular contact with nature and outdoor activity support students' healthy development and concentration during classes.<\/p>\n<p>\u00a0<\/p>\n<\/div><\/div>\n<\/div>\n<\/div>\n\n<div class=\"et_pb_row_4 et_pb_row et_flex_row\">\n<div class=\"et_pb_column_6 et_pb_column et_flex_column et_pb_css_mix_blend_mode_passthrough et_flex_column_24_24 et_flex_column_24_24_tablet et_flex_column_24_24_phone\">\n<div class=\"et_pb_text_3 et_pb_text et_pb_bg_layout_light et_pb_module et_block_module\"><div class=\"et_pb_text_inner\"><h2 style=\"text-align: center;\">Modern Interiors and Comfortable Learning Conditions<\/h2>\n<p>All classrooms at the Lower Primary Campus are:<\/p>\n<ul>\n<li>spacious,<\/li>\n<li>aesthetically pleasing and functional,<\/li>\n<li>equipped with teaching aids for trilingual education,<\/li>\n<li>illuminated with natural light,<\/li>\n<li>designed with the children's comfort in mind.<\/li>\n<\/ul>\n<p>The campus also has a cozy canteen where students can enjoy a meal and relax.<\/p>\n<p>Sports classes are held in the gymnasium, while swimming is organized at the nearby pool, where children are transported by private bus.<\/p>\n<p>The school has a multilingual library, where reading classes are held and a library is available for borrowing books.<\/p>\n<\/div><\/div>\n<\/div>\n\n<div class=\"et_pb_column_7 et_pb_column et-last-child et_flex_column et_pb_css_mix_blend_mode_passthrough et_flex_column_24_24 et_flex_column_24_24_tablet et_flex_column_24_24_phone\">\n<div class=\"et_pb_image_2 et_pb_image et_pb_module et_flex_module\"><span class=\"et_pb_image_wrap\"><img decoding=\"async\" src=\"https:\/\/itsw.edu.pl\/wp-content\/uploads\/aldony-campus-warszawa-szkola-podstawowa.jpg\" title=\"Kampus Aldony klasy 1-3\" width=\"1201\" height=\"1400\" srcset=\"https:\/\/itsw.edu.pl\/wp-content\/uploads\/aldony-campus-warszawa-szkola-podstawowa.jpg 1201w, https:\/\/itsw.edu.pl\/wp-content\/uploads\/aldony-campus-warszawa-szkola-podstawowa-980x1142.jpg 980w, https:\/\/itsw.edu.pl\/wp-content\/uploads\/aldony-campus-warszawa-szkola-podstawowa-480x560.jpg 480w\" sizes=\"(min-width: 0px) and (max-width: 480px) 480px, (min-width: 481px) and (max-width: 980px) 980px, (min-width: 981px) 1201px, 100vw\" class=\"wp-image-245859\" alt=\"Kampus Aldony klasy 1-3 na Saskiej K\u0119pie - Praga Po\u0142udnie\" \/><\/span><\/div>\n<\/div>\n<\/div>\n<\/div>\n\n<div class=\"et_pb_section_3 et_pb_section et_section_regular et_block_section\">\n<div class=\"et_pb_row_5 et_pb_row et_block_row\">\n<div class=\"et_pb_column_8 et_pb_column et_pb_column_4_4 et-last-child et_block_column et_pb_css_mix_blend_mode_passthrough\">\n<div class=\"et_pb_heading_1 et_pb_heading et_pb_module et_flex_module\"><div class=\"et_pb_heading_container\"><h3 class=\"et_pb_module_header\">Trilingual Education in an Inspiring Space<\/h3><\/div><\/div>\n<\/div>\n<\/div>\n\n<div class=\"et_pb_row_6 et_pb_row et_flex_row\">\n<div class=\"et_pb_column_9 et_pb_column et-last-child et_flex_column et_pb_css_mix_blend_mode_passthrough et_flex_column_24_24 et_flex_column_24_24_tablet et_flex_column_24_24_phone\">\n<div class=\"et_pb_text_4 et_pb_text et_pb_bg_layout_light et_pb_module et_block_module\"><div class=\"et_pb_text_inner\"><p>The Lower Primary Campus is a place where languages\u2014English, Polish and a third language (Spanish, French, Chinese, or Japanese)\u2014are a natural part of everyday life. The bright, welcoming space promotes concentration, harmonious development, and building social relationships.<\/p>\n<\/div><\/div>\n<\/div>\n<\/div>\n\n<div class=\"et_pb_row_7 et_pb_row et_flex_row\">\n<div class=\"et_pb_column_10 et_pb_column et_flex_column et_pb_css_mix_blend_mode_passthrough et_flex_column_12_24 et_flex_column_12_24_tablet et_flex_column_24_24_phone\">\n<div class=\"et_pb_module et_pb_button_module_wrapper et_pb_button_0_wrapper\"><a class=\"et_pb_button_0 et_pb_button et_pb_bg_layout_light et_pb_module et_block_module\" href=\"https:\/\/itsw.edu.pl\/en\/contact\/\" target=\"_blank\">Make an Appointment at the Lower Primary Campus<\/a><\/div>\n<\/div>\n\n<div class=\"et_pb_column_11 et_pb_column et-last-child et_flex_column et_pb_css_mix_blend_mode_passthrough et_flex_column_12_24 et_flex_column_12_24_tablet et_flex_column_24_24_phone\">\n<div class=\"et_pb_module et_pb_button_module_wrapper et_pb_button_1_wrapper\"><a class=\"et_pb_button_1 et_pb_button et_pb_bg_layout_light et_pb_module et_block_module\" href=\"https:\/\/itsw.edu.pl\/en\/application-form\/\">Enroll Your Child Today!<\/a><\/div>\n<\/div>\n<\/div>\n<\/div>","protected":false},"excerpt":{"rendered":"","protected":false},"author":3,"featured_media":0,"parent":245068,"menu_order":3,"comment_status":"closed","ping_status":"closed","template":"","meta":{"_acf_changed":false,"inline_featured_image":false,"footnotes":""},"class_list":["post-243718","page","type-page","status-publish","hentry"],"acf":[],"yoast_head":"<!-- This site is optimized with the Yoast SEO plugin v27.5 - https:\/\/yoast.com\/product\/yoast-seo-wordpress\/ -->\n<title>ITSW International Primary School in Warsaw | Grades 1\u20133 - ITSW<\/title>\n<meta name=\"description\" content=\"ITSW Trilingual International Primary School in Warsaw (Grades 1\u20133) \u2013 Campus on Aldony Street in Saska K\u0119pa. Trilingual Education, Individual Approach, Enrollment for 2026 Now Open!\" \/>\n<meta name=\"robots\" content=\"index, follow, max-snippet:-1, max-image-preview:large, max-video-preview:-1\" \/>\n<link rel=\"canonical\" href=\"https:\/\/itsw.edu.pl\/en\/primary-school\/lower-primary\/campus\/\" \/>\n<meta property=\"og:locale\" content=\"en_US\" \/>\n<meta property=\"og:type\" content=\"article\" \/>\n<meta property=\"og:title\" content=\"Tr\u00f3jj\u0119zyczna mi\u0119dzynarodowa szko\u0142a podstawowa ITSW w Warszawie \u2013 Kampus Saska K\u0119pa\" \/>\n<meta property=\"og:description\" content=\"Odkryj tr\u00f3jj\u0119zyczn\u0105 edukacj\u0119 w klasach 1\u20133 szko\u0142y podstawowej ITSW w Warszawie. Kampus przy ul. Aldony na Saskiej K\u0119pie. Rekrutacja 2026 ju\u017c trwa!\" \/>\n<meta property=\"og:url\" content=\"https:\/\/itsw.edu.pl\/en\/primary-school\/lower-primary\/campus\/\" \/>\n<meta property=\"og:site_name\" content=\"ITSW\" \/>\n<meta property=\"article:publisher\" content=\"https:\/\/www.facebook.com\/ITSW.School.Escuela.Ecole.XueXiao.Gakko.Warsaw\" \/>\n<meta property=\"article:modified_time\" content=\"2026-02-06T11:38:38+00:00\" \/>\n<meta name=\"twitter:card\" content=\"summary_large_image\" \/>\n<script type=\"application\/ld+json\" class=\"yoast-schema-graph\">{\"@context\":\"https:\\\/\\\/schema.org\",\"@graph\":[{\"@type\":\"Article\",\"@id\":\"https:\\\/\\\/itsw.edu.pl\\\/en\\\/primary-school\\\/lower-primary\\\/campus\\\/#article\",\"isPartOf\":{\"@id\":\"https:\\\/\\\/itsw.edu.pl\\\/en\\\/primary-school\\\/lower-primary\\\/campus\\\/\"},\"author\":{\"name\":\"M.K.\",\"@id\":\"https:\\\/\\\/itsw.edu.pl\\\/#\\\/schema\\\/person\\\/4a89b345dd3285b6de291f440f753c8f\"},\"headline\":\"Campus\",\"datePublished\":\"2026-01-06T10:07:18+00:00\",\"dateModified\":\"2026-02-06T11:38:38+00:00\",\"mainEntityOfPage\":{\"@id\":\"https:\\\/\\\/itsw.edu.pl\\\/en\\\/primary-school\\\/lower-primary\\\/campus\\\/\"},\"wordCount\":1,\"publisher\":{\"@id\":\"https:\\\/\\\/itsw.edu.pl\\\/#organization\"},\"inLanguage\":\"en-US\"},{\"@type\":\"WebPage\",\"@id\":\"https:\\\/\\\/itsw.edu.pl\\\/en\\\/primary-school\\\/lower-primary\\\/campus\\\/\",\"url\":\"https:\\\/\\\/itsw.edu.pl\\\/en\\\/primary-school\\\/lower-primary\\\/campus\\\/\",\"name\":\"ITSW International Primary School in Warsaw | Grades 1\u20133 - ITSW\",\"isPartOf\":{\"@id\":\"https:\\\/\\\/itsw.edu.pl\\\/#website\"},\"datePublished\":\"2026-01-06T10:07:18+00:00\",\"dateModified\":\"2026-02-06T11:38:38+00:00\",\"description\":\"ITSW Trilingual International Primary School in Warsaw (Grades 1\u20133) \u2013 Campus on Aldony Street in Saska K\u0119pa. Trilingual Education, Individual Approach, Enrollment for 2026 Now Open!\",\"breadcrumb\":{\"@id\":\"https:\\\/\\\/itsw.edu.pl\\\/en\\\/primary-school\\\/lower-primary\\\/campus\\\/#breadcrumb\"},\"inLanguage\":\"en-US\",\"potentialAction\":[{\"@type\":\"ReadAction\",\"target\":[\"https:\\\/\\\/itsw.edu.pl\\\/en\\\/primary-school\\\/lower-primary\\\/campus\\\/\"]}]},{\"@type\":\"BreadcrumbList\",\"@id\":\"https:\\\/\\\/itsw.edu.pl\\\/en\\\/primary-school\\\/lower-primary\\\/campus\\\/#breadcrumb\",\"itemListElement\":[{\"@type\":\"ListItem\",\"position\":1,\"name\":\"ITSW\",\"item\":\"https:\\\/\\\/itsw.edu.pl\\\/en\\\/\"},{\"@type\":\"ListItem\",\"position\":2,\"name\":\"Primary School\",\"item\":\"https:\\\/\\\/itsw.edu.pl\\\/en\\\/primary-school\\\/\"},{\"@type\":\"ListItem\",\"position\":3,\"name\":\"Lower primary\",\"item\":\"https:\\\/\\\/itsw.edu.pl\\\/en\\\/primary-school\\\/lower-primary\\\/\"},{\"@type\":\"ListItem\",\"position\":4,\"name\":\"Campus\"}]},{\"@type\":\"WebSite\",\"@id\":\"https:\\\/\\\/itsw.edu.pl\\\/#website\",\"url\":\"https:\\\/\\\/itsw.edu.pl\\\/\",\"name\":\"ITSW\",\"description\":\"\",\"publisher\":{\"@id\":\"https:\\\/\\\/itsw.edu.pl\\\/#organization\"},\"alternateName\":\"International Trilingual School of Warsaw\",\"potentialAction\":[{\"@type\":\"SearchAction\",\"target\":{\"@type\":\"EntryPoint\",\"urlTemplate\":\"https:\\\/\\\/itsw.edu.pl\\\/?s={search_term_string}\"},\"query-input\":{\"@type\":\"PropertyValueSpecification\",\"valueRequired\":true,\"valueName\":\"search_term_string\"}}],\"inLanguage\":\"en-US\"},{\"@type\":\"Organization\",\"@id\":\"https:\\\/\\\/itsw.edu.pl\\\/#organization\",\"name\":\"International Trilingual School of Warsaw\",\"alternateName\":\"International Trilingual School of Warsaw\",\"url\":\"https:\\\/\\\/itsw.edu.pl\\\/\",\"logo\":{\"@type\":\"ImageObject\",\"inLanguage\":\"en-US\",\"@id\":\"https:\\\/\\\/itsw.edu.pl\\\/#\\\/schema\\\/logo\\\/image\\\/\",\"url\":\"https:\\\/\\\/itsw.edu.pl\\\/wp-content\\\/uploads\\\/itsw-logo.png\",\"contentUrl\":\"https:\\\/\\\/itsw.edu.pl\\\/wp-content\\\/uploads\\\/itsw-logo.png\",\"width\":350,\"height\":103,\"caption\":\"International Trilingual School of Warsaw\"},\"image\":{\"@id\":\"https:\\\/\\\/itsw.edu.pl\\\/#\\\/schema\\\/logo\\\/image\\\/\"},\"sameAs\":[\"https:\\\/\\\/www.facebook.com\\\/ITSW.School.Escuela.Ecole.XueXiao.Gakko.Warsaw\"]},{\"@type\":\"Person\",\"@id\":\"https:\\\/\\\/itsw.edu.pl\\\/#\\\/schema\\\/person\\\/4a89b345dd3285b6de291f440f753c8f\",\"name\":\"M.K.\"}]}<\/script>\n<!-- \/ Yoast SEO plugin. -->","yoast_head_json":{"title":"ITSW International Primary School in Warsaw | Grades 1\u20133 - ITSW","description":"ITSW Trilingual International Primary School in Warsaw (Grades 1\u20133) \u2013 Campus on Aldony Street in Saska K\u0119pa. Trilingual Education, Individual Approach, Enrollment for 2026 Now Open!","robots":{"index":"index","follow":"follow","max-snippet":"max-snippet:-1","max-image-preview":"max-image-preview:large","max-video-preview":"max-video-preview:-1"},"canonical":"https:\/\/itsw.edu.pl\/en\/primary-school\/lower-primary\/campus\/","og_locale":"en_US","og_type":"article","og_title":"Tr\u00f3jj\u0119zyczna mi\u0119dzynarodowa szko\u0142a podstawowa ITSW w Warszawie \u2013 Kampus Saska K\u0119pa","og_description":"Odkryj tr\u00f3jj\u0119zyczn\u0105 edukacj\u0119 w klasach 1\u20133 szko\u0142y podstawowej ITSW w Warszawie. Kampus przy ul. Aldony na Saskiej K\u0119pie. Rekrutacja 2026 ju\u017c trwa!","og_url":"https:\/\/itsw.edu.pl\/en\/primary-school\/lower-primary\/campus\/","og_site_name":"ITSW","article_publisher":"https:\/\/www.facebook.com\/ITSW.School.Escuela.Ecole.XueXiao.Gakko.Warsaw","article_modified_time":"2026-02-06T11:38:38+00:00","twitter_card":"summary_large_image","schema":{"@context":"https:\/\/schema.org","@graph":[{"@type":"Article","@id":"https:\/\/itsw.edu.pl\/en\/primary-school\/lower-primary\/campus\/#article","isPartOf":{"@id":"https:\/\/itsw.edu.pl\/en\/primary-school\/lower-primary\/campus\/"},"author":{"name":"M.K.","@id":"https:\/\/itsw.edu.pl\/#\/schema\/person\/4a89b345dd3285b6de291f440f753c8f"},"headline":"Campus","datePublished":"2026-01-06T10:07:18+00:00","dateModified":"2026-02-06T11:38:38+00:00","mainEntityOfPage":{"@id":"https:\/\/itsw.edu.pl\/en\/primary-school\/lower-primary\/campus\/"},"wordCount":1,"publisher":{"@id":"https:\/\/itsw.edu.pl\/#organization"},"inLanguage":"en-US"},{"@type":"WebPage","@id":"https:\/\/itsw.edu.pl\/en\/primary-school\/lower-primary\/campus\/","url":"https:\/\/itsw.edu.pl\/en\/primary-school\/lower-primary\/campus\/","name":"ITSW International Primary School in Warsaw | Grades 1\u20133 - ITSW","isPartOf":{"@id":"https:\/\/itsw.edu.pl\/#website"},"datePublished":"2026-01-06T10:07:18+00:00","dateModified":"2026-02-06T11:38:38+00:00","description":"ITSW Trilingual International Primary School in Warsaw (Grades 1\u20133) \u2013 Campus on Aldony Street in Saska K\u0119pa. Trilingual Education, Individual Approach, Enrollment for 2026 Now Open!","breadcrumb":{"@id":"https:\/\/itsw.edu.pl\/en\/primary-school\/lower-primary\/campus\/#breadcrumb"},"inLanguage":"en-US","potentialAction":[{"@type":"ReadAction","target":["https:\/\/itsw.edu.pl\/en\/primary-school\/lower-primary\/campus\/"]}]},{"@type":"BreadcrumbList","@id":"https:\/\/itsw.edu.pl\/en\/primary-school\/lower-primary\/campus\/#breadcrumb","itemListElement":[{"@type":"ListItem","position":1,"name":"ITSW","item":"https:\/\/itsw.edu.pl\/en\/"},{"@type":"ListItem","position":2,"name":"Primary School","item":"https:\/\/itsw.edu.pl\/en\/primary-school\/"},{"@type":"ListItem","position":3,"name":"Lower primary","item":"https:\/\/itsw.edu.pl\/en\/primary-school\/lower-primary\/"},{"@type":"ListItem","position":4,"name":"Campus"}]},{"@type":"WebSite","@id":"https:\/\/itsw.edu.pl\/#website","url":"https:\/\/itsw.edu.pl\/","name":"ITSW","description":"","publisher":{"@id":"https:\/\/itsw.edu.pl\/#organization"},"alternateName":"International Trilingual School of Warsaw","potentialAction":[{"@type":"SearchAction","target":{"@type":"EntryPoint","urlTemplate":"https:\/\/itsw.edu.pl\/?s={search_term_string}"},"query-input":{"@type":"PropertyValueSpecification","valueRequired":true,"valueName":"search_term_string"}}],"inLanguage":"en-US"},{"@type":"Organization","@id":"https:\/\/itsw.edu.pl\/#organization","name":"International Trilingual School of Warsaw","alternateName":"International Trilingual School of Warsaw","url":"https:\/\/itsw.edu.pl\/","logo":{"@type":"ImageObject","inLanguage":"en-US","@id":"https:\/\/itsw.edu.pl\/#\/schema\/logo\/image\/","url":"https:\/\/itsw.edu.pl\/wp-content\/uploads\/itsw-logo.png","contentUrl":"https:\/\/itsw.edu.pl\/wp-content\/uploads\/itsw-logo.png","width":350,"height":103,"caption":"International Trilingual School of Warsaw"},"image":{"@id":"https:\/\/itsw.edu.pl\/#\/schema\/logo\/image\/"},"sameAs":["https:\/\/www.facebook.com\/ITSW.School.Escuela.Ecole.XueXiao.Gakko.Warsaw"]},{"@type":"Person","@id":"https:\/\/itsw.edu.pl\/#\/schema\/person\/4a89b345dd3285b6de291f440f753c8f","name":"M.K."}]}},"_links":{"self":[{"href":"https:\/\/itsw.edu.pl\/en\/wp-json\/wp\/v2\/pages\/243718","targetHints":{"allow":["GET"]}}],"collection":[{"href":"https:\/\/itsw.edu.pl\/en\/wp-json\/wp\/v2\/pages"}],"about":[{"href":"https:\/\/itsw.edu.pl\/en\/wp-json\/wp\/v2\/types\/page"}],"author":[{"embeddable":true,"href":"https:\/\/itsw.edu.pl\/en\/wp-json\/wp\/v2\/users\/3"}],"replies":[{"embeddable":true,"href":"https:\/\/itsw.edu.pl\/en\/wp-json\/wp\/v2\/comments?post=243718"}],"version-history":[{"count":23,"href":"https:\/\/itsw.edu.pl\/en\/wp-json\/wp\/v2\/pages\/243718\/revisions"}],"predecessor-version":[{"id":250761,"href":"https:\/\/itsw.edu.pl\/en\/wp-json\/wp\/v2\/pages\/243718\/revisions\/250761"}],"up":[{"embeddable":true,"href":"https:\/\/itsw.edu.pl\/en\/wp-json\/wp\/v2\/pages\/245068"}],"wp:attachment":[{"href":"https:\/\/itsw.edu.pl\/en\/wp-json\/wp\/v2\/media?parent=243718"}],"curies":[{"name":"wp","href":"https:\/\/api.w.org\/{rel}","templated":true}]}}