{"id":243162,"date":"2026-01-06T11:08:45","date_gmt":"2026-01-06T10:08:45","guid":{"rendered":"https:\/\/itsw.edu.pl\/?page_id=243162"},"modified":"2026-02-07T14:17:25","modified_gmt":"2026-02-07T13:17:25","slug":"class-schedule","status":"publish","type":"page","link":"https:\/\/itsw.edu.pl\/en\/primary-school\/lower-primary\/class-schedule\/","title":{"rendered":"Class Schedule"},"content":{"rendered":"<div class=\"et_pb_section_0 et_pb_section et_section_regular et_block_section\">\n<div class=\"et_pb_row_0 et_pb_row et_block_row\">\n<div class=\"et_pb_column_0 et_pb_column et_pb_column_4_4 et-last-child et_block_column et_pb_css_mix_blend_mode_passthrough\">\n<div class=\"et_pb_heading_0 et_pb_heading et_pb_module et_block_module\"><div class=\"et_pb_heading_container\"><h1 class=\"et_pb_module_header\">ITSW Trilingual Primary School Class Schedule (grades 1\u20133)<\/h1><\/div><\/div>\n<\/div>\n<\/div>\n<\/div>\n\n<div class=\"et_pb_section_1 et_pb_section et_section_regular et_block_section\">\n<div class=\"et_pb_row_1 et_pb_row et_flex_row\">\n<div class=\"et_pb_column_1 et_pb_column et-last-child et_block_column et_pb_css_mix_blend_mode_passthrough et_flex_column_24_24 et_flex_column_24_24_tablet et_flex_column_24_24_phone\">\n<div class=\"et_pb_text_0 et_pb_text et_pb_bg_layout_light et_pb_module et_block_module\"><div class=\"et_pb_text_inner\"><p><strong>At ITSW International School, language is a learning tool, not a separate subject<\/strong>. Therefore, a primary school can only function fully trilingually if academic content is taught in two or three languages. This requires a different daily structure, longer school hours, and a specific rhythm of classes tailored to the developmental needs of students.<\/p>\n<\/div><\/div>\n<\/div>\n<\/div>\n\n<div class=\"et_pb_row_2 et_pb_row et_block_row\">\n<div class=\"et_pb_column_2 et_pb_column et_pb_column_1_2 et_block_column et_pb_css_mix_blend_mode_passthrough\">\n<div class=\"et_pb_image_0 et_pb_image et_pb_module et_block_module\"><span class=\"et_pb_image_wrap\"><img decoding=\"async\" src=\"https:\/\/itsw.edu.pl\/wp-content\/uploads\/pierwsza-szkola-podstawowa-1-klasa.jpg\" alt=\"Start w szkole pierwsza klasa\" title=\"pierwsza-szkola-podstawowa-1-klasa\" width=\"901\" height=\"1050\" srcset=\"https:\/\/itsw.edu.pl\/wp-content\/uploads\/pierwsza-szkola-podstawowa-1-klasa.jpg 901w, https:\/\/itsw.edu.pl\/wp-content\/uploads\/pierwsza-szkola-podstawowa-1-klasa-480x559.jpg 480w\" sizes=\"(min-width: 0px) and (max-width: 480px) 480px, (min-width: 481px) 901px, 100vw\" class=\"wp-image-245874\" \/><\/span><\/div>\n<\/div>\n\n<div class=\"et_pb_column_3 et_pb_column et_pb_column_1_2 et-last-child et_block_column et_pb_css_mix_blend_mode_passthrough\">\n<div class=\"et_pb_text_1 et_pb_text et_pb_bg_layout_light et_pb_module et_block_module\"><div class=\"et_pb_text_inner\"><h2>What Does a Day Look Like in Grades 1\u20133 at ITSW?<\/h2>\n<p>To facilitate natural language immersion and the delivery of the academic curriculum in three languages, the school day at ITSW is longer than in monolingual schools.<br \/>The schedule is carefully planned to promote concentration, relaxation, and a balance between learning and physical activity.<\/p>\n<p><strong>During the day, students have<\/strong>:<\/p>\n<ul>\n<li>alternating subject blocks,<\/li>\n<li>sports and artistic activities,<\/li>\n<li>extended breaks, organized outdoors as often as possible.<\/li>\n<\/ul>\n<p>Compulsory classes end at 5:00 PM, allowing for the full implementation of the trilingual curriculum.<\/p>\n<p>\u00a0<\/p>\n<\/div><\/div>\n<\/div>\n<\/div>\n\n<div class=\"et_pb_row_3 et_pb_row et_flex_row\">\n<div class=\"et_pb_column_4 et_pb_column et_block_column et_pb_css_mix_blend_mode_passthrough et_flex_column_12_24 et_flex_column_12_24_tablet et_flex_column_24_24_phone\">\n<div class=\"et_pb_text_2 et_pb_text et_pb_bg_layout_light et_pb_module et_block_module\"><div class=\"et_pb_text_inner\"><h2 style=\"margin-bottom: 15px;\">Afternoon Extracurricular Activities (Workshops) in the Third Language of Instruction<\/h2>\n<h3>5:00\u20136:30 p.m. \u2014 Optional Afternoon Workshops<\/h3>\n<p>After completing compulsory classes, ITSW offers a rich program of extracurricular activities. These are:<\/p>\n<ul>\n<li>free,<\/li>\n<li>conducted in the third language of education,<\/li>\n<li>focused on developing extracurricular\u00a0 artistic, athletic, linguistic, cultural, and social skills. .<\/li>\n<\/ul>\n<p>The program is updated annually. Examples of activities include:<\/p>\n<ul>\n<li><strong>art workshops,<\/strong><\/li>\n<li><strong>music classes,<\/strong><\/li>\n<li><strong>sports and creative activities,<\/strong><\/li>\n<li><strong>cultural projects,<\/strong><\/li>\n<li><strong>theater classes,<\/strong><\/li>\n<li><strong>interest groups related to the language of education<\/strong>.<\/li>\n<\/ul>\n<\/div><\/div>\n<\/div>\n\n<div class=\"et_pb_column_5 et_pb_column et-last-child et_flex_column et_pb_css_mix_blend_mode_passthrough et_flex_column_12_24 et_flex_column_12_24_tablet et_flex_column_24_24_phone\">\n<div class=\"et_pb_image_1 et_pb_image et_pb_module et_block_module\"><span class=\"et_pb_image_wrap\"><img decoding=\"async\" src=\"https:\/\/itsw.edu.pl\/wp-content\/uploads\/pierwsza-klasa-prace-plastyczne-ekologia.jpg\" title=\"pierwsza-szkola-podstawowa-1-klasa\" width=\"555\" height=\"450\" srcset=\"https:\/\/itsw.edu.pl\/wp-content\/uploads\/pierwsza-klasa-prace-plastyczne-ekologia.jpg 555w, https:\/\/itsw.edu.pl\/wp-content\/uploads\/pierwsza-klasa-prace-plastyczne-ekologia-480x389.jpg 480w\" sizes=\"(min-width: 0px) and (max-width: 480px) 480px, (min-width: 481px) 555px, 100vw\" class=\"wp-image-245890\" alt=\"Start w szkole pierwsza klasa\" \/><\/span><\/div>\n<\/div>\n<\/div>\n\n<div class=\"et_pb_row_4 et_pb_row et_block_row\">\n<div class=\"et_pb_column_6 et_pb_column et_pb_column_1_2 et_block_column et_pb_css_mix_blend_mode_passthrough\">\n<div class=\"et_pb_image_2 et_pb_image et_pb_module et_block_module\"><span class=\"et_pb_image_wrap\"><img decoding=\"async\" src=\"https:\/\/itsw.edu.pl\/wp-content\/uploads\/miedzynarodowa-szkola-podstawowa.jpg\" title=\"miedzynarodowa-szkola-podstawowa\" width=\"555\" height=\"450\" srcset=\"https:\/\/itsw.edu.pl\/wp-content\/uploads\/miedzynarodowa-szkola-podstawowa.jpg 555w, https:\/\/itsw.edu.pl\/wp-content\/uploads\/miedzynarodowa-szkola-podstawowa-480x389.jpg 480w\" sizes=\"(min-width: 0px) and (max-width: 480px) 480px, (min-width: 481px) 555px, 100vw\" class=\"wp-image-245881\" alt=\"Children learning by play ITSW\" \/><\/span><\/div>\n<\/div>\n\n<div class=\"et_pb_column_7 et_pb_column et_pb_column_1_2 et-last-child et_block_column et_pb_css_mix_blend_mode_passthrough\">\n<div class=\"et_pb_text_3 et_pb_text et_pb_bg_layout_light et_pb_module et_block_module\"><div class=\"et_pb_text_inner\"><h2>Class Schedule for Grades 1\u20133<\/h2>\n<p>ITSW Elementary School is<strong> open 10 months a year<\/strong> (September\u2013June), excluding public holidays.<br \/>During short holiday and after-school breaks from September to June, we offer themed after-school activities.<br \/>During July and August, the school is closed, but <strong>summer language programs<\/strong>\u2014in Spanish, Polish, and English\u2014are held in the facility available to children from ITSW and beyond.<\/p>\n<\/div><\/div>\n\n<div class=\"et_pb_module et_pb_button_module_wrapper et_pb_button_0_wrapper\"><a class=\"et_pb_button_0 et_pb_button et_pb_bg_layout_light et_pb_module et_block_module\" href=\"https:\/\/itsw.edu.pl\/en\/about-us\/itsw\/\">More About ITSW<\/a><\/div>\n<\/div>\n<\/div>\n<\/div>\n\n<div class=\"et_pb_section_2 et_pb_section et_section_regular et_block_section\">\n<div class=\"et_pb_row_5 et_pb_row et_block_row\">\n<div class=\"et_pb_column_8 et_pb_column et_pb_column_4_4 et-last-child et_block_column et_pb_css_mix_blend_mode_passthrough\">\n<div class=\"et_pb_text_4 et_pb_text et_pb_bg_layout_light et_pb_module et_block_module\"><div class=\"et_pb_text_inner\"><h2 style=\"text-align: center;\"><strong>Sample Class Schedule<\/strong><\/h2>\n<p style=\"text-align: center;\">Below is a sample class schedule for grades 1-3 at the trilingual international primary school ITSW in Warsaw.<\/p>\n<\/div><\/div>\n<\/div>\n<\/div>\n\n<div class=\"et_pb_row_6 et_pb_row et_block_row\">\n<div class=\"et_pb_column_9 et_pb_column et_pb_column_4_4 et-last-child et_block_column et_pb_css_mix_blend_mode_passthrough\">\n<div class=\"et_pb_image_3 et_pb_image et_pb_module et_flex_module\"><span class=\"et_pb_image_wrap\"><img decoding=\"async\" src=\"https:\/\/itsw.edu.pl\/wp-content\/uploads\/plan-lekcji.jpg\" title=\"plan lekcji\" width=\"794\" height=\"1123\" srcset=\"https:\/\/itsw.edu.pl\/wp-content\/uploads\/plan-lekcji.jpg 794w, https:\/\/itsw.edu.pl\/wp-content\/uploads\/plan-lekcji-480x679.jpg 480w\" sizes=\"(min-width: 0px) and (max-width: 480px) 480px, (min-width: 481px) 794px, 100vw\" class=\"wp-image-243234\" \/><\/span><\/div>\n<\/div>\n<\/div>\n\n<div class=\"et_pb_row_7 et_pb_row et_block_row\">\n<div class=\"et_pb_column_10 et_pb_column et_pb_column_4_4 et-last-child et_block_column et_pb_css_mix_blend_mode_passthrough\">\n<div class=\"et_pb_row_8 et_pb_row et_pb_row_nested et_flex_row\">\n<div class=\"et_pb_column_11 et_pb_column et_flex_column et_pb_css_mix_blend_mode_passthrough et_flex_column_24_24 et_flex_column_24_24_tablet et_flex_column_24_24_phone\">\n<div class=\"et_pb_module et_pb_button_module_wrapper et_pb_button_1_wrapper\"><a class=\"et_pb_button_1 et_pb_button et_pb_bg_layout_light et_pb_module et_block_module\" href=\"https:\/\/itsw.edu.pl\/en\/application-form\/\">Enroll Your Child Today<\/a><\/div>\n<\/div>\n\n<div class=\"et_pb_column_12 et_pb_column et-last-child et_flex_column et_pb_css_mix_blend_mode_passthrough et_flex_column_24_24 et_flex_column_24_24_tablet et_flex_column_24_24_phone\">\n<div class=\"et_pb_module et_pb_button_module_wrapper et_pb_button_2_wrapper\"><a class=\"et_pb_button_2 et_pb_button et_pb_bg_layout_light et_pb_module et_block_module\" href=\"https:\/\/itsw.edu.pl\/en\/primary-school\/upper-primary\/campus\/\">Explore Our Campus<\/a><\/div>\n<\/div>\n<\/div>\n<\/div>\n<\/div>\n<\/div>","protected":false},"excerpt":{"rendered":"","protected":false},"author":3,"featured_media":0,"parent":245068,"menu_order":1,"comment_status":"closed","ping_status":"closed","template":"","meta":{"_acf_changed":false,"inline_featured_image":false,"footnotes":""},"class_list":["post-243162","page","type-page","status-publish","hentry"],"acf":[],"yoast_head":"<!-- This site is optimized with the Yoast SEO plugin v27.5 - https:\/\/yoast.com\/product\/yoast-seo-wordpress\/ -->\n<title>Plan zaj\u0119\u0107 klas 1\u20133 | Tr\u00f3jj\u0119zyczna Szko\u0142a Podstawowa ITSW Warszawa- ITSW<\/title>\n<meta name=\"description\" content=\"Poznaj plan dnia klas 1\u20133 w tr\u00f3jj\u0119zycznej szkole podstawowej ITSW w Warszawie. Zaj\u0119cia w trzech j\u0119zykach, ruch, sztuka, odpoczynek i popo\u0142udniowe warsztaty.\" \/>\n<meta name=\"robots\" content=\"index, follow, max-snippet:-1, max-image-preview:large, max-video-preview:-1\" \/>\n<link rel=\"canonical\" href=\"https:\/\/itsw.edu.pl\/en\/primary-school\/lower-primary\/class-schedule\/\" \/>\n<meta property=\"og:locale\" content=\"en_US\" \/>\n<meta property=\"og:type\" content=\"article\" \/>\n<meta property=\"og:title\" content=\"Plan zaj\u0119\u0107 w klasach 1\u20133 | Tr\u00f3jj\u0119zyczna edukacja w ITSW Warszawa\" \/>\n<meta property=\"og:description\" content=\"Jak wygl\u0105da dzie\u0144 w tr\u00f3jj\u0119zycznej klasie 1\u20133? Zobacz harmonogram zaj\u0119\u0107, program w trzech j\u0119zykach i warsztaty rozwijaj\u0105ce talenty w ITSW.\" \/>\n<meta property=\"og:url\" content=\"https:\/\/itsw.edu.pl\/en\/primary-school\/lower-primary\/class-schedule\/\" \/>\n<meta property=\"og:site_name\" content=\"ITSW\" \/>\n<meta property=\"article:publisher\" content=\"https:\/\/www.facebook.com\/ITSW.School.Escuela.Ecole.XueXiao.Gakko.Warsaw\" \/>\n<meta property=\"article:modified_time\" content=\"2026-02-07T13:17:25+00:00\" \/>\n<meta name=\"twitter:card\" content=\"summary_large_image\" \/>\n<script type=\"application\/ld+json\" class=\"yoast-schema-graph\">{\"@context\":\"https:\\\/\\\/schema.org\",\"@graph\":[{\"@type\":\"Article\",\"@id\":\"https:\\\/\\\/itsw.edu.pl\\\/en\\\/primary-school\\\/lower-primary\\\/class-schedule\\\/#article\",\"isPartOf\":{\"@id\":\"https:\\\/\\\/itsw.edu.pl\\\/en\\\/primary-school\\\/lower-primary\\\/class-schedule\\\/\"},\"author\":{\"name\":\"M.K.\",\"@id\":\"https:\\\/\\\/itsw.edu.pl\\\/#\\\/schema\\\/person\\\/4a89b345dd3285b6de291f440f753c8f\"},\"headline\":\"Class Schedule\",\"datePublished\":\"2026-01-06T10:08:45+00:00\",\"dateModified\":\"2026-02-07T13:17:25+00:00\",\"mainEntityOfPage\":{\"@id\":\"https:\\\/\\\/itsw.edu.pl\\\/en\\\/primary-school\\\/lower-primary\\\/class-schedule\\\/\"},\"wordCount\":2,\"publisher\":{\"@id\":\"https:\\\/\\\/itsw.edu.pl\\\/#organization\"},\"inLanguage\":\"en-US\"},{\"@type\":\"WebPage\",\"@id\":\"https:\\\/\\\/itsw.edu.pl\\\/en\\\/primary-school\\\/lower-primary\\\/class-schedule\\\/\",\"url\":\"https:\\\/\\\/itsw.edu.pl\\\/en\\\/primary-school\\\/lower-primary\\\/class-schedule\\\/\",\"name\":\"Plan zaj\u0119\u0107 klas 1\u20133 | Tr\u00f3jj\u0119zyczna Szko\u0142a Podstawowa ITSW Warszawa- ITSW\",\"isPartOf\":{\"@id\":\"https:\\\/\\\/itsw.edu.pl\\\/#website\"},\"datePublished\":\"2026-01-06T10:08:45+00:00\",\"dateModified\":\"2026-02-07T13:17:25+00:00\",\"description\":\"Poznaj plan dnia klas 1\u20133 w tr\u00f3jj\u0119zycznej szkole podstawowej ITSW w Warszawie. Zaj\u0119cia w trzech j\u0119zykach, ruch, sztuka, odpoczynek i popo\u0142udniowe warsztaty.\",\"breadcrumb\":{\"@id\":\"https:\\\/\\\/itsw.edu.pl\\\/en\\\/primary-school\\\/lower-primary\\\/class-schedule\\\/#breadcrumb\"},\"inLanguage\":\"en-US\",\"potentialAction\":[{\"@type\":\"ReadAction\",\"target\":[\"https:\\\/\\\/itsw.edu.pl\\\/en\\\/primary-school\\\/lower-primary\\\/class-schedule\\\/\"]}]},{\"@type\":\"BreadcrumbList\",\"@id\":\"https:\\\/\\\/itsw.edu.pl\\\/en\\\/primary-school\\\/lower-primary\\\/class-schedule\\\/#breadcrumb\",\"itemListElement\":[{\"@type\":\"ListItem\",\"position\":1,\"name\":\"ITSW\",\"item\":\"https:\\\/\\\/itsw.edu.pl\\\/en\\\/\"},{\"@type\":\"ListItem\",\"position\":2,\"name\":\"Primary School\",\"item\":\"https:\\\/\\\/itsw.edu.pl\\\/en\\\/primary-school\\\/\"},{\"@type\":\"ListItem\",\"position\":3,\"name\":\"Lower primary\",\"item\":\"https:\\\/\\\/itsw.edu.pl\\\/en\\\/primary-school\\\/lower-primary\\\/\"},{\"@type\":\"ListItem\",\"position\":4,\"name\":\"Class Schedule\"}]},{\"@type\":\"WebSite\",\"@id\":\"https:\\\/\\\/itsw.edu.pl\\\/#website\",\"url\":\"https:\\\/\\\/itsw.edu.pl\\\/\",\"name\":\"ITSW\",\"description\":\"\",\"publisher\":{\"@id\":\"https:\\\/\\\/itsw.edu.pl\\\/#organization\"},\"alternateName\":\"International Trilingual School of Warsaw\",\"potentialAction\":[{\"@type\":\"SearchAction\",\"target\":{\"@type\":\"EntryPoint\",\"urlTemplate\":\"https:\\\/\\\/itsw.edu.pl\\\/?s={search_term_string}\"},\"query-input\":{\"@type\":\"PropertyValueSpecification\",\"valueRequired\":true,\"valueName\":\"search_term_string\"}}],\"inLanguage\":\"en-US\"},{\"@type\":\"Organization\",\"@id\":\"https:\\\/\\\/itsw.edu.pl\\\/#organization\",\"name\":\"International Trilingual School of Warsaw\",\"alternateName\":\"International Trilingual School of Warsaw\",\"url\":\"https:\\\/\\\/itsw.edu.pl\\\/\",\"logo\":{\"@type\":\"ImageObject\",\"inLanguage\":\"en-US\",\"@id\":\"https:\\\/\\\/itsw.edu.pl\\\/#\\\/schema\\\/logo\\\/image\\\/\",\"url\":\"https:\\\/\\\/itsw.edu.pl\\\/wp-content\\\/uploads\\\/itsw-logo.png\",\"contentUrl\":\"https:\\\/\\\/itsw.edu.pl\\\/wp-content\\\/uploads\\\/itsw-logo.png\",\"width\":350,\"height\":103,\"caption\":\"International Trilingual School of Warsaw\"},\"image\":{\"@id\":\"https:\\\/\\\/itsw.edu.pl\\\/#\\\/schema\\\/logo\\\/image\\\/\"},\"sameAs\":[\"https:\\\/\\\/www.facebook.com\\\/ITSW.School.Escuela.Ecole.XueXiao.Gakko.Warsaw\"]},{\"@type\":\"Person\",\"@id\":\"https:\\\/\\\/itsw.edu.pl\\\/#\\\/schema\\\/person\\\/4a89b345dd3285b6de291f440f753c8f\",\"name\":\"M.K.\"}]}<\/script>\n<!-- \/ Yoast SEO plugin. -->","yoast_head_json":{"title":"Plan zaj\u0119\u0107 klas 1\u20133 | Tr\u00f3jj\u0119zyczna Szko\u0142a Podstawowa ITSW Warszawa- ITSW","description":"Poznaj plan dnia klas 1\u20133 w tr\u00f3jj\u0119zycznej szkole podstawowej ITSW w Warszawie. Zaj\u0119cia w trzech j\u0119zykach, ruch, sztuka, odpoczynek i popo\u0142udniowe warsztaty.","robots":{"index":"index","follow":"follow","max-snippet":"max-snippet:-1","max-image-preview":"max-image-preview:large","max-video-preview":"max-video-preview:-1"},"canonical":"https:\/\/itsw.edu.pl\/en\/primary-school\/lower-primary\/class-schedule\/","og_locale":"en_US","og_type":"article","og_title":"Plan zaj\u0119\u0107 w klasach 1\u20133 | Tr\u00f3jj\u0119zyczna edukacja w ITSW Warszawa","og_description":"Jak wygl\u0105da dzie\u0144 w tr\u00f3jj\u0119zycznej klasie 1\u20133? Zobacz harmonogram zaj\u0119\u0107, program w trzech j\u0119zykach i warsztaty rozwijaj\u0105ce talenty w ITSW.","og_url":"https:\/\/itsw.edu.pl\/en\/primary-school\/lower-primary\/class-schedule\/","og_site_name":"ITSW","article_publisher":"https:\/\/www.facebook.com\/ITSW.School.Escuela.Ecole.XueXiao.Gakko.Warsaw","article_modified_time":"2026-02-07T13:17:25+00:00","twitter_card":"summary_large_image","schema":{"@context":"https:\/\/schema.org","@graph":[{"@type":"Article","@id":"https:\/\/itsw.edu.pl\/en\/primary-school\/lower-primary\/class-schedule\/#article","isPartOf":{"@id":"https:\/\/itsw.edu.pl\/en\/primary-school\/lower-primary\/class-schedule\/"},"author":{"name":"M.K.","@id":"https:\/\/itsw.edu.pl\/#\/schema\/person\/4a89b345dd3285b6de291f440f753c8f"},"headline":"Class Schedule","datePublished":"2026-01-06T10:08:45+00:00","dateModified":"2026-02-07T13:17:25+00:00","mainEntityOfPage":{"@id":"https:\/\/itsw.edu.pl\/en\/primary-school\/lower-primary\/class-schedule\/"},"wordCount":2,"publisher":{"@id":"https:\/\/itsw.edu.pl\/#organization"},"inLanguage":"en-US"},{"@type":"WebPage","@id":"https:\/\/itsw.edu.pl\/en\/primary-school\/lower-primary\/class-schedule\/","url":"https:\/\/itsw.edu.pl\/en\/primary-school\/lower-primary\/class-schedule\/","name":"Plan zaj\u0119\u0107 klas 1\u20133 | Tr\u00f3jj\u0119zyczna Szko\u0142a Podstawowa ITSW Warszawa- ITSW","isPartOf":{"@id":"https:\/\/itsw.edu.pl\/#website"},"datePublished":"2026-01-06T10:08:45+00:00","dateModified":"2026-02-07T13:17:25+00:00","description":"Poznaj plan dnia klas 1\u20133 w tr\u00f3jj\u0119zycznej szkole podstawowej ITSW w Warszawie. Zaj\u0119cia w trzech j\u0119zykach, ruch, sztuka, odpoczynek i popo\u0142udniowe warsztaty.","breadcrumb":{"@id":"https:\/\/itsw.edu.pl\/en\/primary-school\/lower-primary\/class-schedule\/#breadcrumb"},"inLanguage":"en-US","potentialAction":[{"@type":"ReadAction","target":["https:\/\/itsw.edu.pl\/en\/primary-school\/lower-primary\/class-schedule\/"]}]},{"@type":"BreadcrumbList","@id":"https:\/\/itsw.edu.pl\/en\/primary-school\/lower-primary\/class-schedule\/#breadcrumb","itemListElement":[{"@type":"ListItem","position":1,"name":"ITSW","item":"https:\/\/itsw.edu.pl\/en\/"},{"@type":"ListItem","position":2,"name":"Primary School","item":"https:\/\/itsw.edu.pl\/en\/primary-school\/"},{"@type":"ListItem","position":3,"name":"Lower primary","item":"https:\/\/itsw.edu.pl\/en\/primary-school\/lower-primary\/"},{"@type":"ListItem","position":4,"name":"Class Schedule"}]},{"@type":"WebSite","@id":"https:\/\/itsw.edu.pl\/#website","url":"https:\/\/itsw.edu.pl\/","name":"ITSW","description":"","publisher":{"@id":"https:\/\/itsw.edu.pl\/#organization"},"alternateName":"International Trilingual School of Warsaw","potentialAction":[{"@type":"SearchAction","target":{"@type":"EntryPoint","urlTemplate":"https:\/\/itsw.edu.pl\/?s={search_term_string}"},"query-input":{"@type":"PropertyValueSpecification","valueRequired":true,"valueName":"search_term_string"}}],"inLanguage":"en-US"},{"@type":"Organization","@id":"https:\/\/itsw.edu.pl\/#organization","name":"International Trilingual School of Warsaw","alternateName":"International Trilingual School of Warsaw","url":"https:\/\/itsw.edu.pl\/","logo":{"@type":"ImageObject","inLanguage":"en-US","@id":"https:\/\/itsw.edu.pl\/#\/schema\/logo\/image\/","url":"https:\/\/itsw.edu.pl\/wp-content\/uploads\/itsw-logo.png","contentUrl":"https:\/\/itsw.edu.pl\/wp-content\/uploads\/itsw-logo.png","width":350,"height":103,"caption":"International Trilingual School of Warsaw"},"image":{"@id":"https:\/\/itsw.edu.pl\/#\/schema\/logo\/image\/"},"sameAs":["https:\/\/www.facebook.com\/ITSW.School.Escuela.Ecole.XueXiao.Gakko.Warsaw"]},{"@type":"Person","@id":"https:\/\/itsw.edu.pl\/#\/schema\/person\/4a89b345dd3285b6de291f440f753c8f","name":"M.K."}]}},"_links":{"self":[{"href":"https:\/\/itsw.edu.pl\/en\/wp-json\/wp\/v2\/pages\/243162","targetHints":{"allow":["GET"]}}],"collection":[{"href":"https:\/\/itsw.edu.pl\/en\/wp-json\/wp\/v2\/pages"}],"about":[{"href":"https:\/\/itsw.edu.pl\/en\/wp-json\/wp\/v2\/types\/page"}],"author":[{"embeddable":true,"href":"https:\/\/itsw.edu.pl\/en\/wp-json\/wp\/v2\/users\/3"}],"replies":[{"embeddable":true,"href":"https:\/\/itsw.edu.pl\/en\/wp-json\/wp\/v2\/comments?post=243162"}],"version-history":[{"count":17,"href":"https:\/\/itsw.edu.pl\/en\/wp-json\/wp\/v2\/pages\/243162\/revisions"}],"predecessor-version":[{"id":250907,"href":"https:\/\/itsw.edu.pl\/en\/wp-json\/wp\/v2\/pages\/243162\/revisions\/250907"}],"up":[{"embeddable":true,"href":"https:\/\/itsw.edu.pl\/en\/wp-json\/wp\/v2\/pages\/245068"}],"wp:attachment":[{"href":"https:\/\/itsw.edu.pl\/en\/wp-json\/wp\/v2\/media?parent=243162"}],"curies":[{"name":"wp","href":"https:\/\/api.w.org\/{rel}","templated":true}]}}